{"id":2998,"date":"2015-04-29T12:13:43","date_gmt":"2015-04-29T12:13:43","guid":{"rendered":"http:\/\/ais.al\/new\/?page_id=2998"},"modified":"2015-11-19T12:53:17","modified_gmt":"2015-11-19T12:53:17","slug":"concessionary-register","status":"publish","type":"page","link":"https:\/\/ais.al\/new\/en\/concessionary-register\/","title":{"rendered":"<!--:sq-->concessionary register<!--:-->"},"content":{"rendered":"<p><!--:sq--><div style='padding-bottom:0px; ' class='av-special-heading av-special-heading-h3  blockquote modern-quote modern-centered  avia-builder-el-0  el_before_av_heading  avia-builder-el-first   av-thin-font '><h3 class='av-special-heading-tag '  itemprop=\"headline\"  ><strong>November 2015<\/h3><div class='special-heading-border'><div class='special-heading-inner-border' ><\/div><\/div><\/div><\/strong><\/p>\n<div style='padding-bottom:10px; ' class='av-special-heading av-special-heading-h3  blockquote modern-quote modern-centered  avia-builder-el-1  el_after_av_heading  el_before_av_one_half   '><h3 class='av-special-heading-tag '  itemprop=\"headline\"  >Ministria e Drejt\u00ebsis\u00eb anulon koncesionin p\u00ebr vjeljen e gjobave nga vendimet penale<\/h3><div class='special-heading-border'><div class='special-heading-inner-border' ><\/div><\/div><\/div>\n<div class=\"flex_column av_one_half  flex_column_div first  avia-builder-el-2  el_after_av_heading  el_before_av_one_half  \" ><div class='avia-image-container  av-styling-    avia-builder-el-3  avia-builder-el-no-sibling  avia-align-center '  itemprop=\"image\" itemscope=\"itemscope\" itemtype=\"https:\/\/schema.org\/ImageObject\"  ><div class='avia-image-container-inner'><div class='avia-image-overlay-wrap'><img class='avia_image' src='https:\/\/ais.al\/new\/wp-content\/uploads\/shqip-ministria-e-drejtesise-anulon-koncesionin-per-vjeljen-e-gjobave-nga-vendimet-penale.jpg' alt='' title='&lt;!--:sq--&gt;shqip-ministria-e-drejtesise-anulon-koncesionin-per-vjeljen-e-gjobave-nga-vendimet-penale&lt;!--:--&gt;' height=\"2406\" width=\"800\"  itemprop=\"thumbnailUrl\"  \/><\/div><\/div><\/div><\/div>\n<div class=\"flex_column av_one_half  flex_column_div   avia-builder-el-4  el_after_av_one_half  avia-builder-el-last  \" ><p><div class='avia-image-container  av-styling-    avia-builder-el-5  el_before_av_image  avia-builder-el-first  avia-align-center '  itemprop=\"image\" itemscope=\"itemscope\" itemtype=\"https:\/\/schema.org\/ImageObject\"  ><div class='avia-image-container-inner'><div class='avia-image-overlay-wrap'><img class='avia_image' src='https:\/\/ais.al\/new\/wp-content\/uploads\/gazeta-shqip1.jpg' alt='' title='&lt;!--:sq--&gt;gazeta-shqip1&lt;!--:--&gt;' height=\"1081\" width=\"800\"  itemprop=\"thumbnailUrl\"  \/><\/div><\/div><\/div><br \/>\n<div class='avia-image-container  av-styling-    avia-builder-el-6  el_after_av_image  avia-builder-el-last  avia-align-center '  itemprop=\"image\" itemscope=\"itemscope\" itemtype=\"https:\/\/schema.org\/ImageObject\"  ><div class='avia-image-container-inner'><div class='avia-image-overlay-wrap'><img class='avia_image' src='https:\/\/ais.al\/new\/wp-content\/uploads\/gazeta-shqip2.jpg' alt='' title='&lt;!--:sq--&gt;gazeta-shqip2&lt;!--:--&gt;' height=\"1097\" width=\"800\"  itemprop=\"thumbnailUrl\"  \/><\/div><\/div><\/div><\/p><\/div><!--:--><\/p>\n","protected":false},"excerpt":{"rendered":"","protected":false},"author":1,"featured_media":0,"parent":0,"menu_order":0,"comment_status":"closed","ping_status":"closed","template":"","meta":{"_bbp_topic_count":0,"_bbp_reply_count":0,"_bbp_total_topic_count":0,"_bbp_total_reply_count":0,"_bbp_voice_count":0,"_bbp_anonymous_reply_count":0,"_bbp_topic_count_hidden":0,"_bbp_reply_count_hidden":0,"_bbp_forum_subforum_count":0,"footnotes":""},"class_list":["post-2998","page","type-page","status-publish","hentry"],"_links":{"self":[{"href":"https:\/\/ais.al\/new\/en\/wp-json\/wp\/v2\/pages\/2998","targetHints":{"allow":["GET"]}}],"collection":[{"href":"https:\/\/ais.al\/new\/en\/wp-json\/wp\/v2\/pages"}],"about":[{"href":"https:\/\/ais.al\/new\/en\/wp-json\/wp\/v2\/types\/page"}],"author":[{"embeddable":true,"href":"https:\/\/ais.al\/new\/en\/wp-json\/wp\/v2\/users\/1"}],"replies":[{"embeddable":true,"href":"https:\/\/ais.al\/new\/en\/wp-json\/wp\/v2\/comments?post=2998"}],"version-history":[{"count":27,"href":"https:\/\/ais.al\/new\/en\/wp-json\/wp\/v2\/pages\/2998\/revisions"}],"predecessor-version":[{"id":5472,"href":"https:\/\/ais.al\/new\/en\/wp-json\/wp\/v2\/pages\/2998\/revisions\/5472"}],"wp:attachment":[{"href":"https:\/\/ais.al\/new\/en\/wp-json\/wp\/v2\/media?parent=2998"}],"curies":[{"name":"wp","href":"https:\/\/api.w.org\/{rel}","templated":true}]}}