{"id":34061,"date":"2021-03-11T12:15:21","date_gmt":"2021-03-11T11:15:21","guid":{"rendered":"http:\/\/ais.al\/new\/?page_id=34061"},"modified":"2021-03-11T12:15:21","modified_gmt":"2021-03-11T11:15:21","slug":"njoftime-internship-dhe-punesimi","status":"publish","type":"page","link":"https:\/\/ais.al\/new\/en\/njoftime-internship-dhe-punesimi\/","title":{"rendered":"Internship and Employment Announcements"},"content":{"rendered":"<div class='av-alb-blogposts template-blog  av-blog-meta-comments-disabled '  itemscope=\"itemscope\" itemtype=\"https:\/\/schema.org\/Blog\" ><article class='post-entry post-entry-type-standard post-entry-559491 post-loop-1 post-parity-odd single-small with-slider post-559491 post type-post status-publish format-standard has-post-thumbnail hentry category-kreupost category-pozicione-pune'  itemscope=\"itemscope\" itemtype=\"https:\/\/schema.org\/BlogPosting\" ><div class='blog-meta'><a href='https:\/\/ais.al\/new\/en\/thirrje-anetaresime-te-reja-opendata-felloship-youth-network\/' class='small-preview' title='Thirrje An\u00ebtar\u00ebsime te reja OpenData Fellowship Youth Network'><img loading=\"lazy\" decoding=\"async\" width=\"80\" height=\"80\" src=\"https:\/\/ais.al\/new\/wp-content\/uploads\/MAL_3281-4.jpg\" class=\"attachment-thumbnail size-thumbnail wp-post-image\" alt=\"\" \/><span class=\"iconfont\" aria-hidden='true' data-av_icon='\ue836' data-av_iconfont='entypo-fontello'><\/span><\/a><\/div><div class='entry-content-wrapper clearfix standard-content'><header class=\"entry-content-header\"><h2 class='post-title entry-title '  itemprop=\"headline\" >\t<a href='https:\/\/ais.al\/new\/en\/thirrje-anetaresime-te-reja-opendata-felloship-youth-network\/' rel='bookmark' title='Permanent Link: Thirrje An\u00ebtar\u00ebsime te reja OpenData Fellowship Youth Network'>Thirrje An\u00ebtar\u00ebsime te reja OpenData Fellowship Youth Network\t\t\t<span class='post-format-icon minor-meta'><\/span>\t<\/a><\/h2><span class='post-meta-infos'><time class='date-container minor-meta updated' >09\/03\/2023<\/time><span class='text-sep text-sep-date'>\/<\/span><span class=\"blog-categories minor-meta\">in <a href=\"https:\/\/ais.al\/new\/category\/kreupost\/\" rel=\"tag\">Kreupost<\/a>, <a href=\"https:\/\/ais.al\/new\/category\/pozicione-pune\/\" rel=\"tag\">Pozicione Pune<\/a> <\/span><span class=\"text-sep text-sep-cat\">\/<\/span><span class=\"blog-author minor-meta\">by <span class=\"entry-author-link\" ><span class=\"vcard author\"><span class=\"fn\"><a href=\"https:\/\/ais.al\/new\/en\/author\/admin\/\" title=\"Posts by admin\" rel=\"author\">admin<\/a><\/span><\/span><\/span><\/span><\/span><\/header><div class=\"entry-content\"  itemprop=\"text\" ><p>Rihapet Thirrja, Aplikoni deri ne dat\u00ebn 20 Prill &nbsp; B\u00ebhu Pjes\u00eb e OpenData Felloship Youth #Network AIS p\u00ebr t\u00eb dytin vit radhazi, hap aplikimet p\u00ebr t\u00eb rinj q\u00eb duan t\u00eb punojn\u00eb dhe angazhohen me OpenData Youth Network, t\u00eb rinj me p\u00ebrgatitje universitare t\u00eb mosh\u00ebs 20 deri 30 vje\u00e7 jan\u00eb t\u00eb mir\u00ebpritur. Ky grup network do [&hellip;]<\/p>\n<div class=\"read-more-link\"><a href=\"https:\/\/ais.al\/new\/en\/thirrje-anetaresime-te-reja-opendata-felloship-youth-network\/\" class=\"more-link\">Read more<span class=\"more-link-arrow\"><\/span><\/a><\/div>\n<\/div><footer class=\"entry-footer\"><\/footer><div class='post_delimiter'><\/div><\/div><div class='post_author_timeline'><\/div><span class='hidden'>\n\t\t\t<span class='av-structured-data'  itemprop=\"image\" itemscope=\"itemscope\" itemtype=\"https:\/\/schema.org\/ImageObject\"  itemprop='image'>\n\t\t\t\t\t   <span itemprop='url' >https:\/\/ais.al\/new\/wp-content\/uploads\/MAL_3281-4.jpg<\/span>\n\t\t\t\t\t   <span itemprop='height' >3132<\/span>\n\t\t\t\t\t   <span itemprop='width' >3187<\/span>\n\t\t\t\t  <\/span><span class='av-structured-data'  itemprop=\"publisher\" itemtype=\"https:\/\/schema.org\/Organization\" itemscope=\"itemscope\" >\n\t\t\t\t<span itemprop='name'>admin<\/span>\n\t\t\t\t<span itemprop='logo' itemscope itemtype='https:\/\/schema.org\/ImageObject'>\n\t\t\t\t   <span itemprop='url'>http:\/\/ais.al\/new\/wp-content\/uploads\/aislogo1.png<\/span>\n\t\t\t\t <\/span>\n\t\t\t  <\/span><span class='av-structured-data'  itemprop=\"author\" itemscope=\"itemscope\" itemtype=\"https:\/\/schema.org\/Person\" ><span itemprop='name'>admin<\/span><\/span><span class='av-structured-data'  itemprop=\"datePublished\" datetime=\"2023-03-09T14:45:15+01:00\" >2023-03-09 14:45:15<\/span><span class='av-structured-data'  itemprop=\"dateModified\" itemtype=\"https:\/\/schema.org\/dateModified\" >2023-04-05 12:16:47<\/span><span class='av-structured-data'  itemprop=\"mainEntityOfPage\" itemtype=\"https:\/\/schema.org\/mainEntityOfPage\" ><span itemprop='name'>Thirrje An\u00ebtar\u00ebsime te reja OpenData Fellowship Youth Network<\/span><\/span><\/span><\/article><article class='post-entry post-entry-type-standard post-entry-236815 post-loop-2 post-parity-even single-small with-slider post-236815 post type-post status-publish format-standard has-post-thumbnail hentry category-aktivitete category-kreupost category-pozicione-pune'  itemscope=\"itemscope\" itemtype=\"https:\/\/schema.org\/BlogPosting\" ><div class='blog-meta'><a href='https:\/\/ais.al\/new\/en\/behu-pjese-e-opendata-fellowship-youth-network-2\/' class='small-preview' title='Final Group Photo'><img loading=\"lazy\" decoding=\"async\" width=\"80\" height=\"80\" src=\"https:\/\/ais.al\/new\/wp-content\/uploads\/fotoja-e-grupit-me-duart-lart-1-80x80.jpg\" class=\"attachment-thumbnail size-thumbnail wp-post-image\" alt=\"\" srcset=\"https:\/\/ais.al\/new\/wp-content\/uploads\/fotoja-e-grupit-me-duart-lart-1-80x80.jpg 80w, https:\/\/ais.al\/new\/wp-content\/uploads\/fotoja-e-grupit-me-duart-lart-1-36x36.jpg 36w, https:\/\/ais.al\/new\/wp-content\/uploads\/fotoja-e-grupit-me-duart-lart-1-180x180.jpg 180w, https:\/\/ais.al\/new\/wp-content\/uploads\/fotoja-e-grupit-me-duart-lart-1-120x120.jpg 120w, https:\/\/ais.al\/new\/wp-content\/uploads\/fotoja-e-grupit-me-duart-lart-1-450x450.jpg 450w\" sizes=\"auto, (max-width: 80px) 100vw, 80px\" \/><span class=\"iconfont\" aria-hidden='true' data-av_icon='\ue836' data-av_iconfont='entypo-fontello'><\/span><\/a><\/div><div class='entry-content-wrapper clearfix standard-content'><header class=\"entry-content-header\"><h2 class='post-title entry-title '  itemprop=\"headline\" >\t<a href='https:\/\/ais.al\/new\/en\/behu-pjese-e-opendata-fellowship-youth-network-2\/' rel='bookmark' title='Permanent Link: B\u00ebhu Pjes\u00eb e #OpenData Fellowship Youth #Network'>B\u00ebhu Pjes\u00eb e #OpenData Fellowship Youth #Network\t\t\t<span class='post-format-icon minor-meta'><\/span>\t<\/a><\/h2><span class='post-meta-infos'><time class='date-container minor-meta updated' >15\/02\/2022<\/time><span class='text-sep text-sep-date'>\/<\/span><span class=\"blog-categories minor-meta\">in <a href=\"https:\/\/ais.al\/new\/category\/aktivitete\/\" rel=\"tag\">Aktivitete<\/a>, <a href=\"https:\/\/ais.al\/new\/category\/kreupost\/\" rel=\"tag\">Kreupost<\/a>, <a href=\"https:\/\/ais.al\/new\/category\/pozicione-pune\/\" rel=\"tag\">Pozicione Pune<\/a> <\/span><span class=\"text-sep text-sep-cat\">\/<\/span><span class=\"blog-author minor-meta\">by <span class=\"entry-author-link\" ><span class=\"vcard author\"><span class=\"fn\"><a href=\"https:\/\/ais.al\/new\/en\/author\/admin\/\" title=\"Posts by admin\" rel=\"author\">admin<\/a><\/span><\/span><\/span><\/span><\/span><\/header><div class=\"entry-content\"  itemprop=\"text\" ><p>Mund\u00ebsi p\u00ebr t\u00eb punuar me ekipin #OpenDataAlbania Je nj\u00eb Djal\u00eb apo Vajze e re, #Gazetar, #Student, #Ekonomist, #Fiskalist, #Politikan i Ardhsh\u00ebm, #Analist, #Sociolog apo #K\u00ebrkues n\u00eb nj\u00eb Disiplin\u00eb t\u00eb caktuar \u2022 N\u00ebse ke d\u00ebshir\u00eb t\u00eb Publikosh nj\u00eb apo disa artikuj n\u00eb portalin\u00a0Open Data Albania \u2022 N\u00ebse planet p\u00ebr Karrier\u00ebn tuaj t\u00eb ardhshme lidhen me sa [&hellip;]<\/p>\n<div class=\"read-more-link\"><a href=\"https:\/\/ais.al\/new\/en\/behu-pjese-e-opendata-fellowship-youth-network-2\/\" class=\"more-link\">Read more<span class=\"more-link-arrow\"><\/span><\/a><\/div>\n<\/div><footer class=\"entry-footer\"><\/footer><div class='post_delimiter'><\/div><\/div><div class='post_author_timeline'><\/div><span class='hidden'>\n\t\t\t<span class='av-structured-data'  itemprop=\"image\" itemscope=\"itemscope\" itemtype=\"https:\/\/schema.org\/ImageObject\"  itemprop='image'>\n\t\t\t\t\t   <span itemprop='url' >https:\/\/ais.al\/new\/wp-content\/uploads\/fotoja-e-grupit-me-duart-lart-1.jpg<\/span>\n\t\t\t\t\t   <span itemprop='height' >1946<\/span>\n\t\t\t\t\t   <span itemprop='width' >3994<\/span>\n\t\t\t\t  <\/span><span class='av-structured-data'  itemprop=\"publisher\" itemtype=\"https:\/\/schema.org\/Organization\" itemscope=\"itemscope\" >\n\t\t\t\t<span itemprop='name'>admin<\/span>\n\t\t\t\t<span itemprop='logo' itemscope itemtype='https:\/\/schema.org\/ImageObject'>\n\t\t\t\t   <span itemprop='url'>http:\/\/ais.al\/new\/wp-content\/uploads\/aislogo1.png<\/span>\n\t\t\t\t <\/span>\n\t\t\t  <\/span><span class='av-structured-data'  itemprop=\"author\" itemscope=\"itemscope\" itemtype=\"https:\/\/schema.org\/Person\" ><span itemprop='name'>admin<\/span><\/span><span class='av-structured-data'  itemprop=\"datePublished\" datetime=\"2022-02-15T17:03:36+01:00\" >2022-02-15 17:03:36<\/span><span class='av-structured-data'  itemprop=\"dateModified\" itemtype=\"https:\/\/schema.org\/dateModified\" >2022-11-25 12:10:32<\/span><span class='av-structured-data'  itemprop=\"mainEntityOfPage\" itemtype=\"https:\/\/schema.org\/mainEntityOfPage\" ><span itemprop='name'>B\u00ebhu Pjes\u00eb e #OpenData Fellowship Youth #Network<\/span><\/span><\/span><\/article><article class='post-entry post-entry-type-standard post-entry-231457 post-loop-3 post-parity-odd single-small with-slider post-231457 post type-post status-publish format-standard has-post-thumbnail hentry category-aktivitete category-kreupost category-njoftime-per-shtyp category-pozicione-pune'  itemscope=\"itemscope\" itemtype=\"https:\/\/schema.org\/BlogPosting\" ><div class='blog-meta'><a href='https:\/\/ais.al\/new\/en\/kerkohet-nje-ekspert-lokal-permiresim-i-kapaciteteve-organizative-dhe-institucionale-2\/' class='small-preview' title='K\u00ebrkohet nj\u00eb Ekspert Lokal P\u00ebrmir\u00ebsim i Kapaciteteve Organizative dhe Institucionale'><img loading=\"lazy\" decoding=\"async\" width=\"80\" height=\"80\" src=\"https:\/\/ais.al\/new\/wp-content\/uploads\/2aislogo2-80x80.jpg\" class=\"attachment-thumbnail size-thumbnail wp-post-image\" alt=\"\" srcset=\"https:\/\/ais.al\/new\/wp-content\/uploads\/2aislogo2-80x80.jpg 80w, https:\/\/ais.al\/new\/wp-content\/uploads\/2aislogo2-36x36.jpg 36w, https:\/\/ais.al\/new\/wp-content\/uploads\/2aislogo2-180x180.jpg 180w, https:\/\/ais.al\/new\/wp-content\/uploads\/2aislogo2-120x120.jpg 120w, https:\/\/ais.al\/new\/wp-content\/uploads\/2aislogo2.jpg 300w\" sizes=\"auto, (max-width: 80px) 100vw, 80px\" \/><span class=\"iconfont\" aria-hidden='true' data-av_icon='\ue836' data-av_iconfont='entypo-fontello'><\/span><\/a><\/div><div class='entry-content-wrapper clearfix standard-content'><header class=\"entry-content-header\"><h2 class='post-title entry-title '  itemprop=\"headline\" >\t<a href='https:\/\/ais.al\/new\/en\/kerkohet-nje-ekspert-lokal-permiresim-i-kapaciteteve-organizative-dhe-institucionale-2\/' rel='bookmark' title='Permanent Link: K\u00ebrkohet nj\u00eb Ekspert Lokal P\u00ebrmir\u00ebsim i Kapaciteteve Organizative dhe Institucionale'>K\u00ebrkohet nj\u00eb Ekspert Lokal P\u00ebrmir\u00ebsim i Kapaciteteve Organizative dhe Institucionale\t\t\t<span class='post-format-icon minor-meta'><\/span>\t<\/a><\/h2><span class='post-meta-infos'><time class='date-container minor-meta updated' >09\/02\/2022<\/time><span class='text-sep text-sep-date'>\/<\/span><span class=\"blog-categories minor-meta\">in <a href=\"https:\/\/ais.al\/new\/category\/aktivitete\/\" rel=\"tag\">Aktivitete<\/a>, <a href=\"https:\/\/ais.al\/new\/category\/kreupost\/\" rel=\"tag\">Kreupost<\/a>, <a href=\"https:\/\/ais.al\/new\/category\/njoftime-per-shtyp\/\" rel=\"tag\">Njoftime per shtyp<\/a>, <a href=\"https:\/\/ais.al\/new\/category\/pozicione-pune\/\" rel=\"tag\">Pozicione Pune<\/a> <\/span><span class=\"text-sep text-sep-cat\">\/<\/span><span class=\"blog-author minor-meta\">by <span class=\"entry-author-link\" ><span class=\"vcard author\"><span class=\"fn\"><a href=\"https:\/\/ais.al\/new\/en\/author\/admin\/\" title=\"Posts by admin\" rel=\"author\">admin<\/a><\/span><\/span><\/span><\/span><\/span><\/header><div class=\"entry-content\"  itemprop=\"text\" ><p>Dat\u00eb 09\/02\/2022 AIS, nj\u00eb organizat\u00eb jofitimprur\u00ebse e angazhuar n\u00eb Transparenc\u00eb, Llogaridh\u00ebnie dhe Mir\u00ebqeverisje \u00ebsht\u00eb duke k\u00ebrkuar nj\u00eb ekspert lokal p\u00ebr angazhim me koh\u00eb t\u00eb pjesshme dit\u00eb pune. Eksperti duhet t\u00eb asistoj\u00eb organizat\u00ebn n\u00eb hartimin e disa dokumenteve si rregullore dhe manual t\u00eb praktikave t\u00eb mira menaxheriale dhe financiare. Eksperti duhet t\u00eb vler\u00ebsoj\u00eb edhe nevojat p\u00ebr [&hellip;]<\/p>\n<div class=\"read-more-link\"><a href=\"https:\/\/ais.al\/new\/en\/kerkohet-nje-ekspert-lokal-permiresim-i-kapaciteteve-organizative-dhe-institucionale-2\/\" class=\"more-link\">Read more<span class=\"more-link-arrow\"><\/span><\/a><\/div>\n<\/div><footer class=\"entry-footer\"><\/footer><div class='post_delimiter'><\/div><\/div><div class='post_author_timeline'><\/div><span class='hidden'>\n\t\t\t<span class='av-structured-data'  itemprop=\"image\" itemscope=\"itemscope\" itemtype=\"https:\/\/schema.org\/ImageObject\"  itemprop='image'>\n\t\t\t\t\t   <span itemprop='url' >https:\/\/ais.al\/new\/wp-content\/uploads\/2aislogo2.jpg<\/span>\n\t\t\t\t\t   <span itemprop='height' >300<\/span>\n\t\t\t\t\t   <span itemprop='width' >300<\/span>\n\t\t\t\t  <\/span><span class='av-structured-data'  itemprop=\"publisher\" itemtype=\"https:\/\/schema.org\/Organization\" itemscope=\"itemscope\" >\n\t\t\t\t<span itemprop='name'>admin<\/span>\n\t\t\t\t<span itemprop='logo' itemscope itemtype='https:\/\/schema.org\/ImageObject'>\n\t\t\t\t   <span itemprop='url'>http:\/\/ais.al\/new\/wp-content\/uploads\/aislogo1.png<\/span>\n\t\t\t\t <\/span>\n\t\t\t  <\/span><span class='av-structured-data'  itemprop=\"author\" itemscope=\"itemscope\" itemtype=\"https:\/\/schema.org\/Person\" ><span itemprop='name'>admin<\/span><\/span><span class='av-structured-data'  itemprop=\"datePublished\" datetime=\"2022-02-09T14:52:59+01:00\" >2022-02-09 14:52:59<\/span><span class='av-structured-data'  itemprop=\"dateModified\" itemtype=\"https:\/\/schema.org\/dateModified\" >2022-02-09 14:52:59<\/span><span class='av-structured-data'  itemprop=\"mainEntityOfPage\" itemtype=\"https:\/\/schema.org\/mainEntityOfPage\" ><span itemprop='name'>K\u00ebrkohet nj\u00eb Ekspert Lokal P\u00ebrmir\u00ebsim i Kapaciteteve Organizative dhe Institucionale<\/span><\/span><\/span><\/article><article class='post-entry post-entry-type-standard post-entry-231354 post-loop-4 post-parity-even single-small with-slider post-231354 post type-post status-publish format-standard has-post-thumbnail hentry category-events category-homeposts category-job-positions category-press-releases'  itemscope=\"itemscope\" itemtype=\"https:\/\/schema.org\/BlogPosting\" ><div class='blog-meta'><a href='https:\/\/ais.al\/new\/en\/ais-is-seeking-two-full-time-and-part-time-data-analysts-2\/' class='small-preview' title='AIS is seeking two full-time and part-time Data Analysts'><img loading=\"lazy\" decoding=\"async\" width=\"80\" height=\"80\" src=\"https:\/\/ais.al\/new\/wp-content\/uploads\/2aislogo2-80x80.jpg\" class=\"attachment-thumbnail size-thumbnail wp-post-image\" alt=\"\" srcset=\"https:\/\/ais.al\/new\/wp-content\/uploads\/2aislogo2-80x80.jpg 80w, https:\/\/ais.al\/new\/wp-content\/uploads\/2aislogo2-36x36.jpg 36w, https:\/\/ais.al\/new\/wp-content\/uploads\/2aislogo2-180x180.jpg 180w, https:\/\/ais.al\/new\/wp-content\/uploads\/2aislogo2-120x120.jpg 120w, https:\/\/ais.al\/new\/wp-content\/uploads\/2aislogo2.jpg 300w\" sizes=\"auto, (max-width: 80px) 100vw, 80px\" \/><span class=\"iconfont\" aria-hidden='true' data-av_icon='\ue836' data-av_iconfont='entypo-fontello'><\/span><\/a><\/div><div class='entry-content-wrapper clearfix standard-content'><header class=\"entry-content-header\"><h2 class='post-title entry-title '  itemprop=\"headline\" >\t<a href='https:\/\/ais.al\/new\/en\/ais-is-seeking-two-full-time-and-part-time-data-analysts-2\/' rel='bookmark' title='Permanent Link: AIS is seeking two full-time and part-time Data Analysts'>AIS is seeking two full-time and part-time Data Analysts\t\t\t<span class='post-format-icon minor-meta'><\/span>\t<\/a><\/h2><span class='post-meta-infos'><time class='date-container minor-meta updated' >09\/02\/2022<\/time><span class='text-sep text-sep-date'>\/<\/span><span class=\"blog-categories minor-meta\">in <a href=\"https:\/\/ais.al\/new\/en\/category\/events\/\" rel=\"tag\">Events<\/a>, <a href=\"https:\/\/ais.al\/new\/en\/category\/homeposts\/\" rel=\"tag\">Homeposts<\/a>, <a href=\"https:\/\/ais.al\/new\/en\/category\/job-positions\/\" rel=\"tag\">Job Positions<\/a>, <a href=\"https:\/\/ais.al\/new\/en\/category\/press-releases\/\" rel=\"tag\">Press Releases<\/a> <\/span><span class=\"text-sep text-sep-cat\">\/<\/span><span class=\"blog-author minor-meta\">by <span class=\"entry-author-link\" ><span class=\"vcard author\"><span class=\"fn\"><a href=\"https:\/\/ais.al\/new\/en\/author\/admin\/\" title=\"Posts by admin\" rel=\"author\">admin<\/a><\/span><\/span><\/span><\/span><\/span><\/header><div class=\"entry-content\"  itemprop=\"text\" ><p>Position: Open Data Analyst. Programme: Open Data, Access and Transparency over sectors exposed to Risk of corruption. Under: Project Director Salary: Monthly net total salary, plus mandatory share of contributions for employer and employee, plus salary tax, is planned 900 Euros. Publication Date: \u00a009\/02\/2022 Deadline for application: 09 March 2022. AIS, an organization a committed [&hellip;]<\/p>\n<div class=\"read-more-link\"><a href=\"https:\/\/ais.al\/new\/en\/ais-is-seeking-two-full-time-and-part-time-data-analysts-2\/\" class=\"more-link\">Read more<span class=\"more-link-arrow\"><\/span><\/a><\/div>\n<\/div><footer class=\"entry-footer\"><\/footer><div class='post_delimiter'><\/div><\/div><div class='post_author_timeline'><\/div><span class='hidden'>\n\t\t\t<span class='av-structured-data'  itemprop=\"image\" itemscope=\"itemscope\" itemtype=\"https:\/\/schema.org\/ImageObject\"  itemprop='image'>\n\t\t\t\t\t   <span itemprop='url' >https:\/\/ais.al\/new\/wp-content\/uploads\/2aislogo2.jpg<\/span>\n\t\t\t\t\t   <span itemprop='height' >300<\/span>\n\t\t\t\t\t   <span itemprop='width' >300<\/span>\n\t\t\t\t  <\/span><span class='av-structured-data'  itemprop=\"publisher\" itemtype=\"https:\/\/schema.org\/Organization\" itemscope=\"itemscope\" >\n\t\t\t\t<span itemprop='name'>admin<\/span>\n\t\t\t\t<span itemprop='logo' itemscope itemtype='https:\/\/schema.org\/ImageObject'>\n\t\t\t\t   <span itemprop='url'>http:\/\/ais.al\/new\/wp-content\/uploads\/aislogo1.png<\/span>\n\t\t\t\t <\/span>\n\t\t\t  <\/span><span class='av-structured-data'  itemprop=\"author\" itemscope=\"itemscope\" itemtype=\"https:\/\/schema.org\/Person\" ><span itemprop='name'>admin<\/span><\/span><span class='av-structured-data'  itemprop=\"datePublished\" datetime=\"2022-02-09T13:03:47+01:00\" >2022-02-09 13:03:47<\/span><span class='av-structured-data'  itemprop=\"dateModified\" itemtype=\"https:\/\/schema.org\/dateModified\" >2022-02-09 13:05:22<\/span><span class='av-structured-data'  itemprop=\"mainEntityOfPage\" itemtype=\"https:\/\/schema.org\/mainEntityOfPage\" ><span itemprop='name'>AIS is seeking two full-time and part-time Data Analysts<\/span><\/span><\/span><\/article><article class='post-entry post-entry-type-standard post-entry-168266 post-loop-5 post-parity-odd post-entry-last single-small with-slider post-168266 post type-post status-publish format-standard has-post-thumbnail hentry category-homeposts category-job-positions category-press-releases'  itemscope=\"itemscope\" itemtype=\"https:\/\/schema.org\/BlogPosting\" ><div class='blog-meta'><a href='https:\/\/ais.al\/new\/en\/vacancy-for-network-coordinator-part-time-for-1-to-3-years\/' class='small-preview' title='Vacancy for Network Coordinator, part-time for 1 to 3 years'><img loading=\"lazy\" decoding=\"async\" width=\"80\" height=\"80\" src=\"https:\/\/ais.al\/new\/wp-content\/uploads\/2aislogo2-80x80.jpg\" class=\"attachment-thumbnail size-thumbnail wp-post-image\" alt=\"\" srcset=\"https:\/\/ais.al\/new\/wp-content\/uploads\/2aislogo2-80x80.jpg 80w, https:\/\/ais.al\/new\/wp-content\/uploads\/2aislogo2-36x36.jpg 36w, https:\/\/ais.al\/new\/wp-content\/uploads\/2aislogo2-180x180.jpg 180w, https:\/\/ais.al\/new\/wp-content\/uploads\/2aislogo2-120x120.jpg 120w, https:\/\/ais.al\/new\/wp-content\/uploads\/2aislogo2.jpg 300w\" sizes=\"auto, (max-width: 80px) 100vw, 80px\" \/><span class=\"iconfont\" aria-hidden='true' data-av_icon='\ue836' data-av_iconfont='entypo-fontello'><\/span><\/a><\/div><div class='entry-content-wrapper clearfix standard-content'><header class=\"entry-content-header\"><h2 class='post-title entry-title '  itemprop=\"headline\" >\t<a href='https:\/\/ais.al\/new\/en\/vacancy-for-network-coordinator-part-time-for-1-to-3-years\/' rel='bookmark' title='Permanent Link: Vacancy for Network Coordinator, part-time for 1 to 3 years'>Vacancy for Network Coordinator, part-time for 1 to 3 years\t\t\t<span class='post-format-icon minor-meta'><\/span>\t<\/a><\/h2><span class='post-meta-infos'><time class='date-container minor-meta updated' >22\/11\/2021<\/time><span class='text-sep text-sep-date'>\/<\/span><span class=\"blog-categories minor-meta\">in <a href=\"https:\/\/ais.al\/new\/en\/category\/homeposts\/\" rel=\"tag\">Homeposts<\/a>, <a href=\"https:\/\/ais.al\/new\/en\/category\/job-positions\/\" rel=\"tag\">Job Positions<\/a>, <a href=\"https:\/\/ais.al\/new\/en\/category\/press-releases\/\" rel=\"tag\">Press Releases<\/a> <\/span><span class=\"text-sep text-sep-cat\">\/<\/span><span class=\"blog-author minor-meta\">by <span class=\"entry-author-link\" ><span class=\"vcard author\"><span class=\"fn\"><a href=\"https:\/\/ais.al\/new\/en\/author\/admin\/\" title=\"Posts by admin\" rel=\"author\">admin<\/a><\/span><\/span><\/span><\/span><\/span><\/header><div class=\"entry-content\"  itemprop=\"text\" ><p>The organization AIS is looking for a part-time Network Coordinator. The selected candidate will coordinate the activity of a Youth Network in order to empower young people by using OpenData and BigData as part of the OpenData Fellowship Youth Network. This network will function as a practical program for a group of young people selected [&hellip;]<\/p>\n<div class=\"read-more-link\"><a href=\"https:\/\/ais.al\/new\/en\/vacancy-for-network-coordinator-part-time-for-1-to-3-years\/\" class=\"more-link\">Read more<span class=\"more-link-arrow\"><\/span><\/a><\/div>\n<\/div><footer class=\"entry-footer\"><\/footer><div class='post_delimiter'><\/div><\/div><div class='post_author_timeline'><\/div><span class='hidden'>\n\t\t\t<span class='av-structured-data'  itemprop=\"image\" itemscope=\"itemscope\" itemtype=\"https:\/\/schema.org\/ImageObject\"  itemprop='image'>\n\t\t\t\t\t   <span itemprop='url' >https:\/\/ais.al\/new\/wp-content\/uploads\/2aislogo2.jpg<\/span>\n\t\t\t\t\t   <span itemprop='height' >300<\/span>\n\t\t\t\t\t   <span itemprop='width' >300<\/span>\n\t\t\t\t  <\/span><span class='av-structured-data'  itemprop=\"publisher\" itemtype=\"https:\/\/schema.org\/Organization\" itemscope=\"itemscope\" >\n\t\t\t\t<span itemprop='name'>admin<\/span>\n\t\t\t\t<span itemprop='logo' itemscope itemtype='https:\/\/schema.org\/ImageObject'>\n\t\t\t\t   <span itemprop='url'>http:\/\/ais.al\/new\/wp-content\/uploads\/aislogo1.png<\/span>\n\t\t\t\t <\/span>\n\t\t\t  <\/span><span class='av-structured-data'  itemprop=\"author\" itemscope=\"itemscope\" itemtype=\"https:\/\/schema.org\/Person\" ><span itemprop='name'>admin<\/span><\/span><span class='av-structured-data'  itemprop=\"datePublished\" datetime=\"2021-11-22T10:54:43+01:00\" >2021-11-22 10:54:43<\/span><span class='av-structured-data'  itemprop=\"dateModified\" itemtype=\"https:\/\/schema.org\/dateModified\" >2021-11-22 10:54:43<\/span><span class='av-structured-data'  itemprop=\"mainEntityOfPage\" itemtype=\"https:\/\/schema.org\/mainEntityOfPage\" ><span itemprop='name'>Vacancy for Network Coordinator, part-time for 1 to 3 years<\/span><\/span><\/span><\/article><div class='single-small'><nav class='pagination'><span class='pagination-meta'>Page 1 of 3<\/span><span class='current'>1<\/span><a href='https:\/\/ais.al\/new\/en\/wp-json\/wp\/v2\/pages\/34061\/page\/2\/' class='inactive next_page' >2<\/a><a href='https:\/\/ais.al\/new\/en\/wp-json\/wp\/v2\/pages\/34061\/page\/3\/' class='inactive' >3<\/a><\/nav>\n<\/div><\/div>\n","protected":false},"excerpt":{"rendered":"","protected":false},"author":1,"featured_media":0,"parent":0,"menu_order":0,"comment_status":"closed","ping_status":"closed","template":"","meta":{"_bbp_topic_count":0,"_bbp_reply_count":0,"_bbp_total_topic_count":0,"_bbp_total_reply_count":0,"_bbp_voice_count":0,"_bbp_anonymous_reply_count":0,"_bbp_topic_count_hidden":0,"_bbp_reply_count_hidden":0,"_bbp_forum_subforum_count":0,"footnotes":""},"class_list":["post-34061","page","type-page","status-publish","hentry"],"_links":{"self":[{"href":"https:\/\/ais.al\/new\/en\/wp-json\/wp\/v2\/pages\/34061","targetHints":{"allow":["GET"]}}],"collection":[{"href":"https:\/\/ais.al\/new\/en\/wp-json\/wp\/v2\/pages"}],"about":[{"href":"https:\/\/ais.al\/new\/en\/wp-json\/wp\/v2\/types\/page"}],"author":[{"embeddable":true,"href":"https:\/\/ais.al\/new\/en\/wp-json\/wp\/v2\/users\/1"}],"replies":[{"embeddable":true,"href":"https:\/\/ais.al\/new\/en\/wp-json\/wp\/v2\/comments?post=34061"}],"version-history":[{"count":3,"href":"https:\/\/ais.al\/new\/en\/wp-json\/wp\/v2\/pages\/34061\/revisions"}],"predecessor-version":[{"id":34065,"href":"https:\/\/ais.al\/new\/en\/wp-json\/wp\/v2\/pages\/34061\/revisions\/34065"}],"wp:attachment":[{"href":"https:\/\/ais.al\/new\/en\/wp-json\/wp\/v2\/media?parent=34061"}],"curies":[{"name":"wp","href":"https:\/\/api.w.org\/{rel}","templated":true}]}}