{"id":4491,"date":"2015-09-08T10:04:03","date_gmt":"2015-09-08T10:04:03","guid":{"rendered":"http:\/\/ais.al\/new\/?page_id=4491"},"modified":"2015-09-14T09:28:43","modified_gmt":"2015-09-14T09:28:43","slug":"electoral-spending","status":"publish","type":"page","link":"https:\/\/ais.al\/new\/en\/electoral-spending\/","title":{"rendered":"<!--:sq-->Electoral Spending<!--:-->"},"content":{"rendered":"<p><!--:sq--><div class=\"flex_column av_two_third  flex_column_div first  avia-builder-el-0  el_before_av_one_third  avia-builder-el-first  \" ><div id='av-masonry-1' class='av-masonry  noHover av-flex-size av-large-gap av-hover-overlay- av-masonry-animation-active av-masonry-col-flexible av-caption-always av-caption-style- av-masonry-gallery     '  ><div class='av-masonry-container isotope av-js-disabled ' ><div class='av-masonry-entry isotope-item av-masonry-item-no-image '><\/div><div id='av-masonry-1-item-16682' data-av-masonry-item='16682' class='av-masonry-entry isotope-item post-16682 attachment type-attachment status-inherit hentry  av-masonry-item-with-image'   itemprop=\"thumbnailUrl\" ><div class='av-inner-masonry-sizer'><\/div><figure class='av-inner-masonry main_color'><div class=\"av-masonry-outerimage-container\"><div class=\"av-masonry-image-container\" ><img decoding=\"async\" src=\"https:\/\/ais.al\/new\/wp-content\/uploads\/political-parties-705x314.jpg\" title=\"&lt;!--:sq--&gt;political-parties&lt;!--:--&gt;\" alt=\"\" \/><\/div><\/div><\/figure><\/div><!--end av-masonry entry--><div id='av-masonry-1-item-16686' data-av-masonry-item='16686' class='av-masonry-entry isotope-item post-16686 attachment type-attachment status-inherit hentry  av-masonry-item-with-image'   itemprop=\"thumbnailUrl\" ><div class='av-inner-masonry-sizer'><\/div><figure class='av-inner-masonry main_color'><div class=\"av-masonry-outerimage-container\"><div class=\"av-masonry-image-container\" ><img decoding=\"async\" src=\"https:\/\/ais.al\/new\/wp-content\/uploads\/auditimi-i-financimit-te-partive-689x705.jpg\" title=\"&lt;!--:sq--&gt;auditimi-i-financimit-te-partive&lt;!--:--&gt;\" alt=\"\" \/><\/div><\/div><\/figure><\/div><!--end av-masonry entry--><div id='av-masonry-1-item-16685' data-av-masonry-item='16685' class='av-masonry-entry isotope-item post-16685 attachment type-attachment status-inherit hentry  av-masonry-item-with-image'   itemprop=\"thumbnailUrl\" ><div class='av-inner-masonry-sizer'><\/div><figure class='av-inner-masonry main_color'><div class=\"av-masonry-outerimage-container\"><div class=\"av-masonry-image-container\" ><img decoding=\"async\" src=\"https:\/\/ais.al\/new\/wp-content\/uploads\/1muaj-pas-zgjedhjeve-689x705.jpg\" title=\"&lt;!--:sq--&gt;1muaj-pas-zgjedhjeve&lt;!--:--&gt;\" alt=\"\" \/><\/div><\/div><\/figure><\/div><!--end av-masonry entry--><div id='av-masonry-1-item-16684' data-av-masonry-item='16684' class='av-masonry-entry isotope-item post-16684 attachment type-attachment status-inherit hentry  av-masonry-item-with-image'   itemprop=\"thumbnailUrl\" ><div class='av-inner-masonry-sizer'><\/div><figure class='av-inner-masonry main_color'><div class=\"av-masonry-outerimage-container\"><div class=\"av-masonry-image-container\" ><img decoding=\"async\" src=\"https:\/\/ais.al\/new\/wp-content\/uploads\/mungesa-e-transparences-689x705.jpg\" title=\"&lt;!--:sq--&gt;mungesa-e-transparences&lt;!--:--&gt;\" alt=\"\" \/><\/div><\/div><\/figure><\/div><!--end av-masonry entry--><div id='av-masonry-1-item-16678' data-av-masonry-item='16678' class='av-masonry-entry isotope-item post-16678 attachment type-attachment status-inherit hentry  av-masonry-item-with-image'   itemprop=\"thumbnailUrl\" ><div class='av-inner-masonry-sizer'><\/div><figure class='av-inner-masonry main_color'><div class=\"av-masonry-outerimage-container\"><div class=\"av-masonry-image-container\" ><img decoding=\"async\" src=\"https:\/\/ais.al\/new\/wp-content\/uploads\/shp-elektorale1-705x539.jpg\" title=\"&lt;!--:sq--&gt;shp-elektorale1&lt;!--:--&gt;\" alt=\"\" \/><\/div><\/div><\/figure><\/div><!--end av-masonry entry--><div id='av-masonry-1-item-16679' data-av-masonry-item='16679' class='av-masonry-entry isotope-item post-16679 attachment type-attachment status-inherit hentry  av-masonry-item-with-image'   itemprop=\"thumbnailUrl\" ><div class='av-inner-masonry-sizer'><\/div><figure class='av-inner-masonry main_color'><div class=\"av-masonry-outerimage-container\"><div class=\"av-masonry-image-container\" ><img decoding=\"async\" src=\"https:\/\/ais.al\/new\/wp-content\/uploads\/shp-elektorale2-705x539.jpg\" title=\"&lt;!--:sq--&gt;shp-elektorale2&lt;!--:--&gt;\" alt=\"\" \/><\/div><\/div><\/figure><\/div><!--end av-masonry entry--><div id='av-masonry-1-item-16680' data-av-masonry-item='16680' class='av-masonry-entry isotope-item post-16680 attachment type-attachment status-inherit hentry  av-masonry-item-with-image'   itemprop=\"thumbnailUrl\" ><div class='av-inner-masonry-sizer'><\/div><figure class='av-inner-masonry main_color'><div class=\"av-masonry-outerimage-container\"><div class=\"av-masonry-image-container\" ><img decoding=\"async\" src=\"https:\/\/ais.al\/new\/wp-content\/uploads\/shp-elektorale3-705x539.jpg\" title=\"&lt;!--:sq--&gt;shp-elektorale3&lt;!--:--&gt;\" alt=\"\" \/><\/div><\/div><\/figure><\/div><!--end av-masonry entry--><div id='av-masonry-1-item-16681' data-av-masonry-item='16681' class='av-masonry-entry isotope-item post-16681 attachment type-attachment status-inherit hentry  av-masonry-item-with-image'   itemprop=\"thumbnailUrl\" ><div class='av-inner-masonry-sizer'><\/div><figure class='av-inner-masonry main_color'><div class=\"av-masonry-outerimage-container\"><div class=\"av-masonry-image-container\" ><img decoding=\"async\" src=\"https:\/\/ais.al\/new\/wp-content\/uploads\/shp-elektorale4-705x539.jpg\" title=\"&lt;!--:sq--&gt;shp-elektorale4&lt;!--:--&gt;\" alt=\"\" \/><\/div><\/div><\/figure><\/div><!--end av-masonry entry--><div id='av-masonry-1-item-16683' data-av-masonry-item='16683' class='av-masonry-entry isotope-item post-16683 attachment type-attachment status-inherit hentry  av-masonry-item-with-image'   itemprop=\"thumbnailUrl\" ><div class='av-inner-masonry-sizer'><\/div><figure class='av-inner-masonry main_color'><div class=\"av-masonry-outerimage-container\"><div class=\"av-masonry-image-container\" ><img decoding=\"async\" src=\"https:\/\/ais.al\/new\/wp-content\/uploads\/ekopolitike-705x495.jpg\" title=\"&lt;!--:sq--&gt;ekopolitike&lt;!--:--&gt;\" alt=\"\" \/><\/div><\/div><\/figure><\/div><!--end av-masonry entry--><div id='av-masonry-1-item-16694' data-av-masonry-item='16694' class='av-masonry-entry isotope-item post-16694 attachment type-attachment status-inherit hentry  av-masonry-item-with-image'   itemprop=\"thumbnailUrl\" ><div class='av-inner-masonry-sizer'><\/div><figure class='av-inner-masonry main_color'><div class=\"av-masonry-outerimage-container\"><div class=\"av-masonry-image-container\" ><img decoding=\"async\" src=\"https:\/\/ais.al\/new\/wp-content\/uploads\/thesari-noa-448x705.jpg\" title=\"&lt;!--:sq--&gt;thesari-noa&lt;!--:--&gt;\" alt=\"\" \/><\/div><\/div><\/figure><\/div><!--end av-masonry entry--><div id='av-masonry-1-item-16693' data-av-masonry-item='16693' class='av-masonry-entry isotope-item post-16693 attachment type-attachment status-inherit hentry  av-masonry-item-with-image'   itemprop=\"thumbnailUrl\" ><div class='av-inner-masonry-sizer'><\/div><figure class='av-inner-masonry main_color'><div class=\"av-masonry-outerimage-container\"><div class=\"av-masonry-image-container\" ><img decoding=\"async\" src=\"https:\/\/ais.al\/new\/wp-content\/uploads\/shpenzime-mapo-349x705.jpg\" title=\"&lt;!--:sq--&gt;shpenzime-mapo&lt;!--:--&gt;\" alt=\"\" \/><\/div><\/div><\/figure><\/div><!--end av-masonry entry--><div id='av-masonry-1-item-16692' data-av-masonry-item='16692' class='av-masonry-entry isotope-item post-16692 attachment type-attachment status-inherit hentry  av-masonry-item-with-image'   itemprop=\"thumbnailUrl\" ><div class='av-inner-masonry-sizer'><\/div><figure class='av-inner-masonry main_color'><div class=\"av-masonry-outerimage-container\"><div class=\"av-masonry-image-container\" ><img decoding=\"async\" src=\"https:\/\/ais.al\/new\/wp-content\/uploads\/shpenzime-1-504x705.jpg\" title=\"&lt;!--:sq--&gt;shpenzime-1&lt;!--:--&gt;\" alt=\"\" \/><\/div><\/div><\/figure><\/div><!--end av-masonry entry--><div id='av-masonry-1-item-16691' data-av-masonry-item='16691' class='av-masonry-entry isotope-item post-16691 attachment type-attachment status-inherit hentry  av-masonry-item-with-image'   itemprop=\"thumbnailUrl\" ><div class='av-inner-masonry-sizer'><\/div><figure class='av-inner-masonry main_color'><div class=\"av-masonry-outerimage-container\"><div class=\"av-masonry-image-container\" ><img decoding=\"async\" src=\"https:\/\/ais.al\/new\/wp-content\/uploads\/kalkulusi-taksave-dronial-685x705.jpg\" title=\"&lt;!--:sq--&gt;kalkulusi-taksave-dronial&lt;!--:--&gt;\" alt=\"\" \/><\/div><\/div><\/figure><\/div><!--end av-masonry entry--><div id='av-masonry-1-item-16690' data-av-masonry-item='16690' class='av-masonry-entry isotope-item post-16690 attachment type-attachment status-inherit hentry  av-masonry-item-with-image'   itemprop=\"thumbnailUrl\" ><div class='av-inner-masonry-sizer'><\/div><figure class='av-inner-masonry main_color'><div class=\"av-masonry-outerimage-container\"><div class=\"av-masonry-image-container\" ><img decoding=\"async\" src=\"https:\/\/ais.al\/new\/wp-content\/uploads\/thesari-syrinet-488x705.jpg\" title=\"&lt;!--:sq--&gt;thesari-syrinet&lt;!--:--&gt;\" alt=\"\" \/><\/div><\/div><\/figure><\/div><!--end av-masonry entry--><div id='av-masonry-1-item-16695' data-av-masonry-item='16695' class='av-masonry-entry isotope-item post-16695 attachment type-attachment status-inherit hentry  av-masonry-item-with-image'   itemprop=\"thumbnailUrl\" ><div class='av-inner-masonry-sizer'><\/div><figure class='av-inner-masonry main_color'><div class=\"av-masonry-outerimage-container\"><div class=\"av-masonry-image-container\" ><img decoding=\"async\" src=\"https:\/\/ais.al\/new\/wp-content\/uploads\/thesari-dronial-299x705.jpg\" title=\"&lt;!--:sq--&gt;thesari-dronial&lt;!--:--&gt;\" alt=\"\" \/><\/div><\/div><\/figure><\/div><!--end av-masonry entry--><\/div><\/div><\/div><div class=\"flex_column av_one_third  flex_column_div   avia-builder-el-2  el_after_av_two_third  avia-builder-el-last  \" ><p><div style='padding-bottom:10px; ' class='av-special-heading av-special-heading-h4    avia-builder-el-3  el_before_av_video  avia-builder-el-first   '><h4 class='av-special-heading-tag '  itemprop=\"headline\"  >Nes\u00ebr afati i fundit , Auditimi i financimit t\u00eb partive politike drejt d\u00ebshtimit, s\u2019ka auditues<\/h4><div class='special-heading-border'><div class='special-heading-inner-border' ><\/div><\/div><\/div><br \/>\n<div class='avia-video avia-video-16-9 avia-video-html5  '   itemprop=\"video\" itemtype=\"https:\/\/schema.org\/VideoObject\"  data-original_url='http:\/\/ais.al\/new\/wp-content\/uploads\/Financimi-partit\u00eb-politike-fshehin-fondet-KQZ-asnj\u00eb-mas\u00eb-nd\u00ebshkimore1.mp4' ><video class=\"avia_video\"   loop preload=\"metadata\"  controls id=\"player_4491_602264237_492670932\" >\t<source src=\"http:\/\/ais.al\/new\/wp-content\/uploads\/Financimi-partit\u00eb-politike-fshehin-fondet-KQZ-asnj\u00eb-mas\u00eb-nd\u00ebshkimore1.mp4\" type=\"video\/mp4\" \/><\/video><\/div><br \/>\n<div style='padding-bottom:10px; ' class='av-special-heading av-special-heading-h4    avia-builder-el-5  el_after_av_video  el_before_av_video   '><h4 class='av-special-heading-tag '  itemprop=\"headline\"  >Mungesa e transparenc\u00ebs s\u00eb fushatave elektorale<\/h4><div class='special-heading-border'><div class='special-heading-inner-border' ><\/div><\/div><\/div><br \/>\n<div class='avia-video avia-video-16-9 avia-video-html5  '   itemprop=\"video\" itemtype=\"https:\/\/schema.org\/VideoObject\"  data-original_url='http:\/\/ais.al\/new\/wp-content\/uploads\/Transparenca-e-financimit-t\u00eb-partive-politike.mp4' ><video class=\"avia_video\"   loop preload=\"metadata\"  controls id=\"player_4491_273019994_716780867\" >\t<source src=\"http:\/\/ais.al\/new\/wp-content\/uploads\/Transparenca-e-financimit-t\u00eb-partive-politike.mp4\" type=\"video\/mp4\" \/><\/video><\/div><br \/>\n<div style='padding-bottom:10px; ' class='av-special-heading av-special-heading-h4    avia-builder-el-7  el_after_av_video  el_before_av_video   '><h4 class='av-special-heading-tag '  itemprop=\"headline\"  >\u2018Ekopolitik\u00eb\u2019 &#8211; \u2018Financa Elektorale\u2019<\/h4><div class='special-heading-border'><div class='special-heading-inner-border' ><\/div><\/div><\/div><br \/>\n<div class='avia-video avia-video-16-9 avia-video-html5  '   itemprop=\"video\" itemtype=\"https:\/\/schema.org\/VideoObject\"  data-original_url='http:\/\/ais.al\/new\/wp-content\/uploads\/Ekopolitike.mp4' ><video class=\"avia_video\"   loop preload=\"metadata\"  controls id=\"player_4491_1635217727_1875192150\" >\t<source src=\"http:\/\/ais.al\/new\/wp-content\/uploads\/Ekopolitike.mp4\" type=\"video\/mp4\" \/><\/video><\/div><\/p><\/div><!--:--><\/p>\n","protected":false},"excerpt":{"rendered":"","protected":false},"author":1,"featured_media":0,"parent":0,"menu_order":0,"comment_status":"closed","ping_status":"closed","template":"","meta":{"_bbp_topic_count":0,"_bbp_reply_count":0,"_bbp_total_topic_count":0,"_bbp_total_reply_count":0,"_bbp_voice_count":0,"_bbp_anonymous_reply_count":0,"_bbp_topic_count_hidden":0,"_bbp_reply_count_hidden":0,"_bbp_forum_subforum_count":0,"footnotes":""},"class_list":["post-4491","page","type-page","status-publish","hentry"],"_links":{"self":[{"href":"https:\/\/ais.al\/new\/en\/wp-json\/wp\/v2\/pages\/4491","targetHints":{"allow":["GET"]}}],"collection":[{"href":"https:\/\/ais.al\/new\/en\/wp-json\/wp\/v2\/pages"}],"about":[{"href":"https:\/\/ais.al\/new\/en\/wp-json\/wp\/v2\/types\/page"}],"author":[{"embeddable":true,"href":"https:\/\/ais.al\/new\/en\/wp-json\/wp\/v2\/users\/1"}],"replies":[{"embeddable":true,"href":"https:\/\/ais.al\/new\/en\/wp-json\/wp\/v2\/comments?post=4491"}],"version-history":[{"count":5,"href":"https:\/\/ais.al\/new\/en\/wp-json\/wp\/v2\/pages\/4491\/revisions"}],"predecessor-version":[{"id":5232,"href":"https:\/\/ais.al\/new\/en\/wp-json\/wp\/v2\/pages\/4491\/revisions\/5232"}],"wp:attachment":[{"href":"https:\/\/ais.al\/new\/en\/wp-json\/wp\/v2\/media?parent=4491"}],"curies":[{"name":"wp","href":"https:\/\/api.w.org\/{rel}","templated":true}]}}