{"id":10678,"date":"2017-06-15T12:36:54","date_gmt":"2017-06-15T12:36:54","guid":{"rendered":"http:\/\/ais.al\/new\/?page_id=10678"},"modified":"2017-10-15T14:51:31","modified_gmt":"2017-10-15T14:51:31","slug":"zalart-2017-newsletter","status":"publish","type":"page","link":"https:\/\/ais.al\/new\/newsletter\/zalart-2017-newsletter\/","title":{"rendered":"Za&#8217;Lart 2017 Newsletter"},"content":{"rendered":"<div class='avia-button-wrap avia-button-left  avia-builder-el-0  el_before_av_button  avia-builder-el-first '><a href='https:\/\/ais.al\/new\/zalart-2017-newsletter-data-17-qershor-2017\/'  class='avia-button   avia-icon_select-no avia-color-theme-color avia-size-x-large avia-position-left '   ><span class='avia_iconbox_title' >Za\u2019Lart 2017 Newsletter data 17 Qershor 2017<\/span><\/a><\/div>\n<div class='avia-button-wrap avia-button-left  avia-builder-el-1  el_after_av_button  el_before_av_button '><a href='https:\/\/ais.al\/new\/zalart-2017-newsletter-problematika-te-votimit-ne-burgje\/'  class='avia-button   avia-icon_select-no avia-color-theme-color avia-size-x-large avia-position-left '   ><span class='avia_iconbox_title' >ZA\u2019LART 2017 NEWSLETTER - Problematika t\u00eb votimit n\u00eb Burgje, propagand\u00eb me video n\u00eb burgun e Sh\u00ebn Kollit<\/span><\/a><\/div>\n<div class='avia-button-wrap avia-button-left  avia-builder-el-2  el_after_av_button  el_before_av_button '><a href='https:\/\/ais.al\/new\/zalart-2017-newsletter-23-qershor-2017\/'  class='avia-button   avia-icon_select-no avia-color-theme-color avia-size-x-large avia-position-left '   ><span class='avia_iconbox_title' >ZA\u2019LART 2017 NEWS LETTER 23 QERSHOR 2017<\/span><\/a><\/div>\n<div class='avia-button-wrap avia-button-left  avia-builder-el-3  el_after_av_button  el_before_av_button '><a href='https:\/\/ais.al\/new\/zalart-2017-newsletter-perdorimi-i-aseteve-publike-ne-fushate-demshperblimet-per-permbytje-jepen-kundrejt-premtimeve-per-voten\/'  class='avia-button   avia-icon_select-no avia-color-theme-color avia-size-x-large avia-position-left '   ><span class='avia_iconbox_title' >ZA\u2019LART 2017 NEWSLETTER - P\u00cbRDORIMI I ASETEVE PUBLIKE N\u00cb FUSHAT\u00cb, D\u00cbMSHP\u00cbRBLIMET P\u00cbR P\u00cbRMBYTJE JEPEN KUNDREJT PREMTIMEVE P\u00cbR VOT\u00cbN<\/span><\/a><\/div>\n<div class='avia-button-wrap avia-button-left  avia-builder-el-4  el_after_av_button  el_before_av_button '><a href='https:\/\/ais.al\/new\/zalart-2017-newsletter-raporto-problemet-problematikat-gjate-procesit-zgjedhore\/'  class='avia-button   avia-icon_select-no avia-color-theme-color avia-size-x-large avia-position-left '   ><span class='avia_iconbox_title' >ZA\u2019LART 2017 NEWSLETTER \u2013 RAPORTO PROBLEMET PROBLEMATIKAT GJAT\u00cb PRO\u00c7ESIT ZGJEDHORE<\/span><\/a><\/div>\n<div class='avia-button-wrap avia-button-left  avia-builder-el-5  el_after_av_button  el_before_av_button '><a href='https:\/\/ais.al\/new\/zalart-2017-newsletter-185-raportime-per-shkelje-zgjedhore-evidentohen-zonat-me-problematike\/'  class='avia-button   avia-icon_select-no avia-color-theme-color avia-size-x-large avia-position-left '   ><span class='avia_iconbox_title' >Za\u2019Lart 2017 Newsletter - 185 raportime p\u00ebr shkelje zgjedhore, evidentohen zonat m\u00eb problematike .<\/span><\/a><\/div>\n<div class='avia-button-wrap avia-button-left  avia-builder-el-6  el_after_av_button  el_before_av_one_full '><a href='https:\/\/ais.al\/new\/zalart-2017-newsletter-22-korrik-2017\/'  class='avia-button   avia-icon_select-no avia-color-theme-color avia-size-x-large avia-position-left '   ><span class='avia_iconbox_title' >Za\u2019Lart 2017 Newsletter - Qytetar\u00ebt raportojn\u00eb me video parregullsi zgjedhore.<\/span><\/a><\/div>\n<div class=\"flex_column av_one_full  flex_column_div av-zero-column-padding first  avia-builder-el-7  el_after_av_button  avia-builder-el-last  \" style='border-radius:0px; '><\/div>\n","protected":false},"excerpt":{"rendered":"","protected":false},"author":1,"featured_media":0,"parent":3150,"menu_order":0,"comment_status":"closed","ping_status":"closed","template":"","meta":{"_bbp_topic_count":0,"_bbp_reply_count":0,"_bbp_total_topic_count":0,"_bbp_total_reply_count":0,"_bbp_voice_count":0,"_bbp_anonymous_reply_count":0,"_bbp_topic_count_hidden":0,"_bbp_reply_count_hidden":0,"_bbp_forum_subforum_count":0,"footnotes":""},"class_list":["post-10678","page","type-page","status-publish","hentry"],"_links":{"self":[{"href":"https:\/\/ais.al\/new\/wp-json\/wp\/v2\/pages\/10678","targetHints":{"allow":["GET"]}}],"collection":[{"href":"https:\/\/ais.al\/new\/wp-json\/wp\/v2\/pages"}],"about":[{"href":"https:\/\/ais.al\/new\/wp-json\/wp\/v2\/types\/page"}],"author":[{"embeddable":true,"href":"https:\/\/ais.al\/new\/wp-json\/wp\/v2\/users\/1"}],"replies":[{"embeddable":true,"href":"https:\/\/ais.al\/new\/wp-json\/wp\/v2\/comments?post=10678"}],"version-history":[{"count":5,"href":"https:\/\/ais.al\/new\/wp-json\/wp\/v2\/pages\/10678\/revisions"}],"predecessor-version":[{"id":10682,"href":"https:\/\/ais.al\/new\/wp-json\/wp\/v2\/pages\/10678\/revisions\/10682"}],"up":[{"embeddable":true,"href":"https:\/\/ais.al\/new\/wp-json\/wp\/v2\/pages\/3150"}],"wp:attachment":[{"href":"https:\/\/ais.al\/new\/wp-json\/wp\/v2\/media?parent=10678"}],"curies":[{"name":"wp","href":"https:\/\/api.w.org\/{rel}","templated":true}]}}