{"id":10887,"date":"2018-01-03T13:34:47","date_gmt":"2018-01-03T13:34:47","guid":{"rendered":"http:\/\/ais.al\/new\/?page_id=10887"},"modified":"2021-03-02T15:41:26","modified_gmt":"2021-03-02T14:41:26","slug":"njoftime-internship-dhe-punesimi","status":"publish","type":"page","link":"https:\/\/ais.al\/new\/njoftime-internship-dhe-punesimi\/","title":{"rendered":"Njoftime Internship dhe Punesimi"},"content":{"rendered":"<div class='av-alb-blogposts template-blog  av-blog-meta-author-disabled av-blog-meta-comments-disabled av-blog-meta-category-disabled av-blog-meta-date-disabled '  itemscope=\"itemscope\" itemtype=\"https:\/\/schema.org\/Blog\" ><article class='post-entry post-entry-type-standard post-entry-559491 post-loop-1 post-parity-odd single-small with-slider post-559491 post type-post status-publish format-standard has-post-thumbnail hentry category-kreupost category-pozicione-pune'  itemscope=\"itemscope\" itemtype=\"https:\/\/schema.org\/BlogPosting\" ><div class='blog-meta'><a href='https:\/\/ais.al\/new\/thirrje-anetaresime-te-reja-opendata-felloship-youth-network\/' class='small-preview' title='Thirrje An\u00ebtar\u00ebsime te reja OpenData Fellowship Youth Network'><img loading=\"lazy\" decoding=\"async\" width=\"80\" height=\"80\" src=\"https:\/\/ais.al\/new\/wp-content\/uploads\/MAL_3281-4.jpg\" class=\"attachment-thumbnail size-thumbnail wp-post-image\" alt=\"\" \/><span class=\"iconfont\" aria-hidden='true' data-av_icon='\ue836' data-av_iconfont='entypo-fontello'><\/span><\/a><\/div><div class='entry-content-wrapper clearfix standard-content'><header class=\"entry-content-header\"><h2 class='post-title entry-title '  itemprop=\"headline\" >\t<a href='https:\/\/ais.al\/new\/thirrje-anetaresime-te-reja-opendata-felloship-youth-network\/' rel='bookmark' title='Permanent Link: Thirrje An\u00ebtar\u00ebsime te reja OpenData Fellowship Youth Network'>Thirrje An\u00ebtar\u00ebsime te reja OpenData Fellowship Youth Network\t\t\t<span class='post-format-icon minor-meta'><\/span>\t<\/a><\/h2><span class='post-meta-infos'><time class='date-container minor-meta updated' >09\/03\/2023<\/time><span class='text-sep text-sep-date'>\/<\/span><span class=\"blog-categories minor-meta\">in <a href=\"https:\/\/ais.al\/new\/category\/kreupost\/\" rel=\"tag\">Kreupost<\/a>, <a href=\"https:\/\/ais.al\/new\/category\/pozicione-pune\/\" rel=\"tag\">Pozicione Pune<\/a> <\/span><span class=\"text-sep text-sep-cat\">\/<\/span><span class=\"blog-author minor-meta\">by <span class=\"entry-author-link\" ><span class=\"vcard author\"><span class=\"fn\"><a href=\"https:\/\/ais.al\/new\/author\/admin\/\" title=\"Postime nga admin\" rel=\"author\">admin<\/a><\/span><\/span><\/span><\/span><\/span><\/header><div class=\"entry-content\"  itemprop=\"text\" ><p>Rihapet Thirrja, Aplikoni deri ne dat\u00ebn 20 Prill &nbsp; B\u00ebhu Pjes\u00eb e OpenData Felloship Youth #Network AIS p\u00ebr t\u00eb dytin vit radhazi, hap aplikimet p\u00ebr t\u00eb rinj q\u00eb duan t\u00eb punojn\u00eb dhe angazhohen me OpenData Youth Network, t\u00eb rinj me p\u00ebrgatitje universitare t\u00eb mosh\u00ebs 20 deri 30 vje\u00e7 jan\u00eb t\u00eb mir\u00ebpritur. Ky grup network do [&hellip;]<\/p>\n<div class=\"read-more-link\"><a href=\"https:\/\/ais.al\/new\/thirrje-anetaresime-te-reja-opendata-felloship-youth-network\/\" class=\"more-link\">Read more<span class=\"more-link-arrow\"><\/span><\/a><\/div>\n<\/div><footer class=\"entry-footer\"><\/footer><div class='post_delimiter'><\/div><\/div><div class='post_author_timeline'><\/div><span class='hidden'>\n\t\t\t<span class='av-structured-data'  itemprop=\"image\" itemscope=\"itemscope\" itemtype=\"https:\/\/schema.org\/ImageObject\"  itemprop='image'>\n\t\t\t\t\t   <span itemprop='url' >https:\/\/ais.al\/new\/wp-content\/uploads\/MAL_3281-4.jpg<\/span>\n\t\t\t\t\t   <span itemprop='height' >3132<\/span>\n\t\t\t\t\t   <span itemprop='width' >3187<\/span>\n\t\t\t\t  <\/span><span class='av-structured-data'  itemprop=\"publisher\" itemtype=\"https:\/\/schema.org\/Organization\" itemscope=\"itemscope\" >\n\t\t\t\t<span itemprop='name'>admin<\/span>\n\t\t\t\t<span itemprop='logo' itemscope itemtype='https:\/\/schema.org\/ImageObject'>\n\t\t\t\t   <span itemprop='url'>http:\/\/ais.al\/new\/wp-content\/uploads\/aislogo1.png<\/span>\n\t\t\t\t <\/span>\n\t\t\t  <\/span><span class='av-structured-data'  itemprop=\"author\" itemscope=\"itemscope\" itemtype=\"https:\/\/schema.org\/Person\" ><span itemprop='name'>admin<\/span><\/span><span class='av-structured-data'  itemprop=\"datePublished\" datetime=\"2023-03-09T14:45:15+01:00\" >2023-03-09 14:45:15<\/span><span class='av-structured-data'  itemprop=\"dateModified\" itemtype=\"https:\/\/schema.org\/dateModified\" >2023-04-05 12:16:47<\/span><span class='av-structured-data'  itemprop=\"mainEntityOfPage\" itemtype=\"https:\/\/schema.org\/mainEntityOfPage\" ><span itemprop='name'>Thirrje An\u00ebtar\u00ebsime te reja OpenData Fellowship Youth Network<\/span><\/span><\/span><\/article><article class='post-entry post-entry-type-standard post-entry-236815 post-loop-2 post-parity-even single-small with-slider post-236815 post type-post status-publish format-standard has-post-thumbnail hentry category-aktivitete category-kreupost category-pozicione-pune'  itemscope=\"itemscope\" itemtype=\"https:\/\/schema.org\/BlogPosting\" ><div class='blog-meta'><a href='https:\/\/ais.al\/new\/behu-pjese-e-opendata-fellowship-youth-network-2\/' class='small-preview' title='Final Group Photo'><img loading=\"lazy\" decoding=\"async\" width=\"80\" height=\"80\" src=\"https:\/\/ais.al\/new\/wp-content\/uploads\/fotoja-e-grupit-me-duart-lart-1-80x80.jpg\" class=\"attachment-thumbnail size-thumbnail wp-post-image\" alt=\"\" srcset=\"https:\/\/ais.al\/new\/wp-content\/uploads\/fotoja-e-grupit-me-duart-lart-1-80x80.jpg 80w, https:\/\/ais.al\/new\/wp-content\/uploads\/fotoja-e-grupit-me-duart-lart-1-36x36.jpg 36w, https:\/\/ais.al\/new\/wp-content\/uploads\/fotoja-e-grupit-me-duart-lart-1-180x180.jpg 180w, https:\/\/ais.al\/new\/wp-content\/uploads\/fotoja-e-grupit-me-duart-lart-1-120x120.jpg 120w, https:\/\/ais.al\/new\/wp-content\/uploads\/fotoja-e-grupit-me-duart-lart-1-450x450.jpg 450w\" sizes=\"auto, (max-width: 80px) 100vw, 80px\" \/><span class=\"iconfont\" aria-hidden='true' data-av_icon='\ue836' data-av_iconfont='entypo-fontello'><\/span><\/a><\/div><div class='entry-content-wrapper clearfix standard-content'><header class=\"entry-content-header\"><h2 class='post-title entry-title '  itemprop=\"headline\" >\t<a href='https:\/\/ais.al\/new\/behu-pjese-e-opendata-fellowship-youth-network-2\/' rel='bookmark' title='Permanent Link: B\u00ebhu Pjes\u00eb e #OpenData Fellowship Youth #Network'>B\u00ebhu Pjes\u00eb e #OpenData Fellowship Youth #Network\t\t\t<span class='post-format-icon minor-meta'><\/span>\t<\/a><\/h2><span class='post-meta-infos'><time class='date-container minor-meta updated' >15\/02\/2022<\/time><span class='text-sep text-sep-date'>\/<\/span><span class=\"blog-categories minor-meta\">in <a href=\"https:\/\/ais.al\/new\/category\/aktivitete\/\" rel=\"tag\">Aktivitete<\/a>, <a href=\"https:\/\/ais.al\/new\/category\/kreupost\/\" rel=\"tag\">Kreupost<\/a>, <a href=\"https:\/\/ais.al\/new\/category\/pozicione-pune\/\" rel=\"tag\">Pozicione Pune<\/a> <\/span><span class=\"text-sep text-sep-cat\">\/<\/span><span class=\"blog-author minor-meta\">by <span class=\"entry-author-link\" ><span class=\"vcard author\"><span class=\"fn\"><a href=\"https:\/\/ais.al\/new\/author\/admin\/\" title=\"Postime nga admin\" rel=\"author\">admin<\/a><\/span><\/span><\/span><\/span><\/span><\/header><div class=\"entry-content\"  itemprop=\"text\" ><p>Mund\u00ebsi p\u00ebr t\u00eb punuar me ekipin #OpenDataAlbania Je nj\u00eb Djal\u00eb apo Vajze e re, #Gazetar, #Student, #Ekonomist, #Fiskalist, #Politikan i Ardhsh\u00ebm, #Analist, #Sociolog apo #K\u00ebrkues n\u00eb nj\u00eb Disiplin\u00eb t\u00eb caktuar \u2022 N\u00ebse ke d\u00ebshir\u00eb t\u00eb Publikosh nj\u00eb apo disa artikuj n\u00eb portalin\u00a0Open Data Albania \u2022 N\u00ebse planet p\u00ebr Karrier\u00ebn tuaj t\u00eb ardhshme lidhen me sa [&hellip;]<\/p>\n<div class=\"read-more-link\"><a href=\"https:\/\/ais.al\/new\/behu-pjese-e-opendata-fellowship-youth-network-2\/\" class=\"more-link\">Read more<span class=\"more-link-arrow\"><\/span><\/a><\/div>\n<\/div><footer class=\"entry-footer\"><\/footer><div class='post_delimiter'><\/div><\/div><div class='post_author_timeline'><\/div><span class='hidden'>\n\t\t\t<span class='av-structured-data'  itemprop=\"image\" itemscope=\"itemscope\" itemtype=\"https:\/\/schema.org\/ImageObject\"  itemprop='image'>\n\t\t\t\t\t   <span itemprop='url' >https:\/\/ais.al\/new\/wp-content\/uploads\/fotoja-e-grupit-me-duart-lart-1.jpg<\/span>\n\t\t\t\t\t   <span itemprop='height' >1946<\/span>\n\t\t\t\t\t   <span itemprop='width' >3994<\/span>\n\t\t\t\t  <\/span><span class='av-structured-data'  itemprop=\"publisher\" itemtype=\"https:\/\/schema.org\/Organization\" itemscope=\"itemscope\" >\n\t\t\t\t<span itemprop='name'>admin<\/span>\n\t\t\t\t<span itemprop='logo' itemscope itemtype='https:\/\/schema.org\/ImageObject'>\n\t\t\t\t   <span itemprop='url'>http:\/\/ais.al\/new\/wp-content\/uploads\/aislogo1.png<\/span>\n\t\t\t\t <\/span>\n\t\t\t  <\/span><span class='av-structured-data'  itemprop=\"author\" itemscope=\"itemscope\" itemtype=\"https:\/\/schema.org\/Person\" ><span itemprop='name'>admin<\/span><\/span><span class='av-structured-data'  itemprop=\"datePublished\" datetime=\"2022-02-15T17:03:36+01:00\" >2022-02-15 17:03:36<\/span><span class='av-structured-data'  itemprop=\"dateModified\" itemtype=\"https:\/\/schema.org\/dateModified\" >2022-11-25 12:10:32<\/span><span class='av-structured-data'  itemprop=\"mainEntityOfPage\" itemtype=\"https:\/\/schema.org\/mainEntityOfPage\" ><span itemprop='name'>B\u00ebhu Pjes\u00eb e #OpenData Fellowship Youth #Network<\/span><\/span><\/span><\/article><article class='post-entry post-entry-type-standard post-entry-231457 post-loop-3 post-parity-odd single-small with-slider post-231457 post type-post status-publish format-standard has-post-thumbnail hentry category-aktivitete category-kreupost category-njoftime-per-shtyp category-pozicione-pune'  itemscope=\"itemscope\" itemtype=\"https:\/\/schema.org\/BlogPosting\" ><div class='blog-meta'><a href='https:\/\/ais.al\/new\/kerkohet-nje-ekspert-lokal-permiresim-i-kapaciteteve-organizative-dhe-institucionale-2\/' class='small-preview' title='K\u00ebrkohet nj\u00eb Ekspert Lokal P\u00ebrmir\u00ebsim i Kapaciteteve Organizative dhe Institucionale'><img loading=\"lazy\" decoding=\"async\" width=\"80\" height=\"80\" src=\"https:\/\/ais.al\/new\/wp-content\/uploads\/2aislogo2-80x80.jpg\" class=\"attachment-thumbnail size-thumbnail wp-post-image\" alt=\"\" srcset=\"https:\/\/ais.al\/new\/wp-content\/uploads\/2aislogo2-80x80.jpg 80w, https:\/\/ais.al\/new\/wp-content\/uploads\/2aislogo2-36x36.jpg 36w, https:\/\/ais.al\/new\/wp-content\/uploads\/2aislogo2-180x180.jpg 180w, https:\/\/ais.al\/new\/wp-content\/uploads\/2aislogo2-120x120.jpg 120w, https:\/\/ais.al\/new\/wp-content\/uploads\/2aislogo2.jpg 300w\" sizes=\"auto, (max-width: 80px) 100vw, 80px\" \/><span class=\"iconfont\" aria-hidden='true' data-av_icon='\ue836' data-av_iconfont='entypo-fontello'><\/span><\/a><\/div><div class='entry-content-wrapper clearfix standard-content'><header class=\"entry-content-header\"><h2 class='post-title entry-title '  itemprop=\"headline\" >\t<a href='https:\/\/ais.al\/new\/kerkohet-nje-ekspert-lokal-permiresim-i-kapaciteteve-organizative-dhe-institucionale-2\/' rel='bookmark' title='Permanent Link: K\u00ebrkohet nj\u00eb Ekspert Lokal P\u00ebrmir\u00ebsim i Kapaciteteve Organizative dhe Institucionale'>K\u00ebrkohet nj\u00eb Ekspert Lokal P\u00ebrmir\u00ebsim i Kapaciteteve Organizative dhe Institucionale\t\t\t<span class='post-format-icon minor-meta'><\/span>\t<\/a><\/h2><span class='post-meta-infos'><time class='date-container minor-meta updated' >09\/02\/2022<\/time><span class='text-sep text-sep-date'>\/<\/span><span class=\"blog-categories minor-meta\">in <a href=\"https:\/\/ais.al\/new\/category\/aktivitete\/\" rel=\"tag\">Aktivitete<\/a>, <a href=\"https:\/\/ais.al\/new\/category\/kreupost\/\" rel=\"tag\">Kreupost<\/a>, <a href=\"https:\/\/ais.al\/new\/category\/njoftime-per-shtyp\/\" rel=\"tag\">Njoftime per shtyp<\/a>, <a href=\"https:\/\/ais.al\/new\/category\/pozicione-pune\/\" rel=\"tag\">Pozicione Pune<\/a> <\/span><span class=\"text-sep text-sep-cat\">\/<\/span><span class=\"blog-author minor-meta\">by <span class=\"entry-author-link\" ><span class=\"vcard author\"><span class=\"fn\"><a href=\"https:\/\/ais.al\/new\/author\/admin\/\" title=\"Postime nga admin\" rel=\"author\">admin<\/a><\/span><\/span><\/span><\/span><\/span><\/header><div class=\"entry-content\"  itemprop=\"text\" ><p>Dat\u00eb 09\/02\/2022 AIS, nj\u00eb organizat\u00eb jofitimprur\u00ebse e angazhuar n\u00eb Transparenc\u00eb, Llogaridh\u00ebnie dhe Mir\u00ebqeverisje \u00ebsht\u00eb duke k\u00ebrkuar nj\u00eb ekspert lokal p\u00ebr angazhim me koh\u00eb t\u00eb pjesshme dit\u00eb pune. Eksperti duhet t\u00eb asistoj\u00eb organizat\u00ebn n\u00eb hartimin e disa dokumenteve si rregullore dhe manual t\u00eb praktikave t\u00eb mira menaxheriale dhe financiare. Eksperti duhet t\u00eb vler\u00ebsoj\u00eb edhe nevojat p\u00ebr [&hellip;]<\/p>\n<div class=\"read-more-link\"><a href=\"https:\/\/ais.al\/new\/kerkohet-nje-ekspert-lokal-permiresim-i-kapaciteteve-organizative-dhe-institucionale-2\/\" class=\"more-link\">Read more<span class=\"more-link-arrow\"><\/span><\/a><\/div>\n<\/div><footer class=\"entry-footer\"><\/footer><div class='post_delimiter'><\/div><\/div><div class='post_author_timeline'><\/div><span class='hidden'>\n\t\t\t<span class='av-structured-data'  itemprop=\"image\" itemscope=\"itemscope\" itemtype=\"https:\/\/schema.org\/ImageObject\"  itemprop='image'>\n\t\t\t\t\t   <span itemprop='url' >https:\/\/ais.al\/new\/wp-content\/uploads\/2aislogo2.jpg<\/span>\n\t\t\t\t\t   <span itemprop='height' >300<\/span>\n\t\t\t\t\t   <span itemprop='width' >300<\/span>\n\t\t\t\t  <\/span><span class='av-structured-data'  itemprop=\"publisher\" itemtype=\"https:\/\/schema.org\/Organization\" itemscope=\"itemscope\" >\n\t\t\t\t<span itemprop='name'>admin<\/span>\n\t\t\t\t<span itemprop='logo' itemscope itemtype='https:\/\/schema.org\/ImageObject'>\n\t\t\t\t   <span itemprop='url'>http:\/\/ais.al\/new\/wp-content\/uploads\/aislogo1.png<\/span>\n\t\t\t\t <\/span>\n\t\t\t  <\/span><span class='av-structured-data'  itemprop=\"author\" itemscope=\"itemscope\" itemtype=\"https:\/\/schema.org\/Person\" ><span itemprop='name'>admin<\/span><\/span><span class='av-structured-data'  itemprop=\"datePublished\" datetime=\"2022-02-09T14:52:59+01:00\" >2022-02-09 14:52:59<\/span><span class='av-structured-data'  itemprop=\"dateModified\" itemtype=\"https:\/\/schema.org\/dateModified\" >2022-02-09 14:52:59<\/span><span class='av-structured-data'  itemprop=\"mainEntityOfPage\" itemtype=\"https:\/\/schema.org\/mainEntityOfPage\" ><span itemprop='name'>K\u00ebrkohet nj\u00eb Ekspert Lokal P\u00ebrmir\u00ebsim i Kapaciteteve Organizative dhe Institucionale<\/span><\/span><\/span><\/article><article class='post-entry post-entry-type-standard post-entry-231349 post-loop-4 post-parity-even single-small with-slider post-231349 post type-post status-publish format-standard has-post-thumbnail hentry category-aktivitete category-kreupost category-njoftime-per-shtyp category-pozicione-pune'  itemscope=\"itemscope\" itemtype=\"https:\/\/schema.org\/BlogPosting\" ><div class='blog-meta'><a href='https:\/\/ais.al\/new\/ais-po-kerkon-dy-analist-te-dhenash-me-kohe-te-plote-dhe-te-pjesshme-2\/' class='small-preview' title='AIS po k\u00ebrkon Dy Analist t\u00eb Dh\u00ebnash me koh\u00eb t\u00eb plot\u00eb dhe t\u00eb pjesshme'><img loading=\"lazy\" decoding=\"async\" width=\"80\" height=\"80\" src=\"https:\/\/ais.al\/new\/wp-content\/uploads\/2aislogo2-80x80.jpg\" class=\"attachment-thumbnail size-thumbnail wp-post-image\" alt=\"\" srcset=\"https:\/\/ais.al\/new\/wp-content\/uploads\/2aislogo2-80x80.jpg 80w, https:\/\/ais.al\/new\/wp-content\/uploads\/2aislogo2-36x36.jpg 36w, https:\/\/ais.al\/new\/wp-content\/uploads\/2aislogo2-180x180.jpg 180w, https:\/\/ais.al\/new\/wp-content\/uploads\/2aislogo2-120x120.jpg 120w, https:\/\/ais.al\/new\/wp-content\/uploads\/2aislogo2.jpg 300w\" sizes=\"auto, (max-width: 80px) 100vw, 80px\" \/><span class=\"iconfont\" aria-hidden='true' data-av_icon='\ue836' data-av_iconfont='entypo-fontello'><\/span><\/a><\/div><div class='entry-content-wrapper clearfix standard-content'><header class=\"entry-content-header\"><h2 class='post-title entry-title '  itemprop=\"headline\" >\t<a href='https:\/\/ais.al\/new\/ais-po-kerkon-dy-analist-te-dhenash-me-kohe-te-plote-dhe-te-pjesshme-2\/' rel='bookmark' title='Permanent Link: AIS po k\u00ebrkon Dy Analist t\u00eb Dh\u00ebnash me koh\u00eb t\u00eb plot\u00eb dhe t\u00eb pjesshme'>AIS po k\u00ebrkon Dy Analist t\u00eb Dh\u00ebnash me koh\u00eb t\u00eb plot\u00eb dhe t\u00eb pjesshme\t\t\t<span class='post-format-icon minor-meta'><\/span>\t<\/a><\/h2><span class='post-meta-infos'><time class='date-container minor-meta updated' >09\/02\/2022<\/time><span class='text-sep text-sep-date'>\/<\/span><span class=\"blog-categories minor-meta\">in <a href=\"https:\/\/ais.al\/new\/category\/aktivitete\/\" rel=\"tag\">Aktivitete<\/a>, <a href=\"https:\/\/ais.al\/new\/category\/kreupost\/\" rel=\"tag\">Kreupost<\/a>, <a href=\"https:\/\/ais.al\/new\/category\/njoftime-per-shtyp\/\" rel=\"tag\">Njoftime per shtyp<\/a>, <a href=\"https:\/\/ais.al\/new\/category\/pozicione-pune\/\" rel=\"tag\">Pozicione Pune<\/a> <\/span><span class=\"text-sep text-sep-cat\">\/<\/span><span class=\"blog-author minor-meta\">by <span class=\"entry-author-link\" ><span class=\"vcard author\"><span class=\"fn\"><a href=\"https:\/\/ais.al\/new\/author\/admin\/\" title=\"Postime nga admin\" rel=\"author\">admin<\/a><\/span><\/span><\/span><\/span><\/span><\/header><div class=\"entry-content\"  itemprop=\"text\" ><p>Pozicioni: Analist Open Data. Programi:\u00a0Open Data, Access and Transparency over sectors to Risk of Corrupsion. Varet nga: Drejtori i Projektit Paga: Totali p\u00ebr pag\u00eb neto plus t\u00eb detyrueshme pun\u00ebdh\u00ebn\u00ebs dhe pun\u00ebmarr\u00ebs, plus tatime mbi pag\u00ebn \u00ebsht\u00eb planifikuar 900 Euro n\u00eb muaj. Dat\u00eb Publikimi: Gusht 2022 Afati p\u00ebr Aplikim: Shtator 2022 Organizata AIS, nj\u00eb organizat\u00eb e [&hellip;]<\/p>\n<div class=\"read-more-link\"><a href=\"https:\/\/ais.al\/new\/ais-po-kerkon-dy-analist-te-dhenash-me-kohe-te-plote-dhe-te-pjesshme-2\/\" class=\"more-link\">Read more<span class=\"more-link-arrow\"><\/span><\/a><\/div>\n<\/div><footer class=\"entry-footer\"><\/footer><div class='post_delimiter'><\/div><\/div><div class='post_author_timeline'><\/div><span class='hidden'>\n\t\t\t<span class='av-structured-data'  itemprop=\"image\" itemscope=\"itemscope\" itemtype=\"https:\/\/schema.org\/ImageObject\"  itemprop='image'>\n\t\t\t\t\t   <span itemprop='url' >https:\/\/ais.al\/new\/wp-content\/uploads\/2aislogo2.jpg<\/span>\n\t\t\t\t\t   <span itemprop='height' >300<\/span>\n\t\t\t\t\t   <span itemprop='width' >300<\/span>\n\t\t\t\t  <\/span><span class='av-structured-data'  itemprop=\"publisher\" itemtype=\"https:\/\/schema.org\/Organization\" itemscope=\"itemscope\" >\n\t\t\t\t<span itemprop='name'>admin<\/span>\n\t\t\t\t<span itemprop='logo' itemscope itemtype='https:\/\/schema.org\/ImageObject'>\n\t\t\t\t   <span itemprop='url'>http:\/\/ais.al\/new\/wp-content\/uploads\/aislogo1.png<\/span>\n\t\t\t\t <\/span>\n\t\t\t  <\/span><span class='av-structured-data'  itemprop=\"author\" itemscope=\"itemscope\" itemtype=\"https:\/\/schema.org\/Person\" ><span itemprop='name'>admin<\/span><\/span><span class='av-structured-data'  itemprop=\"datePublished\" datetime=\"2022-02-09T12:57:59+01:00\" >2022-02-09 12:57:59<\/span><span class='av-structured-data'  itemprop=\"dateModified\" itemtype=\"https:\/\/schema.org\/dateModified\" >2022-08-25 11:11:14<\/span><span class='av-structured-data'  itemprop=\"mainEntityOfPage\" itemtype=\"https:\/\/schema.org\/mainEntityOfPage\" ><span itemprop='name'>AIS po k\u00ebrkon Dy Analist t\u00eb Dh\u00ebnash me koh\u00eb t\u00eb plot\u00eb dhe t\u00eb pjesshme<\/span><\/span><\/span><\/article><article class='post-entry post-entry-type-standard post-entry-163720 post-loop-5 post-parity-odd post-entry-last single-small with-slider post-163720 post type-post status-publish format-standard has-post-thumbnail hentry category-kreupost category-njoftime-per-shtyp category-pozicione-pune'  itemscope=\"itemscope\" itemtype=\"https:\/\/schema.org\/BlogPosting\" ><div class='blog-meta'><a href='https:\/\/ais.al\/new\/pozicion-pune-koordinator-network-me-kohe-te-pjesshme-afat-1-deri-3-vite\/' class='small-preview' title='Pozicion Pune Koordinator Network, me koh\u00eb t\u00eb pjesshme afat 1 deri 3 vite'><img loading=\"lazy\" decoding=\"async\" width=\"80\" height=\"80\" src=\"https:\/\/ais.al\/new\/wp-content\/uploads\/2aislogo2-80x80.jpg\" class=\"attachment-thumbnail size-thumbnail wp-post-image\" alt=\"\" srcset=\"https:\/\/ais.al\/new\/wp-content\/uploads\/2aislogo2-80x80.jpg 80w, https:\/\/ais.al\/new\/wp-content\/uploads\/2aislogo2-36x36.jpg 36w, https:\/\/ais.al\/new\/wp-content\/uploads\/2aislogo2-180x180.jpg 180w, https:\/\/ais.al\/new\/wp-content\/uploads\/2aislogo2-120x120.jpg 120w, https:\/\/ais.al\/new\/wp-content\/uploads\/2aislogo2.jpg 300w\" sizes=\"auto, (max-width: 80px) 100vw, 80px\" \/><span class=\"iconfont\" aria-hidden='true' data-av_icon='\ue836' data-av_iconfont='entypo-fontello'><\/span><\/a><\/div><div class='entry-content-wrapper clearfix standard-content'><header class=\"entry-content-header\"><h2 class='post-title entry-title '  itemprop=\"headline\" >\t<a href='https:\/\/ais.al\/new\/pozicion-pune-koordinator-network-me-kohe-te-pjesshme-afat-1-deri-3-vite\/' rel='bookmark' title='Permanent Link: Pozicion Pune Koordinator Network, me koh\u00eb t\u00eb pjesshme afat 1 deri 3 vite'>Pozicion Pune Koordinator Network, me koh\u00eb t\u00eb pjesshme afat 1 deri 3 vite\t\t\t<span class='post-format-icon minor-meta'><\/span>\t<\/a><\/h2><span class='post-meta-infos'><time class='date-container minor-meta updated' >17\/11\/2021<\/time><span class='text-sep text-sep-date'>\/<\/span><span class=\"blog-categories minor-meta\">in <a href=\"https:\/\/ais.al\/new\/category\/kreupost\/\" rel=\"tag\">Kreupost<\/a>, <a href=\"https:\/\/ais.al\/new\/category\/njoftime-per-shtyp\/\" rel=\"tag\">Njoftime per shtyp<\/a>, <a href=\"https:\/\/ais.al\/new\/category\/pozicione-pune\/\" rel=\"tag\">Pozicione Pune<\/a> <\/span><span class=\"text-sep text-sep-cat\">\/<\/span><span class=\"blog-author minor-meta\">by <span class=\"entry-author-link\" ><span class=\"vcard author\"><span class=\"fn\"><a href=\"https:\/\/ais.al\/new\/author\/admin\/\" title=\"Postime nga admin\" rel=\"author\">admin<\/a><\/span><\/span><\/span><\/span><\/span><\/header><div class=\"entry-content\"  itemprop=\"text\" ><p>Organizata AIS \u00ebsht\u00eb duke k\u00ebrkuar nj\u00eb Individ p\u00ebr pozicionin Koordinator Network-u me koh\u00eb t\u00eb pjesshme pune. Individi Kandidat p\u00ebr k\u00ebt\u00eb Pozicion duhet t\u00eb koordinoj\u00eb aktivitetin e nj\u00eb Networkut Rinor me q\u00ebllim fuqizimin e t\u00eb rinjve n\u00eb p\u00ebrdorimin e OpenData dhe BigData n\u00eb Artikulimin Publik OpenData Fellowship Youth Network. Ky network do t\u00eb funksionoj\u00eb si nj\u00eb [&hellip;]<\/p>\n<div class=\"read-more-link\"><a href=\"https:\/\/ais.al\/new\/pozicion-pune-koordinator-network-me-kohe-te-pjesshme-afat-1-deri-3-vite\/\" class=\"more-link\">Read more<span class=\"more-link-arrow\"><\/span><\/a><\/div>\n<\/div><footer class=\"entry-footer\"><\/footer><div class='post_delimiter'><\/div><\/div><div class='post_author_timeline'><\/div><span class='hidden'>\n\t\t\t<span class='av-structured-data'  itemprop=\"image\" itemscope=\"itemscope\" itemtype=\"https:\/\/schema.org\/ImageObject\"  itemprop='image'>\n\t\t\t\t\t   <span itemprop='url' >https:\/\/ais.al\/new\/wp-content\/uploads\/2aislogo2.jpg<\/span>\n\t\t\t\t\t   <span itemprop='height' >300<\/span>\n\t\t\t\t\t   <span itemprop='width' >300<\/span>\n\t\t\t\t  <\/span><span class='av-structured-data'  itemprop=\"publisher\" itemtype=\"https:\/\/schema.org\/Organization\" itemscope=\"itemscope\" >\n\t\t\t\t<span itemprop='name'>admin<\/span>\n\t\t\t\t<span itemprop='logo' itemscope itemtype='https:\/\/schema.org\/ImageObject'>\n\t\t\t\t   <span itemprop='url'>http:\/\/ais.al\/new\/wp-content\/uploads\/aislogo1.png<\/span>\n\t\t\t\t <\/span>\n\t\t\t  <\/span><span class='av-structured-data'  itemprop=\"author\" itemscope=\"itemscope\" itemtype=\"https:\/\/schema.org\/Person\" ><span itemprop='name'>admin<\/span><\/span><span class='av-structured-data'  itemprop=\"datePublished\" datetime=\"2021-11-17T14:55:01+01:00\" >2021-11-17 14:55:01<\/span><span class='av-structured-data'  itemprop=\"dateModified\" itemtype=\"https:\/\/schema.org\/dateModified\" >2021-11-18 09:07:59<\/span><span class='av-structured-data'  itemprop=\"mainEntityOfPage\" itemtype=\"https:\/\/schema.org\/mainEntityOfPage\" ><span itemprop='name'>Pozicion Pune Koordinator Network, me koh\u00eb t\u00eb pjesshme afat 1 deri 3 vite<\/span><\/span><\/span><\/article><div class='single-small'><nav class='pagination'><span class='pagination-meta'>Page 1 of 3<\/span><span class='current'>1<\/span><a href='https:\/\/ais.al\/new\/wp-json\/wp\/v2\/pages\/10887\/page\/2\/' class='inactive next_page' >2<\/a><a href='https:\/\/ais.al\/new\/wp-json\/wp\/v2\/pages\/10887\/page\/3\/' class='inactive' >3<\/a><\/nav>\n<\/div><\/div>\n","protected":false},"excerpt":{"rendered":"","protected":false},"author":1,"featured_media":0,"parent":0,"menu_order":0,"comment_status":"closed","ping_status":"closed","template":"","meta":{"_bbp_topic_count":0,"_bbp_reply_count":0,"_bbp_total_topic_count":0,"_bbp_total_reply_count":0,"_bbp_voice_count":0,"_bbp_anonymous_reply_count":0,"_bbp_topic_count_hidden":0,"_bbp_reply_count_hidden":0,"_bbp_forum_subforum_count":0,"footnotes":""},"class_list":["post-10887","page","type-page","status-publish","hentry"],"_links":{"self":[{"href":"https:\/\/ais.al\/new\/wp-json\/wp\/v2\/pages\/10887","targetHints":{"allow":["GET"]}}],"collection":[{"href":"https:\/\/ais.al\/new\/wp-json\/wp\/v2\/pages"}],"about":[{"href":"https:\/\/ais.al\/new\/wp-json\/wp\/v2\/types\/page"}],"author":[{"embeddable":true,"href":"https:\/\/ais.al\/new\/wp-json\/wp\/v2\/users\/1"}],"replies":[{"embeddable":true,"href":"https:\/\/ais.al\/new\/wp-json\/wp\/v2\/comments?post=10887"}],"version-history":[{"count":17,"href":"https:\/\/ais.al\/new\/wp-json\/wp\/v2\/pages\/10887\/revisions"}],"predecessor-version":[{"id":559489,"href":"https:\/\/ais.al\/new\/wp-json\/wp\/v2\/pages\/10887\/revisions\/559489"}],"wp:attachment":[{"href":"https:\/\/ais.al\/new\/wp-json\/wp\/v2\/media?parent=10887"}],"curies":[{"name":"wp","href":"https:\/\/api.w.org\/{rel}","templated":true}]}}