{"id":1108,"date":"2014-06-12T09:50:43","date_gmt":"2014-06-12T09:50:43","guid":{"rendered":"http:\/\/ais.al\/new\/?page_id=1108"},"modified":"2022-06-27T13:52:42","modified_gmt":"2022-06-27T12:52:42","slug":"partners","status":"publish","type":"page","link":"https:\/\/ais.al\/new\/partners\/","title":{"rendered":"<!--:sq-->Partneret<!--:-->"},"content":{"rendered":"<div class=\"flex_column av_one_full  flex_column_div first  avia-builder-el-0  el_before_av_hr  avia-builder-el-first  \" ><p><div style='padding-bottom:10px; color:#000000;' class='av-special-heading av-special-heading-h3 custom-color-heading   avia-builder-el-1  el_before_av_textblock  avia-builder-el-first  '><h3 class='av-special-heading-tag '  itemprop=\"headline\"  >Partneritete lokale, rajonale dhe nd\u00ebrkomb\u00ebtare<\/h3><div class='special-heading-border'><div class='special-heading-inner-border' style='border-color:#000000'><\/div><\/div><\/div><br \/>\n<section class=\"av_textblock_section \"  itemscope=\"itemscope\" itemtype=\"https:\/\/schema.org\/CreativeWork\" ><div class='avia_textblock  '   itemprop=\"text\" ><p style=\"text-align: justify;\"><a href=\"http:\/\/ais.al\/new\/\">Instituti Shqiptar i Shkenc\u00ebs (ISHSH)<\/a> \u00ebshte pjes\u00eb e partneriteteve t\u00eb ndryshme t\u00eb fushave t\u00eb ngjashme apo edhe m\u00eb gj\u00ebr\u00eb. Ne besojm\u00eb se partner\u00ebt tan\u00eb jan\u00eb nj\u00eb faktor i r\u00ebnd\u00ebsish\u00ebm p\u00ebr gjenerimin e ndryshimeve t\u00eb q\u00ebndrueshmeme ndikim socio-ekonomik n\u00eb nivel rajonal, komb\u00ebtar dhe nd\u00ebrkomb\u00ebtar. P\u00ebrve\u00e7 k\u00ebsaj, ISHSH bashk\u00ebpunon me partner\u00ebt e tij duke marr\u00eb dhe ofruar ekspertiz\u00eb dhe burime p\u00ebr t\u00eb promovuar objektivat e p\u00ebrbashk\u00ebta t\u00eb zhvillimit.<\/p>\n<p style=\"text-align: justify;\">ISHSH mb\u00ebshtetet n\u00eb partneritete t\u00eb ndryshme p\u00ebr t\u00eb ndjekur q\u00ebllimet dhe t\u00eb zbatoj\u00eb projektet e tij. Partner\u00ebt tan\u00eb i kan\u00eb mir\u00ebpritur dhe promovuar projektet e institutit, n\u00eb mes tjerash, Open Data Albania, i cili q\u00ebndron n\u00eb t\u00eb nj\u00ebjt\u00ebn kontekst me Open Government Data t\u00eb qeveris\u00eb apo organeve t\u00eb qeverisjes. Partner\u00ebt kryesore renditen si m\u00eb posht\u00eb:<\/p>\n<\/div><\/section><\/p><\/div>\n<div  class='hr hr-default   avia-builder-el-3  el_after_av_one_full  el_before_av_textblock '><span class='hr-inner ' ><span class='hr-inner-style'><\/span><\/span><\/div>\n<section class=\"av_textblock_section \"  itemscope=\"itemscope\" itemtype=\"https:\/\/schema.org\/CreativeWork\" ><div class='avia_textblock  '   itemprop=\"text\" ><p><strong><img loading=\"lazy\" decoding=\"async\" class=\"alignleft\" src=\"http:\/\/ais.al\/new\/wp-content\/uploads\/2-1-1140x739-res.jpg\" width=\"233\" height=\"233\" \/><span style=\"color: #808000;\">AIS n\u00eb partneritet me Institucionin e Inspektorit t\u00eb Lart\u00eb t\u00eb Drejt\u00ebsis\u00eb<\/span><\/strong><\/p>\n<p style=\"text-align: justify;\">Llogaridh\u00ebnie dhe Akses n\u00eb Sistemin e Drejt\u00ebsis\u00eb. Kjo \u00ebsht\u00eb nj\u00eb ngaobjektivat e pun\u00ebs s\u00eb organizat\u00ebs ton\u00eb AIS, e konkretizuar edhe me nj\u00eb nga modelet m\u00eb t\u00eb mira t\u00eb transparenc\u00ebs dhe kontrollit t\u00eb integritetit p\u00ebr funksionar t\u00eb lart\u00eb publik, pjes\u00eb e Sistemit t\u00eb Drejt\u00ebsis\u00eb si\u00e7 \u00ebsht\u00eb <span style=\"color: #0000ff;\"><a style=\"color: #0000ff;\" href=\"https:\/\/aksesdrejtesi.al\/\">Regjistri i Magjistrat\u00ebve<\/a><\/span>.\u00a0 Organizata AIS \u00ebsht\u00eb nj\u00eb nga gjasht\u00eb organizatat shqiptare t\u00eb shoq\u00ebris\u00eb civile pjes\u00eb e Partneritetit me Institucionin e Inspektoratit t\u00eb Lart\u00eb i Drejt\u00ebsis\u00eb. Partneriteti \u00ebsht\u00eb zyrtarizuar me marr\u00ebveshje bashk\u00ebpunimi <a href=\"http:\/\/ais.al\/new\/ais-pjese-e-marreveshjes-me-inspektorin-e-larte-te-drejtesise-nenshkruhet-marreveshja-e-bashkepunimit\/\"><span style=\"color: #0000ff;\">n\u00ebnshkruar<\/span> <\/a>n\u00eb maj 2022 me zotin Artur Metani Inspektor i Lart\u00eb i Drejt\u00ebsis\u00eb. Marr\u00ebveshjen e bashk\u00ebpunimit nd\u00ebrmjet Inspektorit t\u00eb Lart\u00eb t\u00eb Drejt\u00ebsis\u00eb dhe Organizatave t\u00eb Shoq\u00ebris\u00eb Civile e gjeni:\u00a0<a href=\"http:\/\/ais.al\/new\/wp-content\/uploads\/MARREVESHJE-BASHKEPUNIMI-NDERMJET-ILD-DHE-OSHC.pdf\"><span style=\"color: #0000ff;\">K\u00cbTU<\/span><\/a><\/p>\n<\/div><\/section>\n<div  class='hr hr-default   avia-builder-el-5  el_after_av_textblock  el_before_av_textblock '><span class='hr-inner ' ><span class='hr-inner-style'><\/span><\/span><\/div>\n<section class=\"av_textblock_section \"  itemscope=\"itemscope\" itemtype=\"https:\/\/schema.org\/CreativeWork\" ><div class='avia_textblock  '   itemprop=\"text\" ><p><strong><a href=\"http:\/\/ais.al\/new\/wp-content\/uploads\/logo-1.jpeg\"><img loading=\"lazy\" decoding=\"async\" class=\"wp-image-334729 alignleft\" src=\"http:\/\/ais.al\/new\/wp-content\/uploads\/logo-1.jpeg\" alt=\"\" width=\"207\" height=\"207\" \/><\/a><span style=\"color: #808000;\">Kat\u00ebr Organizata Shqiptare Partnere p\u00ebr Procesin e Asocimit t\u00eb<\/span><\/strong><span style=\"color: #808000;\"> <strong>Shqip\u00ebris\u00eb n\u00eb EU<\/strong><\/span><\/p>\n<p style=\"text-align: justify;\">Organizata AIS \u00ebsht\u00eb pjes\u00eb e partneritetit t\u00eb kat\u00ebr Organizatave Shqiptar me Objektiv kryesor: P\u00ebrmir\u00ebsimin e Debatit mbi Politikat dhe Llogaridh\u00ebnien p\u00ebr t\u00eb P\u00ebrmbushur t\u00eb Drejtat Bazike, n\u00ebp\u00ebrmjet krijimit t\u00eb Platform\u00ebs s\u00eb Negociatave t\u00eb Cluster 1.<\/p>\n<p>Organizatat Partnere jan\u00eb:<\/p>\n<ul>\n<li>Albanian Helsinki Committee (<a href=\"https:\/\/ahc.org.al\"><span style=\"color: #0000ff;\">AHC<\/span><\/a>)<\/li>\n<li>Albanian Institute for Political Studies (<span style=\"color: #0000ff;\"><a style=\"color: #0000ff;\" href=\"https:\/\/isp.com.al\">ISP<\/a><\/span>)<\/li>\n<li>Center for the Study of Democracy and Governance (<span style=\"color: #0000ff;\"><a style=\"color: #0000ff;\" href=\"http:\/\/csdgalbania.org\">CSDG<\/a><\/span>)<\/li>\n<li>Albanian Institute of Sciences (<span style=\"color: #0000ff;\"><a style=\"color: #0000ff;\" href=\"http:\/\/ais.al\/new\/\">AIS<\/a><\/span>)<\/li>\n<\/ul>\n<p>Objektiva Specifik t\u00eb Partneritetit:<\/p>\n<ul>\n<li>Mb\u00ebshtetje p\u00ebr Institucionet Publike<\/li>\n<li>Forcim i Llogaridh\u00ebnies dhe P\u00ebrgjegjshm\u00ebris\u00eb<\/li>\n<li>Rritje e Njohurive dhe P\u00ebrfshirjes<\/li>\n<li>Forcon Rolin dhe Dukshm\u00ebrin\u00eb e P\u00ebrgjithshme<\/li>\n<\/ul>\n<p>Aktivitete dhe Rezultate t\u00eb Partneritetit jan\u00eb t\u00eb afishuara n\u00eb Plaftorm\u00ebn e Negociatave t\u00eb <span style=\"color: #0000ff;\"><a style=\"color: #0000ff;\" href=\"http:\/\/cluster1albania.com\/sq\/about-us\/\">Cluster-1<\/a><\/span> dhe ne <span style=\"color: #0000ff;\"><a style=\"color: #0000ff;\" href=\"http:\/\/ais.al\/new\/publications\/#top\">publikime<\/a> <\/span>t\u00eb Organizatave Partnere .<\/p>\n<p>Ky Partneritet mb\u00ebshtet aktualisht nga Ambasada e Mbret\u00ebris\u00eb s\u00eb Holand\u00ebs n\u00eb Tiran\u00eb.<\/p>\n<\/div><\/section>\n<div  class='hr hr-default   avia-builder-el-7  el_after_av_textblock  el_before_av_textblock '><span class='hr-inner ' ><span class='hr-inner-style'><\/span><\/span><\/div>\n<section class=\"av_textblock_section \"  itemscope=\"itemscope\" itemtype=\"https:\/\/schema.org\/CreativeWork\" ><div class='avia_textblock  '   itemprop=\"text\" ><p><strong><img loading=\"lazy\" decoding=\"async\" class=\"alignleft\" src=\"https:\/\/www.avokatipopullit.gov.al\/media\/manager\/website\/articles\/Logo%20Avokati%20Popullit1.jpg\" alt=\"Avokati i Popullit\" width=\"256\" height=\"160\" \/><span style=\"color: #808000;\">Partner me AIS, Avokati i Popullit<\/span><\/strong><\/p>\n<p style=\"text-align: justify;\">Instituti Shqiptar i Shkencave \/ Open Data Albania ka Partneritet me Institucionin Kushtetues Avokati i Popullit <span style=\"color: #0000ff;\"><a style=\"color: #0000ff;\" href=\"https:\/\/www.avokatipopullit.gov.al\/en\/\">LINK<\/a><\/span>. Partneriteti \u00ebsht\u00eb vendosur p\u00ebrmes n\u00ebnshkrimit t\u00eb Marr\u00ebveshjes s\u00eb Bashk\u00ebpunimit me titull Marr\u00ebveshje e Bashk\u00ebpunimit P\u00ebr Institucionalizimin e Marr\u00ebdh\u00ebnieve nd\u00ebrmjet Institucionit t\u00eb Avokatit t\u00eb Popullit dhe Institutit Shqiptar t\u00eb Shkencave. Kjo marr\u00ebveshje \u00ebsht\u00eb n\u00ebnshkruar n\u00eb dat\u00ebn 20 Mars 2017 dhe\u00a0 \u00ebsht\u00eb Protokolluar me nr 122. (Shiko marr\u00ebveshjen <span style=\"color: #0000ff;\"><a style=\"color: #0000ff;\" href=\"http:\/\/ais.al\/new\/wp-content\/uploads\/Marreveshje-bashkepunimi-Avokati-i-Popullit-dhe-AIS.pdf\">LINK<\/a><\/span>). Pal\u00ebt jan\u00eb angazhuar t\u00eb bashk\u00ebpunojn\u00eb n\u00eb aktivitete p\u00ebr garantim t\u00eb pun\u00ebs n\u00eb misione t\u00eb p\u00ebrbashk\u00ebta v\u00ebzhguese n\u00eb Institucione Publike; n\u00eb zhvillimin e politikave dhe monitorimeve n\u00eb favor t\u00eb transapenc\u00ebs, pjes\u00ebmarrjes qytetare, antikorrupsionit, luft\u00ebs p\u00ebr eliminimin dhe diskriminimin p\u00ebr shkak t\u00eb mosh\u00ebs, statusit, gjinis\u00eb, fes\u00eb. Marr\u00ebveshja ka fokus bashk\u00ebpunime dhe mb\u00ebshtetje reciproke me q\u00ebllim avancimin e t\u00eb drejtave t\u00eb qytetar\u00ebve n\u00eb Shqip\u00ebri. p\u00ebrfshir\u00eb nd\u00ebr t\u00eb tjera edhe avancimin e barazis\u00eb gjinore dhe pjes\u00ebmarrjen e grave n\u00eb vendimmarrje, t\u00eb minoriteteve, t\u00eb grupeve me nevoja t\u00eb ve\u00e7anta dhe t\u00eb t\u00eb drejtave t\u00eb njeriut n\u00eb p\u00ebrgjith\u00ebsi. Marr\u00ebveshja \u00ebsht\u00eb n\u00eb fuqi p\u00ebr periudh\u00eb kohore t\u00eb pap\u00ebrcaktuar.<\/p>\n<\/div><\/section>\n<div  class='hr hr-default   avia-builder-el-9  el_after_av_textblock  el_before_av_textblock '><span class='hr-inner ' ><span class='hr-inner-style'><\/span><\/span><\/div>\n<section class=\"av_textblock_section \"  itemscope=\"itemscope\" itemtype=\"https:\/\/schema.org\/CreativeWork\" ><div class='avia_textblock  '   itemprop=\"text\" ><p style=\"text-align: justify;\"><img decoding=\"async\" class=\"alignleft\" src=\"https:\/\/ais.al\/new\/wp-content\/uploads\/klsh.jpg\" \/><\/p>\n<p style=\"text-align: justify;\"><span style=\"color: #808000;\">Partner me AIS, Kontrolli i Lart\u00eb i Shtetit<\/span><\/p>\n<p style=\"text-align: justify;\">Instituti Shqiptar i Shkencave \/ Open Data Albania \u00ebsht\u00eb Partner me Institutcionin Kushtetues Kontrolli i Lart\u00eb i Shtetit. Partneriteti \u00ebsht\u00eb vendosur p\u00ebrmes n\u00ebnshkrimit t\u00eb Marr\u00ebveshjes s\u00eb Bashk\u00ebpunimit me titull Partneritet p\u00ebr Rritje t\u00eb Transparenc\u00ebs dhe Luft\u00ebn kund\u00ebr Korrupsionit. (<a href=\"http:\/\/ais.al\/new\/wp-content\/uploads\/Marreveshje-bashkepunimi-per-rritjen-e-transparences-dhe-luftes-kunder-korrupsionit-KLSH-dhe-AIS-1.pdf\"><span style=\"color: #0000ff;\">Shiko marr\u00ebveshjen<\/span><\/a>) Pal\u00ebt jan\u00eb angazhuar t\u00eb bashk\u00ebpunojn\u00eb n\u00eb aktivitete dhe ekspertiza t\u00eb p\u00ebrbashk\u00ebta. Marr\u00ebveshja \u00ebsht\u00eb n\u00ebnshkruar n\u00eb nj\u00eb ceremoni n\u00eb Institucionin e Kontrollit t\u00eb Lart\u00eb t\u00eb Shtetit n\u00eb dat\u00ebn 19 maj 2014. P\u00ebr Kontrollin e Lart\u00eb t\u00eb Shtetit n\u00ebnshkroi kryetari i Institucionit zoti Bujar LESKAJ, p\u00ebr Institutin Shqiptar t\u00eb Shkencave AIS, drejtorja ekzekutive zonja Aranita BRAHAJ. Dy Partner\u00ebt kan\u00eb bashk\u00ebpunuar intensivisht p\u00ebr Enabling Albanians to RedFlag questionable Health Sector Purchases and Contrates (Shiko m\u00eb shum\u00eb <span style=\"color: #0000ff;\"><a style=\"color: #0000ff;\" href=\"https:\/\/2017-2020.usaid.gov\/albania\/news-information\/news\/enabling-albanians-red-flag-questionable-health-sector-purchases-and\">LINK<\/a><\/span>). Kjo n\u00eb kuad\u00ebr t\u00eb zbatimit t\u00eb Projektit Transparency in Health Engagement, projekt i mb\u00ebshtetur nga USAID Albania e ku AIS u kontraktua si Partner Lokal. <span style=\"color: #0000ff;\"><a style=\"color: #0000ff;\" href=\"https:\/\/openprocurement.al\/sq\/redflag\/index\">RedFlag 1<\/a><\/span> Indeks Public Procurement Albania, \u00ebsht\u00eb nj\u00eb nga instrumentet m\u00eb t\u00eb mira t\u00eb vler\u00ebsimit t\u00eb riskut p\u00ebr parregullsi n\u00eb Prokurime Publike, Instrument i Krijuar nga AIS dhe q\u00eb aplikohet n\u00eb koh\u00eb reale prej vitit 2015. Ky vler\u00ebsim risku p\u00ebrmes algoritmit RedFlag dhe rezultatet e tij krijojn\u00eb indicie p\u00ebr Planin Vjetor t\u00eb Auditimeve t\u00eb Institucionit Kontrolli i Lart\u00eb i Shtetit.<\/p>\n<p>M\u00eb shum\u00eb: <span style=\"color: #0000ff;\"><a style=\"color: #0000ff;\" href=\"https:\/\/ais.al\/new\/klsh-dhe-instituti-shqiptar-i-shkencave-nenshkruajne-marreveshje-bashkepunimi\/\">K\u00cbTU<\/a><\/span><\/p>\n<\/div><\/section>\n<div  class='hr hr-default   avia-builder-el-11  el_after_av_textblock  el_before_av_textblock '><span class='hr-inner ' ><span class='hr-inner-style'><\/span><\/span><\/div>\n<section class=\"av_textblock_section \"  itemscope=\"itemscope\" itemtype=\"https:\/\/schema.org\/CreativeWork\" ><div class='avia_textblock  '   itemprop=\"text\" ><p style=\"text-align: justify;\"><img loading=\"lazy\" decoding=\"async\" class=\"wp-image-2463 alignleft\" src=\"http:\/\/ais.al\/new\/wp-content\/uploads\/btapheader-300x76.jpg\" alt=\"btapheader\" width=\"288\" height=\"73\" srcset=\"https:\/\/ais.al\/new\/wp-content\/uploads\/btapheader-300x76.jpg 300w, https:\/\/ais.al\/new\/wp-content\/uploads\/btapheader-450x115.jpg 450w, https:\/\/ais.al\/new\/wp-content\/uploads\/btapheader.jpg 700w\" sizes=\"auto, (max-width: 288px) 100vw, 288px\" \/><\/p>\n<p style=\"text-align: justify;\"><span style=\"color: #808000;\">Global Movement for Budget Transparency, Accountability and Participation.<\/span><\/p>\n<p style=\"text-align: justify;\">L\u00ebvizja globale p\u00ebr Transparenc\u00eb, P\u00ebrgjegjshm\u00ebri dhe Pjes\u00ebmarrje n\u00eb Buxhet\/ Budget Transparency, Accountability and Participation (<a href=\"www.globaltap.org\">BTAP<\/a>) \u00ebsht\u00eb nj\u00eb iniciativ\u00eb e e vler\u00ebsueshme q\u00eb mbledh s\u00ebbashku aktivist\u00eb, mbi 100 grupe t\u00eb shoq\u00ebris\u00eb civile dhe organizata nd\u00ebrkomb\u00ebtare q\u00eb punojn\u00eb n\u00eb fush\u00ebn e financave publike dhe raportim buxheti nga pes\u00ebdhjet\u00eb vende t\u00eb bot\u00ebs. L\u00ebvizja e <a href=\"www.globaltap.org\">BTAP<\/a>-s\u00eb \u00a0nisi n\u00eb Tanzani n\u00eb vitin 2011 me miratimin e Deklarat\u00ebs p\u00ebr Transparenc\u00eb, P\u00ebrgjegjshm\u00ebri dhe Pjes\u00ebmarrje n\u00eb Buxhet, motivuar nga parimi se ndryshimet reale n\u00eb komunitet vijn\u00eb me pjes\u00ebmarrjen e qytetar\u00ebve dhe organizatave n\u00eb vendimet lidhur me buxhetin. Ky rrjet fokusohet n\u00eb krijimin e nj\u00eb l\u00ebvizje t\u00eb integruar nd\u00ebrmjet partner\u00ebve p\u00ebr t\u00eb punuar n\u00eb nivele t\u00eb ndryshme (rajonale, komb\u00ebtare dhe nd\u00ebrkomb\u00ebtare) p\u00ebr t\u00eb p\u00ebrmir\u00ebsuar m\u00ebnyr\u00ebn se si operojn\u00eb qeverit\u00eb dhe adresuar \u00e7\u00ebshtje t\u00eb r\u00ebnd\u00ebsishme. Instituti Shqiptar i Shkencave \u00ebsht\u00eb tani pjes\u00eb e k\u00ebsaj iniciative dhe do t\u00eb kontribuoj\u00eb edhe n\u00eb Fushat\u00ebn e ardhshme mbi t\u00eb <em>Drejt\u00ebn e Pjes\u00ebmarrjes n\u00eb \u00c7\u00ebshtjet Buxhetore<\/em>. Q\u00ebllimi i k\u00ebsaj t\u00eb fundit \u00ebsht\u00eb orientimi i agjend\u00ebss\u00eb Zhvillimit Globaldrejt pjes\u00ebmarrjess\u00eb publikut n\u00eb buxhetim. Nd\u00ebr t\u00eb tjera, kjo fushat\u00eb synon t\u00eb p\u00ebrmir\u00ebsoj\u00eb standardete procesevep\u00ebr pjes\u00ebmarrje publike nd\u00ebrkomb\u00ebtare dhe rritjen e veprimeve politikep\u00ebr t\u00eb favorizuarpjes\u00ebmarrjen e publikut n\u00eb vendime\u00a0 dhe procese ky\u00e7 t\u00eb buxhetit. ISHSH merr pjes\u00eb n\u00eb k\u00ebt\u00eb fushat\u00eb me ekspert\u00eb n\u00eb organizimin e aktiviteteve lokale.<\/p>\n<\/div><\/section>\n<div  class='hr hr-default   avia-builder-el-13  el_after_av_textblock  el_before_av_textblock '><span class='hr-inner ' ><span class='hr-inner-style'><\/span><\/span><\/div>\n<section class=\"av_textblock_section \"  itemscope=\"itemscope\" itemtype=\"https:\/\/schema.org\/CreativeWork\" ><div class='avia_textblock  '   itemprop=\"text\" ><p><strong><img loading=\"lazy\" decoding=\"async\" class=\" wp-image-2464 alignleft\" src=\"http:\/\/ais.al\/new\/wp-content\/uploads\/ePSI-300x102.jpg\" alt=\"ePSI\" width=\"267\" height=\"91\" srcset=\"https:\/\/ais.al\/new\/wp-content\/uploads\/ePSI-300x102.jpg 300w, https:\/\/ais.al\/new\/wp-content\/uploads\/ePSI.jpg 385w\" sizes=\"auto, (max-width: 267px) 100vw, 267px\" \/><\/strong><\/p>\n<p style=\"text-align: justify;\"><span style=\"color: #808000;\"><a style=\"color: #808000;\" href=\"http:\/\/www.epsiplatform.eu\/\">ePSI Europe\u2019s One-Stop Shop on Public Sector Information Re-Use<\/a><\/span><\/p>\n<p style=\"text-align: justify;\">One-Stop Shop on Public Sector Information (PSI) \u00ebsht\u00eb nj\u00eb mjet q\u00eb p\u00ebrfshin publikun n\u00eb vler\u00ebsimin e shkall\u00ebs s\u00eb hapjes s\u00eb t\u00eb dh\u00ebnave n\u00eb kuad\u00ebr t\u00eb Bashkimit Evropian (BE). Gjithsesi, kjo iniciativ\u00eb nuk ka p\u00ebr q\u00ebllim monitorimin e politikave qeveritare, por promovimin e informacionit n\u00eb sektorin publik dhe t\u00eb dh\u00ebnave t\u00eb hapura n\u00eb t\u00eb gjith\u00eb BE-n\u00eb. Duke kombinuar informacione t\u00eb burimeve dhe llojeve t\u00eb ndryshme, kjo nism\u00eb prodhon t\u00eb dh\u00ebna, lajme, raste, shembuj dhe praktika n\u00eb sektorin publik (p.sh. sh\u00ebndet\u00ebsi, transport, shkenc\u00eb, mjedis etj). ISHSH \u00ebsht\u00eb tashm\u00eb an\u00ebtarim\u00eb i ri i k\u00ebtij rrjeti duke siguruar t\u00eb dh\u00ebnat ekonomike dhe ligjore t\u00eb mbledhura nga organet e ndryshme publike. Gjithashtu, grupi i ekspert\u00ebve q\u00eb punojn\u00eb pran\u00eb ISHSH promovon p\u00ebrdormin e informacionit publikn\u00eb samite,konference dhe evente t\u00eb ndryshme t\u00eb k\u00ebtij rrjeti.<\/p>\n<\/div><\/section>\n<div  class='hr hr-default   avia-builder-el-15  el_after_av_textblock  el_before_av_textblock '><span class='hr-inner ' ><span class='hr-inner-style'><\/span><\/span><\/div>\n<section class=\"av_textblock_section \"  itemscope=\"itemscope\" itemtype=\"https:\/\/schema.org\/CreativeWork\" ><div class='avia_textblock  '   itemprop=\"text\" ><p style=\"text-align: justify;\"><strong><img loading=\"lazy\" decoding=\"async\" class=\"size-full wp-image-2465 alignleft\" src=\"http:\/\/ais.al\/new\/wp-content\/uploads\/Albanian-Open-Gov.png\" alt=\"Albanian Open Gov\" width=\"225\" height=\"225\" srcset=\"https:\/\/ais.al\/new\/wp-content\/uploads\/Albanian-Open-Gov.png 225w, https:\/\/ais.al\/new\/wp-content\/uploads\/Albanian-Open-Gov-80x80.png 80w, https:\/\/ais.al\/new\/wp-content\/uploads\/Albanian-Open-Gov-36x36.png 36w, https:\/\/ais.al\/new\/wp-content\/uploads\/Albanian-Open-Gov-180x180.png 180w, https:\/\/ais.al\/new\/wp-content\/uploads\/Albanian-Open-Gov-120x120.png 120w\" sizes=\"auto, (max-width: 225px) 100vw, 225px\" \/><span style=\"color: #808000;\"><a style=\"color: #808000;\" href=\"http:\/\/www.opengovpartnership.org\/country\/albania\">The Albanian Coalition for Open Government Partnership<\/a><\/span><\/strong><\/p>\n<p style=\"text-align: justify;\">Koalicioni p\u00ebrb\u00ebhet nga disa organizatave vendore t\u00eb angazhuara n\u00eb kontributin e tyre n\u00eb procesin e Partneritetit n\u00eb kuad\u00ebr t\u00eb Open Government Partnership (OGP) n\u00eb Shqip\u00ebri. Deri m\u00eb tani, koalicioni ka organizuar me shum\u00eb sukses konsultimet me Qeverin\u00eb Shqiptare p\u00ebr Planin e Veprimit t\u00eb OGP 2014-2015. Gjithashtu, ai \u00ebsht\u00eb angazhuar n\u00eb nxitjen e nismave t\u00eb OGP dhe monitorimin e pun\u00ebs s\u00eb qeveris\u00eb n\u00eb p\u00ebrmbushjen e objektivave t\u00eb saj duke v\u00ebn\u00eb theksin kryesisht n\u00eb procesin e financimit dhe shpenzimeve t\u00eb institucioneve publike p\u00ebrmes informacionit, p\u00ebrgjegjshm\u00ebris\u00eb, transparenc\u00ebs dhe p\u00ebrdorimitt\u00eb teknologjis\u00eb. AIS, si pjes\u00eb e OGP, ka arritur t\u00eb kapitalizoj\u00eb OGP n\u00eb Shqip\u00ebri duke kontribuar p\u00ebrmes platformave t\u00eb ndryshme me q\u00ebllim rritjen e transparenc\u00ebs.<\/p>\n<\/div><\/section>\n<div  class='hr hr-default   avia-builder-el-17  el_after_av_textblock  el_before_av_textblock '><span class='hr-inner ' ><span class='hr-inner-style'><\/span><\/span><\/div>\n<section class=\"av_textblock_section \"  itemscope=\"itemscope\" itemtype=\"https:\/\/schema.org\/CreativeWork\" ><div class='avia_textblock  '   itemprop=\"text\" ><p><strong><img loading=\"lazy\" decoding=\"async\" class=\"size-medium wp-image-2466 alignleft\" src=\"http:\/\/ais.al\/new\/wp-content\/uploads\/logo_telecentreeurope_800wd-300x159.jpg\" alt=\"logo_telecentreeurope_800wd\" width=\"300\" height=\"159\" srcset=\"https:\/\/ais.al\/new\/wp-content\/uploads\/logo_telecentreeurope_800wd-300x159.jpg 300w, https:\/\/ais.al\/new\/wp-content\/uploads\/logo_telecentreeurope_800wd-710x375.jpg 710w, https:\/\/ais.al\/new\/wp-content\/uploads\/logo_telecentreeurope_800wd-705x374.jpg 705w, https:\/\/ais.al\/new\/wp-content\/uploads\/logo_telecentreeurope_800wd.jpg 800w, https:\/\/ais.al\/new\/wp-content\/uploads\/logo_telecentreeurope_800wd-450x239.jpg 450w\" sizes=\"auto, (max-width: 300px) 100vw, 300px\" \/><\/strong><\/p>\n<p><span style=\"color: #808000;\"><a style=\"color: #808000;\" href=\"http:\/\/www.telecentre-europe.org\/\">Telecentre Europe<\/a><\/span><\/p>\n<p style=\"text-align: justify;\">Telecentre Europe \u00ebsht\u00eb nj\u00eb organizat\u00eb jo-qeveritare evropiane e themeluar n\u00eb 2010 e cila nxit t\u00eb m\u00ebsuarit me an\u00eb t\u00eb ICT\/TIK, arsimimin e t\u00eb rinjve, promovimin e bibliotekave ku njer\u00ebzit mund t\u00eb ken\u00eb qasje n\u00eb internet dhe programe q\u00eb i vin\u00eb n\u00eb ndihm\u00eb individ\u00ebve me an\u00eb t\u00eb ICT. Misioni i k\u00ebtij rrjeti \u00ebsht\u00eb t\u00eb mb\u00ebshtes\u00eb pjes\u00ebmarrjen dhe trajnimin e nj\u00eb numri t\u00eb madh qytetar\u00ebsh evropian\u00eb n\u00eb p\u00ebrdorimin dhe trajnimin n\u00ebp\u00ebrmjet internetit, duke shk\u00ebmbuyer njohuri, duke orientuar njer\u00ebzit drejt mund\u00ebsive dhe nd\u00ebrtimit t\u00eb kapaciteteve. Telecentre Europa ka zgjeruar partneritetin e saj duke shk\u00ebmbyer me organizata t\u00eb ndryshme jo vet\u00ebm brenda Evrop\u00ebs, por n\u00eb mbar\u00eb bot\u00ebn. N\u00eb vitin 2012 fushata dhe evente e Telecentre Europe jan\u00eb mb\u00ebshtetur drejtp\u00ebrdrejt nga Komisioni Evropian. Instituti Shqiptar i Shkencave \u00ebsht\u00eb an\u00ebtari m\u00eb i ri i Telecentre Europe. Projekte t\u00eb ndryshme t\u00eb tilla si e-UROPa dhe Get Online Week, ku AIS \u00ebsht\u00eb an\u00ebtare, jan\u00eb t\u00eb koordinuara nga Telecentre Europe t\u00eb cilat kan\u00eb p\u00ebr q\u00ebllim pjes\u00ebmarrjen e qytetar\u00ebve n\u00eb procesin e krijimit t\u00eb politikave.<\/p>\n<\/div><\/section>\n<div  class='hr hr-default   avia-builder-el-19  el_after_av_textblock  el_before_av_textblock '><span class='hr-inner ' ><span class='hr-inner-style'><\/span><\/span><\/div>\n<section class=\"av_textblock_section \"  itemscope=\"itemscope\" itemtype=\"https:\/\/schema.org\/CreativeWork\" ><div class='avia_textblock  '   itemprop=\"text\" ><p><img loading=\"lazy\" decoding=\"async\" class=\" size-medium wp-image-3306 alignleft\" src=\"http:\/\/ais.al\/new\/wp-content\/uploads\/Foto-prezatimi-te-lajmit1-300x300.jpg\" alt=\"Foto-prezatimi-te-lajmit\" width=\"300\" height=\"300\" srcset=\"https:\/\/ais.al\/new\/wp-content\/uploads\/Foto-prezatimi-te-lajmit1.jpg 300w, https:\/\/ais.al\/new\/wp-content\/uploads\/Foto-prezatimi-te-lajmit1-80x80.jpg 80w, https:\/\/ais.al\/new\/wp-content\/uploads\/Foto-prezatimi-te-lajmit1-36x36.jpg 36w, https:\/\/ais.al\/new\/wp-content\/uploads\/Foto-prezatimi-te-lajmit1-180x180.jpg 180w, https:\/\/ais.al\/new\/wp-content\/uploads\/Foto-prezatimi-te-lajmit1-120x120.jpg 120w\" sizes=\"auto, (max-width: 300px) 100vw, 300px\" \/><\/p>\n<p><span style=\"color: #808000;\"><strong><a style=\"color: #808000;\" href=\"http:\/\/ais.al\/new\/dhoma-zgjedhore-2015\/\">Dhoma Zgjedhore &#8211; Iniciativ\u00eb e Shoq\u00ebris\u00eb Civile<\/a><\/strong><\/span><\/p>\n<p>Dhoma Zgjedhore \u00ebsht\u00eb nj\u00eb iniciativ\u00eb t\u00ebr\u00ebsisht shqiptare e projektuar si nj\u00eb platform\u00eb p\u00ebr shk\u00ebmbimin e informacionit nd\u00ebrmjet t\u00eb gjith\u00eb aktor\u00ebve q\u00eb punojn\u00eb p\u00ebr zgjedhjet, p\u00ebr t\u00eb zhvilluar bashk\u00ebpunimin dhe reagimin e shpejt\u00eb ndaj krizave t\u00eb lidhura me procesin zgjedhor.<\/p>\n<p>Kjo nism\u00eb e organizatave me p\u00ebrvoj\u00eb n\u00eb monitorimin e zgjedhjeve mb\u00ebshtetet nga Fondacioni \u201cSoros\u201d, me q\u00ebllim perftimin e nj\u00eb vler\u00ebsimi serioz dhe t\u00eb besuesh\u00ebm t\u00eb faktorit shqiptar mbi cil\u00ebsin\u00eb e pro\u00e7eseve zgjedhore.<\/p>\n<p>Pjes\u00eb e k\u00ebsaj inciciative \u00ebsht\u00eb edhe Instituti Shqiptar i Shkenc\u00ebs, q\u00eb do jap\u00eb kontibut n\u00eb kuad\u00ebr t\u00eb projektit Za\u2019lart 2015 nj\u00eb portal \u201conline\u201d, q\u00eb u ofron qytetar\u00ebve mund\u00ebsin\u00eb p\u00ebr t\u00eb kontribuar n\u00eb zgjedhje t\u00eb ndershme dhe t\u00eb lira n\u00eb vend.<\/p>\n<\/div><\/section>\n","protected":false},"excerpt":{"rendered":"","protected":false},"author":1,"featured_media":0,"parent":0,"menu_order":0,"comment_status":"closed","ping_status":"closed","template":"","meta":{"_bbp_topic_count":0,"_bbp_reply_count":0,"_bbp_total_topic_count":0,"_bbp_total_reply_count":0,"_bbp_voice_count":0,"_bbp_anonymous_reply_count":0,"_bbp_topic_count_hidden":0,"_bbp_reply_count_hidden":0,"_bbp_forum_subforum_count":0,"footnotes":""},"class_list":["post-1108","page","type-page","status-publish","hentry"],"_links":{"self":[{"href":"https:\/\/ais.al\/new\/wp-json\/wp\/v2\/pages\/1108","targetHints":{"allow":["GET"]}}],"collection":[{"href":"https:\/\/ais.al\/new\/wp-json\/wp\/v2\/pages"}],"about":[{"href":"https:\/\/ais.al\/new\/wp-json\/wp\/v2\/types\/page"}],"author":[{"embeddable":true,"href":"https:\/\/ais.al\/new\/wp-json\/wp\/v2\/users\/1"}],"replies":[{"embeddable":true,"href":"https:\/\/ais.al\/new\/wp-json\/wp\/v2\/comments?post=1108"}],"version-history":[{"count":38,"href":"https:\/\/ais.al\/new\/wp-json\/wp\/v2\/pages\/1108\/revisions"}],"predecessor-version":[{"id":1217,"href":"https:\/\/ais.al\/new\/wp-json\/wp\/v2\/pages\/1108\/revisions\/1217"}],"wp:attachment":[{"href":"https:\/\/ais.al\/new\/wp-json\/wp\/v2\/media?parent=1108"}],"curies":[{"name":"wp","href":"https:\/\/api.w.org\/{rel}","templated":true}]}}