{"id":18330,"date":"2019-12-02T15:17:57","date_gmt":"2019-12-02T13:17:57","guid":{"rendered":"http:\/\/ais.al\/new\/?page_id=18330"},"modified":"2020-11-05T15:26:47","modified_gmt":"2020-11-05T13:26:47","slug":"rregullore-e-brendshme-2019","status":"publish","type":"page","link":"https:\/\/ais.al\/new\/rregullore-e-brendshme-2019\/","title":{"rendered":"Rregullore e Brendshme 2019"},"content":{"rendered":"<div class=\"flex_column av_one_full  flex_column_div av-zero-column-padding first  avia-builder-el-0  avia-builder-el-no-sibling  \" style='border-radius:0px; '><p><div style='padding-bottom:10px; font-size:23px;' class='av-special-heading av-special-heading-h3  blockquote modern-quote modern-centered  avia-builder-el-1  el_before_av_heading  avia-builder-el-first   av-inherit-size '><h3 class='av-special-heading-tag '  itemprop=\"headline\"  >RREGULLORE<\/h3><div class='special-heading-border'><div class='special-heading-inner-border' ><\/div><\/div><\/div><br \/>\n<div style='padding-bottom:10px; font-size:20px;' class='av-special-heading av-special-heading-h4  blockquote classic-quote  avia-builder-el-2  el_after_av_heading  el_before_av_textblock   av-inherit-size '><h4 class='av-special-heading-tag '  itemprop=\"headline\"  >Data 2 Dhjetor 2019<\/h4><div class='special-heading-border'><div class='special-heading-inner-border' ><\/div><\/div><\/div><br \/>\n<section class=\"av_textblock_section \"  itemscope=\"itemscope\" itemtype=\"https:\/\/schema.org\/CreativeWork\" ><div class='avia_textblock  '   itemprop=\"text\" ><p style=\"text-align: justify;\">Albanian Institute of Science (akronim AIS), organizat\u00eb jofitimprur\u00ebse, regjistruar sipas Legjislacionit n\u00eb Republik\u00ebn e Shqip\u00ebris\u00eb, themeluar n\u00eb Dat\u00ebn 28. 03. 2011 me Vendim t\u00eb Gjykat\u00ebs s\u00eb Distriktit t\u00eb Tiran\u00ebs Nr. 3048, me Num\u00ebr Identifikimi NIPT L11529451L me adres\u00eb: Asim Vokshi Pallati 13\/25 Kati 3, Tiran\u00eb Albania, P\u00ebrfaq\u00ebsuar nga Drejtori Ekzekutiv Aranita BRAHAJ.<\/p>\n<p style=\"text-align: justify;\">Organziata respekton Legjislacionin Komba\u00ebtar dhe praktik\u00ebn e rregullave t\u00eb mira. P\u00ebr t\u00eb siguruar eficens\u00eb ekonomike\u00a0 AIS konsideron rregullat si m\u00eb posht\u00eb. Cdo parashikimi k\u00ebsaj rregullore q\u00eb Bie n\u00eb kund\u00ebrshtim me Ligjin \u00ebsht\u00eb i pavlefsh\u00ebm.<\/p>\n<\/div><\/section><br \/>\n<section class=\"av_textblock_section \"  itemscope=\"itemscope\" itemtype=\"https:\/\/schema.org\/CreativeWork\" ><div class='avia_textblock  '   itemprop=\"text\" ><\/div><\/section><br \/>\n<div style='padding-bottom:10px; font-size:20px;' class='av-special-heading av-special-heading-h4  blockquote modern-quote modern-centered  avia-builder-el-5  el_after_av_textblock  el_before_av_textblock   av-inherit-size '><h4 class='av-special-heading-tag '  itemprop=\"headline\"  >Rregulla mbi Pagesa Paradh\u00ebnie p\u00ebr Udh\u00ebtime Stafi, kosto p\u00ebr transport, akomodim, per diem, siguracion n\u00eb udh\u00ebtim dhe shpenzime t\u00eb paparashikuara<\/h4><div class='special-heading-border'><div class='special-heading-inner-border' ><\/div><\/div><\/div><br \/>\n<section class=\"av_textblock_section \"  itemscope=\"itemscope\" itemtype=\"https:\/\/schema.org\/CreativeWork\" ><div class='avia_textblock  '   itemprop=\"text\" ><p>P\u00ebr \u00e7do udh\u00ebtim p\u00ebr q\u00ebllime pune jasht\u00eb qytetit apo jasht\u00eb shtetit organizata mban dokumentacion dhe data si m\u00eb posht\u00eb:<\/p>\n<ol>\n<li>Urdh\u00ebr Sh\u00ebrbim i Brendsh\u00ebm<\/li>\n<li>Data dhe Destinacion i sakt\u00eb i Udh\u00ebtimit<\/li>\n<li>Aktiviteti apo Arsyeja p\u00ebr Pjes\u00ebmarrje<\/li>\n<li>Emri dhe Pozicioni i Individit q\u00eb Udh\u00ebton<\/li>\n<li>Preventiv Shpenzimesh<\/li>\n<li>P\u00ebrcaktim se cili Buxhet Projekt mbulon shpenzimet e udh\u00ebtimit.<\/li>\n<\/ol>\n<p>Travel advanced aplikohen p\u00ebr udh\u00ebtime jasht\u00eb qytetit apo vendit p\u00ebr t\u00eb cilat parashikohet kthim pas orarit zyrtar\u00eb t\u00eb pun\u00ebs. Kostot e Udh\u00ebtimit duhet t\u00eb p\u00ebrligjin Q\u00ebllimin dhe Dobishm\u00ebrin\u00eb e tij. N\u00eb \u00e7do rast ato p\u00ebrllogariten sakt\u00eb n\u00eb nj\u00eb Urdh\u00ebr t\u00eb Brendsh\u00ebm t\u00eb Drejtorit Ekzekutiv ose Sekretarit t\u00eb P\u00ebrgjithsh\u00ebm. Paradh\u00ebniet b\u00ebhen p\u00ebrmes llogaris\u00eb bankare. Zakonisht shuma e per diem dhe m\u00ebnyra si llogariten kostot e rimbursueshme t\u00eb nj\u00eb udh\u00ebtime jan\u00eb t\u00eb parashikuara dhe miratuara n\u00eb buxhetin e \u00e7do Projekti (donatori) dhe planifikuar sipas referenc\u00ebs s\u00eb kostove t\u00eb donatorit t\u00eb projektit.<\/p>\n<p>P\u00ebr \u00e7do rast Staffit n\u00eb udh\u00ebtim i k\u00ebrkohet t\u00eb v\u00ebrtetoj\u00eb fakte mbi shpenzimin dhe kostot e transportit sikurse jan\u00eb bileta t\u00eb tansport publik, fatura t\u00eb kostos, fatura t\u00eb karburantit dhe taksave p\u00ebr p\u00ebrdorimin e rrug\u00ebs.<\/p>\n<p>Perdiem I stafit nuk \u00ebsht\u00eb pages\u00eb q\u00eb i n\u00ebnshtrohet tatimit n\u00eb burim prej 15%.<\/p>\n<p>Kosto p\u00ebr akomodim mbulohen vet\u00ebm n\u00eb rast se kthimi nga udh\u00ebtimi p\u00ebr arsye pune \u00ebsht\u00eb i pamundur Brenda orarit zyrtar t\u00eb pun\u00ebs.<\/p>\n<p>Urdh\u00ebr sh\u00ebrbimi mund t\u00eb lejoj\u00eb edhe paradh\u00ebnie p\u00ebr kosto t\u00eb paparashikueshme p\u00ebr n\u00eb \u00e7do rast kjo do t\u00eb v\u00ebrtetohet me dokument detajuar dhe v\u00ebrtetime financiare.<\/p>\n<p>N\u00eb p\u00ebrfundim t\u00eb udh\u00ebtimit stafi duhet t\u00eb dor\u00ebzoj\u00eb edhe nj\u00eb memo mbi ecurin\u00eb dhe rezultatet e udh\u00ebtimit p\u00ebr q\u00ebllime pune.<\/p>\n<p>N\u00eb fund pagesa e b\u00ebr\u00eb paradh\u00ebnie mund t\u00eb mbahet nga paga n\u00ebse nuk jan\u00eb sjell\u00eb dokumenta q\u00eb justifikojn\u00eb shpenzimet.<\/p>\n<p>Oranizata duhet t\u00eb garantoj\u00eb udh\u00ebtim n\u00eb kushte normale dhe jo diskriminuese.<\/p>\n<p>Tarifa Per diem ditor dhe limiti p\u00ebr akomodim \u00ebsht\u00eb e parashikuar n\u00eb buxhetin e projektit. N\u00eb rast t\u00eb kund\u00ebr tarifat vendosen duke ju referuar nj\u00eb tabele referencash q\u00eb aplikohet n\u00eb projekte analoge t\u00eb organizat\u00ebs.<\/p>\n<p>Urdh\u00ebr sh\u00ebrbimi n\u00eb \u00e7do rast duhet t\u00eb n\u00ebnshkruhet edhe nga Personi Staf q\u00eb Udh\u00ebton.<\/p>\n<\/div><\/section><\/p><\/div>\n","protected":false},"excerpt":{"rendered":"","protected":false},"author":1,"featured_media":0,"parent":0,"menu_order":0,"comment_status":"closed","ping_status":"closed","template":"","meta":{"_bbp_topic_count":0,"_bbp_reply_count":0,"_bbp_total_topic_count":0,"_bbp_total_reply_count":0,"_bbp_voice_count":0,"_bbp_anonymous_reply_count":0,"_bbp_topic_count_hidden":0,"_bbp_reply_count_hidden":0,"_bbp_forum_subforum_count":0,"footnotes":""},"class_list":["post-18330","page","type-page","status-publish","hentry"],"_links":{"self":[{"href":"https:\/\/ais.al\/new\/wp-json\/wp\/v2\/pages\/18330","targetHints":{"allow":["GET"]}}],"collection":[{"href":"https:\/\/ais.al\/new\/wp-json\/wp\/v2\/pages"}],"about":[{"href":"https:\/\/ais.al\/new\/wp-json\/wp\/v2\/types\/page"}],"author":[{"embeddable":true,"href":"https:\/\/ais.al\/new\/wp-json\/wp\/v2\/users\/1"}],"replies":[{"embeddable":true,"href":"https:\/\/ais.al\/new\/wp-json\/wp\/v2\/comments?post=18330"}],"version-history":[{"count":2,"href":"https:\/\/ais.al\/new\/wp-json\/wp\/v2\/pages\/18330\/revisions"}],"predecessor-version":[{"id":571373,"href":"https:\/\/ais.al\/new\/wp-json\/wp\/v2\/pages\/18330\/revisions\/571373"}],"wp:attachment":[{"href":"https:\/\/ais.al\/new\/wp-json\/wp\/v2\/media?parent=18330"}],"curies":[{"name":"wp","href":"https:\/\/api.w.org\/{rel}","templated":true}]}}