{"id":2750,"date":"2015-04-17T14:12:25","date_gmt":"2015-04-17T14:12:25","guid":{"rendered":"http:\/\/ais.al\/new\/?page_id=2750"},"modified":"2017-01-25T18:56:43","modified_gmt":"2017-01-25T18:56:43","slug":"money-government-politics","status":"publish","type":"page","link":"https:\/\/ais.al\/new\/money-government-politics\/","title":{"rendered":"<!--:sq-->Money Government &#038; Politics<!--:-->"},"content":{"rendered":"<p><!--:sq--><section class=\"av_textblock_section \"  itemscope=\"itemscope\" itemtype=\"https:\/\/schema.org\/CreativeWork\" ><div class='avia_textblock  '   itemprop=\"text\" ><p style=\"text-align: justify;\">Projekti <a href=\"http:\/\/www.spending.data.al\/sq\/moneypower\/list\"><strong> <span style=\"color: #808000;\"> Money, Government and Politcs<\/span> <\/strong>\u00a0<\/a> dhe aktivitetet e tij adresojn\u00eb tek publiku \u00e7\u00ebshtje t\u00eb abuzimit; korrupsionit apo konfliktit t\u00eb interesit n\u00eb kontestin e qeverisjes dhe politik\u00ebs n\u00eb Shqip\u00ebri. Programi hap t\u00eb dh\u00ebna p\u00ebr pasurin\u00eb e funksionar\u00ebve t\u00eb lart\u00eb shtet\u00ebrore; pagesa t\u00eb institucioneve buxhetore; shpenzime t\u00eb subjekteve elektorale dhe kompanive kon\u00e7ensionare. Krahasimi dhe analiza e t\u00eb dh\u00ebnave rrit transparenc\u00ebn dhe presionin publik n\u00eb raste t\u00eb favorizimit n\u00eb fonde dhe asete publike.<\/p>\n<p style=\"text-align: justify;\">Projekti Money, Government and Politcs ka si objektiv zgjerimin e platform\u00ebs<span style=\"color: #808000;\"><a style=\"color: #808000;\" href=\"http:\/\/www.open.data.al\/\"> Open Data<\/a>\u00a0<a style=\"color: #808000;\" href=\"http:\/\/www.open.data.al\/\">Albania<\/a><\/span> dhe <span style=\"color: #808000;\"><a style=\"color: #808000;\" href=\"http:\/\/www.spending.data.al\/\">Spending Data Albania<\/a><\/span> me t\u00eb dh\u00ebna t\u00eb reja q\u00eb fuqizoj\u00eb publikun shqiptar me informacion dhe aft\u00ebsi m\u00eb t\u00eb mira p\u00ebr vendimmarrje.<\/p>\n<p><strong>Koh\u00ebzgjatja e projektit:<\/strong> 1 n\u00ebntor 2014 \u2013 31 dhjetor 2016. Donator: <span style=\"color: #808000;\"><a style=\"color: #808000;\" href=\"http:\/\/albania.nlembassy.org\/\" target=\"_blank\">Netherlands Embassy in Tirana<\/a><\/span>, <span style=\"color: #808000;\"><a style=\"color: #808000;\" href=\"http:\/\/www.ned.org\/\">NED<\/a><a style=\"color: #808000;\" href=\"http:\/\/www.usaid.gov\/albania\" target=\"_blank\">, <\/a><a style=\"color: #808000;\" href=\"http:\/\/www.assistimpact.org\/\" target=\"_blank\">Assist Impact<\/a> <\/span>n\u00ebp\u00ebrmjet <a href=\"https:\/\/www.usaid.gov\/albania\"><span style=\"color: #808000;\">USAID\/Shqiperi<\/span><\/a><\/p>\n<\/div><\/section><\/p>\n<div style='padding-bottom:10px; ' class='av-special-heading av-special-heading-h3    avia-builder-el-1  el_after_av_textblock  el_before_av_codeblock   '><h3 class='av-special-heading-tag '  itemprop=\"headline\"  >Money, Government <span class='special_amp'>&amp;<\/span> Politics ne Media<\/h3><div class='special-heading-border'><div class='special-heading-inner-border' ><\/div><\/div><\/div>\n<p><!--:--><\/p>\n","protected":false},"excerpt":{"rendered":"","protected":false},"author":1,"featured_media":5629,"parent":0,"menu_order":0,"comment_status":"closed","ping_status":"closed","template":"","meta":{"_bbp_topic_count":0,"_bbp_reply_count":0,"_bbp_total_topic_count":0,"_bbp_total_reply_count":0,"_bbp_voice_count":0,"_bbp_anonymous_reply_count":0,"_bbp_topic_count_hidden":0,"_bbp_reply_count_hidden":0,"_bbp_forum_subforum_count":0,"footnotes":""},"class_list":["post-2750","page","type-page","status-publish","has-post-thumbnail","hentry"],"_links":{"self":[{"href":"https:\/\/ais.al\/new\/wp-json\/wp\/v2\/pages\/2750","targetHints":{"allow":["GET"]}}],"collection":[{"href":"https:\/\/ais.al\/new\/wp-json\/wp\/v2\/pages"}],"about":[{"href":"https:\/\/ais.al\/new\/wp-json\/wp\/v2\/types\/page"}],"author":[{"embeddable":true,"href":"https:\/\/ais.al\/new\/wp-json\/wp\/v2\/users\/1"}],"replies":[{"embeddable":true,"href":"https:\/\/ais.al\/new\/wp-json\/wp\/v2\/comments?post=2750"}],"version-history":[{"count":146,"href":"https:\/\/ais.al\/new\/wp-json\/wp\/v2\/pages\/2750\/revisions"}],"predecessor-version":[{"id":2756,"href":"https:\/\/ais.al\/new\/wp-json\/wp\/v2\/pages\/2750\/revisions\/2756"}],"wp:featuredmedia":[{"embeddable":true,"href":"https:\/\/ais.al\/new\/wp-json\/wp\/v2\/media\/5629"}],"wp:attachment":[{"href":"https:\/\/ais.al\/new\/wp-json\/wp\/v2\/media?parent=2750"}],"curies":[{"name":"wp","href":"https:\/\/api.w.org\/{rel}","templated":true}]}}