{"id":2778,"date":"2015-04-20T09:46:11","date_gmt":"2015-04-20T09:46:11","guid":{"rendered":"http:\/\/ais.al\/new\/?page_id=2778"},"modified":"2015-08-04T10:23:58","modified_gmt":"2015-08-04T10:23:58","slug":"ftese-per-interes-gazetare-per-raportimin-zgjedhor","status":"publish","type":"page","link":"https:\/\/ais.al\/new\/ftese-per-interes-gazetare-per-raportimin-zgjedhor\/","title":{"rendered":"<!--:sq-->Ftese per Interes, Gazetare, per raportimin zgjedhor<!--:-->"},"content":{"rendered":"<p><!--:sq--><div class=\"flex_column av_one_fifth  flex_column_div first  avia-builder-el-0  el_before_av_three_fifth  avia-builder-el-first  \" ><\/div><\/p>\n<div class=\"flex_column av_three_fifth  flex_column_div   avia-builder-el-1  el_after_av_one_fifth  el_before_av_one_fifth  \" ><section class=\"av_textblock_section \"  itemscope=\"itemscope\" itemtype=\"https:\/\/schema.org\/CreativeWork\" ><div class='avia_textblock  '   itemprop=\"text\" ><h4 style=\"text-align: justify;\"><span style=\"color: #000000;\">Njoftim: Trajnim me P\u00ebrfaq\u00ebsues t\u00eb Medias <\/span><\/h4>\n<h4 style=\"text-align: justify;\"><span style=\"color: #000000;\">E drejta e Informimit mbi Financimin e Subjekteve Zgjedhore<\/span><\/h4>\n<p style=\"text-align: justify;\">T\u00eb nderuar Gazetar,<\/p>\n<p style=\"text-align: justify;\">Organizata jon\u00eb <span style=\"color: #000000;\"><strong><a style=\"color: #000000;\" href=\"http:\/\/ais.al\/new\/\" target=\"_blank\">AIS<\/a><\/strong><\/span>, promotore e <span style=\"color: #000000;\"><strong><a style=\"color: #000000;\" href=\"http:\/\/open.data.al\/sq\/\" target=\"_blank\">Open Data Albania<\/a><\/strong><\/span>, me d\u00ebshir\u00ebn p\u00ebr partneritet shoq\u00ebri civil- media, do t\u00eb realizoj\u00eb nj\u00eb trajnim me tem\u00eb <em>E drejta e Informimit mbi Financimin e Subjekteve Zgjedhore. <\/em>Ky aktivitet do t\u00eb zhvillohet n\u00eb kuad\u00ebr t\u00eb projektit <em>Money, Government and Politics<\/em>, projekt p\u00ebr informim, transparenc\u00eb dhe pjes\u00ebmarrje qytetare.<\/p>\n<p style=\"text-align: justify;\"><em>E drejta e Informimit mbi Financimin e Subjekteve Zgjedhore, <\/em>\u00ebsht\u00eb parashikuar n\u00eb Kushtetut\u00eb. P\u00ebrmbushja e k\u00ebsaj t\u00eb drejte lidhet ngusht\u00ebsisht me k\u00ebrkimin e saj. Gazetar\u00eb dhe aktivist\u00eb civil kan\u00eb nj\u00eb rol t\u00eb r\u00ebnd\u00ebsish\u00ebm n\u00eb pro\u00e7esin e Transparenc\u00ebs mbi Financimin Zgjedhor. Ky trajnim ka si synim t\u00eb aft\u00ebsoj\u00eb p\u00ebrfaq\u00ebsues t\u00eb medias, duke rritur kultur\u00ebn juridike dhe njohurit\u00eb mbi k\u00ebt\u00eb tem\u00eb. P\u00ebr k\u00ebt\u00eb arsye ftojm\u00eb <em>gazetar\u00eb t\u00eb spikatur n\u00eb raportimin gjat\u00eb pro\u00e7eseve zgjedhore<\/em>, dhe <em>gazetar\u00eb investigativ\u00eb<\/em>, t\u00eb regjistrohen, duke shprehur interes p\u00ebr tu trajnuar. Afati i regjistrimit: brenda dat\u00ebs 4 Maj. Kandidat\u00ebt e p\u00ebrzgjedhur do t\u00eb njoftohen p\u00ebr pjes\u00ebmarrje.<\/p>\n<p style=\"text-align: justify;\">Trajnues do t\u00eb jen\u00eb ekspert n\u00eb t\u00eb Drejt\u00eb Informimi dhe Financim Zgjedhor. Trajnimi \u00ebsht\u00eb nj\u00eb-ditor dhe do t\u00eb mbahet n\u00eb Tiran\u00eb, n\u00eb dat\u00ebn 9 maj 2015. Aktiviteti mb\u00ebshtetet nga <span style=\"color: #000000;\"><strong><a style=\"color: #000000;\" href=\"http:\/\/www.usaid.gov\/albania\" target=\"_blank\">USAID \/ Shqip\u00ebri<\/a><\/strong><\/span> n\u00ebp\u00ebrmjet <span style=\"color: #000000;\"><strong><a style=\"color: #000000;\" href=\"http:\/\/www.assistimpact.org\/\" target=\"_blank\">Assist Impact<\/a><\/strong><\/span>.<\/p>\n<p style=\"text-align: center;\">Ju lutem b\u00ebni Regjistrimin Tuaj sipas k\u00ebtij <strong><span style=\"color: #000000;\"><a style=\"color: #000000;\" href=\"https:\/\/docs.google.com\/forms\/d\/1qWd3L_jn3fU7iA23oci_yXxdTiP65WESwWTRJbYQ8fM\/viewform?c=0&amp;w=1\" target=\"_blank\">Formulari<\/a><\/span><\/strong>:<\/p>\n<p style=\"text-align: center;\"><a href=\"https:\/\/docs.google.com\/forms\/d\/1qWd3L_jn3fU7iA23oci_yXxdTiP65WESwWTRJbYQ8fM\/viewform?c=0&amp;w=1\"><img loading=\"lazy\" decoding=\"async\" class=\"aligncenter size-full wp-image-2792\" src=\"http:\/\/ais.al\/new\/wp-content\/uploads\/register_icon1.png\" alt=\"register_icon\" width=\"244\" height=\"224\" \/><\/a><\/p>\n<p>P\u00ebr \u00e7do detaj kontaktoni me <strong><span style=\"color: #000000;\"><a style=\"color: #000000;\" href=\"mailto:blerta.tuci@ais.al\">Blerta Tuci<\/a><\/span><\/strong>, projekt koordinator pran\u00eb AIS.<\/p>\n<p>Ju faleminderit<\/p>\n<p>Aranita BRAHAJ<\/p>\n<p>Drejtore Ekzekutive<\/p>\n<\/div><\/section><\/div><div class=\"flex_column av_one_fifth  flex_column_div   avia-builder-el-3  el_after_av_three_fifth  avia-builder-el-last  \" ><\/div><!--:--><\/p>\n","protected":false},"excerpt":{"rendered":"","protected":false},"author":1,"featured_media":0,"parent":0,"menu_order":0,"comment_status":"closed","ping_status":"closed","template":"","meta":{"_bbp_topic_count":0,"_bbp_reply_count":0,"_bbp_total_topic_count":0,"_bbp_total_reply_count":0,"_bbp_voice_count":0,"_bbp_anonymous_reply_count":0,"_bbp_topic_count_hidden":0,"_bbp_reply_count_hidden":0,"_bbp_forum_subforum_count":0,"footnotes":""},"class_list":["post-2778","page","type-page","status-publish","hentry"],"_links":{"self":[{"href":"https:\/\/ais.al\/new\/wp-json\/wp\/v2\/pages\/2778","targetHints":{"allow":["GET"]}}],"collection":[{"href":"https:\/\/ais.al\/new\/wp-json\/wp\/v2\/pages"}],"about":[{"href":"https:\/\/ais.al\/new\/wp-json\/wp\/v2\/types\/page"}],"author":[{"embeddable":true,"href":"https:\/\/ais.al\/new\/wp-json\/wp\/v2\/users\/1"}],"replies":[{"embeddable":true,"href":"https:\/\/ais.al\/new\/wp-json\/wp\/v2\/comments?post=2778"}],"version-history":[{"count":35,"href":"https:\/\/ais.al\/new\/wp-json\/wp\/v2\/pages\/2778\/revisions"}],"predecessor-version":[{"id":3941,"href":"https:\/\/ais.al\/new\/wp-json\/wp\/v2\/pages\/2778\/revisions\/3941"}],"wp:attachment":[{"href":"https:\/\/ais.al\/new\/wp-json\/wp\/v2\/media?parent=2778"}],"curies":[{"name":"wp","href":"https:\/\/api.w.org\/{rel}","templated":true}]}}