{"id":2851,"date":"2015-04-22T08:21:07","date_gmt":"2015-04-22T08:21:07","guid":{"rendered":"http:\/\/ais.al\/new\/?page_id=2851"},"modified":"2015-04-22T08:46:20","modified_gmt":"2015-04-22T08:46:20","slug":"ambasadori-i-shba-ve-ne-tirane-mbeshtet-shoqerine-civile-pa-shoqeri-civile-te-forte-nuk-mund-te-kete-demokraci-te-suksesshme","status":"publish","type":"page","link":"https:\/\/ais.al\/new\/ambasadori-i-shba-ve-ne-tirane-mbeshtet-shoqerine-civile-pa-shoqeri-civile-te-forte-nuk-mund-te-kete-demokraci-te-suksesshme\/","title":{"rendered":"<!--:sq-->Ambasadori i ShBA-ve n\u00eb Tiran\u00eb mb\u00ebshtet Shoq\u00ebrin\u00eb Civile<!--:-->"},"content":{"rendered":"<p><!--:sq--><\/p>\n<h4 style=\"text-align: left;\"><span style=\"color: #000000;\">\u00a0Ambasadori i ShBA-ve n\u00eb Tiran\u00eb mb\u00ebshtet Shoq\u00ebrin\u00eb Civile: Pa Shoq\u00ebri Civile t\u00eb fort\u00eb nuk mund t\u00eb ket\u00eb Demokraci t\u00eb suksesshme<\/span><\/h4>\n<p>Ceremoni e mbajtur nga\u00a0<span style=\"color: #000000;\"><strong><a style=\"color: #000000;\" href=\"http:\/\/www.usaid.gov\/albania\" target=\"_blank\">USAID\/Albania<\/a><\/strong><\/span>\u00a0dhe\u00a0<span style=\"color: #000000;\"><strong><a style=\"color: #000000;\" href=\"http:\/\/www.assistimpact.org\/\" target=\"_blank\">Assist Impact<\/a><\/strong><\/span><\/p>\n<p>&nbsp;<\/p>\n<p>USAID\/Shqip\u00ebri dhe Assist Impact po mb\u00ebshtesin tet\u00eb projekte t\u00eb shoq\u00ebris\u00eb civile p\u00ebr Fuqizimin e Demokracis\u00eb. N\u00eb nj\u00eb ceremoni t\u00eb ve\u00e7ant\u00eb, mbajtur m\u00eb 16 prill u b\u00eb n\u00ebnshkrimi i marr\u00ebveshjeve p\u00ebr mb\u00ebshtetje me grand. Nj\u00eb prej projekteve \u00ebsht\u00eb edhe ai i organizat\u00ebs ton\u00eb, titulluar Para, Qeverisje dhe Politika. Drejtoresha Ekzekutive zonja Aranita BRAHAJ n\u00ebnshkroi n\u00eb em\u00ebr t\u00eb <span style=\"color: #000000;\"><strong><span style=\"color: #000000;\"><a style=\"color: #000000;\" href=\"http:\/\/ais.al\/new\/\" target=\"_blank\">AIS<\/a><\/span>.<\/strong><\/span> Me an\u00eb t\u00eb k\u00ebtij projekti synohet promovimi i transparenc\u00ebs dhe reagimit qytetar, duke \u00e7liruar t\u00eb dh\u00ebna lidhur m\u00eb pasurit\u00eb e deklaruara nga zyrtar\u00ebt dhe gjyqtar t\u00eb lart\u00eb, si dhe t\u00eb dh\u00ebna p\u00ebr pasurit\u00eb dhe shpenzimeve publike.<\/p>\n<p>Ambasadori i Shteteve t\u00eb Bashkuara t\u00eb Amerik\u00ebs n\u00eb Tiran\u00eb zoti Donald LU, i pranish\u00ebm n\u00eb k\u00ebt\u00eb ceremoni vuri theksin tek vlerat e grupeve t\u00eb shoq\u00ebris\u00eb civile n\u00eb Demokraci. N\u00eb fjal\u00ebn e tij p\u00ebrsh\u00ebndet\u00ebse Ambasadori LU, theksoi se \u201cQeveria e Shqip\u00ebris\u00eb, qeverisjet vendore dhe bizneset private, duhet t\u00eb kuptojn\u00eb, vler\u00ebn e grupeve t\u00eb shoq\u00ebris\u00eb civile dhe t\u00eb marrin p\u00ebrgjegj\u00ebsin\u00eb p\u00ebr t\u2019u dh\u00ebn\u00eb atyre mb\u00ebshtetje financiare dhe inkurajim. Pa nj\u00eb shoq\u00ebri civile t\u00eb fort\u00eb, asnj\u00eb demokraci nuk mund t\u00eb jet\u00eb v\u00ebrtet e suksesshme\u201d.<\/p>\n<p>&nbsp;<\/p>\n<p>Assist Impact po zbaton nj\u00eb projekt tre-vje\u00e7ar p\u00ebr USAID\/Shqip\u00ebri, t\u00eb titulluar \u201cNgritja e kapaciteteve njer\u00ebzore dhe institucionale\u201d. Projekti synon t\u00eb mb\u00ebshtes\u00eb organizata joqeveritare vendase, agjenci qeveritare dhe shoqata t\u00eb biznesit, q\u00eb t\u00eb p\u00ebrmir\u00ebsojn\u00eb aft\u00ebsit\u00eb e tyre dhe t\u00eb punojn\u00eb n\u00eb m\u00ebnyr\u00eb m\u00eb efektive. Si pjes\u00eb e k\u00ebtij projekti, Assist Impact, p\u00ebrmes nj\u00eb pro\u00e7esi konkurrues, ka p\u00ebrzgjedhur tet\u00eb organizata jo-qeveritare nga e gjith\u00eb Shqip\u00ebria. Synimi i granteve \u00ebsht\u00eb rritja e pjes\u00ebmarrjes n\u00eb vendim-marrje, ngritja e rolit t\u00eb komunitetit dhe rritja e p\u00ebrgjegjshm\u00ebris\u00eb s\u00eb zyrtar\u00ebve publik.<strong><br \/>\n<\/strong><\/p>\n<p><img loading=\"lazy\" decoding=\"async\" class=\"aligncenter size-full wp-image-2790\" src=\"http:\/\/ais.al\/new\/wp-content\/uploads\/USAID-ASSIST.jpg\" alt=\"USAID+ASSIST\" width=\"595\" height=\"87\" srcset=\"https:\/\/ais.al\/new\/wp-content\/uploads\/USAID-ASSIST.jpg 595w, https:\/\/ais.al\/new\/wp-content\/uploads\/USAID-ASSIST-300x44.jpg 300w, https:\/\/ais.al\/new\/wp-content\/uploads\/USAID-ASSIST-450x66.jpg 450w\" sizes=\"auto, (max-width: 595px) 100vw, 595px\" \/><\/p>\n<ol>\n<li>N\u00eb foto, Ambasadori i SHBA-ve n\u00eb Tiran\u00eb Z, Donald LU me p\u00ebrfituesit e granteve<img loading=\"lazy\" decoding=\"async\" class=\"aligncenter size-medium wp-image-2865\" src=\"http:\/\/ais.al\/new\/wp-content\/uploads\/foto-1-300x224.jpg\" alt=\"foto 1\" width=\"300\" height=\"224\" srcset=\"https:\/\/ais.al\/new\/wp-content\/uploads\/foto-1-300x224.jpg 300w, https:\/\/ais.al\/new\/wp-content\/uploads\/foto-1-1030x767.jpg 1030w, https:\/\/ais.al\/new\/wp-content\/uploads\/foto-1-1500x1118.jpg 1500w, https:\/\/ais.al\/new\/wp-content\/uploads\/foto-1-705x525.jpg 705w, https:\/\/ais.al\/new\/wp-content\/uploads\/foto-1-450x335.jpg 450w, https:\/\/ais.al\/new\/wp-content\/uploads\/foto-1.jpg 2048w\" sizes=\"auto, (max-width: 300px) 100vw, 300px\" \/><\/li>\n<li>N\u00eb foto, Ambasadori LU dhe Drejtoresha ekzekutive e AIS, Znj, Aranita BRAHAJ gjat\u00eb ceremonis\u00eb s\u00eb dh\u00ebnies s\u00eb granteve.<img loading=\"lazy\" decoding=\"async\" class=\"aligncenter size-medium wp-image-2866\" src=\"http:\/\/ais.al\/new\/wp-content\/uploads\/foto-2-300x200.jpg\" alt=\"foto 2\" width=\"300\" height=\"200\" srcset=\"https:\/\/ais.al\/new\/wp-content\/uploads\/foto-2-300x200.jpg 300w, https:\/\/ais.al\/new\/wp-content\/uploads\/foto-2-1030x686.jpg 1030w, https:\/\/ais.al\/new\/wp-content\/uploads\/foto-2-1500x1000.jpg 1500w, https:\/\/ais.al\/new\/wp-content\/uploads\/foto-2-705x470.jpg 705w, https:\/\/ais.al\/new\/wp-content\/uploads\/foto-2-450x300.jpg 450w, https:\/\/ais.al\/new\/wp-content\/uploads\/foto-2.jpg 2048w\" sizes=\"auto, (max-width: 300px) 100vw, 300px\" \/><\/li>\n<li>N\u00eb foto znj, Aranita BRAHAJ gjat\u00eb n\u00ebnshkrimit t\u00eb marr\u00ebveshjes s\u00eb granteve.<img loading=\"lazy\" decoding=\"async\" class=\"aligncenter size-medium wp-image-2864\" src=\"http:\/\/ais.al\/new\/wp-content\/uploads\/foto-3-300x200.jpg\" alt=\"foto 3\" width=\"300\" height=\"200\" srcset=\"https:\/\/ais.al\/new\/wp-content\/uploads\/foto-3-300x200.jpg 300w, https:\/\/ais.al\/new\/wp-content\/uploads\/foto-3-1030x686.jpg 1030w, https:\/\/ais.al\/new\/wp-content\/uploads\/foto-3-1500x1000.jpg 1500w, https:\/\/ais.al\/new\/wp-content\/uploads\/foto-3-705x470.jpg 705w, https:\/\/ais.al\/new\/wp-content\/uploads\/foto-3-450x300.jpg 450w, https:\/\/ais.al\/new\/wp-content\/uploads\/foto-3.jpg 2048w\" sizes=\"auto, (max-width: 300px) 100vw, 300px\" \/><\/li>\n<\/ol>\n<p><!--:--><\/p>\n","protected":false},"excerpt":{"rendered":"<p>\u00a0Ambasadori i ShBA-ve n\u00eb Tiran\u00eb mb\u00ebshtet Shoq\u00ebrin\u00eb Civile: Pa Shoq\u00ebri Civile t\u00eb fort\u00eb nuk mund t\u00eb ket\u00eb Demokraci t\u00eb suksesshme Ceremoni e mbajtur nga\u00a0USAID\/Albania\u00a0dhe\u00a0Assist Impact &nbsp; USAID\/Shqip\u00ebri dhe Assist Impact po mb\u00ebshtesin tet\u00eb projekte t\u00eb shoq\u00ebris\u00eb civile p\u00ebr Fuqizimin e Demokracis\u00eb. N\u00eb nj\u00eb ceremoni t\u00eb ve\u00e7ant\u00eb, mbajtur m\u00eb 16 prill u b\u00eb n\u00ebnshkrimi i marr\u00ebveshjeve [&hellip;]<\/p>\n","protected":false},"author":1,"featured_media":2865,"parent":0,"menu_order":0,"comment_status":"closed","ping_status":"closed","template":"","meta":{"_bbp_topic_count":0,"_bbp_reply_count":0,"_bbp_total_topic_count":0,"_bbp_total_reply_count":0,"_bbp_voice_count":0,"_bbp_anonymous_reply_count":0,"_bbp_topic_count_hidden":0,"_bbp_reply_count_hidden":0,"_bbp_forum_subforum_count":0,"footnotes":""},"class_list":["post-2851","page","type-page","status-publish","has-post-thumbnail","hentry"],"_links":{"self":[{"href":"https:\/\/ais.al\/new\/wp-json\/wp\/v2\/pages\/2851","targetHints":{"allow":["GET"]}}],"collection":[{"href":"https:\/\/ais.al\/new\/wp-json\/wp\/v2\/pages"}],"about":[{"href":"https:\/\/ais.al\/new\/wp-json\/wp\/v2\/types\/page"}],"author":[{"embeddable":true,"href":"https:\/\/ais.al\/new\/wp-json\/wp\/v2\/users\/1"}],"replies":[{"embeddable":true,"href":"https:\/\/ais.al\/new\/wp-json\/wp\/v2\/comments?post=2851"}],"version-history":[{"count":8,"href":"https:\/\/ais.al\/new\/wp-json\/wp\/v2\/pages\/2851\/revisions"}],"predecessor-version":[{"id":2870,"href":"https:\/\/ais.al\/new\/wp-json\/wp\/v2\/pages\/2851\/revisions\/2870"}],"wp:featuredmedia":[{"embeddable":true,"href":"https:\/\/ais.al\/new\/wp-json\/wp\/v2\/media\/2865"}],"wp:attachment":[{"href":"https:\/\/ais.al\/new\/wp-json\/wp\/v2\/media?parent=2851"}],"curies":[{"name":"wp","href":"https:\/\/api.w.org\/{rel}","templated":true}]}}