{"id":2944,"date":"2015-04-27T13:02:53","date_gmt":"2015-04-27T13:02:53","guid":{"rendered":"http:\/\/ais.al\/new\/?page_id=2944"},"modified":"2015-09-14T09:37:37","modified_gmt":"2015-09-14T09:37:37","slug":"shpenzime-elektorale-shtator","status":"publish","type":"page","link":"https:\/\/ais.al\/new\/shpenzime-elektorale-shtator\/","title":{"rendered":"<!--:sq-->Shpenzime Elektorale<!--:-->"},"content":{"rendered":"<p><!--:sq--><div class=\"flex_column av_two_third  flex_column_div first  avia-builder-el-0  el_before_av_one_third  avia-builder-el-first  \" ><div id='av-masonry-1' class='av-masonry  noHover av-flex-size av-large-gap av-hover-overlay- av-masonry-animation-active av-masonry-col-flexible av-caption-always av-caption-style- av-masonry-gallery     '  ><div class='av-masonry-container isotope av-js-disabled ' ><div class='av-masonry-entry isotope-item av-masonry-item-no-image '><\/div><a href=\"http:\/\/ais.al\/new\/en\/political-parties-and-access-to-information-on-electoral-financing-ais-complaint\/\" id='av-masonry-1-item-4470' data-av-masonry-item='4470' class='av-masonry-entry isotope-item post-4470 attachment type-attachment status-inherit hentry  av-masonry-item-with-image' title=\"&lt;!--:sq--&gt;political-parties&lt;!--:--&gt;\"  itemprop=\"thumbnailUrl\" ><div class='av-inner-masonry-sizer'><\/div><figure class='av-inner-masonry main_color'><div class=\"av-masonry-outerimage-container\"><div class=\"av-masonry-image-container\" ><img decoding=\"async\" src=\"https:\/\/ais.al\/new\/wp-content\/uploads\/political-parties-705x314.jpg\" title=\"&lt;!--:sq--&gt;political-parties&lt;!--:--&gt;\" alt=\"\" \/><\/div><\/div><\/figure><\/a><!--end av-masonry entry--><a href=\"http:\/\/open.data.al\/sq\/lajme\/lajm\/id\/1460\/Neser-afati-i-fundit--Auditimi-i-financimit-te-partive-politike-drejt-deshtimit-ska-auditues\" id='av-masonry-1-item-4476' data-av-masonry-item='4476' class='av-masonry-entry isotope-item post-4476 attachment type-attachment status-inherit hentry  av-masonry-item-with-image' title=\"&lt;!--:sq--&gt;auditimi-i-financimit-te-partive&lt;!--:--&gt;\"  itemprop=\"thumbnailUrl\" ><div class='av-inner-masonry-sizer'><\/div><figure class='av-inner-masonry main_color'><div class=\"av-masonry-outerimage-container\"><div class=\"av-masonry-image-container\" ><img decoding=\"async\" src=\"https:\/\/ais.al\/new\/wp-content\/uploads\/auditimi-i-financimit-te-partive-689x705.jpg\" title=\"&lt;!--:sq--&gt;auditimi-i-financimit-te-partive&lt;!--:--&gt;\" alt=\"\" \/><\/div><\/div><\/figure><\/a><!--end av-masonry entry--><a href=\"http:\/\/open.data.al\/sq\/lajme\/lajm\/id\/1464\/Nje-muaj-pas-zgjedhjeve-lokale-partite-refuzojne-te-tregojne-burimin-e-milionave-nga-u-financuan\" id='av-masonry-1-item-4474' data-av-masonry-item='4474' class='av-masonry-entry isotope-item post-4474 attachment type-attachment status-inherit hentry  av-masonry-item-with-image' title=\"&lt;!--:sq--&gt;1muaj-pas-zgjedhjeve&lt;!--:--&gt;\"  itemprop=\"thumbnailUrl\" ><div class='av-inner-masonry-sizer'><\/div><figure class='av-inner-masonry main_color'><div class=\"av-masonry-outerimage-container\"><div class=\"av-masonry-image-container\" ><img decoding=\"async\" src=\"https:\/\/ais.al\/new\/wp-content\/uploads\/1muaj-pas-zgjedhjeve-689x705.jpg\" title=\"&lt;!--:sq--&gt;1muaj-pas-zgjedhjeve&lt;!--:--&gt;\" alt=\"\" \/><\/div><\/div><\/figure><\/a><!--end av-masonry entry--><a href=\"http:\/\/open.data.al\/sq\/lajme\/lajm\/id\/1466\/Mungesa-e-transparences-se-fushatave-elektorale\" id='av-masonry-1-item-4473' data-av-masonry-item='4473' class='av-masonry-entry isotope-item post-4473 attachment type-attachment status-inherit hentry  av-masonry-item-with-image' title=\"&lt;!--:sq--&gt;mungesa-e-transparences&lt;!--:--&gt;\"  itemprop=\"thumbnailUrl\" ><div class='av-inner-masonry-sizer'><\/div><figure class='av-inner-masonry main_color'><div class=\"av-masonry-outerimage-container\"><div class=\"av-masonry-image-container\" ><img decoding=\"async\" src=\"https:\/\/ais.al\/new\/wp-content\/uploads\/mungesa-e-transparences-689x705.jpg\" title=\"&lt;!--:sq--&gt;mungesa-e-transparences&lt;!--:--&gt;\" alt=\"\" \/><\/div><\/div><\/figure><\/a><!--end av-masonry entry--><a href=\"http:\/\/www.zalart.al\/2015\/reports\/view\/287\" id='av-masonry-1-item-4463' data-av-masonry-item='4463' class='av-masonry-entry isotope-item post-4463 attachment type-attachment status-inherit hentry  av-masonry-item-with-image' title=\"&lt;!--:sq--&gt;shp-elektorale1&lt;!--:--&gt;\"  itemprop=\"thumbnailUrl\" ><div class='av-inner-masonry-sizer'><\/div><figure class='av-inner-masonry main_color'><div class=\"av-masonry-outerimage-container\"><div class=\"av-masonry-image-container\" ><img decoding=\"async\" src=\"https:\/\/ais.al\/new\/wp-content\/uploads\/shp-elektorale1-705x539.jpg\" title=\"&lt;!--:sq--&gt;shp-elektorale1&lt;!--:--&gt;\" alt=\"\" \/><\/div><\/div><\/figure><\/a><!--end av-masonry entry--><a href=\"http:\/\/www.zalart.al\/2015\/reports\/view\/59\" id='av-masonry-1-item-4464' data-av-masonry-item='4464' class='av-masonry-entry isotope-item post-4464 attachment type-attachment status-inherit hentry  av-masonry-item-with-image' title=\"&lt;!--:sq--&gt;shp-elektorale2&lt;!--:--&gt;\"  itemprop=\"thumbnailUrl\" ><div class='av-inner-masonry-sizer'><\/div><figure class='av-inner-masonry main_color'><div class=\"av-masonry-outerimage-container\"><div class=\"av-masonry-image-container\" ><img decoding=\"async\" src=\"https:\/\/ais.al\/new\/wp-content\/uploads\/shp-elektorale2-705x539.jpg\" title=\"&lt;!--:sq--&gt;shp-elektorale2&lt;!--:--&gt;\" alt=\"\" \/><\/div><\/div><\/figure><\/a><!--end av-masonry entry--><a href=\"http:\/\/www.zalart.al\/2015\/reports\/view\/408\" id='av-masonry-1-item-4465' data-av-masonry-item='4465' class='av-masonry-entry isotope-item post-4465 attachment type-attachment status-inherit hentry  av-masonry-item-with-image' title=\"&lt;!--:sq--&gt;shp-elektorale3&lt;!--:--&gt;\"  itemprop=\"thumbnailUrl\" ><div class='av-inner-masonry-sizer'><\/div><figure class='av-inner-masonry main_color'><div class=\"av-masonry-outerimage-container\"><div class=\"av-masonry-image-container\" ><img decoding=\"async\" src=\"https:\/\/ais.al\/new\/wp-content\/uploads\/shp-elektorale3-705x539.jpg\" title=\"&lt;!--:sq--&gt;shp-elektorale3&lt;!--:--&gt;\" alt=\"\" \/><\/div><\/div><\/figure><\/a><!--end av-masonry entry--><a href=\"http:\/\/www.zalart.al\/2015\/reports\/view\/111\" id='av-masonry-1-item-4466' data-av-masonry-item='4466' class='av-masonry-entry isotope-item post-4466 attachment type-attachment status-inherit hentry  av-masonry-item-with-image' title=\"&lt;!--:sq--&gt;shp-elektorale4&lt;!--:--&gt;\"  itemprop=\"thumbnailUrl\" ><div class='av-inner-masonry-sizer'><\/div><figure class='av-inner-masonry main_color'><div class=\"av-masonry-outerimage-container\"><div class=\"av-masonry-image-container\" ><img decoding=\"async\" src=\"https:\/\/ais.al\/new\/wp-content\/uploads\/shp-elektorale4-705x539.jpg\" title=\"&lt;!--:sq--&gt;shp-elektorale4&lt;!--:--&gt;\" alt=\"\" \/><\/div><\/div><\/figure><\/a><!--end av-masonry entry--><a href=\"http:\/\/open.data.al\/sq\/lajme\/lajm\/id\/1434\/Ekopolitike---Financa-Elektorale\" id='av-masonry-1-item-4471' data-av-masonry-item='4471' class='av-masonry-entry isotope-item post-4471 attachment type-attachment status-inherit hentry  av-masonry-item-with-image' title=\"&lt;!--:sq--&gt;ekopolitike&lt;!--:--&gt;\"  itemprop=\"thumbnailUrl\" ><div class='av-inner-masonry-sizer'><\/div><figure class='av-inner-masonry main_color'><div class=\"av-masonry-outerimage-container\"><div class=\"av-masonry-image-container\" ><img decoding=\"async\" src=\"https:\/\/ais.al\/new\/wp-content\/uploads\/ekopolitike-705x495.jpg\" title=\"&lt;!--:sq--&gt;ekopolitike&lt;!--:--&gt;\" alt=\"\" \/><\/div><\/div><\/figure><\/a><!--end av-masonry entry--><a href=\"http:\/\/syri.net\/index.php\/2015\/09\/13\/ja-si-financohet-lsi-ja-nga-thesari-i-shtetit\/\" id='av-masonry-1-item-4519' data-av-masonry-item='4519' class='av-masonry-entry isotope-item post-4519 attachment type-attachment status-inherit hentry  av-masonry-item-with-image' title=\"&lt;!--:sq--&gt;thesari-syrinet&lt;!--:--&gt;\"  itemprop=\"thumbnailUrl\" ><div class='av-inner-masonry-sizer'><\/div><figure class='av-inner-masonry main_color'><div class=\"av-masonry-outerimage-container\"><div class=\"av-masonry-image-container\" ><img decoding=\"async\" src=\"https:\/\/ais.al\/new\/wp-content\/uploads\/thesari-syrinet-488x705.jpg\" title=\"&lt;!--:sq--&gt;thesari-syrinet&lt;!--:--&gt;\" alt=\"\" \/><\/div><\/div><\/figure><\/a><!--end av-masonry entry--><a href=\"http:\/\/www.droni.al\/web\/Drejtoresha_e_Tatimeve_llogarit_gabim_taksen_mbi_pagen_e_vet_ja_kalkulimi_7156_1.php\" id='av-masonry-1-item-4520' data-av-masonry-item='4520' class='av-masonry-entry isotope-item post-4520 attachment type-attachment status-inherit hentry  av-masonry-item-with-image' title=\"&lt;!--:sq--&gt;kalkulusi-taksave-dronial&lt;!--:--&gt;\"  itemprop=\"thumbnailUrl\" ><div class='av-inner-masonry-sizer'><\/div><figure class='av-inner-masonry main_color'><div class=\"av-masonry-outerimage-container\"><div class=\"av-masonry-image-container\" ><img decoding=\"async\" src=\"https:\/\/ais.al\/new\/wp-content\/uploads\/kalkulusi-taksave-dronial-685x705.jpg\" title=\"&lt;!--:sq--&gt;kalkulusi-taksave-dronial&lt;!--:--&gt;\" alt=\"\" \/><\/div><\/div><\/figure><\/a><!--end av-masonry entry--><a href=\"http:\/\/www.balkanweb.com\/site\/berisha-thesari-i-shtetit-shnderrohet-ne-thesarin-e-partise\/\" id='av-masonry-1-item-4521' data-av-masonry-item='4521' class='av-masonry-entry isotope-item post-4521 attachment type-attachment status-inherit hentry  av-masonry-item-with-image' title=\"&lt;!--:sq--&gt;shpenzime-1&lt;!--:--&gt;\"  itemprop=\"thumbnailUrl\" ><div class='av-inner-masonry-sizer'><\/div><figure class='av-inner-masonry main_color'><div class=\"av-masonry-outerimage-container\"><div class=\"av-masonry-image-container\" ><img decoding=\"async\" src=\"https:\/\/ais.al\/new\/wp-content\/uploads\/shpenzime-1-504x705.jpg\" title=\"&lt;!--:sq--&gt;shpenzime-1&lt;!--:--&gt;\" alt=\"\" \/><\/div><\/div><\/figure><\/a><!--end av-masonry entry--><a href=\"http:\/\/www.mapo.al\/2015\/09\/berisha-thesari-i-shtetit-po-perdoret-per-te-financuar-lsi-ne\" id='av-masonry-1-item-4522' data-av-masonry-item='4522' class='av-masonry-entry isotope-item post-4522 attachment type-attachment status-inherit hentry  av-masonry-item-with-image' title=\"&lt;!--:sq--&gt;shpenzime-mapo&lt;!--:--&gt;\"  itemprop=\"thumbnailUrl\" ><div class='av-inner-masonry-sizer'><\/div><figure class='av-inner-masonry main_color'><div class=\"av-masonry-outerimage-container\"><div class=\"av-masonry-image-container\" ><img decoding=\"async\" src=\"https:\/\/ais.al\/new\/wp-content\/uploads\/shpenzime-mapo-349x705.jpg\" title=\"&lt;!--:sq--&gt;shpenzime-mapo&lt;!--:--&gt;\" alt=\"\" \/><\/div><\/div><\/figure><\/a><!--end av-masonry entry--><a href=\"http:\/\/www.noa.al\/artikull\/berisha-thesari-i-shtetit-shnderrohet-ne-thesarin-e-partise\/515738.html\" id='av-masonry-1-item-4523' data-av-masonry-item='4523' class='av-masonry-entry isotope-item post-4523 attachment type-attachment status-inherit hentry  av-masonry-item-with-image' title=\"&lt;!--:sq--&gt;thesari-noa&lt;!--:--&gt;\"  itemprop=\"thumbnailUrl\" ><div class='av-inner-masonry-sizer'><\/div><figure class='av-inner-masonry main_color'><div class=\"av-masonry-outerimage-container\"><div class=\"av-masonry-image-container\" ><img decoding=\"async\" src=\"https:\/\/ais.al\/new\/wp-content\/uploads\/thesari-noa-448x705.jpg\" title=\"&lt;!--:sq--&gt;thesari-noa&lt;!--:--&gt;\" alt=\"\" \/><\/div><\/div><\/figure><\/a><!--end av-masonry entry--><a href=\"http:\/\/www.droni.al\/web\/SKANDAL_Unikale_Thesari_i_Shtetit_shnderrohet_ne_thesarin_e_LSI_se_7170_1.php\" id='av-masonry-1-item-4525' data-av-masonry-item='4525' class='av-masonry-entry isotope-item post-4525 attachment type-attachment status-inherit hentry  av-masonry-item-with-image' title=\"&lt;!--:sq--&gt;thesari-dronial&lt;!--:--&gt;\"  itemprop=\"thumbnailUrl\" ><div class='av-inner-masonry-sizer'><\/div><figure class='av-inner-masonry main_color'><div class=\"av-masonry-outerimage-container\"><div class=\"av-masonry-image-container\" ><img decoding=\"async\" src=\"https:\/\/ais.al\/new\/wp-content\/uploads\/thesari-dronial-299x705.jpg\" title=\"&lt;!--:sq--&gt;thesari-dronial&lt;!--:--&gt;\" alt=\"\" \/><\/div><\/div><\/figure><\/a><!--end av-masonry entry--><\/div><\/div><\/div><div class=\"flex_column av_one_third  flex_column_div   avia-builder-el-2  el_after_av_two_third  avia-builder-el-last  \" ><p><div style='padding-bottom:10px; ' class='av-special-heading av-special-heading-h4    avia-builder-el-3  el_before_av_video  avia-builder-el-first   '><h4 class='av-special-heading-tag '  itemprop=\"headline\"  >Nes\u00ebr afati i fundit , Auditimi i financimit t\u00eb partive politike drejt d\u00ebshtimit, s\u2019ka auditues<\/h4><div class='special-heading-border'><div class='special-heading-inner-border' ><\/div><\/div><\/div><br \/>\n<div class='avia-video avia-video-16-9 avia-video-html5  '   itemprop=\"video\" itemtype=\"https:\/\/schema.org\/VideoObject\"  data-original_url='http:\/\/ais.al\/new\/wp-content\/uploads\/Financimi-partit\u00eb-politike-fshehin-fondet-KQZ-asnj\u00eb-mas\u00eb-nd\u00ebshkimore1.mp4' ><video class=\"avia_video\"   loop preload=\"metadata\"  controls id=\"player_2944_1387338087_1241003351\" >\t<source src=\"http:\/\/ais.al\/new\/wp-content\/uploads\/Financimi-partit\u00eb-politike-fshehin-fondet-KQZ-asnj\u00eb-mas\u00eb-nd\u00ebshkimore1.mp4\" type=\"video\/mp4\" \/><\/video><\/div><br \/>\n<div style='padding-bottom:10px; ' class='av-special-heading av-special-heading-h4    avia-builder-el-5  el_after_av_video  el_before_av_video   '><h4 class='av-special-heading-tag '  itemprop=\"headline\"  >Mungesa e transparenc\u00ebs s\u00eb fushatave elektorale<\/h4><div class='special-heading-border'><div class='special-heading-inner-border' ><\/div><\/div><\/div><br \/>\n<div class='avia-video avia-video-16-9 avia-video-html5  '   itemprop=\"video\" itemtype=\"https:\/\/schema.org\/VideoObject\"  data-original_url='http:\/\/ais.al\/new\/wp-content\/uploads\/Transparenca-e-financimit-t\u00eb-partive-politike.mp4' ><video class=\"avia_video\"   loop preload=\"metadata\"  controls id=\"player_2944_2082841774_341359803\" >\t<source src=\"http:\/\/ais.al\/new\/wp-content\/uploads\/Transparenca-e-financimit-t\u00eb-partive-politike.mp4\" type=\"video\/mp4\" \/><\/video><\/div><br \/>\n<div style='padding-bottom:10px; ' class='av-special-heading av-special-heading-h4    avia-builder-el-7  el_after_av_video  el_before_av_video   '><h4 class='av-special-heading-tag '  itemprop=\"headline\"  >\u2018Ekopolitik\u00eb\u2019 &#8211; \u2018Financa Elektorale\u2019<\/h4><div class='special-heading-border'><div class='special-heading-inner-border' ><\/div><\/div><\/div><br \/>\n<div class='avia-video avia-video-16-9 avia-video-html5  '   itemprop=\"video\" itemtype=\"https:\/\/schema.org\/VideoObject\"  data-original_url='http:\/\/ais.al\/new\/wp-content\/uploads\/Ekopolitike.mp4' ><video class=\"avia_video\"   loop preload=\"metadata\"  controls id=\"player_2944_1862381786_349384723\" >\t<source src=\"http:\/\/ais.al\/new\/wp-content\/uploads\/Ekopolitike.mp4\" type=\"video\/mp4\" \/><\/video><\/div><\/p><\/div><!--:--><\/p>\n","protected":false},"excerpt":{"rendered":"","protected":false},"author":1,"featured_media":0,"parent":0,"menu_order":0,"comment_status":"closed","ping_status":"closed","template":"","meta":{"_bbp_topic_count":0,"_bbp_reply_count":0,"_bbp_total_topic_count":0,"_bbp_total_reply_count":0,"_bbp_voice_count":0,"_bbp_anonymous_reply_count":0,"_bbp_topic_count_hidden":0,"_bbp_reply_count_hidden":0,"_bbp_forum_subforum_count":0,"footnotes":""},"class_list":["post-2944","page","type-page","status-publish","hentry"],"_links":{"self":[{"href":"https:\/\/ais.al\/new\/wp-json\/wp\/v2\/pages\/2944","targetHints":{"allow":["GET"]}}],"collection":[{"href":"https:\/\/ais.al\/new\/wp-json\/wp\/v2\/pages"}],"about":[{"href":"https:\/\/ais.al\/new\/wp-json\/wp\/v2\/types\/page"}],"author":[{"embeddable":true,"href":"https:\/\/ais.al\/new\/wp-json\/wp\/v2\/users\/1"}],"replies":[{"embeddable":true,"href":"https:\/\/ais.al\/new\/wp-json\/wp\/v2\/comments?post=2944"}],"version-history":[{"count":24,"href":"https:\/\/ais.al\/new\/wp-json\/wp\/v2\/pages\/2944\/revisions"}],"predecessor-version":[{"id":4527,"href":"https:\/\/ais.al\/new\/wp-json\/wp\/v2\/pages\/2944\/revisions\/4527"}],"wp:attachment":[{"href":"https:\/\/ais.al\/new\/wp-json\/wp\/v2\/media?parent=2944"}],"curies":[{"name":"wp","href":"https:\/\/api.w.org\/{rel}","templated":true}]}}