{"id":5197,"date":"2015-11-02T09:36:40","date_gmt":"2015-11-02T09:36:40","guid":{"rendered":"http:\/\/ais.al\/new\/?page_id=5197"},"modified":"2015-11-02T10:19:26","modified_gmt":"2015-11-02T10:19:26","slug":"regjistri-koncesionar-tetor-2015","status":"publish","type":"page","link":"https:\/\/ais.al\/new\/regjistri-koncesionar-tetor-2015\/","title":{"rendered":"<!--:sq-->Regjistri koncesionar tetor 2015<!--:-->"},"content":{"rendered":"<p><!--:sq--><div style='padding-bottom:0px; ' class='av-special-heading av-special-heading-h3  blockquote modern-quote modern-centered  avia-builder-el-0  el_before_av_section  avia-builder-el-no-sibling   av-thin-font '><h3 class='av-special-heading-tag '  itemprop=\"headline\"  ><strong>Tetor 2015<\/strong><\/h3><div class='special-heading-border'><div class='special-heading-inner-border' ><\/div><\/div><\/div><\/p>\n<\/div><\/div><\/div><!-- close content main div --><\/div><\/div><div id='av_section_1' class='avia-section main_color avia-section-default avia-no-shadow avia-bg-style-scroll  avia-builder-el-1  el_after_av_heading  el_before_av_section   container_wrap sidebar_right' style=' '  ><div class='container' ><div class='template-page content  av-content-small alpha units'><div class='post-entry post-entry-type-page post-entry-5197'><div class='entry-content-wrapper clearfix'>\n<div style='padding-bottom:10px; ' class='av-special-heading av-special-heading-h3  blockquote modern-quote modern-centered  avia-builder-el-2  el_before_av_one_third  avia-builder-el-first   '><h3 class='av-special-heading-tag '  itemprop=\"headline\"  > Dh\u00ebnia me kon\u00e7esion e rehabilitimit, operimit dhe transferimit te rrjetit te transportit hekurudhor ne linjat Fier-Ballsh dhe Fier-Vlore<\/h3><div class='special-heading-border'><div class='special-heading-inner-border' ><\/div><\/div><\/div>\n<div class=\"flex_column av_one_third  flex_column_div first  avia-builder-el-3  el_after_av_heading  el_before_av_two_third  \" ><p><div style='padding-bottom:10px; ' class='av-special-heading av-special-heading-h5    avia-builder-el-4  el_before_av_video  avia-builder-el-first   '><h5 class='av-special-heading-tag '  itemprop=\"headline\"  >Video: PD- Djali i Valentina Leskajt mori 25 vjet me koncesion hekurudh\u00ebn Ballsh- Vlor\u00eb<\/h5><div class='special-heading-border'><div class='special-heading-inner-border' ><\/div><\/div><\/div><br \/>\n<div class='avia-video avia-video-4-3 avia-video-html5  '   itemprop=\"video\" itemtype=\"https:\/\/schema.org\/VideoObject\"  data-original_url='http:\/\/ais.al\/new\/wp-content\/uploads\/PD-Djali-i-Valentina-Leskajt-mori-25-vjet-me-koncesion-hekurudh\u00ebn-Ballsh-Vlor\u00eb.mp4' ><video class=\"avia_video\"   loop preload=\"metadata\"  controls id=\"player_5197_1143557964_1374743511\" >\t<source src=\"http:\/\/ais.al\/new\/wp-content\/uploads\/PD-Djali-i-Valentina-Leskajt-mori-25-vjet-me-koncesion-hekurudh\u00ebn-Ballsh-Vlor\u00eb.mp4\" type=\"video\/mp4\" \/><\/video><\/div><\/p><\/div><div class=\"flex_column av_two_third  flex_column_div   avia-builder-el-6  el_after_av_one_third  avia-builder-el-last  \" ><div  data-size='no scaling'  data-lightbox_size='large'  data-animation='slide'  data-conditional_play=''  data-ids='5106,5107,5124'  data-video_counter='0'  data-autoplay='true'  data-bg_slider='false'  data-slide_height=''  data-handle='av_slideshow'  data-interval='10'  data-class=' avia-builder-el-7  avia-builder-el-no-sibling  '  data-css_id=''  data-scroll_down=''  data-control_layout=''  data-custom_markup=''  data-perma_caption=''  data-autoplay_stopper=''  data-image_attachment=''  data-min_height='0px'  class='avia-slideshow avia-slideshow-1  av-default-height-applied avia-slideshow-no scaling av_slideshow  avia-builder-el-7  avia-builder-el-no-sibling   avia-slide-slider '  itemprop=\"image\" itemscope=\"itemscope\" itemtype=\"https:\/\/schema.org\/ImageObject\" ><ul class='avia-slideshow-inner ' style='padding-bottom: 204.9%;' ><li  class=' slide-1 ' ><a href='http:\/\/www.spending.data.al\/sq\/moneypower\/view\/id\/211' data-rel='slideshow-1' class='avia-slide-wrap '   ><img src='https:\/\/ais.al\/new\/wp-content\/uploads\/deklarataleskaj.jpg' width='1000' height='2049' title='&lt;!--:sq--&gt;deklarataleskaj&lt;!--:--&gt;' alt=''  itemprop=\"thumbnailUrl\"   \/><\/a><\/li><li  class=' slide-2 ' ><a href='http:\/\/open.data.al\/sq\/corporates\/view\/id\/1037\/cat_id\/1' data-rel='slideshow-1' class='avia-slide-wrap '   ><img src='https:\/\/ais.al\/new\/wp-content\/uploads\/koncesioni-leskaj.jpg' width='1000' height='1149' title='&lt;!--:sq--&gt;koncesioni-leskaj&lt;!--:--&gt;' alt=''  itemprop=\"thumbnailUrl\"   \/><\/a><\/li><li  class=' slide-3 ' ><a href='http:\/\/open.data.al\/opencorporate\/corporates\/view\/id\/1017' data-rel='slideshow-1' class='avia-slide-wrap '   ><img src='https:\/\/ais.al\/new\/wp-content\/uploads\/kompania-leskaj.jpg' width='1000' height='941' title='&lt;!--:sq--&gt;kompania-leskaj&lt;!--:--&gt;' alt=''  itemprop=\"thumbnailUrl\"   \/><\/a><\/li><\/ul><div class='avia-slideshow-arrows avia-slideshow-controls'><a href='#prev' class='prev-slide' aria-hidden='true' data-av_icon='\ue87c' data-av_iconfont='entypo-fontello'>Previous<\/a><a href='#next' class='next-slide' aria-hidden='true' data-av_icon='\ue87d' data-av_iconfont='entypo-fontello'>Next<\/a><\/div><div class='avia-slideshow-dots avia-slideshow-controls'><a href='#1' class='goto-slide active' >1<\/a><a href='#2' class='goto-slide ' >2<\/a><a href='#3' class='goto-slide ' >3<\/a><\/div><\/div><\/div>\n\n<\/div><\/div><\/div><!-- close content main div --><\/div><\/div><div id='av_section_2' class='avia-section main_color avia-section-default avia-no-shadow avia-bg-style-scroll  avia-builder-el-8  el_after_av_section  el_before_av_codeblock   container_wrap sidebar_right' style='background-color: #f9f9f9;  '  ><div class='container' ><div class='template-page content  av-content-small alpha units'><div class='post-entry post-entry-type-page post-entry-5197'><div class='entry-content-wrapper clearfix'>\n<div style='padding-bottom:10px; ' class='av-special-heading av-special-heading-h3  blockquote modern-quote modern-centered  avia-builder-el-9  el_before_av_one_third  avia-builder-el-first   '><h3 class='av-special-heading-tag '  itemprop=\"headline\"  >Kompania n\u00eb hije e ministrit Beqaj. Intech +, 28 tendera dhe 11 milion\u00eb dollar\u00eb p\u00ebr 22 muaj<\/h3><div class='special-heading-border'><div class='special-heading-inner-border' ><\/div><\/div><\/div>\n<div class=\"flex_column av_one_third  flex_column_div first  avia-builder-el-10  el_after_av_heading  el_before_av_two_third  \" ><div class='avia-image-container  av-styling-    avia-builder-el-11  avia-builder-el-no-sibling  avia-align-center '  itemprop=\"image\" itemscope=\"itemscope\" itemtype=\"https:\/\/schema.org\/ImageObject\"  ><div class='avia-image-container-inner'><div class='avia-image-overlay-wrap'><img class='avia_image' src='https:\/\/ais.al\/new\/wp-content\/uploads\/beqaj-300x168.jpg' alt='' title='&lt;!--:sq--&gt;beqaj&lt;!--:--&gt;' height=\"168\" width=\"300\"  itemprop=\"thumbnailUrl\"  \/><\/div><\/div><\/div><\/div><div class=\"flex_column av_two_third  flex_column_div   avia-builder-el-12  el_after_av_one_third  avia-builder-el-last  \" ><div  data-size='no scaling'  data-lightbox_size='large'  data-animation='slide'  data-conditional_play=''  data-ids='5115,5116,5118,5117,5127,5126'  data-video_counter='0'  data-autoplay='true'  data-bg_slider='false'  data-slide_height=''  data-handle='av_slideshow'  data-interval='10'  data-class=' avia-builder-el-13  avia-builder-el-no-sibling  '  data-css_id=''  data-scroll_down=''  data-control_layout=''  data-custom_markup=''  data-perma_caption=''  data-autoplay_stopper=''  data-image_attachment=''  data-min_height='0px'  class='avia-slideshow avia-slideshow-2  av-default-height-applied avia-slideshow-no scaling av_slideshow  avia-builder-el-13  avia-builder-el-no-sibling   avia-slide-slider '  itemprop=\"image\" itemscope=\"itemscope\" itemtype=\"https:\/\/schema.org\/ImageObject\" ><ul class='avia-slideshow-inner ' style='padding-bottom: 165.6%;' ><li  class=' slide-1 ' ><a href='http:\/\/www.spending.data.al\/sq\/moneypower\/view\/id\/10' data-rel='slideshow-2' class='avia-slide-wrap '   ><img src='https:\/\/ais.al\/new\/wp-content\/uploads\/deklarata-beqaj.jpg' width='1000' height='1656' title='&lt;!--:sq--&gt;deklarata-beqaj&lt;!--:--&gt;' alt=''  itemprop=\"thumbnailUrl\"   \/><\/a><\/li><li  class=' slide-2 ' ><a href='http:\/\/open.data.al\/sq\/corporates\/view\/id\/956\/' data-rel='slideshow-2' class='avia-slide-wrap '   ><img src='https:\/\/ais.al\/new\/wp-content\/uploads\/kompania-beqaj.jpg' width='1000' height='977' title='&lt;!--:sq--&gt;kompania-beqaj&lt;!--:--&gt;' alt=''  itemprop=\"thumbnailUrl\"   \/><\/a><\/li><li  class=' slide-3 ' ><a href='http:\/\/open.data.al\/sq\/corporates\/view\/id\/956\/' data-rel='slideshow-2' class='avia-slide-wrap '   ><img src='https:\/\/ais.al\/new\/wp-content\/uploads\/transaksione-beqaj.jpg' width='1000' height='383' title='&lt;!--:sq--&gt;transaksione-beqaj&lt;!--:--&gt;' alt=''  itemprop=\"thumbnailUrl\"   \/><\/a><\/li><li  class=' slide-4 ' ><a href='http:\/\/spending.data.al\/sq\/treasury\/list\/year\/2014\/perf_id\/INTECH%2B' data-rel='slideshow-2' class='avia-slide-wrap '   ><img src='https:\/\/ais.al\/new\/wp-content\/uploads\/Thesari-beqaj.jpg' width='1000' height='1156' title='&lt;!--:sq--&gt;Thesari-beqaj&lt;!--:--&gt;' alt=''  itemprop=\"thumbnailUrl\"   \/><\/a><\/li><li  class=' slide-5 ' ><div data-rel='slideshow-2' class='avia-slide-wrap '   ><img src='https:\/\/ais.al\/new\/wp-content\/uploads\/mapo-beqj.jpg' width='800' height='1201' title='&lt;!--:sq--&gt;mapo-beqj&lt;!--:--&gt;' alt=''  itemprop=\"thumbnailUrl\"   \/><\/div><\/li><li  class=' slide-6 ' ><div data-rel='slideshow-2' class='avia-slide-wrap '   ><img src='https:\/\/ais.al\/new\/wp-content\/uploads\/kohajone-beqaj.jpg' width='800' height='1090' title='&lt;!--:sq--&gt;kohajone-beqaj&lt;!--:--&gt;' alt=''  itemprop=\"thumbnailUrl\"   \/><\/div><\/li><\/ul><div class='avia-slideshow-arrows avia-slideshow-controls'><a href='#prev' class='prev-slide' aria-hidden='true' data-av_icon='\ue87c' data-av_iconfont='entypo-fontello'>Previous<\/a><a href='#next' class='next-slide' aria-hidden='true' data-av_icon='\ue87d' data-av_iconfont='entypo-fontello'>Next<\/a><\/div><div class='avia-slideshow-dots avia-slideshow-controls'><a href='#1' class='goto-slide active' >1<\/a><a href='#2' class='goto-slide ' >2<\/a><a href='#3' class='goto-slide ' >3<\/a><a href='#4' class='goto-slide ' >4<\/a><a href='#5' class='goto-slide ' >5<\/a><a href='#6' class='goto-slide ' >6<\/a><\/div><\/div><\/div>\n<\/div><\/div><\/div><!-- close content main div --><\/div><\/div><div id='after_section_2' class='main_color av_default_container_wrap container_wrap sidebar_right' style=' '  ><div class='container' ><div class='template-page content  av-content-small alpha units'><div class='post-entry post-entry-type-page post-entry-5197'><div class='entry-content-wrapper clearfix'>\n<p><!--:--><\/p>\n","protected":false},"excerpt":{"rendered":"","protected":false},"author":1,"featured_media":0,"parent":0,"menu_order":0,"comment_status":"closed","ping_status":"closed","template":"","meta":{"_bbp_topic_count":0,"_bbp_reply_count":0,"_bbp_total_topic_count":0,"_bbp_total_reply_count":0,"_bbp_voice_count":0,"_bbp_anonymous_reply_count":0,"_bbp_topic_count_hidden":0,"_bbp_reply_count_hidden":0,"_bbp_forum_subforum_count":0,"footnotes":""},"class_list":["post-5197","page","type-page","status-publish","hentry"],"_links":{"self":[{"href":"https:\/\/ais.al\/new\/wp-json\/wp\/v2\/pages\/5197","targetHints":{"allow":["GET"]}}],"collection":[{"href":"https:\/\/ais.al\/new\/wp-json\/wp\/v2\/pages"}],"about":[{"href":"https:\/\/ais.al\/new\/wp-json\/wp\/v2\/types\/page"}],"author":[{"embeddable":true,"href":"https:\/\/ais.al\/new\/wp-json\/wp\/v2\/users\/1"}],"replies":[{"embeddable":true,"href":"https:\/\/ais.al\/new\/wp-json\/wp\/v2\/comments?post=5197"}],"version-history":[{"count":4,"href":"https:\/\/ais.al\/new\/wp-json\/wp\/v2\/pages\/5197\/revisions"}],"predecessor-version":[{"id":5215,"href":"https:\/\/ais.al\/new\/wp-json\/wp\/v2\/pages\/5197\/revisions\/5215"}],"wp:attachment":[{"href":"https:\/\/ais.al\/new\/wp-json\/wp\/v2\/media?parent=5197"}],"curies":[{"name":"wp","href":"https:\/\/api.w.org\/{rel}","templated":true}]}}