{"id":5199,"date":"2015-11-02T09:38:12","date_gmt":"2015-11-02T09:38:12","guid":{"rendered":"http:\/\/ais.al\/new\/?page_id=5199"},"modified":"2015-11-02T10:20:32","modified_gmt":"2015-11-02T10:20:32","slug":"regjistri-koncesionar-shtator-2015","status":"publish","type":"page","link":"https:\/\/ais.al\/new\/regjistri-koncesionar-shtator-2015\/","title":{"rendered":"<!--:sq-->Regjistri koncesionar shtator 2015<!--:-->"},"content":{"rendered":"<p><!--:sq--><div style='padding-bottom:0px; ' class='av-special-heading av-special-heading-h3  blockquote modern-quote modern-centered  avia-builder-el-0  el_before_av_heading  avia-builder-el-first   av-thin-font '><h3 class='av-special-heading-tag '  itemprop=\"headline\"  ><strong>Shtator 2015<\/strong><\/h3><div class='special-heading-border'><div class='special-heading-inner-border' ><\/div><\/div><\/div><\/p>\n<div style='padding-bottom:10px; ' class='av-special-heading av-special-heading-h1  blockquote classic-quote  avia-builder-el-1  el_after_av_heading  el_before_av_one_half   '><h1 class='av-special-heading-tag '  itemprop=\"headline\"  >Si u fitua pa gar\u00eb koncesioni p\u00ebr vjeljen e gjobave <\/h1><div class='special-heading-border'><div class='special-heading-inner-border' ><\/div><\/div><\/div>\n<div class=\"flex_column av_one_half  flex_column_div first  avia-builder-el-2  el_after_av_heading  el_before_av_one_half  \" ><div class='avia-image-container  av-styling-    avia-builder-el-3  avia-builder-el-no-sibling  avia-align-center '  itemprop=\"image\" itemscope=\"itemscope\" itemtype=\"https:\/\/schema.org\/ImageObject\"  ><div class='avia-image-container-inner'><div class='avia-image-overlay-wrap'><a href='http:\/\/gazeta-shqip.com\/lajme\/2015\/04\/22\/bashkia-e-fierit-tenton-koncesion-shtatevjecar-dy-muaj-para-zgjedhjeve\/' class='avia_image'  ><img class='avia_image ' src='https:\/\/ais.al\/new\/wp-content\/uploads\/si-u-fitua-pa-gare-koncensioni-per-vjeljen-e-gjobave.jpg' alt='' title='&lt;!--:sq--&gt;si-u-fitua-pa-gare-koncensioni-per-vjeljen-e-gjobave&lt;!--:--&gt;'  itemprop=\"thumbnailUrl\"  \/><\/a><\/div><\/div><\/div><\/div>\n<div class=\"flex_column av_one_half  flex_column_div   avia-builder-el-4  el_after_av_one_half  el_before_av_codeblock  \" ><p><div class='avia-video avia-video-16-9 avia-video-html5  '   itemprop=\"video\" itemtype=\"https:\/\/schema.org\/VideoObject\"  data-original_url='http:\/\/ais.al\/new\/wp-content\/uploads\/A1-Report-Si-u-fitua-pa-gar\u00eb-koncesioni-p\u00ebr-vjeljen-e-gjobave-penale.mp4' ><video class=\"avia_video\"   loop preload=\"metadata\"  controls id=\"player_5199_432054666_45196754\" >\t<source src=\"http:\/\/ais.al\/new\/wp-content\/uploads\/A1-Report-Si-u-fitua-pa-gar\u00eb-koncesioni-p\u00ebr-vjeljen-e-gjobave-penale.mp4\" type=\"video\/mp4\" \/><\/video><\/div><br \/>\n<section class=\"av_textblock_section \"  itemscope=\"itemscope\" itemtype=\"https:\/\/schema.org\/CreativeWork\" ><div class='avia_textblock  '   itemprop=\"text\" ><p style=\"text-align: justify;\">TIRANE- Ministria e Drejt\u00ebsis\u00eb i ka hapur rrug\u00ebn nj\u00eb kontrate kon\u00e7esionare 20 vje\u00e7are, duke ia besuar nj\u00eb kompanie private sh\u00ebrbimin p\u00ebrmbarimor, ku p\u00ebrfshihen vet\u00ebm ekzekutimet penale me gjob\u00eb dhe shpenzimet gjyq\u00ebsore. B\u00ebhet fjal\u00eb p\u00ebr mij\u00ebra vendime penale q\u00eb do t\u00eb ekzekutohen nga nj\u00eb kompani e vetme private, e cila \u00ebsht\u00eb p\u00ebrzgjedhur nga procedura e kon\u00e7esionit t\u00eb zhvilluar nga Ministria e Drejt\u00ebsis\u00eb dhe q\u00eb firma fituese quhet ?Sh\u00ebrbimi P\u00ebrbarimor ZIG?.<\/p>\n<p>N\u00eb fakt p\u00ebr k\u00ebt\u00eb kon\u00e7esion 20 vje\u00e7ar ku pritet t\u00eb b\u00ebhet nj\u00eb investim n\u00eb teknologji prej 250 milion lek\u00eb t\u00eb vjetra dhe t\u00eb ark\u00ebtohen miliona lek\u00eb n\u00eb ark\u00ebn e Buxhetit t\u00eb Shtetit, nuk kishte menduar Ministria e Drejt\u00ebsis\u00eb, e cila as e kishte projektuar nj\u00eb nism\u00eb t\u00eb till\u00eb, po nism\u00ebtari ka q\u00ebn\u00eb vet\u00eb ?Sh\u00ebrbimi P\u00ebrbarimor ZIG? q\u00eb administrohet nga shtetasi Arben Meksuti. Pak muaj m\u00eb par\u00eb kjo studio p\u00ebrbarimore paraqet tek ministri i Drejt\u00ebsis\u00eb Nasip Na\u00e7o nj\u00eb raport, duke u bazuar n\u00eb t\u00eb dh\u00ebnat statistikore t\u00eb Thesarit t\u00eb Shtetit dhe t\u00eb Sh\u00ebrbimit P\u00ebrmbarimor Shtet\u00ebror.<\/p>\n<\/div><\/section><\/p><\/div>\n<p><!--:--><\/p>\n","protected":false},"excerpt":{"rendered":"","protected":false},"author":1,"featured_media":0,"parent":0,"menu_order":0,"comment_status":"closed","ping_status":"closed","template":"","meta":{"_bbp_topic_count":0,"_bbp_reply_count":0,"_bbp_total_topic_count":0,"_bbp_total_reply_count":0,"_bbp_voice_count":0,"_bbp_anonymous_reply_count":0,"_bbp_topic_count_hidden":0,"_bbp_reply_count_hidden":0,"_bbp_forum_subforum_count":0,"footnotes":""},"class_list":["post-5199","page","type-page","status-publish","hentry"],"_links":{"self":[{"href":"https:\/\/ais.al\/new\/wp-json\/wp\/v2\/pages\/5199","targetHints":{"allow":["GET"]}}],"collection":[{"href":"https:\/\/ais.al\/new\/wp-json\/wp\/v2\/pages"}],"about":[{"href":"https:\/\/ais.al\/new\/wp-json\/wp\/v2\/types\/page"}],"author":[{"embeddable":true,"href":"https:\/\/ais.al\/new\/wp-json\/wp\/v2\/users\/1"}],"replies":[{"embeddable":true,"href":"https:\/\/ais.al\/new\/wp-json\/wp\/v2\/comments?post=5199"}],"version-history":[{"count":3,"href":"https:\/\/ais.al\/new\/wp-json\/wp\/v2\/pages\/5199\/revisions"}],"predecessor-version":[{"id":5216,"href":"https:\/\/ais.al\/new\/wp-json\/wp\/v2\/pages\/5199\/revisions\/5216"}],"wp:attachment":[{"href":"https:\/\/ais.al\/new\/wp-json\/wp\/v2\/media?parent=5199"}],"curies":[{"name":"wp","href":"https:\/\/api.w.org\/{rel}","templated":true}]}}