{"id":5203,"date":"2015-11-02T09:43:45","date_gmt":"2015-11-02T09:43:45","guid":{"rendered":"http:\/\/ais.al\/new\/?page_id=5203"},"modified":"2015-11-02T10:22:07","modified_gmt":"2015-11-02T10:22:07","slug":"regjistri-koncesionar-prill-2015","status":"publish","type":"page","link":"https:\/\/ais.al\/new\/regjistri-koncesionar-prill-2015\/","title":{"rendered":"<!--:sq-->Regjistri koncesionar prill 2015<!--:-->"},"content":{"rendered":"<p><!--:sq--><div style='padding-bottom:0px; ' class='av-special-heading av-special-heading-h3  blockquote modern-quote modern-centered  avia-builder-el-0  el_before_av_textblock  avia-builder-el-first   av-thin-font '><h3 class='av-special-heading-tag '  itemprop=\"headline\"  ><strong>Prill 2015<\/strong><\/h3><div class='special-heading-border'><div class='special-heading-inner-border' ><\/div><\/div><\/div><\/p>\n<section class=\"av_textblock_section \"  itemscope=\"itemscope\" itemtype=\"https:\/\/schema.org\/CreativeWork\" ><div class='avia_textblock  '   itemprop=\"text\" ><p>Gjat\u00eb muajve Mars-Prill 2015,<\/p>\n<p>Regjistri Koncesionar ka publikuar 8 mar\u00ebveshje koncensionare dhe ekstrakte t\u00eb k\u00ebtyre marrevshjeve, t\u00eb cilat arrijn\u00eb nj\u00eb total prej 48 marr\u00ebveshjesh q\u00eb nga janari i k\u00ebtij viti. Informacioni i botuar n\u00eb Regjistrin Koncesionar ka inkurajuar mediat p\u00ebr t\u00eb hetuar m\u00eb mir\u00eb n\u00eb lidhje me thirrjet p\u00ebr tender t\u00eb projekte kon\u00e7esionare.<\/p>\n<p>Kjo ka sh\u00ebrbyer ve\u00e7an\u00ebrisht p\u00ebr median lolale e cila mbulon m\u00eb nga af\u00ebr \u00e7\u00ebshtje t\u00eb sh\u00ebrbimeve publike dhe aktivitetet e pushtetit lokal.<\/p>\n<\/div><\/section>\n<div class='avia-image-container  av-styling-    avia-builder-el-2  el_after_av_textblock  el_before_av_image  avia-align-center '  itemprop=\"image\" itemscope=\"itemscope\" itemtype=\"https:\/\/schema.org\/ImageObject\"  ><div class='avia-image-container-inner'><div class='avia-image-overlay-wrap'><a href='http:\/\/www.oranews.tv\/tag\/koncesioni-i-parkingjeve-vlore\/' class='avia_image'  ><img class='avia_image ' src='https:\/\/ais.al\/new\/wp-content\/uploads\/oranews.jpg' alt='' title='&lt;!--:sq--&gt;oranews&lt;!--:--&gt;'  itemprop=\"thumbnailUrl\"  \/><\/a><\/div><\/div><\/div>\n<div class='avia-image-container  av-styling-    avia-builder-el-3  el_after_av_image  el_before_av_one_half  avia-align-center '  itemprop=\"image\" itemscope=\"itemscope\" itemtype=\"https:\/\/schema.org\/ImageObject\"  ><div class='avia-image-container-inner'><div class='avia-image-overlay-wrap'><a href='http:\/\/open.data.al\/sq\/corporates\/view\/id\/934\/cat_id\/1' class='avia_image'  ><img class='avia_image ' src='https:\/\/ais.al\/new\/wp-content\/uploads\/opendata-shq1.jpg' alt='' title='&lt;!--:sq--&gt;opendata-shq&lt;!--:--&gt;'  itemprop=\"thumbnailUrl\"  \/><\/a><\/div><\/div><\/div>\n<div class=\"flex_column av_one_half  flex_column_div first  avia-builder-el-4  el_after_av_image  el_before_av_one_half  \" ><p><div class='avia-image-container  av-styling-    avia-builder-el-5  el_before_av_image  avia-builder-el-first  avia-align-center '  itemprop=\"image\" itemscope=\"itemscope\" itemtype=\"https:\/\/schema.org\/ImageObject\"  ><div class='avia-image-container-inner'><div class='avia-image-overlay-wrap'><img class='avia_image' src='https:\/\/ais.al\/new\/wp-content\/uploads\/hoxha2.jpg' alt='' title='&lt;!--:sq--&gt;hoxha2&lt;!--:--&gt;' height=\"639\" width=\"482\"  itemprop=\"thumbnailUrl\"  \/><\/div><\/div><\/div><br \/>\n<div class='avia-image-container  av-styling-    avia-builder-el-6  el_after_av_image  avia-builder-el-last  avia-align-center '  itemprop=\"image\" itemscope=\"itemscope\" itemtype=\"https:\/\/schema.org\/ImageObject\"  ><div class='avia-image-container-inner'><div class='avia-image-overlay-wrap'><img class='avia_image' src='https:\/\/ais.al\/new\/wp-content\/uploads\/sekretari-411x2261.jpg' alt='' title='&lt;!--:sq--&gt;sekretari-411x226&lt;!--:--&gt;' height=\"265\" width=\"482\"  itemprop=\"thumbnailUrl\"  \/><\/div><\/div><\/div><\/p><\/div>\n<div class=\"flex_column av_one_half  flex_column_div   avia-builder-el-7  el_after_av_one_half  el_before_av_one_third  \" ><p><div class='avia-image-container  av-styling-    avia-builder-el-8  el_before_av_image  avia-builder-el-first  avia-align-center '  itemprop=\"image\" itemscope=\"itemscope\" itemtype=\"https:\/\/schema.org\/ImageObject\"  ><div class='avia-image-container-inner'><div class='avia-image-overlay-wrap'><a href='http:\/\/www.noa.al\/artikull\/pas-deshtimit-te-fierit-dhe-abuzimit-ne-tirane-parkim-me-pagese-ne-vlore\/478892.html' class='avia_image'  ><img class='avia_image ' src='https:\/\/ais.al\/new\/wp-content\/uploads\/vloreimg1.jpg' alt='' title='&lt;!--:sq--&gt;vloreimg1&lt;!--:--&gt;'  itemprop=\"thumbnailUrl\"  \/><\/a><\/div><\/div><\/div><br \/>\n<div class='avia-image-container  av-styling-    avia-builder-el-9  el_after_av_image  avia-builder-el-last  avia-align-center '  itemprop=\"image\" itemscope=\"itemscope\" itemtype=\"https:\/\/schema.org\/ImageObject\"  ><div class='avia-image-container-inner'><div class='avia-image-overlay-wrap'><img class='avia_image' src='https:\/\/ais.al\/new\/wp-content\/uploads\/koncesionivlore1-895x1030.jpg' alt='' title='&lt;!--:sq--&gt;koncesionivlore1&lt;!--:--&gt;' height=\"1030\" width=\"895\"  itemprop=\"thumbnailUrl\"  \/><\/div><\/div><\/div><\/p><\/div>\n<div class=\"flex_column av_one_third  flex_column_div first  avia-builder-el-10  el_after_av_one_half  el_before_av_one_third  column-top-margin\" ><p><div class='avia-video avia-video-16-9 avia-video-html5  '   itemprop=\"video\" itemtype=\"https:\/\/schema.org\/VideoObject\"  data-original_url='http:\/\/ais.al\/new\/wp-content\/uploads\/Parkingjet-\u201cshkarkojn\u00eb\u201d-Sekretarin-e-Prefektur\u00ebs-Hoxha_-Rishikim-ose-revokim-koncesionit-Ora-News.mp4' ><video class=\"avia_video\"   loop preload=\"metadata\"  controls id=\"player_5203_308677525_1881969651\" >\t<source src=\"http:\/\/ais.al\/new\/wp-content\/uploads\/Parkingjet-\u201cshkarkojn\u00eb\u201d-Sekretarin-e-Prefektur\u00ebs-Hoxha_-Rishikim-ose-revokim-koncesionit-Ora-News.mp4\" type=\"video\/mp4\" \/><\/video><\/div><br \/>\n<div style='padding-bottom:5px; color:#000000;' class='av-special-heading av-special-heading-h4 custom-color-heading   avia-builder-el-12  el_after_av_video  avia-builder-el-last   '><h4 class='av-special-heading-tag '  itemprop=\"headline\"  >Parkingjet <span class='special_amp'>\u201c<\/span>shkarkojn\u00eb<span class='special_amp'>\u201d<\/span> Sekretarin e Prefektur\u00ebs, Hoxha: Rishikim ose revokim koncesionit<\/h4><div class='special-heading-border'><div class='special-heading-inner-border' style='border-color:#000000'><\/div><\/div><\/div><\/p><\/div>\n<div class=\"flex_column av_one_third  flex_column_div   avia-builder-el-13  el_after_av_one_third  el_before_av_one_third  column-top-margin\" ><p><div class='avia-video avia-video-16-9 avia-video-html5  '   itemprop=\"video\" itemtype=\"https:\/\/schema.org\/VideoObject\"  data-original_url='http:\/\/ais.al\/new\/wp-content\/uploads\/Zbardhet-dokumenti-Prefektja-e-Vlor\u00ebs-firmosi-koncesionin-e-parkingjeve-Ora-News-.mp4' ><video class=\"avia_video\"   loop preload=\"metadata\"  controls id=\"player_5203_519975903_1783974249\" >\t<source src=\"http:\/\/ais.al\/new\/wp-content\/uploads\/Zbardhet-dokumenti-Prefektja-e-Vlor\u00ebs-firmosi-koncesionin-e-parkingjeve-Ora-News-.mp4\" type=\"video\/mp4\" \/><\/video><\/div><br \/>\n<div style='padding-bottom:5px; color:#000000;' class='av-special-heading av-special-heading-h4 custom-color-heading   avia-builder-el-15  el_after_av_video  avia-builder-el-last   '><h4 class='av-special-heading-tag '  itemprop=\"headline\"  >Zbardhet dokumenti, Prefektja e Vlor\u00ebs firmosi koncesionin e parkingjeve<\/h4><div class='special-heading-border'><div class='special-heading-inner-border' style='border-color:#000000'><\/div><\/div><\/div><\/p><\/div>\n<div class=\"flex_column av_one_third  flex_column_div   avia-builder-el-16  el_after_av_one_third  el_before_av_hr  column-top-margin\" ><p><div class='avia-video avia-video-16-9 avia-video-html5  '   itemprop=\"video\" itemtype=\"https:\/\/schema.org\/VideoObject\"  data-original_url='http:\/\/ais.al\/new\/wp-content\/uploads\/Koncesioni-i-parkingjeve-n\u00eb-Vlor\u00eb-Guri_-Vendimi-pa-pyetur-qytetar\u00ebt-Ora-News-Lajmi-i-fundit-.mp4' ><video class=\"avia_video\"   loop preload=\"metadata\"  controls id=\"player_5203_2058140598_1654240968\" >\t<source src=\"http:\/\/ais.al\/new\/wp-content\/uploads\/Koncesioni-i-parkingjeve-n\u00eb-Vlor\u00eb-Guri_-Vendimi-pa-pyetur-qytetar\u00ebt-Ora-News-Lajmi-i-fundit-.mp4\" type=\"video\/mp4\" \/><\/video><\/div><br \/>\n<div style='padding-bottom:5px; color:#000000;' class='av-special-heading av-special-heading-h4 custom-color-heading   avia-builder-el-18  el_after_av_video  avia-builder-el-last   '><h4 class='av-special-heading-tag '  itemprop=\"headline\"  >Koncesioni i parkingjeve n\u00eb Vlor\u00eb, Guri: Vendimi pa pyetur qytetar\u00ebt<\/h4><div class='special-heading-border'><div class='special-heading-inner-border' style='border-color:#000000'><\/div><\/div><\/div><\/p><\/div>\n<div  class='hr hr-default   avia-builder-el-19  el_after_av_one_third  el_before_av_heading '><span class='hr-inner ' ><span class='hr-inner-style'><\/span><\/span><\/div>\n<div style='padding-bottom:10px; ' class='av-special-heading av-special-heading-h1  blockquote classic-quote  avia-builder-el-20  el_after_av_hr  el_before_av_one_half   '><h1 class='av-special-heading-tag '  itemprop=\"headline\"  >Koncesioni i Fierit<\/h1><div class='special-heading-border'><div class='special-heading-inner-border' ><\/div><\/div><\/div>\n<div class=\"flex_column av_one_half  flex_column_div first  avia-builder-el-21  el_after_av_heading  el_before_av_one_half  \" ><div class='avia-image-container  av-styling-    avia-builder-el-22  avia-builder-el-no-sibling  avia-align-center '  itemprop=\"image\" itemscope=\"itemscope\" itemtype=\"https:\/\/schema.org\/ImageObject\"  ><div class='avia-image-container-inner'><div class='avia-image-overlay-wrap'><a href='http:\/\/gazeta-shqip.com\/lajme\/2015\/04\/22\/bashkia-e-fierit-tenton-koncesion-shtatevjecar-dy-muaj-para-zgjedhjeve\/' class='avia_image'  ><img class='avia_image ' src='https:\/\/ais.al\/new\/wp-content\/uploads\/koncesioni-i-fierit.jpg' alt='' title='&lt;!--:sq--&gt;koncesioni-i-fierit&lt;!--:--&gt;'  itemprop=\"thumbnailUrl\"  \/><\/a><\/div><\/div><\/div><\/div>\n<div class=\"flex_column av_one_half  flex_column_div   avia-builder-el-23  el_after_av_one_half  el_before_av_codeblock  \" ><p><div class='avia-video avia-video-16-9 avia-video-html5  '   itemprop=\"video\" itemtype=\"https:\/\/schema.org\/VideoObject\"  data-original_url='http:\/\/ais.al\/new\/wp-content\/uploads\/A1-Report-Bashkia-Fier-shpall-koncesion-7-vje\u00e7ar-2-muaj-para-zgjedhjeve.mp4' ><video class=\"avia_video\"   loop preload=\"metadata\"  controls id=\"player_5203_239147134_525446002\" >\t<source src=\"http:\/\/ais.al\/new\/wp-content\/uploads\/A1-Report-Bashkia-Fier-shpall-koncesion-7-vje\u00e7ar-2-muaj-para-zgjedhjeve.mp4\" type=\"video\/mp4\" \/><\/video><\/div><br \/>\n<div style='padding-bottom:10px; ' class='av-special-heading av-special-heading-h4    avia-builder-el-25  el_after_av_video  avia-builder-el-last   '><h4 class='av-special-heading-tag '  itemprop=\"headline\"  >Bashkia Fier shpall koncesion 7-vje\u00e7ar 2 muaj para zgjedhjeve <\/h4><div class='special-heading-border'><div class='special-heading-inner-border' ><\/div><\/div><\/div><\/p><\/div>\n<p><!--:--><\/p>\n","protected":false},"excerpt":{"rendered":"","protected":false},"author":1,"featured_media":0,"parent":0,"menu_order":0,"comment_status":"closed","ping_status":"closed","template":"","meta":{"_bbp_topic_count":0,"_bbp_reply_count":0,"_bbp_total_topic_count":0,"_bbp_total_reply_count":0,"_bbp_voice_count":0,"_bbp_anonymous_reply_count":0,"_bbp_topic_count_hidden":0,"_bbp_reply_count_hidden":0,"_bbp_forum_subforum_count":0,"footnotes":""},"class_list":["post-5203","page","type-page","status-publish","hentry"],"_links":{"self":[{"href":"https:\/\/ais.al\/new\/wp-json\/wp\/v2\/pages\/5203","targetHints":{"allow":["GET"]}}],"collection":[{"href":"https:\/\/ais.al\/new\/wp-json\/wp\/v2\/pages"}],"about":[{"href":"https:\/\/ais.al\/new\/wp-json\/wp\/v2\/types\/page"}],"author":[{"embeddable":true,"href":"https:\/\/ais.al\/new\/wp-json\/wp\/v2\/users\/1"}],"replies":[{"embeddable":true,"href":"https:\/\/ais.al\/new\/wp-json\/wp\/v2\/comments?post=5203"}],"version-history":[{"count":4,"href":"https:\/\/ais.al\/new\/wp-json\/wp\/v2\/pages\/5203\/revisions"}],"predecessor-version":[{"id":5219,"href":"https:\/\/ais.al\/new\/wp-json\/wp\/v2\/pages\/5203\/revisions\/5219"}],"wp:attachment":[{"href":"https:\/\/ais.al\/new\/wp-json\/wp\/v2\/media?parent=5203"}],"curies":[{"name":"wp","href":"https:\/\/api.w.org\/{rel}","templated":true}]}}