{"id":5300,"date":"2015-11-05T09:00:25","date_gmt":"2015-11-05T09:00:25","guid":{"rendered":"http:\/\/ais.al\/new\/?page_id=5300"},"modified":"2017-01-23T15:59:04","modified_gmt":"2017-01-23T15:59:04","slug":"money-government-politics-ne-media-tetor-2015","status":"publish","type":"page","link":"https:\/\/ais.al\/new\/money-government-politics-ne-media-tetor-2015\/","title":{"rendered":"<!--:sq-->Money Government &#038; Politics n\u00eb Media Tetor 2015<!--:-->"},"content":{"rendered":"<p><!--:sq--><\/p>\n<div style='padding-bottom:0px; ' class='av-special-heading av-special-heading-h3  blockquote modern-quote modern-centered  avia-builder-el-1  el_after_av_codeblock  el_before_av_section  avia-builder-el-last   av-thin-font '><h3 class='av-special-heading-tag '  itemprop=\"headline\"  ><strong>Tetor 2015<\/strong><\/h3><div class='special-heading-border'><div class='special-heading-inner-border' ><\/div><\/div><\/div>\n<\/div><\/div><\/div><!-- close content main div --><\/div><\/div><div id='av_section_1' class='avia-section main_color avia-section-default avia-no-shadow avia-bg-style-scroll  avia-builder-el-2  el_after_av_heading  avia-builder-el-last   container_wrap sidebar_right' style='background-color: #f9f9f9;  '  ><div class='container' ><div class='template-page content  av-content-small alpha units'><div class='post-entry post-entry-type-page post-entry-5300'><div class='entry-content-wrapper clearfix'>\n<div class=\"flex_column av_two_third  flex_column_div first  avia-builder-el-3  el_before_av_one_third  avia-builder-el-first  \" ><div id='av-masonry-1' class='av-masonry  noHover av-flex-size av-large-gap av-hover-overlay- av-masonry-animation-active av-masonry-col-flexible av-caption-always av-caption-style- av-masonry-gallery     '  ><div class='av-masonry-container isotope av-js-disabled ' ><div class='av-masonry-entry isotope-item av-masonry-item-no-image '><\/div><div id='av-masonry-1-item-5185' data-av-masonry-item='5185' class='av-masonry-entry isotope-item post-5185 attachment type-attachment status-inherit hentry  av-masonry-item-with-image'   itemprop=\"thumbnailUrl\" ><div class='av-inner-masonry-sizer'><\/div><figure class='av-inner-masonry main_color'><div class=\"av-masonry-outerimage-container\"><div class=\"av-masonry-image-container\" ><img decoding=\"async\" src=\"https:\/\/ais.al\/new\/wp-content\/uploads\/mapo-meta-nuk-kam-makine-453x705.jpg\" title=\"&lt;!--:sq--&gt;mapo-meta-nuk-kam-makine&lt;!--:--&gt;\" alt=\"\" \/><\/div><\/div><\/figure><\/div><!--end av-masonry entry--><div id='av-masonry-1-item-5184' data-av-masonry-item='5184' class='av-masonry-entry isotope-item post-5184 attachment type-attachment status-inherit hentry  av-masonry-item-with-image'   itemprop=\"thumbnailUrl\" ><div class='av-inner-masonry-sizer'><\/div><figure class='av-inner-masonry main_color'><div class=\"av-masonry-outerimage-container\"><div class=\"av-masonry-image-container\" ><img decoding=\"async\" src=\"https:\/\/ais.al\/new\/wp-content\/uploads\/civitas-ilir-meta-skam-makine-391x705.jpg\" title=\"&lt;!--:sq--&gt;civitas-ilir-meta-skam-makine&lt;!--:--&gt;\" alt=\"\" \/><\/div><\/div><\/figure><\/div><!--end av-masonry entry--><div id='av-masonry-1-item-5153' data-av-masonry-item='5153' class='av-masonry-entry isotope-item post-5153 attachment type-attachment status-inherit hentry  av-masonry-item-with-image'   itemprop=\"thumbnailUrl\" ><div class='av-inner-masonry-sizer'><\/div><figure class='av-inner-masonry main_color'><div class=\"av-masonry-outerimage-container\"><div class=\"av-masonry-image-container\" ><img decoding=\"async\" src=\"https:\/\/ais.al\/new\/wp-content\/uploads\/PD-akuzon-serisht-Ministrine-e-Shendetesise-per-abuzime-me-tenderat-705x415.jpg\" title=\"&lt;!--:sq--&gt;PD-akuzon-serisht-Ministrine-e-Shendetesise-per-abuzime-me-tenderat&lt;!--:--&gt;\" alt=\"\" \/><\/div><\/div><\/figure><\/div><!--end av-masonry entry--><div id='av-masonry-1-item-5150' data-av-masonry-item='5150' class='av-masonry-entry isotope-item post-5150 attachment type-attachment status-inherit hentry  av-masonry-item-with-image'   itemprop=\"thumbnailUrl\" ><div class='av-inner-masonry-sizer'><\/div><figure class='av-inner-masonry main_color'><div class=\"av-masonry-outerimage-container\"><div class=\"av-masonry-image-container\" ><img decoding=\"async\" src=\"https:\/\/ais.al\/new\/wp-content\/uploads\/tvsh-pd-Beqaj-kampion-i-korrupsionit-705x652.jpg\" title=\"&lt;!--:sq--&gt;tvsh-pd-Beqaj-kampion-i-korrupsionit&lt;!--:--&gt;\" alt=\"\" \/><\/div><\/div><\/figure><\/div><!--end av-masonry entry--><div id='av-masonry-1-item-5145' data-av-masonry-item='5145' class='av-masonry-entry isotope-item post-5145 attachment type-attachment status-inherit hentry  av-masonry-item-with-image'   itemprop=\"thumbnailUrl\" ><div class='av-inner-masonry-sizer'><\/div><figure class='av-inner-masonry main_color'><div class=\"av-masonry-outerimage-container\"><div class=\"av-masonry-image-container\" ><img decoding=\"async\" src=\"https:\/\/ais.al\/new\/wp-content\/uploads\/tvsh-koncesioni-i-hekurudhes-705x652.jpg\" title=\"&lt;!--:sq--&gt;tvsh-koncesioni-i-hekurudhes&lt;!--:--&gt;\" alt=\"\" \/><\/div><\/div><\/figure><\/div><!--end av-masonry entry--><div id='av-masonry-1-item-5144' data-av-masonry-item='5144' class='av-masonry-entry isotope-item post-5144 attachment type-attachment status-inherit hentry  av-masonry-item-with-image'   itemprop=\"thumbnailUrl\" ><div class='av-inner-masonry-sizer'><\/div><figure class='av-inner-masonry main_color'><div class=\"av-masonry-outerimage-container\"><div class=\"av-masonry-image-container\" ><img decoding=\"async\" src=\"https:\/\/ais.al\/new\/wp-content\/uploads\/dita-Mungesa-e-transparenc\u00ebs-p\u00ebr-fondet-\u00e7on-n\u00eb-gjyq-PD-PS-LSI-705x573.jpg\" title=\"&lt;!--:sq--&gt;dita-Mungesa-e-transparenc\u00ebs-p\u00ebr-fondet,-\u00e7on-n\u00eb-gjyq-PD,-PS,-LSI&lt;!--:--&gt;\" alt=\"\" \/><\/div><\/div><\/figure><\/div><!--end av-masonry entry--><div id='av-masonry-1-item-5189' data-av-masonry-item='5189' class='av-masonry-entry isotope-item post-5189 attachment type-attachment status-inherit hentry  av-masonry-item-with-image'   itemprop=\"thumbnailUrl\" ><div class='av-inner-masonry-sizer'><\/div><figure class='av-inner-masonry main_color'><div class=\"av-masonry-outerimage-container\"><div class=\"av-masonry-image-container\" ><img decoding=\"async\" src=\"https:\/\/ais.al\/new\/wp-content\/uploads\/lajmifundit-pd-ps-lsi-ne-gjyq-705x559.jpg\" title=\"&lt;!--:sq--&gt;lajmifundit-pd-ps-lsi-ne-gjyq&lt;!--:--&gt;\" alt=\"\" \/><\/div><\/div><\/figure><\/div><!--end av-masonry entry--><div id='av-masonry-1-item-5140' data-av-masonry-item='5140' class='av-masonry-entry isotope-item post-5140 attachment type-attachment status-inherit hentry  av-masonry-item-with-image'   itemprop=\"thumbnailUrl\" ><div class='av-inner-masonry-sizer'><\/div><figure class='av-inner-masonry main_color'><div class=\"av-masonry-outerimage-container\"><div class=\"av-masonry-image-container\" ><img decoding=\"async\" src=\"https:\/\/ais.al\/new\/wp-content\/uploads\/rd-28-leskaj.jpg\" title=\"&lt;!--:sq--&gt;rd-28-leskaj&lt;!--:--&gt;\" alt=\"\" \/><\/div><\/div><\/figure><\/div><!--end av-masonry entry--><div id='av-masonry-1-item-5136' data-av-masonry-item='5136' class='av-masonry-entry isotope-item post-5136 attachment type-attachment status-inherit hentry  av-masonry-item-with-image'   itemprop=\"thumbnailUrl\" ><div class='av-inner-masonry-sizer'><\/div><figure class='av-inner-masonry main_color'><div class=\"av-masonry-outerimage-container\"><div class=\"av-masonry-image-container\" ><img decoding=\"async\" src=\"https:\/\/ais.al\/new\/wp-content\/uploads\/report-Kryeministria-shpenzon-vet\u00ebm-3.3-milion\u00eb-lek\u00eb-n\u00eb-vit-p\u00ebr-mir\u00ebmbajte-automjetesh-472x705.jpg\" title=\"&lt;!--:sq--&gt;report-Kryeministria-shpenzon-vet\u00ebm-3.3-milion\u00eb-lek\u00eb-n\u00eb-vit-p\u00ebr-mir\u00ebmbajte-automjetesh&lt;!--:--&gt;\" alt=\"\" \/><\/div><\/div><\/figure><\/div><!--end av-masonry entry--><div id='av-masonry-1-item-5135' data-av-masonry-item='5135' class='av-masonry-entry isotope-item post-5135 attachment type-attachment status-inherit hentry  av-masonry-item-with-image'   itemprop=\"thumbnailUrl\" ><div class='av-inner-masonry-sizer'><\/div><figure class='av-inner-masonry main_color'><div class=\"av-masonry-outerimage-container\"><div class=\"av-masonry-image-container\" ><img decoding=\"async\" src=\"https:\/\/ais.al\/new\/wp-content\/uploads\/fq-1-dita-hemodializa-498x705.jpg\" title=\"&lt;!--:sq--&gt;fq-1-dita-hemodializa&lt;!--:--&gt;\" alt=\"\" \/><\/div><\/div><\/figure><\/div><!--end av-masonry entry--><div id='av-masonry-1-item-5134' data-av-masonry-item='5134' class='av-masonry-entry isotope-item post-5134 attachment type-attachment status-inherit hentry  av-masonry-item-with-image'   itemprop=\"thumbnailUrl\" ><div class='av-inner-masonry-sizer'><\/div><figure class='av-inner-masonry main_color'><div class=\"av-masonry-outerimage-container\"><div class=\"av-masonry-image-container\" ><img decoding=\"async\" src=\"https:\/\/ais.al\/new\/wp-content\/uploads\/abc-AIS-\u00e7on-n\u00eb-gjyq-PD-PS-LSI-660x705.jpg\" title=\"&lt;!--:sq--&gt;abc-AIS \u00e7on n\u00eb gjyq PD, PS, LSI&lt;!--:--&gt;\" alt=\"\" \/><\/div><\/div><\/figure><\/div><!--end av-masonry entry--><div id='av-masonry-1-item-5133' data-av-masonry-item='5133' class='av-masonry-entry isotope-item post-5133 attachment type-attachment status-inherit hentry  av-masonry-item-with-image'   itemprop=\"thumbnailUrl\" ><div class='av-inner-masonry-sizer'><\/div><figure class='av-inner-masonry main_color'><div class=\"av-masonry-outerimage-container\"><div class=\"av-masonry-image-container\" ><img decoding=\"async\" src=\"https:\/\/ais.al\/new\/wp-content\/uploads\/18-sot-546x705.jpg\" title=\"&lt;!--:sq--&gt;eri 2-24 2015 ok ok.pmd&lt;!--:--&gt;\" alt=\"\" \/><\/div><\/div><\/figure><\/div><!--end av-masonry entry--><div id='av-masonry-1-item-5127' data-av-masonry-item='5127' class='av-masonry-entry isotope-item post-5127 attachment type-attachment status-inherit hentry  av-masonry-item-with-image'   itemprop=\"thumbnailUrl\" ><div class='av-inner-masonry-sizer'><\/div><figure class='av-inner-masonry main_color'><div class=\"av-masonry-outerimage-container\"><div class=\"av-masonry-image-container\" ><img decoding=\"async\" src=\"https:\/\/ais.al\/new\/wp-content\/uploads\/mapo-beqj-470x705.jpg\" title=\"&lt;!--:sq--&gt;mapo-beqj&lt;!--:--&gt;\" alt=\"\" \/><\/div><\/div><\/figure><\/div><!--end av-masonry entry--><div id='av-masonry-1-item-5126' data-av-masonry-item='5126' class='av-masonry-entry isotope-item post-5126 attachment type-attachment status-inherit hentry  av-masonry-item-with-image'   itemprop=\"thumbnailUrl\" ><div class='av-inner-masonry-sizer'><\/div><figure class='av-inner-masonry main_color'><div class=\"av-masonry-outerimage-container\"><div class=\"av-masonry-image-container\" ><img decoding=\"async\" src=\"https:\/\/ais.al\/new\/wp-content\/uploads\/kohajone-beqaj-517x705.jpg\" title=\"&lt;!--:sq--&gt;kohajone-beqaj&lt;!--:--&gt;\" alt=\"\" \/><\/div><\/div><\/figure><\/div><!--end av-masonry entry--><div id='av-masonry-1-item-5095' data-av-masonry-item='5095' class='av-masonry-entry isotope-item post-5095 attachment type-attachment status-inherit hentry  av-masonry-item-with-image'   itemprop=\"thumbnailUrl\" ><div class='av-inner-masonry-sizer'><\/div><figure class='av-inner-masonry main_color'><div class=\"av-masonry-outerimage-container\"><div class=\"av-masonry-image-container\" ><img decoding=\"async\" src=\"https:\/\/ais.al\/new\/wp-content\/uploads\/vizionplus-Beqaj-g\u00ebnjen-p\u00ebr-kompanin\u00eb-637x705.jpg\" title=\"&lt;!--:sq--&gt;vizionplus-Beqaj-g\u00ebnjen-p\u00ebr-kompanin\u00eb&lt;!--:--&gt;\" alt=\"\" \/><\/div><\/div><\/figure><\/div><!--end av-masonry entry--><div id='av-masonry-1-item-5092' data-av-masonry-item='5092' class='av-masonry-entry isotope-item post-5092 attachment type-attachment status-inherit hentry  av-masonry-item-with-image'   itemprop=\"thumbnailUrl\" ><div class='av-inner-masonry-sizer'><\/div><figure class='av-inner-masonry main_color'><div class=\"av-masonry-outerimage-container\"><div class=\"av-masonry-image-container\" ><img decoding=\"async\" src=\"https:\/\/ais.al\/new\/wp-content\/uploads\/reporter-349x705.jpg\" title=\"&lt;!--:sq--&gt;reporter&lt;!--:--&gt;\" alt=\"\" \/><\/div><\/div><\/figure><\/div><!--end av-masonry entry--><\/div><a class='av-masonry-pagination av-masonry-load-more' href='#load-more'  data-ids='5185,5184,5153,5150,5145,5144,5189,5140,5136,5135,5134,5133,5127,5126,5095,5092,5091,5094,5090,5089,5088,5087,5076,4894,4893,4892,4887,4886,4885,4884,4883,4882,4881,4880,5405,5413,5412,5411,5410,5409,5408,5407,5406'  data-action=''  data-link='category'  data-post_type='post, page, attachment, revision, nav_menu_item, custom_css, customize_changeset, oembed_cache, user_request, wp_block, wp_template, wp_template_part, wp_global_styles, wp_navigation, wp_font_family, wp_font_face, forum, topic, reply, portfolio, avia_framework_post'  data-items='16'  data-size='flex'  data-gap='large'  data-overlay_fx=''  data-animation='active'  data-offset='0'  data-container_links=''  data-container_class='av-masonry-gallery  '  data-paginate='load_more'  data-caption_elements='none'  data-caption_display='always'  data-caption_styling=''  data-wc_prod_visible=''  data-prod_order_by=''  data-prod_order=''  data-sort='no'  data-columns='flexible'  data-auto_ratio='1.7'  data-set_breadcrumb='1'  data-custom_markup=''  data-query_orderby='date'  data-query_order='DESC'  data-color=''  data-custom_bg=''  data-custom_class=''  data-orientation=''  data-date_filter=''  data-date_filter_start=''  data-date_filter_end=''  data-date_filter_format='yy\/mm\/dd'  data-avno='12f54e9723'>Load more<\/a><\/div><\/div><div class=\"flex_column av_one_third  flex_column_div av-zero-column-padding   avia-builder-el-5  el_after_av_two_third  avia-builder-el-last  \" style='border-radius:0px; '><p><div style='padding-bottom:10px; ' class='av-special-heading av-special-heading-h4    avia-builder-el-6  el_before_av_video  avia-builder-el-first  '><h4 class='av-special-heading-tag '  itemprop=\"headline\"  >\u00c7\u00ebshtje n\u00eb gjykim : AIS kundra PS, LSI dhe PD mbi Transparenc\u00ebn e Shpenzimeve Elektorale<\/h4><div class='special-heading-border'><div class='special-heading-inner-border' ><\/div><\/div><\/div><br \/>\n<div class='avia-video avia-video-16-9   av-lazyload-immediate  av-lazyload-video-embed  '   itemprop=\"video\" itemtype=\"https:\/\/schema.org\/VideoObject\"  data-original_url='https:\/\/www.youtube.com\/watch?v=Qec3jMc8m-Q' ><script type='text\/html' class='av-video-tmpl'><div class='avia-iframe-wrap'><iframe loading=\"lazy\" width=\"1500\" height=\"844\" src=\"https:\/\/www.youtube.com\/embed\/Qec3jMc8m-Q?feature=oembed\" frameborder=\"0\" allowfullscreen><\/iframe><\/div><\/script><div class='av-click-to-play-overlay'><div class=\"avia_playpause_icon\"><\/div><\/div><\/div><br \/>\n<div style='padding-bottom:10px; ' class='av-special-heading av-special-heading-h4    avia-builder-el-8  el_after_av_video  el_before_av_video   '><h4 class='av-special-heading-tag '  itemprop=\"headline\"  >PD akuzon serisht Ministrine e Shendetesise per abuzime me tenderat<\/h4><div class='special-heading-border'><div class='special-heading-inner-border' ><\/div><\/div><\/div><br \/>\n<div class='avia-video avia-video-16-9   av-lazyload-immediate  av-lazyload-video-embed  '   itemprop=\"video\" itemtype=\"https:\/\/schema.org\/VideoObject\"  data-original_url='https:\/\/www.youtube.com\/watch?v=jR8aPm5HNS0' ><script type='text\/html' class='av-video-tmpl'><div class='avia-iframe-wrap'><iframe loading=\"lazy\" width=\"1333\" height=\"1000\" src=\"https:\/\/www.youtube.com\/embed\/jR8aPm5HNS0?feature=oembed\" frameborder=\"0\" allowfullscreen><\/iframe><\/div><\/script><div class='av-click-to-play-overlay'><div class=\"avia_playpause_icon\"><\/div><\/div><\/div><\/p><\/div><\/div><\/div><\/div><!-- close content main div --><\/div><\/div><div id='after_section_1' class='main_color av_default_container_wrap container_wrap sidebar_right' style=' '  ><div class='container' ><div class='template-page content  av-content-small alpha units'><div class='post-entry post-entry-type-page post-entry-5300'><div class='entry-content-wrapper clearfix'><!--:--><\/p>\n","protected":false},"excerpt":{"rendered":"","protected":false},"author":1,"featured_media":0,"parent":0,"menu_order":0,"comment_status":"closed","ping_status":"closed","template":"","meta":{"_bbp_topic_count":0,"_bbp_reply_count":0,"_bbp_total_topic_count":0,"_bbp_total_reply_count":0,"_bbp_voice_count":0,"_bbp_anonymous_reply_count":0,"_bbp_topic_count_hidden":0,"_bbp_reply_count_hidden":0,"_bbp_forum_subforum_count":0,"footnotes":""},"class_list":["post-5300","page","type-page","status-publish","hentry"],"_links":{"self":[{"href":"https:\/\/ais.al\/new\/wp-json\/wp\/v2\/pages\/5300","targetHints":{"allow":["GET"]}}],"collection":[{"href":"https:\/\/ais.al\/new\/wp-json\/wp\/v2\/pages"}],"about":[{"href":"https:\/\/ais.al\/new\/wp-json\/wp\/v2\/types\/page"}],"author":[{"embeddable":true,"href":"https:\/\/ais.al\/new\/wp-json\/wp\/v2\/users\/1"}],"replies":[{"embeddable":true,"href":"https:\/\/ais.al\/new\/wp-json\/wp\/v2\/comments?post=5300"}],"version-history":[{"count":5,"href":"https:\/\/ais.al\/new\/wp-json\/wp\/v2\/pages\/5300\/revisions"}],"predecessor-version":[{"id":9518,"href":"https:\/\/ais.al\/new\/wp-json\/wp\/v2\/pages\/5300\/revisions\/9518"}],"wp:attachment":[{"href":"https:\/\/ais.al\/new\/wp-json\/wp\/v2\/media?parent=5300"}],"curies":[{"name":"wp","href":"https:\/\/api.w.org\/{rel}","templated":true}]}}