{"id":6264,"date":"2016-01-09T10:21:42","date_gmt":"2016-01-09T10:21:42","guid":{"rendered":"http:\/\/ais.al\/new\/?page_id=6264"},"modified":"2017-01-24T09:34:24","modified_gmt":"2017-01-24T09:34:24","slug":"money-government-politics-ne-media-janar-2016","status":"publish","type":"page","link":"https:\/\/ais.al\/new\/money-government-politics-ne-media-janar-2016\/","title":{"rendered":"<!--:sq-->Money Government &#038; Politics n\u00eb Media Janar 2016<!--:-->"},"content":{"rendered":"<p><!--:sq--><\/p>\n<div style='padding-bottom:0px; ' class='av-special-heading av-special-heading-h3  blockquote modern-quote modern-centered  avia-builder-el-1  el_after_av_codeblock  el_before_av_section  avia-builder-el-last   av-thin-font '><h3 class='av-special-heading-tag '  itemprop=\"headline\"  ><strong>Janar 2016<\/strong><\/h3><div class='special-heading-border'><div class='special-heading-inner-border' ><\/div><\/div><\/div>\n<\/div><\/div><\/div><!-- close content main div --><\/div><\/div><div id='av_section_1' class='avia-section main_color avia-section-default avia-no-shadow avia-bg-style-scroll  avia-builder-el-2  el_after_av_heading  avia-builder-el-last   container_wrap sidebar_right' style=' '  ><div class='container' ><div class='template-page content  av-content-small alpha units'><div class='post-entry post-entry-type-page post-entry-6264'><div class='entry-content-wrapper clearfix'>\n<div class=\"flex_column av_two_third  flex_column_div first  avia-builder-el-3  el_before_av_one_third  avia-builder-el-first  \" ><div id='av-masonry-1' class='av-masonry  noHover av-flex-size av-large-gap av-hover-overlay- av-masonry-animation-active av-masonry-col-flexible av-caption-always av-caption-style- av-masonry-gallery     '  ><div class='av-masonry-container isotope av-js-disabled ' ><div class='av-masonry-entry isotope-item av-masonry-item-no-image '><\/div><div id='av-masonry-1-item-6760' data-av-masonry-item='6760' class='av-masonry-entry isotope-item post-6760 attachment type-attachment status-inherit hentry  av-masonry-item-with-image'   itemprop=\"thumbnailUrl\" ><div class='av-inner-masonry-sizer'><\/div><figure class='av-inner-masonry main_color'><div class=\"av-masonry-outerimage-container\"><div class=\"av-masonry-image-container\" ><img decoding=\"async\" src=\"https:\/\/ais.al\/new\/wp-content\/uploads\/respublica-familjaret-e-gjyqtareve-shqiptare-te-punesuar-ne-poste-te-privilejuara-ne-sistemin-e-drejtesise-705x541.jpg\" title=\"&lt;!--:sq--&gt;respublica&#8211;familjaret-e-gjyqtareve-shqiptare-te-punesuar-ne-poste-te-privilejuara-ne-sistemin-e-drejtesise&lt;!--:--&gt;\" alt=\"\" \/><\/div><\/div><\/figure><\/div><!--end av-masonry entry--><a href=\"http:\/\/shqiptarja.com\/aktualitet\/2731\/n--pritje-t--reform-s--pun-t-elitare-t--familjeve-t--gjyqtar-ve-336046.html\" id='av-masonry-1-item-6761' data-av-masonry-item='6761' class='av-masonry-entry isotope-item post-6761 attachment type-attachment status-inherit hentry  av-masonry-item-with-image' title=\"&lt;!--:sq--&gt;shqiptarjacom-ne-pritje-te-reformes-punet-elitare-te-famljeve-te-gjyqtareve&lt;!--:--&gt;\"  itemprop=\"thumbnailUrl\" ><div class='av-inner-masonry-sizer'><\/div><figure class='av-inner-masonry main_color'><div class=\"av-masonry-outerimage-container\"><div class=\"av-masonry-image-container\" ><img decoding=\"async\" src=\"https:\/\/ais.al\/new\/wp-content\/uploads\/shqiptarjacom-ne-pritje-te-reformes-punet-elitare-te-famljeve-te-gjyqtareve-414x705.jpg\" title=\"&lt;!--:sq--&gt;shqiptarjacom-ne-pritje-te-reformes-punet-elitare-te-famljeve-te-gjyqtareve&lt;!--:--&gt;\" alt=\"\" \/><\/div><\/div><\/figure><\/a><!--end av-masonry entry--><div id='av-masonry-1-item-6762' data-av-masonry-item='6762' class='av-masonry-entry isotope-item post-6762 attachment type-attachment status-inherit hentry  av-masonry-item-with-image'   itemprop=\"thumbnailUrl\" ><div class='av-inner-masonry-sizer'><\/div><figure class='av-inner-masonry main_color'><div class=\"av-masonry-outerimage-container\"><div class=\"av-masonry-image-container\" ><img decoding=\"async\" src=\"https:\/\/ais.al\/new\/wp-content\/uploads\/syri-gjyqtaret-e-shqiperise-ja-ku-kane-te-punesuar-familjaret-e-tyre-grate-dhe-femijet-414x705.jpg\" title=\"&lt;!--:sq--&gt;syri-gjyqtaret-e-shqiperise-ja-ku-kane-te-punesuar-familjaret-e-tyre-grate-dhe-femijet&lt;!--:--&gt;\" alt=\"\" \/><\/div><\/div><\/figure><\/div><!--end av-masonry entry--><div id='av-masonry-1-item-6598' data-av-masonry-item='6598' class='av-masonry-entry isotope-item post-6598 attachment type-attachment status-inherit hentry  av-masonry-item-with-image'   itemprop=\"thumbnailUrl\" ><div class='av-inner-masonry-sizer'><\/div><figure class='av-inner-masonry main_color'><div class=\"av-masonry-outerimage-container\"><div class=\"av-masonry-image-container\" ><img decoding=\"async\" src=\"https:\/\/ais.al\/new\/wp-content\/uploads\/citynews-telefonia-fikse-dhe-celulare-ja-kush-kompani-ka-me-shume-perdorues-316x705.jpg\" title=\"&lt;!--:sq--&gt;citynews-telefonia-fikse-dhe-celulare-ja-kush-kompani-ka-me-shume-perdorues&lt;!--:--&gt;\" alt=\"\" \/><\/div><\/div><\/figure><\/div><!--end av-masonry entry--><div id='av-masonry-1-item-6567' data-av-masonry-item='6567' class='av-masonry-entry isotope-item post-6567 attachment type-attachment status-inherit hentry  av-masonry-item-with-image'   itemprop=\"thumbnailUrl\" ><div class='av-inner-masonry-sizer'><\/div><figure class='av-inner-masonry main_color'><div class=\"av-masonry-outerimage-container\"><div class=\"av-masonry-image-container\" ><img decoding=\"async\" src=\"https:\/\/ais.al\/new\/wp-content\/uploads\/scan-sherbimet-shendetesore-4.37-mld-leke-shpenzime-per-2015-705x559.jpg\" title=\"&lt;!--:sq--&gt;scan-sherbimet-shendetesore-4.37-mld-leke-shpenzime-per-2015&lt;!--:--&gt;\" alt=\"\" \/><\/div><\/div><\/figure><\/div><!--end av-masonry entry--><div id='av-masonry-1-item-6568' data-av-masonry-item='6568' class='av-masonry-entry isotope-item post-6568 attachment type-attachment status-inherit hentry  av-masonry-item-with-image'   itemprop=\"thumbnailUrl\" ><div class='av-inner-masonry-sizer'><\/div><figure class='av-inner-masonry main_color'><div class=\"av-masonry-outerimage-container\"><div class=\"av-masonry-image-container\" ><img decoding=\"async\" src=\"https:\/\/ais.al\/new\/wp-content\/uploads\/RD-4miliard-leke-per-dreka-e-darka-luksoze-542x705.jpg\" title=\"&lt;!--:sq--&gt;RD-4miliard-leke-per-dreka-e-darka-luksoze&lt;!--:--&gt;\" alt=\"\" \/><\/div><\/div><\/figure><\/div><!--end av-masonry entry--><div id='av-masonry-1-item-6456' data-av-masonry-item='6456' class='av-masonry-entry isotope-item post-6456 attachment type-attachment status-inherit hentry  av-masonry-item-with-image'   itemprop=\"thumbnailUrl\" ><div class='av-inner-masonry-sizer'><\/div><figure class='av-inner-masonry main_color'><div class=\"av-masonry-outerimage-container\"><div class=\"av-masonry-image-container\" ><img decoding=\"async\" src=\"https:\/\/ais.al\/new\/wp-content\/uploads\/shqiptarja-buxheti-i-shtetitne-2015-ilace-dhe-demshperblime-per-largimet-nga-puna-531x705.jpg\" title=\"&lt;!--:sq--&gt;shqiptarja-buxheti-i-shtetit,ne-2015-ilace-dhe-demshperblime-per-largimet-nga-puna&lt;!--:--&gt;\" alt=\"\" \/><\/div><\/div><\/figure><\/div><!--end av-masonry entry--><div id='av-masonry-1-item-6455' data-av-masonry-item='6455' class='av-masonry-entry isotope-item post-6455 attachment type-attachment status-inherit hentry  av-masonry-item-with-image'   itemprop=\"thumbnailUrl\" ><div class='av-inner-masonry-sizer'><\/div><figure class='av-inner-masonry main_color'><div class=\"av-masonry-outerimage-container\"><div class=\"av-masonry-image-container\" ><img decoding=\"async\" src=\"https:\/\/ais.al\/new\/wp-content\/uploads\/focusnews-kryeministria-trefishon-numrin-e-punonjesve-372x705.jpg\" title=\"&lt;!--:sq--&gt;focusnews-kryeministria-trefishon-numrin-e-punonjesve&lt;!--:--&gt;\" alt=\"\" \/><\/div><\/div><\/figure><\/div><!--end av-masonry entry--><div id='av-masonry-1-item-6447' data-av-masonry-item='6447' class='av-masonry-entry isotope-item post-6447 attachment type-attachment status-inherit hentry  av-masonry-item-with-image'   itemprop=\"thumbnailUrl\" ><div class='av-inner-masonry-sizer'><\/div><figure class='av-inner-masonry main_color'><div class=\"av-masonry-outerimage-container\"><div class=\"av-masonry-image-container\" ><img decoding=\"async\" src=\"https:\/\/ais.al\/new\/wp-content\/uploads\/mapo-linda-dhe-edi-rama-si-justifikojne-396mln-leket-e-shtepise-ne-surrel-414x705.jpg\" title=\"&lt;!--:sq--&gt;mapo-linda-dhe-edi-rama-si-justifikojne-396mln-leket-e-shtepise-ne-surrel&lt;!--:--&gt;\" alt=\"\" \/><\/div><\/div><\/figure><\/div><!--end av-masonry entry--><div id='av-masonry-1-item-6434' data-av-masonry-item='6434' class='av-masonry-entry isotope-item post-6434 attachment type-attachment status-inherit hentry  av-masonry-item-with-image'   itemprop=\"thumbnailUrl\" ><div class='av-inner-masonry-sizer'><\/div><figure class='av-inner-masonry main_color'><div class=\"av-masonry-outerimage-container\"><div class=\"av-masonry-image-container\" ><img decoding=\"async\" src=\"https:\/\/ais.al\/new\/wp-content\/uploads\/kohajone-pasuria-e-kryeministit-edi-rama-sipas-ilkpd-471x705.jpg\" title=\"&lt;!--:sq--&gt;kohajone-pasuria-e-kryeministit-edi-rama-sipas-ilkpd&lt;!--:--&gt;\" alt=\"\" \/><\/div><\/div><\/figure><\/div><!--end av-masonry entry--><div id='av-masonry-1-item-6435' data-av-masonry-item='6435' class='av-masonry-entry isotope-item post-6435 attachment type-attachment status-inherit hentry  av-masonry-item-with-image'   itemprop=\"thumbnailUrl\" ><div class='av-inner-masonry-sizer'><\/div><figure class='av-inner-masonry main_color'><div class=\"av-masonry-outerimage-container\"><div class=\"av-masonry-image-container\" ><img decoding=\"async\" src=\"https:\/\/ais.al\/new\/wp-content\/uploads\/lapsi-para-dhe-pushtetnjihuni-me-pasurine-e-kryeministrit-rama-389x705.jpg\" title=\"&lt;!--:sq--&gt;lapsi-para-dhe-pushtet,njihuni-me-pasurine-e-kryeministrit-rama&lt;!--:--&gt;\" alt=\"\" \/><\/div><\/div><\/figure><\/div><!--end av-masonry entry--><div id='av-masonry-1-item-6329' data-av-masonry-item='6329' class='av-masonry-entry isotope-item post-6329 attachment type-attachment status-inherit hentry  av-masonry-item-with-image'   itemprop=\"thumbnailUrl\" ><div class='av-inner-masonry-sizer'><\/div><figure class='av-inner-masonry main_color'><div class=\"av-masonry-outerimage-container\"><div class=\"av-masonry-image-container\" ><img decoding=\"async\" src=\"https:\/\/ais.al\/new\/wp-content\/uploads\/citynews-rritje-dramatike-e-tariave-te-studimit-ne-universitetet-publike-479x705.jpg\" title=\"&lt;!--:sq--&gt;citynews-rritje-dramatike-e-tariave-te-studimit-ne-universitetet-publike&lt;!--:--&gt;\" alt=\"\" \/><\/div><\/div><\/figure><\/div><!--end av-masonry entry--><div id='av-masonry-1-item-6330' data-av-masonry-item='6330' class='av-masonry-entry isotope-item post-6330 attachment type-attachment status-inherit hentry  av-masonry-item-with-image'   itemprop=\"thumbnailUrl\" ><div class='av-inner-masonry-sizer'><\/div><figure class='av-inner-masonry main_color'><div class=\"av-masonry-outerimage-container\"><div class=\"av-masonry-image-container\" ><img decoding=\"async\" src=\"https:\/\/ais.al\/new\/wp-content\/uploads\/RD-beso-i-tajvanit-linje-doge-me-drejtorin-e-policise-se-korces-333x705.jpg\" title=\"&lt;!--:sq--&gt;RD-beso-i-tajvanit-linje-doge-me-drejtorin-e-policise-se-korces&lt;!--:--&gt;\" alt=\"\" \/><\/div><\/div><\/figure><\/div><!--end av-masonry entry--><div id='av-masonry-1-item-6331' data-av-masonry-item='6331' class='av-masonry-entry isotope-item post-6331 attachment type-attachment status-inherit hentry  av-masonry-item-with-image'   itemprop=\"thumbnailUrl\" ><div class='av-inner-masonry-sizer'><\/div><figure class='av-inner-masonry main_color'><div class=\"av-masonry-outerimage-container\"><div class=\"av-masonry-image-container\" ><img decoding=\"async\" src=\"https:\/\/ais.al\/new\/wp-content\/uploads\/civitas-berisha-piktori-deshtak-rrit-me-128perqind-tarifat-e-universiteteve-publike-575x705.jpg\" title=\"&lt;!--:sq--&gt;civitas-berisha-piktori-deshtak-rrit-me-128perqind-tarifat-e-universiteteve-publike&lt;!--:--&gt;\" alt=\"\" \/><\/div><\/div><\/figure><\/div><!--end av-masonry entry--><div id='av-masonry-1-item-6261' data-av-masonry-item='6261' class='av-masonry-entry isotope-item post-6261 attachment type-attachment status-inherit hentry  av-masonry-item-with-image'   itemprop=\"thumbnailUrl\" ><div class='av-inner-masonry-sizer'><\/div><figure class='av-inner-masonry main_color'><div class=\"av-masonry-outerimage-container\"><div class=\"av-masonry-image-container\" ><img decoding=\"async\" src=\"https:\/\/ais.al\/new\/wp-content\/uploads\/oranews-miliona-abuzime-ministja-gjerveni-shpenzime-per-spote-e-konferenca-485x705.jpg\" title=\"&lt;!--:sq--&gt;oranews-miliona-abuzime-ministja-gjerveni-shpenzime-per-spote-e-konferenca&lt;!--:--&gt;\" alt=\"\" \/><\/div><\/div><\/figure><\/div><!--end av-masonry entry--><div id='av-masonry-1-item-6257' data-av-masonry-item='6257' class='av-masonry-entry isotope-item post-6257 attachment type-attachment status-inherit hentry  av-masonry-item-with-image'   itemprop=\"thumbnailUrl\" ><div class='av-inner-masonry-sizer'><\/div><figure class='av-inner-masonry main_color'><div class=\"av-masonry-outerimage-container\"><div class=\"av-masonry-image-container\" ><img decoding=\"async\" src=\"https:\/\/ais.al\/new\/wp-content\/uploads\/channelone-favorizohet-eurogjici-ne-2015-terhoqi-1-miliard-leke-nga-thesari1-321x705.jpg\" title=\"&lt;!--:sq--&gt;channelone-favorizohet-eurogjici-ne-2015-terhoqi-1-miliard-leke-nga-thesari&lt;!--:--&gt;\" alt=\"\" \/><\/div><\/div><\/figure><\/div><!--end av-masonry entry--><\/div><a class='av-masonry-pagination av-masonry-load-more' href='#load-more'  data-ids='6760,6761,6762,6598,6567,6568,6456,6455,6447,6434,6435,6329,6330,6331,6261,6257,6256,6255,6226,6225,6224,6223'  data-action=''  data-link='category'  data-post_type='post, page, attachment, revision, nav_menu_item, custom_css, customize_changeset, oembed_cache, user_request, wp_block, wp_template, wp_template_part, wp_global_styles, wp_navigation, wp_font_family, wp_font_face, forum, topic, reply, portfolio, avia_framework_post'  data-items='16'  data-size='flex'  data-gap='large'  data-overlay_fx=''  data-animation='active'  data-offset='0'  data-container_links=''  data-container_class='av-masonry-gallery  '  data-paginate='load_more'  data-caption_elements='none'  data-caption_display='always'  data-caption_styling=''  data-wc_prod_visible=''  data-prod_order_by=''  data-prod_order=''  data-sort='no'  data-columns='flexible'  data-auto_ratio='1.7'  data-set_breadcrumb='1'  data-custom_markup=''  data-query_orderby='date'  data-query_order='DESC'  data-color=''  data-custom_bg=''  data-custom_class=''  data-orientation=''  data-date_filter=''  data-date_filter_start=''  data-date_filter_end=''  data-date_filter_format='yy\/mm\/dd'  data-avno='0399f05c86'>Load more<\/a><\/div><\/div><div class=\"flex_column av_one_third  flex_column_div av-zero-column-padding   avia-builder-el-5  el_after_av_two_third  avia-builder-el-last  \" style='border-radius:0px; '><p><div style='padding-bottom:10px; ' class='av-special-heading av-special-heading-h4    avia-builder-el-6  el_before_av_video  avia-builder-el-first   '><h4 class='av-special-heading-tag '  itemprop=\"headline\"  >Report TV N\u00eb pritje t\u00eb reform\u00ebs! Pun\u00ebt elitare t\u00eb familjeve t\u00eb gjyqtar\u00ebve<\/h4><div class='special-heading-border'><div class='special-heading-inner-border' ><\/div><\/div><\/div><br \/>\n<div class='avia-video avia-video-16-9   av-lazyload-immediate  av-lazyload-video-embed  '   itemprop=\"video\" itemtype=\"https:\/\/schema.org\/VideoObject\"  data-original_url='https:\/\/youtu.be\/0ChnNBnV55k' ><script type='text\/html' class='av-video-tmpl'><div class='avia-iframe-wrap'><iframe loading=\"lazy\" width=\"1500\" height=\"844\" src=\"https:\/\/www.youtube.com\/embed\/0ChnNBnV55k?feature=oembed\" frameborder=\"0\" allowfullscreen><\/iframe><\/div><\/script><div class='av-click-to-play-overlay'><div class=\"avia_playpause_icon\"><\/div><\/div><\/div><br \/>\n<div style='padding-bottom:10px; ' class='av-special-heading av-special-heading-h4    avia-builder-el-8  el_after_av_video  el_before_av_video   '><h4 class='av-special-heading-tag '  itemprop=\"headline\"  >Top Show \u2013 Ja si fitohen tenderat!<\/h4><div class='special-heading-border'><div class='special-heading-inner-border' ><\/div><\/div><\/div><br \/>\n<div class='avia-video avia-video-16-9   av-lazyload-immediate  av-lazyload-video-embed  '   itemprop=\"video\" itemtype=\"https:\/\/schema.org\/VideoObject\"  data-original_url='https:\/\/youtu.be\/XkIo27qEM8s' ><script type='text\/html' class='av-video-tmpl'><div class='avia-iframe-wrap'><iframe loading=\"lazy\" width=\"1500\" height=\"844\" src=\"https:\/\/www.youtube.com\/embed\/XkIo27qEM8s?feature=oembed\" frameborder=\"0\" allowfullscreen><\/iframe><\/div><\/script><div class='av-click-to-play-overlay'><div class=\"avia_playpause_icon\"><\/div><\/div><\/div><br \/>\n<div style='padding-bottom:10px; ' class='av-special-heading av-special-heading-h4    avia-builder-el-10  el_after_av_video  el_before_av_video  '><h4 class='av-special-heading-tag '  itemprop=\"headline\"  >Ora News: Ministrja Gjermeni abuzime me shpenzimet p\u00ebr spote e konferenca <\/h4><div class='special-heading-border'><div class='special-heading-inner-border' ><\/div><\/div><\/div><br \/>\n<div class='avia-video avia-video-16-9   av-lazyload-immediate  av-lazyload-video-embed  '   itemprop=\"video\" itemtype=\"https:\/\/schema.org\/VideoObject\"  data-original_url='https:\/\/youtu.be\/THJEzz1e8oA' ><script type='text\/html' class='av-video-tmpl'><div class='avia-iframe-wrap'><iframe loading=\"lazy\" width=\"1500\" height=\"844\" src=\"https:\/\/www.youtube.com\/embed\/THJEzz1e8oA?feature=oembed\" frameborder=\"0\" allowfullscreen><\/iframe><\/div><\/script><div class='av-click-to-play-overlay'><div class=\"avia_playpause_icon\"><\/div><\/div><\/div><br \/>\n<div style='padding-bottom:10px; ' class='av-special-heading av-special-heading-h4    avia-builder-el-12  el_after_av_video  el_before_av_video  '><h4 class='av-special-heading-tag '  itemprop=\"headline\"  >Favorizohet Eurogjici, N\u00eb 2015 t\u00ebrhoqi 1 miliard lek\u00eb nga thesari<\/h4><div class='special-heading-border'><div class='special-heading-inner-border' ><\/div><\/div><\/div><br \/>\n<div class='avia-video avia-video-16-9   av-lazyload-immediate  av-lazyload-video-embed  '   itemprop=\"video\" itemtype=\"https:\/\/schema.org\/VideoObject\"  data-original_url='https:\/\/youtu.be\/c7EwKMl5hnM' ><script type='text\/html' class='av-video-tmpl'><div class='avia-iframe-wrap'><iframe loading=\"lazy\" width=\"1500\" height=\"844\" src=\"https:\/\/www.youtube.com\/embed\/c7EwKMl5hnM?feature=oembed\" frameborder=\"0\" allowfullscreen><\/iframe><\/div><\/script><div class='av-click-to-play-overlay'><div class=\"avia_playpause_icon\"><\/div><\/div><\/div><\/p><\/div><\/div><\/div><\/div><!-- close content main div --><\/div><\/div><div id='after_section_1' class='main_color av_default_container_wrap container_wrap sidebar_right' style=' '  ><div class='container' ><div class='template-page content  av-content-small alpha units'><div class='post-entry post-entry-type-page post-entry-6264'><div class='entry-content-wrapper clearfix'><!--:--><\/p>\n","protected":false},"excerpt":{"rendered":"","protected":false},"author":1,"featured_media":0,"parent":0,"menu_order":0,"comment_status":"closed","ping_status":"closed","template":"","meta":{"_bbp_topic_count":0,"_bbp_reply_count":0,"_bbp_total_topic_count":0,"_bbp_total_reply_count":0,"_bbp_voice_count":0,"_bbp_anonymous_reply_count":0,"_bbp_topic_count_hidden":0,"_bbp_reply_count_hidden":0,"_bbp_forum_subforum_count":0,"footnotes":""},"class_list":["post-6264","page","type-page","status-publish","hentry"],"_links":{"self":[{"href":"https:\/\/ais.al\/new\/wp-json\/wp\/v2\/pages\/6264","targetHints":{"allow":["GET"]}}],"collection":[{"href":"https:\/\/ais.al\/new\/wp-json\/wp\/v2\/pages"}],"about":[{"href":"https:\/\/ais.al\/new\/wp-json\/wp\/v2\/types\/page"}],"author":[{"embeddable":true,"href":"https:\/\/ais.al\/new\/wp-json\/wp\/v2\/users\/1"}],"replies":[{"embeddable":true,"href":"https:\/\/ais.al\/new\/wp-json\/wp\/v2\/comments?post=6264"}],"version-history":[{"count":14,"href":"https:\/\/ais.al\/new\/wp-json\/wp\/v2\/pages\/6264\/revisions"}],"predecessor-version":[{"id":6266,"href":"https:\/\/ais.al\/new\/wp-json\/wp\/v2\/pages\/6264\/revisions\/6266"}],"wp:attachment":[{"href":"https:\/\/ais.al\/new\/wp-json\/wp\/v2\/media?parent=6264"}],"curies":[{"name":"wp","href":"https:\/\/api.w.org\/{rel}","templated":true}]}}