{"id":6634,"date":"2016-02-02T09:15:49","date_gmt":"2016-02-02T09:15:49","guid":{"rendered":"http:\/\/ais.al\/new\/?page_id=6634"},"modified":"2017-01-23T14:55:42","modified_gmt":"2017-01-23T14:55:42","slug":"money-government-politics-ne-media-shkurt-2016","status":"publish","type":"page","link":"https:\/\/ais.al\/new\/money-government-politics-ne-media-shkurt-2016\/","title":{"rendered":"<!--:sq-->Money Government &#038; Politics n\u00eb Media Shkurt 2016<!--:-->"},"content":{"rendered":"<p><!--:sq--><\/p>\n<div style='padding-bottom:0px; ' class='av-special-heading av-special-heading-h3  blockquote modern-quote modern-centered  avia-builder-el-1  el_after_av_codeblock  el_before_av_section  avia-builder-el-last   av-thin-font '><h3 class='av-special-heading-tag '  itemprop=\"headline\"  ><strong>Shkurt 2016<\/strong><\/h3><div class='special-heading-border'><div class='special-heading-inner-border' ><\/div><\/div><\/div>\n<\/div><\/div><\/div><!-- close content main div --><\/div><\/div><div id='av_section_1' class='avia-section main_color avia-section-default avia-no-shadow avia-bg-style-scroll  avia-builder-el-2  el_after_av_heading  avia-builder-el-last   container_wrap sidebar_right' style=' '  ><div class='container' ><div class='template-page content  av-content-small alpha units'><div class='post-entry post-entry-type-page post-entry-6634'><div class='entry-content-wrapper clearfix'>\n<div class=\"flex_column av_two_third  flex_column_div first  avia-builder-el-3  el_before_av_one_third  avia-builder-el-first  \" ><div id='av-masonry-1' class='av-masonry  noHover av-flex-size av-large-gap av-hover-overlay- av-masonry-animation-active av-masonry-col-flexible av-caption-always av-caption-style- av-masonry-gallery     '  ><div class='av-masonry-container isotope av-js-disabled ' ><div class='av-masonry-entry isotope-item av-masonry-item-no-image '><\/div><a href=\"http:\/\/www.syri.net\/2016\/02\/10\/foto-shpallet-tenderi-qeveria-jep-me-koncesion-edhe-autostraden-durres-kukes-morine\/\" id='av-masonry-1-item-6924' data-av-masonry-item='6924' class='av-masonry-entry isotope-item post-6924 attachment type-attachment status-inherit hentry  av-masonry-item-with-image' title=\"&lt;!--:sq--&gt;syri-shpallet-tenderi-qeveria-jep-me-koncesion-edhe-autostraden-durres-kukes-morine&lt;!--:--&gt;\"  itemprop=\"thumbnailUrl\" ><div class='av-inner-masonry-sizer'><\/div><figure class='av-inner-masonry main_color'><div class=\"av-masonry-outerimage-container\"><div class=\"av-masonry-image-container\" ><img decoding=\"async\" src=\"https:\/\/ais.al\/new\/wp-content\/uploads\/syri-shpallet-tenderi-qeveria-jep-me-koncesion-edhe-autostraden-durres-kukes-morine-406x705.jpg\" title=\"&lt;!--:sq--&gt;syri-shpallet-tenderi-qeveria-jep-me-koncesion-edhe-autostraden-durres-kukes-morine&lt;!--:--&gt;\" alt=\"\" \/><\/div><\/div><\/figure><\/a><!--end av-masonry entry--><a href=\"http:\/\/www.droni.al\/web\/Koncesioni_i_radhes_qeveria_hap_garen_per_rrugen_Milot_Morine_14035_1.php\" id='av-masonry-1-item-6920' data-av-masonry-item='6920' class='av-masonry-entry isotope-item post-6920 attachment type-attachment status-inherit hentry  av-masonry-item-with-image' title=\"&lt;!--:sq--&gt;droni-koncesioni-i-radhes,-qeveria-hap-garen-per-rrugen-milot-morine&lt;!--:--&gt;\"  itemprop=\"thumbnailUrl\" ><div class='av-inner-masonry-sizer'><\/div><figure class='av-inner-masonry main_color'><div class=\"av-masonry-outerimage-container\"><div class=\"av-masonry-image-container\" ><img decoding=\"async\" src=\"https:\/\/ais.al\/new\/wp-content\/uploads\/droni-koncesioni-i-radhes-qeveria-hap-garen-per-rrugen-milot-morine-422x705.jpg\" title=\"&lt;!--:sq--&gt;droni-koncesioni-i-radhes,-qeveria-hap-garen-per-rrugen-milot-morine&lt;!--:--&gt;\" alt=\"\" \/><\/div><\/div><\/figure><\/a><!--end av-masonry entry--><a href=\"http:\/\/www.lapsi.al\/lajme\/2016\/02\/10\/rruga-milot-morin%C3%AB-hapet-gara-p%C3%ABr-nj%C3%AB-tjet%C3%ABr-kon%C3%A7ension#.VrxaCU_OtG9\" id='av-masonry-1-item-6922' data-av-masonry-item='6922' class='av-masonry-entry isotope-item post-6922 attachment type-attachment status-inherit hentry  av-masonry-item-with-image' title=\"&lt;!--:sq--&gt;lapsi-rruga-milot-morine-hapet-gara-per-nje-tjeter-koncesion&lt;!--:--&gt;\"  itemprop=\"thumbnailUrl\" ><div class='av-inner-masonry-sizer'><\/div><figure class='av-inner-masonry main_color'><div class=\"av-masonry-outerimage-container\"><div class=\"av-masonry-image-container\" ><img decoding=\"async\" src=\"https:\/\/ais.al\/new\/wp-content\/uploads\/lapsi-rruga-milot-morine-hapet-gara-per-nje-tjeter-koncesion-386x705.jpg\" title=\"&lt;!--:sq--&gt;lapsi-rruga-milot-morine-hapet-gara-per-nje-tjeter-koncesion&lt;!--:--&gt;\" alt=\"\" \/><\/div><\/div><\/figure><\/a><!--end av-masonry entry--><a href=\"http:\/\/www.ekspres.al\/index.php?option=com_content&view=article&id=34285:2016-02-10-19-29-08&catid=112:lajme-kryes\" id='av-masonry-1-item-6921' data-av-masonry-item='6921' class='av-masonry-entry isotope-item post-6921 attachment type-attachment status-inherit hentry  av-masonry-item-with-image' title=\"&lt;!--:sq--&gt;ekspres-koncesioni-i-radhes,-rihapet-tenderi-per-rrugen-milot-morine&lt;!--:--&gt;\"  itemprop=\"thumbnailUrl\" ><div class='av-inner-masonry-sizer'><\/div><figure class='av-inner-masonry main_color'><div class=\"av-masonry-outerimage-container\"><div class=\"av-masonry-image-container\" ><img decoding=\"async\" src=\"https:\/\/ais.al\/new\/wp-content\/uploads\/ekspres-koncesioni-i-radhes-rihapet-tenderi-per-rrugen-milot-morine-490x705.jpg\" title=\"&lt;!--:sq--&gt;ekspres-koncesioni-i-radhes,-rihapet-tenderi-per-rrugen-milot-morine&lt;!--:--&gt;\" alt=\"\" \/><\/div><\/div><\/figure><\/a><!--end av-masonry entry--><a href=\"http:\/\/shqiptarja.com\/aktualitet\/2731\/shpenzimet-e-bashkive-miliona-lek--p-r-detergjent--e-zbukurime--340751.html\" id='av-masonry-1-item-6891' data-av-masonry-item='6891' class='av-masonry-entry isotope-item post-6891 attachment type-attachment status-inherit hentry  av-masonry-item-with-image' title=\"&lt;!--:sq--&gt;shqiptarja-shpenzimet-e-bashkive-miliona-leke-per-detergjente-e-zbukurime&lt;!--:--&gt;\"  itemprop=\"thumbnailUrl\" ><div class='av-inner-masonry-sizer'><\/div><figure class='av-inner-masonry main_color'><div class=\"av-masonry-outerimage-container\"><div class=\"av-masonry-image-container\" ><img decoding=\"async\" src=\"https:\/\/ais.al\/new\/wp-content\/uploads\/shqiptarja-shpenzimet-e-bashkive-miliona-leke-per-detergjente-e-zbukurime-410x705.jpg\" title=\"&lt;!--:sq--&gt;shqiptarja-shpenzimet-e-bashkive-miliona-leke-per-detergjente-e-zbukurime&lt;!--:--&gt;\" alt=\"\" \/><\/div><\/div><\/figure><\/a><!--end av-masonry entry--><a href=\"http:\/\/www.mapo.al\/2016\/02\/parkimi-nentokesor-te-parku-rinia-ja-detajet-e-koncesionit\" id='av-masonry-1-item-6890' data-av-masonry-item='6890' class='av-masonry-entry isotope-item post-6890 attachment type-attachment status-inherit hentry  av-masonry-item-with-image' title=\"&lt;!--:sq--&gt;mapo-parkimi-nentokesor-te-parku-rinia-ja-detajet-e-koncesionit&lt;!--:--&gt;\"  itemprop=\"thumbnailUrl\" ><div class='av-inner-masonry-sizer'><\/div><figure class='av-inner-masonry main_color'><div class=\"av-masonry-outerimage-container\"><div class=\"av-masonry-image-container\" ><img decoding=\"async\" src=\"https:\/\/ais.al\/new\/wp-content\/uploads\/mapo-parkimi-nentokesor-te-parku-rinia-ja-detajet-e-koncesionit-290x705.jpg\" title=\"&lt;!--:sq--&gt;mapo-parkimi-nentokesor-te-parku-rinia-ja-detajet-e-koncesionit&lt;!--:--&gt;\" alt=\"\" \/><\/div><\/div><\/figure><\/a><!--end av-masonry entry--><div id='av-masonry-1-item-6635' data-av-masonry-item='6635' class='av-masonry-entry isotope-item post-6635 attachment type-attachment status-inherit hentry  av-masonry-item-with-image'   itemprop=\"thumbnailUrl\" ><div class='av-inner-masonry-sizer'><\/div><figure class='av-inner-masonry main_color'><div class=\"av-masonry-outerimage-container\"><div class=\"av-masonry-image-container\" ><img decoding=\"async\" src=\"https:\/\/ais.al\/new\/wp-content\/uploads\/panorama-emrat-ja-ku-i-kane-punesuar-familjaret-gjyqtaret-shqiptare-471x705.jpg\" title=\"&lt;!--:sq--&gt;panorama-emrat-ja-ku-i-kane-punesuar-familjaret-gjyqtaret-shqiptare&lt;!--:--&gt;\" alt=\"\" \/><\/div><\/div><\/figure><\/div><!--end av-masonry entry--><\/div><\/div><\/div><div class=\"flex_column av_one_third  flex_column_div av-zero-column-padding   avia-builder-el-5  el_after_av_two_third  avia-builder-el-last  \" style='border-radius:0px; '><section class=\"av_textblock_section \"  itemscope=\"itemscope\" itemtype=\"https:\/\/schema.org\/CreativeWork\" ><div class='avia_textblock  '   itemprop=\"text\" ><h4 class=\"yt watch-title-container\"><span id=\"eow-title\" class=\"watch-title watch-editable\" dir=\"ltr\" style=\"color: #000000;\" title=\"Report TV Shpenzimet e Bashkive, miliona lek\u00eb p\u00ebr detergjent\u00eb e zbukurime\">Shpenzimet e Bashkive, miliona lek\u00eb p\u00ebr detergjent\u00eb e zbukurime.<\/span><\/h4>\n<\/div><\/section><br \/>\n<div class='avia-video avia-video-16-9   av-lazyload-immediate  av-lazyload-video-embed  '   itemprop=\"video\" itemtype=\"https:\/\/schema.org\/VideoObject\"  data-original_url='https:\/\/www.youtube.com\/watch?v=RgLdwcLmh3c' ><script type='text\/html' class='av-video-tmpl'><div class='avia-iframe-wrap'><iframe loading=\"lazy\" width=\"1500\" height=\"844\" src=\"https:\/\/www.youtube.com\/embed\/RgLdwcLmh3c?feature=oembed\" frameborder=\"0\" allowfullscreen><\/iframe><\/div><\/script><div class='av-click-to-play-overlay'><div class=\"avia_playpause_icon\"><\/div><\/div><\/div><\/p><\/div><\/div><\/div><\/div><!-- close content main div --><\/div><\/div><div id='after_section_1' class='main_color av_default_container_wrap container_wrap sidebar_right' style=' '  ><div class='container' ><div class='template-page content  av-content-small alpha units'><div class='post-entry post-entry-type-page post-entry-6634'><div class='entry-content-wrapper clearfix'><!--:--><\/p>\n","protected":false},"excerpt":{"rendered":"","protected":false},"author":1,"featured_media":0,"parent":0,"menu_order":0,"comment_status":"closed","ping_status":"closed","template":"","meta":{"_bbp_topic_count":0,"_bbp_reply_count":0,"_bbp_total_topic_count":0,"_bbp_total_reply_count":0,"_bbp_voice_count":0,"_bbp_anonymous_reply_count":0,"_bbp_topic_count_hidden":0,"_bbp_reply_count_hidden":0,"_bbp_forum_subforum_count":0,"footnotes":""},"class_list":["post-6634","page","type-page","status-publish","hentry"],"_links":{"self":[{"href":"https:\/\/ais.al\/new\/wp-json\/wp\/v2\/pages\/6634","targetHints":{"allow":["GET"]}}],"collection":[{"href":"https:\/\/ais.al\/new\/wp-json\/wp\/v2\/pages"}],"about":[{"href":"https:\/\/ais.al\/new\/wp-json\/wp\/v2\/types\/page"}],"author":[{"embeddable":true,"href":"https:\/\/ais.al\/new\/wp-json\/wp\/v2\/users\/1"}],"replies":[{"embeddable":true,"href":"https:\/\/ais.al\/new\/wp-json\/wp\/v2\/comments?post=6634"}],"version-history":[{"count":8,"href":"https:\/\/ais.al\/new\/wp-json\/wp\/v2\/pages\/6634\/revisions"}],"predecessor-version":[{"id":6642,"href":"https:\/\/ais.al\/new\/wp-json\/wp\/v2\/pages\/6634\/revisions\/6642"}],"wp:attachment":[{"href":"https:\/\/ais.al\/new\/wp-json\/wp\/v2\/media?parent=6634"}],"curies":[{"name":"wp","href":"https:\/\/api.w.org\/{rel}","templated":true}]}}