{"id":7217,"date":"2016-04-04T13:54:37","date_gmt":"2016-04-04T13:54:37","guid":{"rendered":"http:\/\/ais.al\/new\/?page_id=7217"},"modified":"2017-01-23T14:48:19","modified_gmt":"2017-01-23T14:48:19","slug":"money-government-politics-ne-media-prill-2016","status":"publish","type":"page","link":"https:\/\/ais.al\/new\/money-government-politics-ne-media-prill-2016\/","title":{"rendered":"<!--:sq-->Money Government &#038; Politics n\u00eb Media Prill 2016<!--:-->"},"content":{"rendered":"<p><!--:sq--><\/p>\n<div style='padding-bottom:0px; ' class='av-special-heading av-special-heading-h3  blockquote modern-quote modern-centered  avia-builder-el-1  el_after_av_codeblock  el_before_av_section  avia-builder-el-last   av-thin-font '><h3 class='av-special-heading-tag '  itemprop=\"headline\"  ><strong>Prill 2016<\/strong><\/h3><div class='special-heading-border'><div class='special-heading-inner-border' ><\/div><\/div><\/div>\n<\/div><\/div><\/div><!-- close content main div --><\/div><\/div><div id='av_section_1' class='avia-section main_color avia-section-default avia-no-shadow avia-bg-style-scroll  avia-builder-el-2  el_after_av_heading  avia-builder-el-last   container_wrap sidebar_right' style=' '  ><div class='container' ><div class='template-page content  av-content-small alpha units'><div class='post-entry post-entry-type-page post-entry-7217'><div class='entry-content-wrapper clearfix'>\n<div class=\"flex_column av_two_third  flex_column_div first  avia-builder-el-3  el_before_av_one_third  avia-builder-el-first  \" ><div id='av-masonry-1' class='av-masonry  noHover av-flex-size av-large-gap av-hover-overlay- av-masonry-animation-active av-masonry-col-flexible av-caption-always av-caption-style- av-masonry-gallery     '  ><div class='av-masonry-container isotope av-js-disabled ' ><div class='av-masonry-entry isotope-item av-masonry-item-no-image '><\/div><div id='av-masonry-1-item-7304' data-av-masonry-item='7304' class='av-masonry-entry isotope-item post-7304 attachment type-attachment status-inherit hentry  av-masonry-item-with-image'   itemprop=\"thumbnailUrl\" ><div class='av-inner-masonry-sizer'><\/div><figure class='av-inner-masonry main_color'><div class=\"av-masonry-outerimage-container\"><div class=\"av-masonry-image-container\" ><img decoding=\"async\" src=\"https:\/\/ais.al\/new\/wp-content\/uploads\/mapo-blushi-rama-gara-ne-libra-449x705.jpg\" title=\"&lt;!--:sq--&gt;mapo-blushi-rama-gara-ne-libra&lt;!--:--&gt;\" alt=\"\" \/><\/div><\/div><\/figure><\/div><!--end av-masonry entry--><div id='av-masonry-1-item-7248' data-av-masonry-item='7248' class='av-masonry-entry isotope-item post-7248 attachment type-attachment status-inherit hentry  av-masonry-item-with-image'   itemprop=\"thumbnailUrl\" ><div class='av-inner-masonry-sizer'><\/div><figure class='av-inner-masonry main_color'><div class=\"av-masonry-outerimage-container\"><div class=\"av-masonry-image-container\" ><img decoding=\"async\" src=\"https:\/\/ais.al\/new\/wp-content\/uploads\/NOA-5-369x705.jpg\" title=\"&lt;!--:sq--&gt;NOA-5&lt;!--:--&gt;\" alt=\"\" \/><\/div><\/div><\/figure><\/div><!--end av-masonry entry--><div id='av-masonry-1-item-7249' data-av-masonry-item='7249' class='av-masonry-entry isotope-item post-7249 attachment type-attachment status-inherit hentry  av-masonry-item-with-image'   itemprop=\"thumbnailUrl\" ><div class='av-inner-masonry-sizer'><\/div><figure class='av-inner-masonry main_color'><div class=\"av-masonry-outerimage-container\"><div class=\"av-masonry-image-container\" ><img decoding=\"async\" src=\"https:\/\/ais.al\/new\/wp-content\/uploads\/standard-448x705.jpg\" title=\"&lt;!--:sq--&gt;standard&lt;!--:--&gt;\" alt=\"\" \/><\/div><\/div><\/figure><\/div><!--end av-masonry entry--><div id='av-masonry-1-item-7245' data-av-masonry-item='7245' class='av-masonry-entry isotope-item post-7245 attachment type-attachment status-inherit hentry  av-masonry-item-with-image'   itemprop=\"thumbnailUrl\" ><div class='av-inner-masonry-sizer'><\/div><figure class='av-inner-masonry main_color'><div class=\"av-masonry-outerimage-container\"><div class=\"av-masonry-image-container\" ><img decoding=\"async\" src=\"https:\/\/ais.al\/new\/wp-content\/uploads\/abc-news-hekurulla-407x705.jpg\" title=\"&lt;!--:sq--&gt;abc-news-hekurulla&lt;!--:--&gt;\" alt=\"\" \/><\/div><\/div><\/figure><\/div><!--end av-masonry entry--><div id='av-masonry-1-item-7243' data-av-masonry-item='7243' class='av-masonry-entry isotope-item post-7243 attachment type-attachment status-inherit hentry  av-masonry-item-with-image'   itemprop=\"thumbnailUrl\" ><div class='av-inner-masonry-sizer'><\/div><figure class='av-inner-masonry main_color'><div class=\"av-masonry-outerimage-container\"><div class=\"av-masonry-image-container\" ><img decoding=\"async\" src=\"https:\/\/ais.al\/new\/wp-content\/uploads\/Gazeta-shekulli-bashkiaket-219x705.jpg\" title=\"&lt;!--:sq--&gt;Gazeta-shekulli-bashkiaket&lt;!--:--&gt;\" alt=\"\" \/><\/div><\/div><\/figure><\/div><!--end av-masonry entry--><div id='av-masonry-1-item-7218' data-av-masonry-item='7218' class='av-masonry-entry isotope-item post-7218 attachment type-attachment status-inherit hentry  av-masonry-item-with-image'   itemprop=\"thumbnailUrl\" ><div class='av-inner-masonry-sizer'><\/div><figure class='av-inner-masonry main_color'><div class=\"av-masonry-outerimage-container\"><div class=\"av-masonry-image-container\" ><img decoding=\"async\" src=\"https:\/\/ais.al\/new\/wp-content\/uploads\/balkanweb-bashkia-302x705.jpg\" title=\"&lt;!--:sq--&gt;balkanweb-bashkia&lt;!--:--&gt;\" alt=\"\" \/><\/div><\/div><\/figure><\/div><!--end av-masonry entry--><div id='av-masonry-1-item-7219' data-av-masonry-item='7219' class='av-masonry-entry isotope-item post-7219 attachment type-attachment status-inherit hentry  av-masonry-item-with-image'   itemprop=\"thumbnailUrl\" ><div class='av-inner-masonry-sizer'><\/div><figure class='av-inner-masonry main_color'><div class=\"av-masonry-outerimage-container\"><div class=\"av-masonry-image-container\" ><img decoding=\"async\" src=\"https:\/\/ais.al\/new\/wp-content\/uploads\/gazeta-koha-jone-bashkiaket-414x705.jpg\" title=\"&lt;!--:sq--&gt;gazeta-koha-jone-bashkiaket&lt;!--:--&gt;\" alt=\"\" \/><\/div><\/div><\/figure><\/div><!--end av-masonry entry--><div id='av-masonry-1-item-7220' data-av-masonry-item='7220' class='av-masonry-entry isotope-item post-7220 attachment type-attachment status-inherit hentry  av-masonry-item-with-image'   itemprop=\"thumbnailUrl\" ><div class='av-inner-masonry-sizer'><\/div><figure class='av-inner-masonry main_color'><div class=\"av-masonry-outerimage-container\"><div class=\"av-masonry-image-container\" ><img decoding=\"async\" src=\"https:\/\/ais.al\/new\/wp-content\/uploads\/gazeta-mapo-bashkiaket-465x705.jpg\" title=\"&lt;!--:sq--&gt;gazeta-mapo-bashkiaket&lt;!--:--&gt;\" alt=\"\" \/><\/div><\/div><\/figure><\/div><!--end av-masonry entry--><div id='av-masonry-1-item-7221' data-av-masonry-item='7221' class='av-masonry-entry isotope-item post-7221 attachment type-attachment status-inherit hentry  av-masonry-item-with-image'   itemprop=\"thumbnailUrl\" ><div class='av-inner-masonry-sizer'><\/div><figure class='av-inner-masonry main_color'><div class=\"av-masonry-outerimage-container\"><div class=\"av-masonry-image-container\" ><img decoding=\"async\" src=\"https:\/\/ais.al\/new\/wp-content\/uploads\/gazeta-standard-bashkiaket-277x705.jpg\" title=\"&lt;!--:sq--&gt;gazeta-standard-bashkiaket&lt;!--:--&gt;\" alt=\"\" \/><\/div><\/div><\/figure><\/div><!--end av-masonry entry--><div id='av-masonry-1-item-7222' data-av-masonry-item='7222' class='av-masonry-entry isotope-item post-7222 attachment type-attachment status-inherit hentry  av-masonry-item-with-image'   itemprop=\"thumbnailUrl\" ><div class='av-inner-masonry-sizer'><\/div><figure class='av-inner-masonry main_color'><div class=\"av-masonry-outerimage-container\"><div class=\"av-masonry-image-container\" ><img decoding=\"async\" src=\"https:\/\/ais.al\/new\/wp-content\/uploads\/gazeta-tema-investigimi-bashkiaket-409x705.jpg\" title=\"&lt;!--:sq--&gt;gazeta-tema-investigimi-bashkiaket&lt;!--:--&gt;\" alt=\"\" \/><\/div><\/div><\/figure><\/div><!--end av-masonry entry--><div id='av-masonry-1-item-7223' data-av-masonry-item='7223' class='av-masonry-entry isotope-item post-7223 attachment type-attachment status-inherit hentry  av-masonry-item-with-image'   itemprop=\"thumbnailUrl\" ><div class='av-inner-masonry-sizer'><\/div><figure class='av-inner-masonry main_color'><div class=\"av-masonry-outerimage-container\"><div class=\"av-masonry-image-container\" ><img decoding=\"async\" src=\"https:\/\/ais.al\/new\/wp-content\/uploads\/ora-news-crow-agent-492x705.jpg\" title=\"&lt;!--:sq--&gt;ora-news-crow-agent&lt;!--:--&gt;\" alt=\"\" \/><\/div><\/div><\/figure><\/div><!--end av-masonry entry--><div id='av-masonry-1-item-7224' data-av-masonry-item='7224' class='av-masonry-entry isotope-item post-7224 attachment type-attachment status-inherit hentry  av-masonry-item-with-image'   itemprop=\"thumbnailUrl\" ><div class='av-inner-masonry-sizer'><\/div><figure class='av-inner-masonry main_color'><div class=\"av-masonry-outerimage-container\"><div class=\"av-masonry-image-container\" ><img decoding=\"async\" src=\"https:\/\/ais.al\/new\/wp-content\/uploads\/sot-news-bashkiaket-475x705.jpg\" title=\"&lt;!--:sq--&gt;sot-news-bashkiaket&lt;!--:--&gt;\" alt=\"\" \/><\/div><\/div><\/figure><\/div><!--end av-masonry entry--><div id='av-masonry-1-item-7225' data-av-masonry-item='7225' class='av-masonry-entry isotope-item post-7225 attachment type-attachment status-inherit hentry  av-masonry-item-with-image'   itemprop=\"thumbnailUrl\" ><div class='av-inner-masonry-sizer'><\/div><figure class='av-inner-masonry main_color'><div class=\"av-masonry-outerimage-container\"><div class=\"av-masonry-image-container\" ><img decoding=\"async\" src=\"https:\/\/ais.al\/new\/wp-content\/uploads\/Shqiptarja.com-bashkiaket-292x705.jpg\" title=\"&lt;!--:sq--&gt;Shqiptarja.com-bashkiaket&lt;!--:--&gt;\" alt=\"\" \/><\/div><\/div><\/figure><\/div><!--end av-masonry entry--><div id='av-masonry-1-item-7226' data-av-masonry-item='7226' class='av-masonry-entry isotope-item post-7226 attachment type-attachment status-inherit hentry  av-masonry-item-with-image'   itemprop=\"thumbnailUrl\" ><div class='av-inner-masonry-sizer'><\/div><figure class='av-inner-masonry main_color'><div class=\"av-masonry-outerimage-container\"><div class=\"av-masonry-image-container\" ><img decoding=\"async\" src=\"https:\/\/ais.al\/new\/wp-content\/uploads\/shqiptarja.com-cover-508x705.jpg\" title=\"&lt;!--:sq--&gt;shqiptarja.com-cover&lt;!--:--&gt;\" alt=\"\" \/><\/div><\/div><\/figure><\/div><!--end av-masonry entry--><div id='av-masonry-1-item-7307' data-av-masonry-item='7307' class='av-masonry-entry isotope-item post-7307 attachment type-attachment status-inherit hentry  av-masonry-item-with-image'   itemprop=\"thumbnailUrl\" ><div class='av-inner-masonry-sizer'><\/div><figure class='av-inner-masonry main_color'><div class=\"av-masonry-outerimage-container\"><div class=\"av-masonry-image-container\" ><img decoding=\"async\" src=\"https:\/\/ais.al\/new\/wp-content\/uploads\/bota-sot-pasuria-blushi-rama-289x705.jpg\" title=\"&lt;!--:sq--&gt;bota-sot-pasuria-blushi-rama&lt;!--:--&gt;\" alt=\"\" \/><\/div><\/div><\/figure><\/div><!--end av-masonry entry--><div id='av-masonry-1-item-7401' data-av-masonry-item='7401' class='av-masonry-entry isotope-item post-7401 attachment type-attachment status-inherit hentry  av-masonry-item-with-image'   itemprop=\"thumbnailUrl\" ><div class='av-inner-masonry-sizer'><\/div><figure class='av-inner-masonry main_color'><div class=\"av-masonry-outerimage-container\"><div class=\"av-masonry-image-container\" ><img decoding=\"async\" src=\"https:\/\/ais.al\/new\/wp-content\/uploads\/Focusnews-24-prill-2016-474x705.jpg\" title=\"&lt;!--:sq--&gt;Focusnews-24-prill-2016&lt;!--:--&gt;\" alt=\"\" \/><\/div><\/div><\/figure><\/div><!--end av-masonry entry--><\/div><a class='av-masonry-pagination av-masonry-load-more' href='#load-more'  data-ids='7304,7248,7249,7245,7243,7218,7219,7220,7221,7222,7223,7224,7225,7226,7307,7401,7407,7411,7414,7417,7420,7423,7426,7429,7449,7452,7455,7460,7464,7467,7470,7471,7472,7478'  data-action=''  data-link='category'  data-post_type='post, page, attachment, revision, nav_menu_item, custom_css, customize_changeset, oembed_cache, user_request, wp_block, wp_template, wp_template_part, wp_global_styles, wp_navigation, wp_font_family, wp_font_face, forum, topic, reply, portfolio, avia_framework_post'  data-items='16'  data-size='flex'  data-gap='large'  data-overlay_fx=''  data-animation='active'  data-offset='0'  data-container_links=''  data-container_class='av-masonry-gallery  '  data-paginate='load_more'  data-caption_elements='none'  data-caption_display='always'  data-caption_styling=''  data-wc_prod_visible=''  data-prod_order_by=''  data-prod_order=''  data-sort='no'  data-columns='flexible'  data-auto_ratio='1.7'  data-set_breadcrumb='1'  data-custom_markup=''  data-query_orderby='date'  data-query_order='DESC'  data-color=''  data-custom_bg=''  data-custom_class=''  data-orientation=''  data-date_filter=''  data-date_filter_start=''  data-date_filter_end=''  data-date_filter_format='yy\/mm\/dd'  data-avno='cf1b4b7cac'>Load more<\/a><\/div><\/div><div class=\"flex_column av_one_third  flex_column_div av-zero-column-padding   avia-builder-el-5  el_after_av_two_third  avia-builder-el-last  \" style='border-radius:0px; '><p><div style='padding-bottom:10px; ' class='av-special-heading av-special-heading-h4    avia-builder-el-6  el_before_av_video  avia-builder-el-first  '><h4 class='av-special-heading-tag '  itemprop=\"headline\"  >Qeveria drejt mbylljes s\u00eb llogarive me Crown Agents, nuk \u00ebsht\u00eb paguar p\u00ebr kontributin e t\u00eb ardhurave<\/h4><div class='special-heading-border'><div class='special-heading-inner-border' ><\/div><\/div><\/div><br \/>\n<div class='avia-video avia-video-16-9   av-lazyload-immediate  av-lazyload-video-embed  '   itemprop=\"video\" itemtype=\"https:\/\/schema.org\/VideoObject\"  data-original_url='https:\/\/www.youtube.com\/watch?v=OJvlm3qBdsQ' ><script type='text\/html' class='av-video-tmpl'><div class='avia-iframe-wrap'><iframe loading=\"lazy\" width=\"1500\" height=\"844\" src=\"https:\/\/www.youtube.com\/embed\/OJvlm3qBdsQ?feature=oembed\" frameborder=\"0\" allowfullscreen><\/iframe><\/div><\/script><div class='av-click-to-play-overlay'><div class=\"avia_playpause_icon\"><\/div><\/div><\/div><br \/>\n<div style='padding-bottom:10px; ' class='av-special-heading av-special-heading-h4    avia-builder-el-8  el_after_av_video  el_before_av_video  '><h4 class='av-special-heading-tag '  itemprop=\"headline\"  >Krer\u00ebt e Bashkive <span class='special_amp'>\u201c<\/span>t\u00eb krimbur<span class='special_amp'>\u201d<\/span> n\u00eb para, mesatarisht 7 prona p\u00ebr person.<\/h4><div class='special-heading-border'><div class='special-heading-inner-border' ><\/div><\/div><\/div><br \/>\n<div class='avia-video avia-video-16-9   av-lazyload-immediate  av-lazyload-video-embed  '   itemprop=\"video\" itemtype=\"https:\/\/schema.org\/VideoObject\"  data-original_url='https:\/\/www.youtube.com\/watch?v=TRZe8KHBd7E' ><script type='text\/html' class='av-video-tmpl'><div class='avia-iframe-wrap'><iframe loading=\"lazy\" width=\"1500\" height=\"844\" src=\"https:\/\/www.youtube.com\/embed\/TRZe8KHBd7E?feature=oembed\" frameborder=\"0\" allowfullscreen><\/iframe><\/div><\/script><div class='av-click-to-play-overlay'><div class=\"avia_playpause_icon\"><\/div><\/div><\/div><br \/>\n<div style='padding-bottom:10px; ' class='av-special-heading av-special-heading-h4    avia-builder-el-10  el_after_av_video  el_before_av_video  '><h4 class='av-special-heading-tag '  itemprop=\"headline\"  > ABC NEWS: Hekurudha Shqiptare SHA, sipas t\u00eb dh\u00ebnave te Open Data mungon mbulimi i shpenzimeve.<\/h4><div class='special-heading-border'><div class='special-heading-inner-border' ><\/div><\/div><\/div><br \/>\n<div class='avia-video avia-video-16-9   av-lazyload-immediate  av-lazyload-video-embed  '   itemprop=\"video\" itemtype=\"https:\/\/schema.org\/VideoObject\"  data-original_url='https:\/\/www.youtube.com\/watch?v=KLCLXzvbOsw' ><script type='text\/html' class='av-video-tmpl'><div class='avia-iframe-wrap'><iframe loading=\"lazy\" width=\"1500\" height=\"844\" src=\"https:\/\/www.youtube.com\/embed\/KLCLXzvbOsw?feature=oembed\" frameborder=\"0\" allowfullscreen><\/iframe><\/div><\/script><div class='av-click-to-play-overlay'><div class=\"avia_playpause_icon\"><\/div><\/div><\/div><\/p><\/div><\/div><\/div><\/div><!-- close content main div --><\/div><\/div><div id='after_section_1' class='main_color av_default_container_wrap container_wrap sidebar_right' style=' '  ><div class='container' ><div class='template-page content  av-content-small alpha units'><div class='post-entry post-entry-type-page post-entry-7217'><div class='entry-content-wrapper clearfix'><!--:--><\/p>\n","protected":false},"excerpt":{"rendered":"","protected":false},"author":1,"featured_media":0,"parent":0,"menu_order":0,"comment_status":"closed","ping_status":"closed","template":"","meta":{"_bbp_topic_count":0,"_bbp_reply_count":0,"_bbp_total_topic_count":0,"_bbp_total_reply_count":0,"_bbp_voice_count":0,"_bbp_anonymous_reply_count":0,"_bbp_topic_count_hidden":0,"_bbp_reply_count_hidden":0,"_bbp_forum_subforum_count":0,"footnotes":""},"class_list":["post-7217","page","type-page","status-publish","hentry"],"_links":{"self":[{"href":"https:\/\/ais.al\/new\/wp-json\/wp\/v2\/pages\/7217","targetHints":{"allow":["GET"]}}],"collection":[{"href":"https:\/\/ais.al\/new\/wp-json\/wp\/v2\/pages"}],"about":[{"href":"https:\/\/ais.al\/new\/wp-json\/wp\/v2\/types\/page"}],"author":[{"embeddable":true,"href":"https:\/\/ais.al\/new\/wp-json\/wp\/v2\/users\/1"}],"replies":[{"embeddable":true,"href":"https:\/\/ais.al\/new\/wp-json\/wp\/v2\/comments?post=7217"}],"version-history":[{"count":35,"href":"https:\/\/ais.al\/new\/wp-json\/wp\/v2\/pages\/7217\/revisions"}],"predecessor-version":[{"id":7239,"href":"https:\/\/ais.al\/new\/wp-json\/wp\/v2\/pages\/7217\/revisions\/7239"}],"wp:attachment":[{"href":"https:\/\/ais.al\/new\/wp-json\/wp\/v2\/media?parent=7217"}],"curies":[{"name":"wp","href":"https:\/\/api.w.org\/{rel}","templated":true}]}}