{"id":832,"date":"2014-06-04T10:54:06","date_gmt":"2014-06-04T10:54:06","guid":{"rendered":"http:\/\/ais.al\/new\/?page_id=832"},"modified":"2014-06-16T13:26:15","modified_gmt":"2014-06-16T13:26:15","slug":"supervisory-council","status":"publish","type":"page","link":"https:\/\/ais.al\/new\/supervisory-council\/","title":{"rendered":"<!--:sq-->Keshilli Mbikeqyres<!--:-->"},"content":{"rendered":"<p><!--:sq--><div class=\"flex_column av_one_third  flex_column_div first  avia-builder-el-0  el_before_av_one_third  avia-builder-el-first  \" ><section class='avia-team-member   avia-builder-el-1  avia-builder-el-no-sibling '  itemscope=\"itemscope\" itemtype=\"https:\/\/schema.org\/Person\" ><div class='team-img-container'><img class='avia_image avia_image_team' src='http:\/\/ais.al\/new\/wp-content\/uploads\/no-avatar-female1.png' alt='John Doe'  itemprop=\"image\"  \/><\/div><h3 class='team-member-name'    itemprop=\"name\" >John Doe<\/h3><div class='team-member-job-title '   itemprop=\"jobTitle\" >...............<\/div><div class='team-member-description '  itemprop=\"description\"  ><p>Lorem Ipsum is simply dummy text of the printing and typesetting industry. Lorem Ipsum has been the industry\u2019s standard dummy text ever since the 1500s<\/p>\n<\/div><span class='hidden team-member-affiliation'  itemprop=\"affiliation\" >Albanian Institute of Science<\/span><\/section><\/div><div class=\"flex_column av_one_third  flex_column_div   avia-builder-el-2  el_after_av_one_third  el_before_av_one_third  \" ><section class='avia-team-member   avia-builder-el-3  avia-builder-el-no-sibling '  itemscope=\"itemscope\" itemtype=\"https:\/\/schema.org\/Person\" ><div class='team-img-container'><img class='avia_image avia_image_team' src='http:\/\/ais.al\/new\/wp-content\/uploads\/no-avatar-female1.png' alt='John Doe'  itemprop=\"image\"  \/><\/div><h3 class='team-member-name'    itemprop=\"name\" >John Doe<\/h3><div class='team-member-job-title '   itemprop=\"jobTitle\" >.......................<\/div><div class='team-member-description '  itemprop=\"description\"  ><p>Lorem Ipsum is simply dummy text of the printing and typesetting industry. Lorem Ipsum has been the industry\u2019s standard dummy text ever since the 1500s<\/p>\n<\/div><span class='hidden team-member-affiliation'  itemprop=\"affiliation\" >Albanian Institute of Science<\/span><\/section><\/div><div class=\"flex_column av_one_third  flex_column_div   avia-builder-el-4  el_after_av_one_third  el_before_av_heading  \" ><section class='avia-team-member   avia-builder-el-5  avia-builder-el-no-sibling '  itemscope=\"itemscope\" itemtype=\"https:\/\/schema.org\/Person\" ><div class='team-img-container'><img class='avia_image avia_image_team' src='http:\/\/ais.al\/new\/wp-content\/uploads\/no-avatar-female1.png' alt='John Doe'  itemprop=\"image\"  \/><\/div><h3 class='team-member-name'    itemprop=\"name\" >John Doe<\/h3><div class='team-member-job-title '   itemprop=\"jobTitle\" >.................<\/div><div class='team-member-description '  itemprop=\"description\"  ><p>Lorem Ipsum is simply dummy text of the printing and typesetting industry. Lorem Ipsum has been the industry\u2019s standard dummy text ever since the 1500s<\/p>\n<\/div><span class='hidden team-member-affiliation'  itemprop=\"affiliation\" >Albanian Institute of Science<\/span><\/section><\/div><div style='padding-bottom:10px; ' class='av-special-heading av-special-heading-h3    avia-builder-el-6  el_after_av_one_third  el_before_av_magazine  '><h3 class='av-special-heading-tag '  itemprop=\"headline\"  >Related Articles<\/h3><div class='special-heading-border'><div class='special-heading-inner-border' ><\/div><\/div><\/div><\/p>\n<p><div id='av-magazine-1' class='av-magazine   avia-builder-el-7  el_after_av_heading  avia-builder-el-last   av-magazine-top-bar-active av-magazine-tabs-active' ><div class='av-magazine-top-bar ' ><\/div><div class='av-magazine-group sort_all'><article class='hentry av-magazine-entry av-magazine-entry-id-573716 av-magazine-format-standard av-magazine-type-post av-magazine-entry-1 av-magazine-entry-small '  itemscope=\"itemscope\" itemtype=\"https:\/\/schema.org\/CreativeWork\" ><div class='av-magazine-thumbnail'><a href='https:\/\/ais.al\/new\/ais-dhe-acer-shprehin-shqetesim-per-situaten-ne-institucionin-me-te-larte-te-sektorit-te-prokurimit-publik\/' title='Link to: AIS dhe ACER shprehin shqet\u00ebsim p\u00ebr situat\u00ebn n\u00eb institucionin m\u00eb t\u00eb lart\u00eb t\u00eb sektorit t\u00eb prokurimit publik' class='av-magazine-thumbnail-link '><img loading=\"lazy\" decoding=\"async\" width=\"78\" height=\"80\" src=\"https:\/\/ais.al\/new\/wp-content\/uploads\/Screenshot-2025-07-29-125228.png\" class=\"attachment-thumbnail size-thumbnail wp-post-image\" alt=\"\" \/><\/a><\/div><div class='av-magazine-content-wrap'><header class='entry-content-header'><time class='av-magazine-time updated'  itemprop=\"datePublished\" datetime=\"2025-07-29T10:55:04+01:00\" >29\/07\/2025<\/time><span class='av-magazine-text-sep text-sep-date'>\/<\/span><span class=\"av-magazine-author minor-meta\">by <span class=\"av-magazine-author-link\"  itemprop=\"author\" ><span class='av-magazine-author meta-color vcard author'><span class='fn'><a href=https:\/\/ais.al\/new\/author\/admin\/ title=\"by admin\" rel=\"author\">admin<\/a><\/span><\/span><\/span><\/span><h3 class='av-magazine-title entry-title'  itemprop=\"headline\" ><a href='https:\/\/ais.al\/new\/ais-dhe-acer-shprehin-shqetesim-per-situaten-ne-institucionin-me-te-larte-te-sektorit-te-prokurimit-publik\/' title='Link to: AIS dhe ACER shprehin shqet\u00ebsim p\u00ebr situat\u00ebn n\u00eb institucionin m\u00eb t\u00eb lart\u00eb t\u00eb sektorit t\u00eb prokurimit publik'>AIS dhe ACER shprehin shqet\u00ebsim p\u00ebr situat\u00ebn n\u00eb institucionin m\u00eb t\u00eb lart\u00eb t\u00eb sektorit t\u00eb prokurimit publik<\/a><\/h3><\/header><\/div><footer class='entry-footer'><\/footer><\/article><article class='hentry av-magazine-entry av-magazine-entry-id-573384 av-magazine-format-standard av-magazine-type-post av-magazine-entry-2 av-magazine-entry-small '  itemscope=\"itemscope\" itemtype=\"https:\/\/schema.org\/CreativeWork\" ><div class='av-magazine-thumbnail'><a href='https:\/\/ais.al\/new\/parlamenti-shqiptar-pas-zgjedhjeve-te-majit-2025-ais-publikon-deklarime-mbi-integritetin-per-140-deputetet-e-zgjedhur\/' title='Link to: Parlamenti Shqiptar pas Zgjedhjeve t\u00eb Majit 2025 \u2013 AIS Publikon Deklarime mbi Integritetin p\u00ebr 140 Deputet\u00ebt e Zgjedhur' class='av-magazine-thumbnail-link '><img loading=\"lazy\" decoding=\"async\" width=\"80\" height=\"80\" src=\"https:\/\/ais.al\/new\/wp-content\/uploads\/mp-bannerr-1.jpg\" class=\"attachment-thumbnail size-thumbnail wp-post-image\" alt=\"\" \/><\/a><\/div><div class='av-magazine-content-wrap'><header class='entry-content-header'><time class='av-magazine-time updated'  itemprop=\"datePublished\" datetime=\"2025-07-12T09:26:34+01:00\" >12\/07\/2025<\/time><span class='av-magazine-text-sep text-sep-date'>\/<\/span><span class=\"av-magazine-author minor-meta\">by <span class=\"av-magazine-author-link\"  itemprop=\"author\" ><span class='av-magazine-author meta-color vcard author'><span class='fn'><a href=https:\/\/ais.al\/new\/author\/admin\/ title=\"by admin\" rel=\"author\">admin<\/a><\/span><\/span><\/span><\/span><h3 class='av-magazine-title entry-title'  itemprop=\"headline\" ><a href='https:\/\/ais.al\/new\/parlamenti-shqiptar-pas-zgjedhjeve-te-majit-2025-ais-publikon-deklarime-mbi-integritetin-per-140-deputetet-e-zgjedhur\/' title='Link to: Parlamenti Shqiptar pas Zgjedhjeve t\u00eb Majit 2025 \u2013 AIS Publikon Deklarime mbi Integritetin p\u00ebr 140 Deputet\u00ebt e Zgjedhur'>Parlamenti Shqiptar pas Zgjedhjeve t\u00eb Majit 2025 \u2013 AIS Publikon Deklarime mbi Integritetin p\u00ebr 140 Deputet\u00ebt e Zgjedhur<\/a><\/h3><\/header><\/div><footer class='entry-footer'><\/footer><\/article><article class='hentry av-magazine-entry av-magazine-entry-id-573328 av-magazine-format-standard av-magazine-type-post av-magazine-entry-3 av-magazine-entry-small '  itemscope=\"itemscope\" itemtype=\"https:\/\/schema.org\/CreativeWork\" ><div class='av-magazine-thumbnail'><a href='https:\/\/ais.al\/new\/nisme-per-transparence-dhe-llogaridhenie-ne-legjislacion-acer-dhe-ais-trajnojne-ojf-te-per-vleresim-antikorrupsion-te-projektligjeve-ne-parlament\/' title='Link to: Nism\u00eb p\u00ebr Transparenc\u00eb dhe Llogaridh\u00ebnie n\u00eb Legjislacion: ACER dhe AIS Trajnojn\u00eb OJF-t\u00eb p\u00ebr Vler\u00ebsim Antikorrupsion t\u00eb Projektligjeve n\u00eb Parlament' class='av-magazine-thumbnail-link '><img loading=\"lazy\" decoding=\"async\" width=\"80\" height=\"80\" src=\"https:\/\/ais.al\/new\/wp-content\/uploads\/photo-collage.png-1.png\" class=\"attachment-thumbnail size-thumbnail wp-post-image\" alt=\"\" \/><\/a><\/div><div class='av-magazine-content-wrap'><header class='entry-content-header'><time class='av-magazine-time updated'  itemprop=\"datePublished\" datetime=\"2025-07-12T08:44:25+01:00\" >12\/07\/2025<\/time><span class='av-magazine-text-sep text-sep-date'>\/<\/span><span class=\"av-magazine-author minor-meta\">by <span class=\"av-magazine-author-link\"  itemprop=\"author\" ><span class='av-magazine-author meta-color vcard author'><span class='fn'><a href=https:\/\/ais.al\/new\/author\/admin\/ title=\"by admin\" rel=\"author\">admin<\/a><\/span><\/span><\/span><\/span><h3 class='av-magazine-title entry-title'  itemprop=\"headline\" ><a href='https:\/\/ais.al\/new\/nisme-per-transparence-dhe-llogaridhenie-ne-legjislacion-acer-dhe-ais-trajnojne-ojf-te-per-vleresim-antikorrupsion-te-projektligjeve-ne-parlament\/' title='Link to: Nism\u00eb p\u00ebr Transparenc\u00eb dhe Llogaridh\u00ebnie n\u00eb Legjislacion: ACER dhe AIS Trajnojn\u00eb OJF-t\u00eb p\u00ebr Vler\u00ebsim Antikorrupsion t\u00eb Projektligjeve n\u00eb Parlament'>Nism\u00eb p\u00ebr Transparenc\u00eb dhe Llogaridh\u00ebnie n\u00eb Legjislacion: ACER dhe AIS Trajnojn\u00eb OJF-t\u00eb p\u00ebr Vler\u00ebsim Antikorrupsion t\u00eb Projektligjeve n\u00eb Parlament<\/a><\/h3><\/header><\/div><footer class='entry-footer'><\/footer><\/article><article class='hentry av-magazine-entry av-magazine-entry-id-573233 av-magazine-format-standard av-magazine-type-post av-magazine-entry-4 av-magazine-entry-small '  itemscope=\"itemscope\" itemtype=\"https:\/\/schema.org\/CreativeWork\" ><div class='av-magazine-thumbnail'><a href='https:\/\/ais.al\/new\/dhenie-mendimi-gjate-konsultimit-publik-te-draft-strategjise-nder-sektoriale-kunder-korrupsionit-2024-2030-2\/' title='Link to: Dh\u00ebnie mendimi gjat\u00eb Konsultimit Publik t\u00eb Draft Strategjis\u00eb Nd\u00ebr Sektoriale Kund\u00ebr Korrupsionit 2024 \u2013 2030' class='av-magazine-thumbnail-link '><img loading=\"lazy\" decoding=\"async\" width=\"80\" height=\"80\" src=\"https:\/\/ais.al\/new\/wp-content\/uploads\/img-1.png\" class=\"attachment-thumbnail size-thumbnail wp-post-image\" alt=\"\" \/><\/a><\/div><div class='av-magazine-content-wrap'><header class='entry-content-header'><time class='av-magazine-time updated'  itemprop=\"datePublished\" datetime=\"2025-04-26T10:28:52+01:00\" >26\/04\/2025<\/time><span class='av-magazine-text-sep text-sep-date'>\/<\/span><span class=\"av-magazine-author minor-meta\">by <span class=\"av-magazine-author-link\"  itemprop=\"author\" ><span class='av-magazine-author meta-color vcard author'><span class='fn'><a href=https:\/\/ais.al\/new\/author\/admin\/ title=\"by admin\" rel=\"author\">admin<\/a><\/span><\/span><\/span><\/span><h3 class='av-magazine-title entry-title'  itemprop=\"headline\" ><a href='https:\/\/ais.al\/new\/dhenie-mendimi-gjate-konsultimit-publik-te-draft-strategjise-nder-sektoriale-kunder-korrupsionit-2024-2030-2\/' title='Link to: Dh\u00ebnie mendimi gjat\u00eb Konsultimit Publik t\u00eb Draft Strategjis\u00eb Nd\u00ebr Sektoriale Kund\u00ebr Korrupsionit 2024 \u2013 2030'>Dh\u00ebnie mendimi gjat\u00eb Konsultimit Publik t\u00eb Draft Strategjis\u00eb Nd\u00ebr Sektoriale Kund\u00ebr Korrupsionit 2024 \u2013 2030<\/a><\/h3><\/header><\/div><footer class='entry-footer'><\/footer><\/article><article class='hentry av-magazine-entry av-magazine-entry-id-573207 av-magazine-format-standard av-magazine-type-post av-magazine-entry-5 av-magazine-entry-small '  itemscope=\"itemscope\" itemtype=\"https:\/\/schema.org\/CreativeWork\" ><div class='av-magazine-thumbnail'><a href='https:\/\/ais.al\/new\/trajnim-gjurmimi-i-korrupsionit-permes-evidencave-dhe-fakteve-ceshtje-te-transparences\/' title='Link to: Trajnim: Gjurmimi i Korrupsionit p\u00ebrmes Evidencave dhe Fakteve, \u00c7\u00ebshtje t\u00eb Transparenc\u00ebs' class='av-magazine-thumbnail-link '><img loading=\"lazy\" decoding=\"async\" width=\"80\" height=\"80\" src=\"https:\/\/ais.al\/new\/wp-content\/uploads\/WhatsApp-Image-2024-10-14-at-12.37.22-1.jpeg\" class=\"attachment-thumbnail size-thumbnail wp-post-image\" alt=\"\" \/><\/a><\/div><div class='av-magazine-content-wrap'><header class='entry-content-header'><time class='av-magazine-time updated'  itemprop=\"datePublished\" datetime=\"2025-04-26T10:12:42+01:00\" >26\/04\/2025<\/time><span class='av-magazine-text-sep text-sep-date'>\/<\/span><span class=\"av-magazine-author minor-meta\">by <span class=\"av-magazine-author-link\"  itemprop=\"author\" ><span class='av-magazine-author meta-color vcard author'><span class='fn'><a href=https:\/\/ais.al\/new\/author\/admin\/ title=\"by admin\" rel=\"author\">admin<\/a><\/span><\/span><\/span><\/span><h3 class='av-magazine-title entry-title'  itemprop=\"headline\" ><a href='https:\/\/ais.al\/new\/trajnim-gjurmimi-i-korrupsionit-permes-evidencave-dhe-fakteve-ceshtje-te-transparences\/' title='Link to: Trajnim: Gjurmimi i Korrupsionit p\u00ebrmes Evidencave dhe Fakteve, \u00c7\u00ebshtje t\u00eb Transparenc\u00ebs'>Trajnim: Gjurmimi i Korrupsionit p\u00ebrmes Evidencave dhe Fakteve, \u00c7\u00ebshtje t\u00eb Transparenc\u00ebs<\/a><\/h3><\/header><\/div><footer class='entry-footer'><\/footer><\/article><\/div><\/div><!--:--><\/p>\n","protected":false},"excerpt":{"rendered":"","protected":false},"author":1,"featured_media":0,"parent":0,"menu_order":0,"comment_status":"closed","ping_status":"closed","template":"","meta":{"_bbp_topic_count":0,"_bbp_reply_count":0,"_bbp_total_topic_count":0,"_bbp_total_reply_count":0,"_bbp_voice_count":0,"_bbp_anonymous_reply_count":0,"_bbp_topic_count_hidden":0,"_bbp_reply_count_hidden":0,"_bbp_forum_subforum_count":0,"footnotes":""},"class_list":["post-832","page","type-page","status-publish","hentry"],"_links":{"self":[{"href":"https:\/\/ais.al\/new\/wp-json\/wp\/v2\/pages\/832","targetHints":{"allow":["GET"]}}],"collection":[{"href":"https:\/\/ais.al\/new\/wp-json\/wp\/v2\/pages"}],"about":[{"href":"https:\/\/ais.al\/new\/wp-json\/wp\/v2\/types\/page"}],"author":[{"embeddable":true,"href":"https:\/\/ais.al\/new\/wp-json\/wp\/v2\/users\/1"}],"replies":[{"embeddable":true,"href":"https:\/\/ais.al\/new\/wp-json\/wp\/v2\/comments?post=832"}],"version-history":[{"count":4,"href":"https:\/\/ais.al\/new\/wp-json\/wp\/v2\/pages\/832\/revisions"}],"predecessor-version":[{"id":1409,"href":"https:\/\/ais.al\/new\/wp-json\/wp\/v2\/pages\/832\/revisions\/1409"}],"wp:attachment":[{"href":"https:\/\/ais.al\/new\/wp-json\/wp\/v2\/media?parent=832"}],"curies":[{"name":"wp","href":"https:\/\/api.w.org\/{rel}","templated":true}]}}