{"id":8543,"date":"2016-09-22T14:28:35","date_gmt":"2016-09-22T14:28:35","guid":{"rendered":"http:\/\/ais.al\/new\/?page_id=8543"},"modified":"2017-05-16T14:43:23","modified_gmt":"2017-05-16T14:43:23","slug":"open-procurement-ne-media-gusht-shtator-2016","status":"publish","type":"page","link":"https:\/\/ais.al\/new\/open-procurement-ne-media-gusht-shtator-2016\/","title":{"rendered":"<!--:sq-->Open Procurement ne Media Gusht-Shtator 2016<!--:-->"},"content":{"rendered":"\n<div style='padding-bottom:0px; ' class='av-special-heading av-special-heading-h3  blockquote modern-quote modern-centered  avia-builder-el-1  el_after_av_codeblock  el_before_av_section  avia-builder-el-last   av-thin-font '><h3 class='av-special-heading-tag '  itemprop=\"headline\"  ><strong>Gusht-Shtator 2016<\/strong><\/h3><div class='special-heading-border'><div class='special-heading-inner-border' ><\/div><\/div><\/div>\n<\/div><\/div><\/div><!-- close content main div --><\/div><\/div><div id='av_section_1' class='avia-section main_color avia-section-default avia-no-shadow avia-bg-style-scroll  avia-builder-el-2  el_after_av_heading  avia-builder-el-last   container_wrap sidebar_right' style=' '  ><div class='container' ><div class='template-page content  av-content-small alpha units'><div class='post-entry post-entry-type-page post-entry-8543'><div class='entry-content-wrapper clearfix'>\n<div class=\"flex_column av_two_third  flex_column_div first  avia-builder-el-3  el_before_av_one_third  avia-builder-el-first  \" ><div id='av-masonry-1' class='av-masonry  noHover av-flex-size av-large-gap av-hover-overlay- av-masonry-animation-active av-masonry-col-flexible av-caption-always av-caption-style- av-masonry-gallery     '  ><div class='av-masonry-container isotope av-js-disabled ' ><div class='av-masonry-entry isotope-item av-masonry-item-no-image '><\/div><a href=\"https:\/\/ais.al\/new\/wp-content\/uploads\/AbcNews-Basha-26-09-2016-654x1030.jpg\" id='av-masonry-1-item-8654' data-av-masonry-item='8654' class='av-masonry-entry isotope-item post-8654 attachment type-attachment status-inherit hentry  av-masonry-item-with-image' title=\"&lt;!--:sq--&gt;abcnews-basha-26-09-2016&lt;!--:--&gt;\"  itemprop=\"thumbnailUrl\" ><div class='av-inner-masonry-sizer'><\/div><figure class='av-inner-masonry main_color'><div class=\"av-masonry-outerimage-container\"><div class=\"av-masonry-image-container\" ><img decoding=\"async\" src=\"https:\/\/ais.al\/new\/wp-content\/uploads\/AbcNews-Basha-26-09-2016-447x705.jpg\" title=\"&lt;!--:sq--&gt;abcnews-basha-26-09-2016&lt;!--:--&gt;\" alt=\"\" \/><\/div><\/div><\/figure><\/a><!--end av-masonry entry--><a href=\"https:\/\/ais.al\/new\/wp-content\/uploads\/Balkanweb-19-09-2016-428x1030.jpg\" id='av-masonry-1-item-8581' data-av-masonry-item='8581' class='av-masonry-entry isotope-item post-8581 attachment type-attachment status-inherit hentry  av-masonry-item-with-image' title=\"&lt;!--:sq--&gt;balkanweb-19-09-2016&lt;!--:--&gt;\"  itemprop=\"thumbnailUrl\" ><div class='av-inner-masonry-sizer'><\/div><figure class='av-inner-masonry main_color'><div class=\"av-masonry-outerimage-container\"><div class=\"av-masonry-image-container\" ><img decoding=\"async\" src=\"https:\/\/ais.al\/new\/wp-content\/uploads\/Balkanweb-19-09-2016-293x705.jpg\" title=\"&lt;!--:sq--&gt;balkanweb-19-09-2016&lt;!--:--&gt;\" alt=\"\" \/><\/div><\/div><\/figure><\/a><!--end av-masonry entry--><a href=\"https:\/\/ais.al\/new\/wp-content\/uploads\/AbcNews-27.08.2016-689x1030.jpg\" id='av-masonry-1-item-8664' data-av-masonry-item='8664' class='av-masonry-entry isotope-item post-8664 attachment type-attachment status-inherit hentry  av-masonry-item-with-image' title=\"&lt;!--:sq--&gt;abcnews-27-08-2016&lt;!--:--&gt;\"  itemprop=\"thumbnailUrl\" ><div class='av-inner-masonry-sizer'><\/div><figure class='av-inner-masonry main_color'><div class=\"av-masonry-outerimage-container\"><div class=\"av-masonry-image-container\" ><img decoding=\"async\" src=\"https:\/\/ais.al\/new\/wp-content\/uploads\/AbcNews-27.08.2016-472x705.jpg\" title=\"&lt;!--:sq--&gt;abcnews-27-08-2016&lt;!--:--&gt;\" alt=\"\" \/><\/div><\/div><\/figure><\/a><!--end av-masonry entry--><a href=\"https:\/\/ais.al\/new\/wp-content\/uploads\/ABC-NEWS-17-08-2016-757x1030.jpg\" id='av-masonry-1-item-8576' data-av-masonry-item='8576' class='av-masonry-entry isotope-item post-8576 attachment type-attachment status-inherit hentry  av-masonry-item-with-image' title=\"&lt;!--:sq--&gt;abc-news-17-08-2016&lt;!--:--&gt;\"  itemprop=\"thumbnailUrl\" ><div class='av-inner-masonry-sizer'><\/div><figure class='av-inner-masonry main_color'><div class=\"av-masonry-outerimage-container\"><div class=\"av-masonry-image-container\" ><img decoding=\"async\" src=\"https:\/\/ais.al\/new\/wp-content\/uploads\/ABC-NEWS-17-08-2016-518x705.jpg\" title=\"&lt;!--:sq--&gt;abc-news-17-08-2016&lt;!--:--&gt;\" alt=\"\" \/><\/div><\/div><\/figure><\/a><!--end av-masonry entry--><a href=\"https:\/\/ais.al\/new\/wp-content\/uploads\/OraNews-19-09-2016.jpg\" id='av-masonry-1-item-8580' data-av-masonry-item='8580' class='av-masonry-entry isotope-item post-8580 attachment type-attachment status-inherit hentry  av-masonry-item-with-image' title=\"&lt;!--:sq--&gt;oranews-19-09-2016&lt;!--:--&gt;\"  itemprop=\"thumbnailUrl\" ><div class='av-inner-masonry-sizer'><\/div><figure class='av-inner-masonry main_color'><div class=\"av-masonry-outerimage-container\"><div class=\"av-masonry-image-container\" ><img decoding=\"async\" src=\"https:\/\/ais.al\/new\/wp-content\/uploads\/OraNews-19-09-2016-705x650.jpg\" title=\"&lt;!--:sq--&gt;oranews-19-09-2016&lt;!--:--&gt;\" alt=\"\" \/><\/div><\/div><\/figure><\/a><!--end av-masonry entry--><a href=\"https:\/\/ais.al\/new\/wp-content\/uploads\/Panorama.com_.al-30.08.2016-650x1030.jpg\" id='av-masonry-1-item-8376' data-av-masonry-item='8376' class='av-masonry-entry isotope-item post-8376 attachment type-attachment status-inherit hentry  av-masonry-item-with-image' title=\"&lt;!--:sq--&gt;Panorama.com.al-30.08.2016&lt;!--:--&gt;\"  itemprop=\"thumbnailUrl\" ><div class='av-inner-masonry-sizer'><\/div><figure class='av-inner-masonry main_color'><div class=\"av-masonry-outerimage-container\"><div class=\"av-masonry-image-container\" ><img decoding=\"async\" src=\"https:\/\/ais.al\/new\/wp-content\/uploads\/Panorama.com_.al-30.08.2016-445x705.jpg\" title=\"&lt;!--:sq--&gt;Panorama.com.al-30.08.2016&lt;!--:--&gt;\" alt=\"\" \/><\/div><\/div><\/figure><\/a><!--end av-masonry entry--><a href=\"https:\/\/ais.al\/new\/wp-content\/uploads\/Newsbomb-19.08.2016-627x1030.jpg\" id='av-masonry-1-item-8374' data-av-masonry-item='8374' class='av-masonry-entry isotope-item post-8374 attachment type-attachment status-inherit hentry  av-masonry-item-with-image' title=\"&lt;!--:sq--&gt;Newsbomb-19.08.2016&lt;!--:--&gt;\"  itemprop=\"thumbnailUrl\" ><div class='av-inner-masonry-sizer'><\/div><figure class='av-inner-masonry main_color'><div class=\"av-masonry-outerimage-container\"><div class=\"av-masonry-image-container\" ><img decoding=\"async\" src=\"https:\/\/ais.al\/new\/wp-content\/uploads\/Newsbomb-19.08.2016-429x705.jpg\" title=\"&lt;!--:sq--&gt;Newsbomb-19.08.2016&lt;!--:--&gt;\" alt=\"\" \/><\/div><\/div><\/figure><\/a><!--end av-masonry entry--><a href=\"https:\/\/ais.al\/new\/wp-content\/uploads\/AbcNews-26-09-2016-678x1030.jpg\" id='av-masonry-1-item-8653' data-av-masonry-item='8653' class='av-masonry-entry isotope-item post-8653 attachment type-attachment status-inherit hentry  av-masonry-item-with-image' title=\"&lt;!--:sq--&gt;abcnews-26-09-2016&lt;!--:--&gt;\"  itemprop=\"thumbnailUrl\" ><div class='av-inner-masonry-sizer'><\/div><figure class='av-inner-masonry main_color'><div class=\"av-masonry-outerimage-container\"><div class=\"av-masonry-image-container\" ><img decoding=\"async\" src=\"https:\/\/ais.al\/new\/wp-content\/uploads\/AbcNews-26-09-2016-464x705.jpg\" title=\"&lt;!--:sq--&gt;abcnews-26-09-2016&lt;!--:--&gt;\" alt=\"\" \/><\/div><\/div><\/figure><\/a><!--end av-masonry entry--><a href=\"https:\/\/ais.al\/new\/wp-content\/uploads\/Shekulli-30.08.2016.jpg\" id='av-masonry-1-item-8387' data-av-masonry-item='8387' class='av-masonry-entry isotope-item post-8387 attachment type-attachment status-inherit hentry  av-masonry-item-with-image' title=\"&lt;!--:sq--&gt;Shekulli-30.08.2016&lt;!--:--&gt;\"  itemprop=\"thumbnailUrl\" ><div class='av-inner-masonry-sizer'><\/div><figure class='av-inner-masonry main_color'><div class=\"av-masonry-outerimage-container\"><div class=\"av-masonry-image-container\" ><img decoding=\"async\" src=\"https:\/\/ais.al\/new\/wp-content\/uploads\/Shekulli-30.08.2016-615x705.jpg\" title=\"&lt;!--:sq--&gt;Shekulli-30.08.2016&lt;!--:--&gt;\" alt=\"\" \/><\/div><\/div><\/figure><\/a><!--end av-masonry entry--><a href=\"https:\/\/ais.al\/new\/wp-content\/uploads\/Newsbomb-19-09-2016.jpg\" id='av-masonry-1-item-8579' data-av-masonry-item='8579' class='av-masonry-entry isotope-item post-8579 attachment type-attachment status-inherit hentry  av-masonry-item-with-image' title=\"&lt;!--:sq--&gt;newsbomb-19-09-2016&lt;!--:--&gt;\"  itemprop=\"thumbnailUrl\" ><div class='av-inner-masonry-sizer'><\/div><figure class='av-inner-masonry main_color'><div class=\"av-masonry-outerimage-container\"><div class=\"av-masonry-image-container\" ><img decoding=\"async\" src=\"https:\/\/ais.al\/new\/wp-content\/uploads\/Newsbomb-19-09-2016-684x705.jpg\" title=\"&lt;!--:sq--&gt;newsbomb-19-09-2016&lt;!--:--&gt;\" alt=\"\" \/><\/div><\/div><\/figure><\/a><!--end av-masonry entry--><a href=\"https:\/\/ais.al\/new\/wp-content\/uploads\/AbcNews-Uniformat-26-09-2016-776x1030.jpg\" id='av-masonry-1-item-8655' data-av-masonry-item='8655' class='av-masonry-entry isotope-item post-8655 attachment type-attachment status-inherit hentry  av-masonry-item-with-image' title=\"&lt;!--:sq--&gt;abcnews-uniformat-26-09-2016&lt;!--:--&gt;\"  itemprop=\"thumbnailUrl\" ><div class='av-inner-masonry-sizer'><\/div><figure class='av-inner-masonry main_color'><div class=\"av-masonry-outerimage-container\"><div class=\"av-masonry-image-container\" ><img decoding=\"async\" src=\"https:\/\/ais.al\/new\/wp-content\/uploads\/AbcNews-Uniformat-26-09-2016-531x705.jpg\" title=\"&lt;!--:sq--&gt;abcnews-uniformat-26-09-2016&lt;!--:--&gt;\" alt=\"\" \/><\/div><\/div><\/figure><\/a><!--end av-masonry entry--><a href=\"https:\/\/ais.al\/new\/wp-content\/uploads\/Tema-30.08.2016.jpg\" id='av-masonry-1-item-8377' data-av-masonry-item='8377' class='av-masonry-entry isotope-item post-8377 attachment type-attachment status-inherit hentry  av-masonry-item-with-image' title=\"&lt;!--:sq--&gt;Tema-30.08.2016&lt;!--:--&gt;\"  itemprop=\"thumbnailUrl\" ><div class='av-inner-masonry-sizer'><\/div><figure class='av-inner-masonry main_color'><div class=\"av-masonry-outerimage-container\"><div class=\"av-masonry-image-container\" ><img decoding=\"async\" src=\"https:\/\/ais.al\/new\/wp-content\/uploads\/Tema-30.08.2016-705x649.jpg\" title=\"&lt;!--:sq--&gt;Tema-30.08.2016&lt;!--:--&gt;\" alt=\"\" \/><\/div><\/div><\/figure><\/a><!--end av-masonry entry--><a href=\"https:\/\/ais.al\/new\/wp-content\/uploads\/Illyria-30.08.2016-741x1030.jpg\" id='av-masonry-1-item-8373' data-av-masonry-item='8373' class='av-masonry-entry isotope-item post-8373 attachment type-attachment status-inherit hentry  av-masonry-item-with-image' title=\"&lt;!--:sq--&gt;Illyria-30.08.2016&lt;!--:--&gt;\"  itemprop=\"thumbnailUrl\" ><div class='av-inner-masonry-sizer'><\/div><figure class='av-inner-masonry main_color'><div class=\"av-masonry-outerimage-container\"><div class=\"av-masonry-image-container\" ><img decoding=\"async\" src=\"https:\/\/ais.al\/new\/wp-content\/uploads\/Illyria-30.08.2016-507x705.jpg\" title=\"&lt;!--:sq--&gt;Illyria-30.08.2016&lt;!--:--&gt;\" alt=\"\" \/><\/div><\/div><\/figure><\/a><!--end av-masonry entry--><a href=\"https:\/\/ais.al\/new\/wp-content\/uploads\/Opozita.com-30.08.2016-858x1030.jpg\" id='av-masonry-1-item-8375' data-av-masonry-item='8375' class='av-masonry-entry isotope-item post-8375 attachment type-attachment status-inherit hentry  av-masonry-item-with-image' title=\"&lt;!--:sq--&gt;Opozita.com-30.08.2016&lt;!--:--&gt;\"  itemprop=\"thumbnailUrl\" ><div class='av-inner-masonry-sizer'><\/div><figure class='av-inner-masonry main_color'><div class=\"av-masonry-outerimage-container\"><div class=\"av-masonry-image-container\" ><img decoding=\"async\" src=\"https:\/\/ais.al\/new\/wp-content\/uploads\/Opozita.com-30.08.2016-588x705.jpg\" title=\"&lt;!--:sq--&gt;Opozita.com-30.08.2016&lt;!--:--&gt;\" alt=\"\" \/><\/div><\/div><\/figure><\/a><!--end av-masonry entry--><a href=\"https:\/\/ais.al\/new\/wp-content\/uploads\/Gazeta-Express-30.08.2016.jpg\" id='av-masonry-1-item-8372' data-av-masonry-item='8372' class='av-masonry-entry isotope-item post-8372 attachment type-attachment status-inherit hentry  av-masonry-item-with-image' title=\"&lt;!--:sq--&gt;Gazeta-Express-30.08.2016&lt;!--:--&gt;\"  itemprop=\"thumbnailUrl\" ><div class='av-inner-masonry-sizer'><\/div><figure class='av-inner-masonry main_color'><div class=\"av-masonry-outerimage-container\"><div class=\"av-masonry-image-container\" ><img decoding=\"async\" src=\"https:\/\/ais.al\/new\/wp-content\/uploads\/Gazeta-Express-30.08.2016-565x705.jpg\" title=\"&lt;!--:sq--&gt;Gazeta-Express-30.08.2016&lt;!--:--&gt;\" alt=\"\" \/><\/div><\/div><\/figure><\/a><!--end av-masonry entry--><a href=\"https:\/\/ais.al\/new\/wp-content\/uploads\/Gazeta-Express-26-09-2016-516x1030.jpg\" id='av-masonry-1-item-8656' data-av-masonry-item='8656' class='av-masonry-entry isotope-item post-8656 attachment type-attachment status-inherit hentry  av-masonry-item-with-image' title=\"&lt;!--:sq--&gt;gazeta-express-26-09-2016&lt;!--:--&gt;\"  itemprop=\"thumbnailUrl\" ><div class='av-inner-masonry-sizer'><\/div><figure class='av-inner-masonry main_color'><div class=\"av-masonry-outerimage-container\"><div class=\"av-masonry-image-container\" ><img decoding=\"async\" src=\"https:\/\/ais.al\/new\/wp-content\/uploads\/Gazeta-Express-26-09-2016-353x705.jpg\" title=\"&lt;!--:sq--&gt;gazeta-express-26-09-2016&lt;!--:--&gt;\" alt=\"\" \/><\/div><\/div><\/figure><\/a><!--end av-masonry entry--><\/div><\/div><\/div><div class=\"flex_column av_one_third  flex_column_div av-zero-column-padding   avia-builder-el-5  el_after_av_two_third  avia-builder-el-last  \" style='border-radius:0px; '><p><div style='padding-bottom:10px; ' class='av-special-heading av-special-heading-h4    avia-builder-el-6  el_before_av_video  avia-builder-el-first   '><h4 class='av-special-heading-tag '  itemprop=\"headline\"  >PD: Pas ligjit q\u00ebndron mafia e plehrave<\/h4><div class='special-heading-border'><div class='special-heading-inner-border' ><\/div><\/div><\/div><br \/>\n<div class='avia-video avia-video-16-9   av-lazyload-immediate  av-lazyload-video-embed  '   itemprop=\"video\" itemtype=\"https:\/\/schema.org\/VideoObject\"  data-original_url='https:\/\/www.youtube.com\/watch?v=-6xPwuYBRHQ' ><script type='text\/html' class='av-video-tmpl'><div class='avia-iframe-wrap'><iframe loading=\"lazy\" width=\"1500\" height=\"844\" src=\"https:\/\/www.youtube.com\/embed\/-6xPwuYBRHQ?feature=oembed\" frameborder=\"0\" allowfullscreen><\/iframe><\/div><\/script><div class='av-click-to-play-overlay'><div class=\"avia_playpause_icon\"><\/div><\/div><\/div><br \/>\n<div style='padding-bottom:10px; ' class='av-special-heading av-special-heading-h4    avia-builder-el-8  el_after_av_video  el_before_av_video   '><h4 class='av-special-heading-tag '  itemprop=\"headline\"  >Partia Demokratike nis aksionin kund\u00ebr ligjit t\u00eb mbetjeve<\/h4><div class='special-heading-border'><div class='special-heading-inner-border' ><\/div><\/div><\/div><br \/>\n<div class='avia-video avia-video-16-9   av-lazyload-immediate  av-lazyload-video-embed  '   itemprop=\"video\" itemtype=\"https:\/\/schema.org\/VideoObject\"  data-original_url='https:\/\/www.youtube.com\/watch?v=rbXKPypPix4' ><script type='text\/html' class='av-video-tmpl'><div class='avia-iframe-wrap'><iframe loading=\"lazy\" width=\"1500\" height=\"844\" src=\"https:\/\/www.youtube.com\/embed\/rbXKPypPix4?feature=oembed\" frameborder=\"0\" allowfullscreen><\/iframe><\/div><\/script><div class='av-click-to-play-overlay'><div class=\"avia_playpause_icon\"><\/div><\/div><\/div><br \/>\n<div style='padding-bottom:10px; ' class='av-special-heading av-special-heading-h4    avia-builder-el-10  el_after_av_video  el_before_av_video   '><h4 class='av-special-heading-tag '  itemprop=\"headline\"  >Shpallet fituesi i par\u00eb i kon\u00e7esionit p\u00ebr riciklimin e mbetjeve urbane <\/h4><div class='special-heading-border'><div class='special-heading-inner-border' ><\/div><\/div><\/div><br \/>\n<div class='avia-video avia-video-16-9   av-lazyload-immediate  av-lazyload-video-embed  '   itemprop=\"video\" itemtype=\"https:\/\/schema.org\/VideoObject\"  data-original_url='https:\/\/www.youtube.com\/watch?v=4xuhoi_zSvM' ><script type='text\/html' class='av-video-tmpl'><div class='avia-iframe-wrap'><iframe loading=\"lazy\" width=\"1500\" height=\"844\" src=\"https:\/\/www.youtube.com\/embed\/4xuhoi_zSvM?feature=oembed\" frameborder=\"0\" allowfullscreen><\/iframe><\/div><\/script><div class='av-click-to-play-overlay'><div class=\"avia_playpause_icon\"><\/div><\/div><\/div><br \/>\n<div style='padding-bottom:10px; ' class='av-special-heading av-special-heading-h4    avia-builder-el-12  el_after_av_video  el_before_av_video   '><h4 class='av-special-heading-tag '  itemprop=\"headline\"  >Kontabilistet hetime prokurori<\/h4><div class='special-heading-border'><div class='special-heading-inner-border' ><\/div><\/div><\/div><br \/>\n<div class='avia-video avia-video-16-9   av-lazyload-immediate  av-lazyload-video-embed  '   itemprop=\"video\" itemtype=\"https:\/\/schema.org\/VideoObject\"  data-original_url='https:\/\/www.youtube.com\/watch?v=jiXgDmX949s' ><script type='text\/html' class='av-video-tmpl'><div class='avia-iframe-wrap'><iframe loading=\"lazy\" width=\"1500\" height=\"844\" src=\"https:\/\/www.youtube.com\/embed\/jiXgDmX949s?feature=oembed\" frameborder=\"0\" allowfullscreen><\/iframe><\/div><\/script><div class='av-click-to-play-overlay'><div class=\"avia_playpause_icon\"><\/div><\/div><\/div><br \/>\n<div style='padding-bottom:10px; ' class='av-special-heading av-special-heading-h4    avia-builder-el-14  el_after_av_video  el_before_av_video   '><h4 class='av-special-heading-tag '  itemprop=\"headline\"  >Tendera hetime burgje<\/h4><div class='special-heading-border'><div class='special-heading-inner-border' ><\/div><\/div><\/div><br \/>\n<div class='avia-video avia-video-16-9   av-lazyload-immediate  av-lazyload-video-embed  '   itemprop=\"video\" itemtype=\"https:\/\/schema.org\/VideoObject\"  data-original_url='https:\/\/www.youtube.com\/watch?v=4o4HbQZ7lBo' ><script type='text\/html' class='av-video-tmpl'><div class='avia-iframe-wrap'><iframe loading=\"lazy\" width=\"1500\" height=\"844\" src=\"https:\/\/www.youtube.com\/embed\/4o4HbQZ7lBo?feature=oembed\" frameborder=\"0\" allowfullscreen><\/iframe><\/div><\/script><div class='av-click-to-play-overlay'><div class=\"avia_playpause_icon\"><\/div><\/div><\/div><\/p><\/div><\/div><\/div><\/div><!-- close content main div --><\/div><\/div><div id='after_section_1' class='main_color av_default_container_wrap container_wrap sidebar_right' style=' '  ><div class='container' ><div class='template-page content  av-content-small alpha units'><div class='post-entry post-entry-type-page post-entry-8543'><div class='entry-content-wrapper clearfix'>\n","protected":false},"excerpt":{"rendered":"","protected":false},"author":1,"featured_media":0,"parent":0,"menu_order":0,"comment_status":"closed","ping_status":"closed","template":"","meta":{"_bbp_topic_count":0,"_bbp_reply_count":0,"_bbp_total_topic_count":0,"_bbp_total_reply_count":0,"_bbp_voice_count":0,"_bbp_anonymous_reply_count":0,"_bbp_topic_count_hidden":0,"_bbp_reply_count_hidden":0,"_bbp_forum_subforum_count":0,"footnotes":""},"class_list":["post-8543","page","type-page","status-publish","hentry"],"_links":{"self":[{"href":"https:\/\/ais.al\/new\/wp-json\/wp\/v2\/pages\/8543","targetHints":{"allow":["GET"]}}],"collection":[{"href":"https:\/\/ais.al\/new\/wp-json\/wp\/v2\/pages"}],"about":[{"href":"https:\/\/ais.al\/new\/wp-json\/wp\/v2\/types\/page"}],"author":[{"embeddable":true,"href":"https:\/\/ais.al\/new\/wp-json\/wp\/v2\/users\/1"}],"replies":[{"embeddable":true,"href":"https:\/\/ais.al\/new\/wp-json\/wp\/v2\/comments?post=8543"}],"version-history":[{"count":19,"href":"https:\/\/ais.al\/new\/wp-json\/wp\/v2\/pages\/8543\/revisions"}],"predecessor-version":[{"id":10390,"href":"https:\/\/ais.al\/new\/wp-json\/wp\/v2\/pages\/8543\/revisions\/10390"}],"wp:attachment":[{"href":"https:\/\/ais.al\/new\/wp-json\/wp\/v2\/media?parent=8543"}],"curies":[{"name":"wp","href":"https:\/\/api.w.org\/{rel}","templated":true}]}}