{"id":8839,"date":"2016-10-31T17:10:54","date_gmt":"2016-10-31T17:10:54","guid":{"rendered":"http:\/\/ais.al\/new\/?page_id=8839"},"modified":"2017-01-23T12:08:07","modified_gmt":"2017-01-23T12:08:07","slug":"money-government-politics-ne-media-tetor-2016","status":"publish","type":"page","link":"https:\/\/ais.al\/new\/money-government-politics-ne-media-tetor-2016\/","title":{"rendered":"<!--:sq-->Money Government &#038; Politics n\u00eb Media Tetor 2016<!--:-->"},"content":{"rendered":"<p><!--:sq--><\/p>\n<div style='padding-bottom:0px; ' class='av-special-heading av-special-heading-h3  blockquote modern-quote modern-centered  avia-builder-el-1  el_after_av_codeblock  el_before_av_section  avia-builder-el-last   av-thin-font '><h3 class='av-special-heading-tag '  itemprop=\"headline\"  ><strong>Tetor 2016<\/strong><\/h3><div class='special-heading-border'><div class='special-heading-inner-border' ><\/div><\/div><\/div>\n<\/div><\/div><\/div><!-- close content main div --><\/div><\/div><div id='av_section_1' class='avia-section main_color avia-section-default avia-no-shadow avia-bg-style-scroll  avia-builder-el-2  el_after_av_heading  avia-builder-el-last   container_wrap sidebar_right' style=' '  ><div class='container' ><div class='template-page content  av-content-small alpha units'><div class='post-entry post-entry-type-page post-entry-8839'><div class='entry-content-wrapper clearfix'>\n<div class=\"flex_column av_two_third  flex_column_div first  avia-builder-el-3  el_before_av_one_third  avia-builder-el-first  \" ><div id='av-masonry-1' class='av-masonry  noHover av-flex-size av-large-gap av-hover-overlay- av-masonry-animation-active av-masonry-col-flexible av-caption-always av-caption-style- av-masonry-gallery     '  ><div class='av-masonry-container isotope av-js-disabled ' ><div class='av-masonry-entry isotope-item av-masonry-item-no-image '><\/div><div id='av-masonry-1-item-8846' data-av-masonry-item='8846' class='av-masonry-entry isotope-item post-8846 attachment type-attachment status-inherit hentry  av-masonry-item-with-image'   itemprop=\"thumbnailUrl\" ><div class='av-inner-masonry-sizer'><\/div><figure class='av-inner-masonry main_color'><div class=\"av-masonry-outerimage-container\"><div class=\"av-masonry-image-container\" ><img decoding=\"async\" src=\"https:\/\/ais.al\/new\/wp-content\/uploads\/Gazeta-Panorama-21-10-2016.jpg\" title=\"&lt;!--:sq--&gt;gazeta-panorama-21-10-2016&lt;!--:--&gt;\" alt=\"\" \/><\/div><\/div><\/figure><\/div><!--end av-masonry entry--><div id='av-masonry-1-item-8844' data-av-masonry-item='8844' class='av-masonry-entry isotope-item post-8844 attachment type-attachment status-inherit hentry  av-masonry-item-with-image'   itemprop=\"thumbnailUrl\" ><div class='av-inner-masonry-sizer'><\/div><figure class='av-inner-masonry main_color'><div class=\"av-masonry-outerimage-container\"><div class=\"av-masonry-image-container\" ><img decoding=\"async\" src=\"https:\/\/ais.al\/new\/wp-content\/uploads\/BalkanWeb-20-10-2016-414x705.jpg\" title=\"&lt;!--:sq--&gt;balkanweb-20-10-2016&lt;!--:--&gt;\" alt=\"\" \/><\/div><\/div><\/figure><\/div><!--end av-masonry entry--><div id='av-masonry-1-item-8859' data-av-masonry-item='8859' class='av-masonry-entry isotope-item post-8859 attachment type-attachment status-inherit hentry  av-masonry-item-with-image'   itemprop=\"thumbnailUrl\" ><div class='av-inner-masonry-sizer'><\/div><figure class='av-inner-masonry main_color'><div class=\"av-masonry-outerimage-container\"><div class=\"av-masonry-image-container\" ><img decoding=\"async\" src=\"https:\/\/ais.al\/new\/wp-content\/uploads\/Shqiptarja.com-27-10-2016-576x705.jpg\" title=\"&lt;!--:sq--&gt;shqiptarja-com-27-10-2016&lt;!--:--&gt;\" alt=\"\" \/><\/div><\/div><\/figure><\/div><!--end av-masonry entry--><div id='av-masonry-1-item-8843' data-av-masonry-item='8843' class='av-masonry-entry isotope-item post-8843 attachment type-attachment status-inherit hentry  av-masonry-item-with-image'   itemprop=\"thumbnailUrl\" ><div class='av-inner-masonry-sizer'><\/div><figure class='av-inner-masonry main_color'><div class=\"av-masonry-outerimage-container\"><div class=\"av-masonry-image-container\" ><img decoding=\"async\" src=\"https:\/\/ais.al\/new\/wp-content\/uploads\/Albeu.com-20-10-2016-469x705.jpg\" title=\"&lt;!--:sq--&gt;albeu-com-20-10-2016&lt;!--:--&gt;\" alt=\"\" \/><\/div><\/div><\/figure><\/div><!--end av-masonry entry--><div id='av-masonry-1-item-8845' data-av-masonry-item='8845' class='av-masonry-entry isotope-item post-8845 attachment type-attachment status-inherit hentry  av-masonry-item-with-image'   itemprop=\"thumbnailUrl\" ><div class='av-inner-masonry-sizer'><\/div><figure class='av-inner-masonry main_color'><div class=\"av-masonry-outerimage-container\"><div class=\"av-masonry-image-container\" ><img decoding=\"async\" src=\"https:\/\/ais.al\/new\/wp-content\/uploads\/Gazeta-Mapo-21-10-2016-705x553.jpg\" title=\"&lt;!--:sq--&gt;gazeta-mapo-21-10-2016&lt;!--:--&gt;\" alt=\"\" \/><\/div><\/div><\/figure><\/div><!--end av-masonry entry--><div id='av-masonry-1-item-8847' data-av-masonry-item='8847' class='av-masonry-entry isotope-item post-8847 attachment type-attachment status-inherit hentry  av-masonry-item-with-image'   itemprop=\"thumbnailUrl\" ><div class='av-inner-masonry-sizer'><\/div><figure class='av-inner-masonry main_color'><div class=\"av-masonry-outerimage-container\"><div class=\"av-masonry-image-container\" ><img decoding=\"async\" src=\"https:\/\/ais.al\/new\/wp-content\/uploads\/Gazeta-Telegraf-29-10-2016-647x705.jpg\" title=\"&lt;!--:sq--&gt;gazeta-telegraf-29-10-2016&lt;!--:--&gt;\" alt=\"\" \/><\/div><\/div><\/figure><\/div><!--end av-masonry entry--><div id='av-masonry-1-item-8848' data-av-masonry-item='8848' class='av-masonry-entry isotope-item post-8848 attachment type-attachment status-inherit hentry  av-masonry-item-with-image'   itemprop=\"thumbnailUrl\" ><div class='av-inner-masonry-sizer'><\/div><figure class='av-inner-masonry main_color'><div class=\"av-masonry-outerimage-container\"><div class=\"av-masonry-image-container\" ><img decoding=\"async\" src=\"https:\/\/ais.al\/new\/wp-content\/uploads\/Gazeta-Tema-20-10-2016-671x705.jpg\" title=\"&lt;!--:sq--&gt;gazeta-tema-20-10-2016&lt;!--:--&gt;\" alt=\"\" \/><\/div><\/div><\/figure><\/div><!--end av-masonry entry--><div id='av-masonry-1-item-8849' data-av-masonry-item='8849' class='av-masonry-entry isotope-item post-8849 attachment type-attachment status-inherit hentry  av-masonry-item-with-image'   itemprop=\"thumbnailUrl\" ><div class='av-inner-masonry-sizer'><\/div><figure class='av-inner-masonry main_color'><div class=\"av-masonry-outerimage-container\"><div class=\"av-masonry-image-container\" ><img decoding=\"async\" src=\"https:\/\/ais.al\/new\/wp-content\/uploads\/JavaNews-21-10-2016-504x705.jpg\" title=\"&lt;!--:sq--&gt;javanews-21-10-2016&lt;!--:--&gt;\" alt=\"\" \/><\/div><\/div><\/figure><\/div><!--end av-masonry entry--><div id='av-masonry-1-item-8850' data-av-masonry-item='8850' class='av-masonry-entry isotope-item post-8850 attachment type-attachment status-inherit hentry  av-masonry-item-with-image'   itemprop=\"thumbnailUrl\" ><div class='av-inner-masonry-sizer'><\/div><figure class='av-inner-masonry main_color'><div class=\"av-masonry-outerimage-container\"><div class=\"av-masonry-image-container\" ><img decoding=\"async\" src=\"https:\/\/ais.al\/new\/wp-content\/uploads\/Koha-Jone-20-10-2016-650x705.jpg\" title=\"&lt;!--:sq--&gt;koha-jone-20-10-2016&lt;!--:--&gt;\" alt=\"\" \/><\/div><\/div><\/figure><\/div><!--end av-masonry entry--><div id='av-masonry-1-item-8851' data-av-masonry-item='8851' class='av-masonry-entry isotope-item post-8851 attachment type-attachment status-inherit hentry  av-masonry-item-with-image'   itemprop=\"thumbnailUrl\" ><div class='av-inner-masonry-sizer'><\/div><figure class='av-inner-masonry main_color'><div class=\"av-masonry-outerimage-container\"><div class=\"av-masonry-image-container\" ><img decoding=\"async\" src=\"https:\/\/ais.al\/new\/wp-content\/uploads\/Newsbomb.com-26-10-2016-348x705.jpg\" title=\"&lt;!--:sq--&gt;newsbomb-com-26-10-2016&lt;!--:--&gt;\" alt=\"\" \/><\/div><\/div><\/figure><\/div><!--end av-masonry entry--><div id='av-masonry-1-item-8852' data-av-masonry-item='8852' class='av-masonry-entry isotope-item post-8852 attachment type-attachment status-inherit hentry  av-masonry-item-with-image'   itemprop=\"thumbnailUrl\" ><div class='av-inner-masonry-sizer'><\/div><figure class='av-inner-masonry main_color'><div class=\"av-masonry-outerimage-container\"><div class=\"av-masonry-image-container\" ><img decoding=\"async\" src=\"https:\/\/ais.al\/new\/wp-content\/uploads\/NewsBomb-19-10-2016-338x705.jpg\" title=\"&lt;!--:sq--&gt;newsbomb-19-10-2016&lt;!--:--&gt;\" alt=\"\" \/><\/div><\/div><\/figure><\/div><!--end av-masonry entry--><div id='av-masonry-1-item-8853' data-av-masonry-item='8853' class='av-masonry-entry isotope-item post-8853 attachment type-attachment status-inherit hentry  av-masonry-item-with-image'   itemprop=\"thumbnailUrl\" ><div class='av-inner-masonry-sizer'><\/div><figure class='av-inner-masonry main_color'><div class=\"av-masonry-outerimage-container\"><div class=\"av-masonry-image-container\" ><img decoding=\"async\" src=\"https:\/\/ais.al\/new\/wp-content\/uploads\/Opozita.com-20-10-2016-629x705.jpg\" title=\"&lt;!--:sq--&gt;opozita-com-20-10-2016&lt;!--:--&gt;\" alt=\"\" \/><\/div><\/div><\/figure><\/div><!--end av-masonry entry--><div id='av-masonry-1-item-8854' data-av-masonry-item='8854' class='av-masonry-entry isotope-item post-8854 attachment type-attachment status-inherit hentry  av-masonry-item-with-image'   itemprop=\"thumbnailUrl\" ><div class='av-inner-masonry-sizer'><\/div><figure class='av-inner-masonry main_color'><div class=\"av-masonry-outerimage-container\"><div class=\"av-masonry-image-container\" ><img decoding=\"async\" src=\"https:\/\/ais.al\/new\/wp-content\/uploads\/Sot-News-21-10-2016-705x540.jpg\" title=\"&lt;!--:sq--&gt;sot-news-21-10-2016&lt;!--:--&gt;\" alt=\"\" \/><\/div><\/div><\/figure><\/div><!--end av-masonry entry--><div id='av-masonry-1-item-8855' data-av-masonry-item='8855' class='av-masonry-entry isotope-item post-8855 attachment type-attachment status-inherit hentry  av-masonry-item-with-image'   itemprop=\"thumbnailUrl\" ><div class='av-inner-masonry-sizer'><\/div><figure class='av-inner-masonry main_color'><div class=\"av-masonry-outerimage-container\"><div class=\"av-masonry-image-container\" ><img decoding=\"async\" src=\"https:\/\/ais.al\/new\/wp-content\/uploads\/Syri-20-10-2016-481x705.jpg\" title=\"&lt;!--:sq--&gt;syri-20-10-2016&lt;!--:--&gt;\" alt=\"\" \/><\/div><\/div><\/figure><\/div><!--end av-masonry entry--><div id='av-masonry-1-item-8856' data-av-masonry-item='8856' class='av-masonry-entry isotope-item post-8856 attachment type-attachment status-inherit hentry  av-masonry-item-with-image'   itemprop=\"thumbnailUrl\" ><div class='av-inner-masonry-sizer'><\/div><figure class='av-inner-masonry main_color'><div class=\"av-masonry-outerimage-container\"><div class=\"av-masonry-image-container\" ><img decoding=\"async\" src=\"https:\/\/ais.al\/new\/wp-content\/uploads\/Shekulli-29-10-2016-426x705.jpg\" title=\"&lt;!--:sq--&gt;shekulli-29-10-2016&lt;!--:--&gt;\" alt=\"\" \/><\/div><\/div><\/figure><\/div><!--end av-masonry entry--><div id='av-masonry-1-item-8857' data-av-masonry-item='8857' class='av-masonry-entry isotope-item post-8857 attachment type-attachment status-inherit hentry  av-masonry-item-with-image'   itemprop=\"thumbnailUrl\" ><div class='av-inner-masonry-sizer'><\/div><figure class='av-inner-masonry main_color'><div class=\"av-masonry-outerimage-container\"><div class=\"av-masonry-image-container\" ><img decoding=\"async\" src=\"https:\/\/ais.al\/new\/wp-content\/uploads\/Shqiperia.com-26-10-2016-458x705.jpg\" title=\"&lt;!--:sq--&gt;shqiperia-com-26-10-2016&lt;!--:--&gt;\" alt=\"\" \/><\/div><\/div><\/figure><\/div><!--end av-masonry entry--><\/div><a class='av-masonry-pagination av-masonry-load-more' href='#load-more'  data-ids='8846,8844,8859,8843,8845,8847,8848,8849,8850,8851,8852,8853,8854,8855,8856,8857,8858'  data-action=''  data-link='category'  data-post_type='post, page, attachment, revision, nav_menu_item, custom_css, customize_changeset, oembed_cache, user_request, wp_block, wp_template, wp_template_part, wp_global_styles, wp_navigation, wp_font_family, wp_font_face, forum, topic, reply, portfolio, avia_framework_post'  data-items='16'  data-size='flex'  data-gap='large'  data-overlay_fx=''  data-animation='active'  data-offset='0'  data-container_links=''  data-container_class='av-masonry-gallery  '  data-paginate='load_more'  data-caption_elements='none'  data-caption_display='always'  data-caption_styling=''  data-wc_prod_visible=''  data-prod_order_by=''  data-prod_order=''  data-sort='no'  data-columns='flexible'  data-auto_ratio='1.7'  data-set_breadcrumb='1'  data-custom_markup=''  data-query_orderby='date'  data-query_order='DESC'  data-color=''  data-custom_bg=''  data-custom_class=''  data-orientation=''  data-date_filter=''  data-date_filter_start=''  data-date_filter_end=''  data-date_filter_format='yy\/mm\/dd'  data-avno='55d916a265'>Load more<\/a><\/div><\/div><div class=\"flex_column av_one_third  flex_column_div av-zero-column-padding   avia-builder-el-5  el_after_av_two_third  avia-builder-el-last  \" style='border-radius:0px; '><p><div style='padding-bottom:10px; ' class='av-special-heading av-special-heading-h4    avia-builder-el-6  el_before_av_video  avia-builder-el-first  '><h4 class='av-special-heading-tag '  itemprop=\"headline\"  >Deklarimi i pasuris\u00eb s\u00eb rektor\u00ebve, nga llogarit\u00eb bankare te trojet e sht\u00ebpit\u00eb<\/h4><div class='special-heading-border'><div class='special-heading-inner-border' ><\/div><\/div><\/div><br \/>\n<div class='avia-video avia-video-16-9   av-lazyload-immediate  av-lazyload-video-embed  '   itemprop=\"video\" itemtype=\"https:\/\/schema.org\/VideoObject\"  data-original_url='https:\/\/www.youtube.com\/watch?v=AxaFVUljkTY&amp;feature=youtu.be' ><script type='text\/html' class='av-video-tmpl'><div class='avia-iframe-wrap'><iframe loading=\"lazy\" width=\"1500\" height=\"844\" src=\"https:\/\/www.youtube.com\/embed\/AxaFVUljkTY?feature=oembed\" frameborder=\"0\" allowfullscreen><\/iframe><\/div><\/script><div class='av-click-to-play-overlay'><div class=\"avia_playpause_icon\"><\/div><\/div><\/div><\/p><\/div><\/div><\/div><\/div><!-- close content main div --><\/div><\/div><div id='after_section_1' class='main_color av_default_container_wrap container_wrap sidebar_right' style=' '  ><div class='container' ><div class='template-page content  av-content-small alpha units'><div class='post-entry post-entry-type-page post-entry-8839'><div class='entry-content-wrapper clearfix'><!--:--><\/p>\n","protected":false},"excerpt":{"rendered":"","protected":false},"author":1,"featured_media":0,"parent":0,"menu_order":0,"comment_status":"closed","ping_status":"closed","template":"","meta":{"_bbp_topic_count":0,"_bbp_reply_count":0,"_bbp_total_topic_count":0,"_bbp_total_reply_count":0,"_bbp_voice_count":0,"_bbp_anonymous_reply_count":0,"_bbp_topic_count_hidden":0,"_bbp_reply_count_hidden":0,"_bbp_forum_subforum_count":0,"footnotes":""},"class_list":["post-8839","page","type-page","status-publish","hentry"],"_links":{"self":[{"href":"https:\/\/ais.al\/new\/wp-json\/wp\/v2\/pages\/8839","targetHints":{"allow":["GET"]}}],"collection":[{"href":"https:\/\/ais.al\/new\/wp-json\/wp\/v2\/pages"}],"about":[{"href":"https:\/\/ais.al\/new\/wp-json\/wp\/v2\/types\/page"}],"author":[{"embeddable":true,"href":"https:\/\/ais.al\/new\/wp-json\/wp\/v2\/users\/1"}],"replies":[{"embeddable":true,"href":"https:\/\/ais.al\/new\/wp-json\/wp\/v2\/comments?post=8839"}],"version-history":[{"count":5,"href":"https:\/\/ais.al\/new\/wp-json\/wp\/v2\/pages\/8839\/revisions"}],"predecessor-version":[{"id":9378,"href":"https:\/\/ais.al\/new\/wp-json\/wp\/v2\/pages\/8839\/revisions\/9378"}],"wp:attachment":[{"href":"https:\/\/ais.al\/new\/wp-json\/wp\/v2\/media?parent=8839"}],"curies":[{"name":"wp","href":"https:\/\/api.w.org\/{rel}","templated":true}]}}