{"id":8974,"date":"2016-11-01T11:42:31","date_gmt":"2016-11-01T11:42:31","guid":{"rendered":"http:\/\/ais.al\/new\/?page_id=8974"},"modified":"2016-11-10T11:50:31","modified_gmt":"2016-11-10T11:50:31","slug":"projekte-ne-vazhdim","status":"publish","type":"page","link":"https:\/\/ais.al\/new\/projekte-ne-vazhdim\/","title":{"rendered":"<!--:sq-->Projekte n\u00eb Vazhdim<!--:-->"},"content":{"rendered":"<p><!--:sq--><div class='av-alb-blogposts template-blog  av-blog-meta-author-disabled av-blog-meta-comments-disabled av-blog-meta-category-disabled av-blog-meta-date-disabled '  itemscope=\"itemscope\" itemtype=\"https:\/\/schema.org\/Blog\" ><article class='post-entry post-entry-type-standard post-entry-307784 post-loop-1 post-parity-odd single-small with-slider post-307784 post type-post status-publish format-standard has-post-thumbnail hentry category-projekte-ne-vazhdim'  itemscope=\"itemscope\" itemtype=\"https:\/\/schema.org\/BlogPosting\" ><div class='blog-meta'><a href='https:\/\/ais.al\/new\/open-data-access-and-transparency-over-sectors-exposed-to-risk-of-corruption\/' class='small-preview' title='Open Data, Access and Transparency over sectors exposed to Risk of Corruption'><img loading=\"lazy\" decoding=\"async\" width=\"100\" height=\"100\" src=\"https:\/\/ais.al\/new\/wp-content\/uploads\/logo-21pain.png\" class=\"attachment-square size-square wp-post-image\" alt=\"\" \/><span class=\"iconfont\" aria-hidden='true' data-av_icon='\ue836' data-av_iconfont='entypo-fontello'><\/span><\/a><\/div><div class='entry-content-wrapper clearfix standard-content'><header class=\"entry-content-header\"><h2 class='post-title entry-title '  itemprop=\"headline\" >\t<a href='https:\/\/ais.al\/new\/open-data-access-and-transparency-over-sectors-exposed-to-risk-of-corruption\/' rel='bookmark' title='Permanent Link: Open Data, Access and Transparency over sectors exposed to Risk of Corruption'>Open Data, Access and Transparency over sectors exposed to Risk of Corruption\t\t\t<span class='post-format-icon minor-meta'><\/span>\t<\/a><\/h2><span class='post-meta-infos'><time class='date-container minor-meta updated' >10\/05\/2022<\/time><span class='text-sep text-sep-date'>\/<\/span><span class=\"blog-categories minor-meta\">in <a href=\"https:\/\/ais.al\/new\/category\/projekte-ne-vazhdim\/\" rel=\"tag\">Projekte ne Vazhdim<\/a> <\/span><span class=\"text-sep text-sep-cat\">\/<\/span><span class=\"blog-author minor-meta\">by <span class=\"entry-author-link\" ><span class=\"vcard author\"><span class=\"fn\"><a href=\"https:\/\/ais.al\/new\/author\/admin\/\" title=\"Postime nga admin\" rel=\"author\">admin<\/a><\/span><\/span><\/span><\/span><\/span><\/header><div class=\"entry-content\"  itemprop=\"text\" ><p>AIS po zbaton projektin me titull: Open Data, Access and Transparency over sectors exposed to Risk of Corruption. Projekti mb\u00ebshtetet financiarisht nga Sida &#8211; Sweden International Development Cooperation Agency. Koha e zbatimit Mars 2021 \u2013 Shkurt 2024 Dy jan\u00eb komponent\u00ebt kryesor t\u00eb nd\u00ebrhyrjes p\u00ebrmes k\u00ebtij projekti: Rritja e transparenc\u00ebs mbi parat\u00eb publike dhe Fuqizimi i [&hellip;]<\/p>\n<div class=\"read-more-link\"><a href=\"https:\/\/ais.al\/new\/open-data-access-and-transparency-over-sectors-exposed-to-risk-of-corruption\/\" class=\"more-link\">Read more<span class=\"more-link-arrow\"><\/span><\/a><\/div>\n<\/div><footer class=\"entry-footer\"><\/footer><div class='post_delimiter'><\/div><\/div><div class='post_author_timeline'><\/div><span class='hidden'>\n\t\t\t<span class='av-structured-data'  itemprop=\"image\" itemscope=\"itemscope\" itemtype=\"https:\/\/schema.org\/ImageObject\"  itemprop='image'>\n\t\t\t\t\t   <span itemprop='url' >https:\/\/ais.al\/new\/wp-content\/uploads\/logo-21pain.png<\/span>\n\t\t\t\t\t   <span itemprop='height' >100<\/span>\n\t\t\t\t\t   <span itemprop='width' >100<\/span>\n\t\t\t\t  <\/span><span class='av-structured-data'  itemprop=\"publisher\" itemtype=\"https:\/\/schema.org\/Organization\" itemscope=\"itemscope\" >\n\t\t\t\t<span itemprop='name'>admin<\/span>\n\t\t\t\t<span itemprop='logo' itemscope itemtype='https:\/\/schema.org\/ImageObject'>\n\t\t\t\t   <span itemprop='url'>http:\/\/ais.al\/new\/wp-content\/uploads\/aislogo1.png<\/span>\n\t\t\t\t <\/span>\n\t\t\t  <\/span><span class='av-structured-data'  itemprop=\"author\" itemscope=\"itemscope\" itemtype=\"https:\/\/schema.org\/Person\" ><span itemprop='name'>admin<\/span><\/span><span class='av-structured-data'  itemprop=\"datePublished\" datetime=\"2022-05-10T11:56:48+01:00\" >2022-05-10 11:56:48<\/span><span class='av-structured-data'  itemprop=\"dateModified\" itemtype=\"https:\/\/schema.org\/dateModified\" >2023-04-03 14:17:57<\/span><span class='av-structured-data'  itemprop=\"mainEntityOfPage\" itemtype=\"https:\/\/schema.org\/mainEntityOfPage\" ><span itemprop='name'>Open Data, Access and Transparency over sectors exposed to Risk of Corruption<\/span><\/span><\/span><\/article><article class='post-entry post-entry-type-standard post-entry-307737 post-loop-2 post-parity-even single-small with-slider post-307737 post type-post status-publish format-standard has-post-thumbnail hentry category-projekte-ne-vazhdim'  itemscope=\"itemscope\" itemtype=\"https:\/\/schema.org\/BlogPosting\" ><div class='blog-meta'><a href='https:\/\/ais.al\/new\/kontraktime-transparente-nga-bashkite-dhe-vleresimi-me-red-flag-indeks-prill-2022-prill-2024\/' class='small-preview' title='Kontraktime Transparente nga Bashkit\u00eb, dhe vler\u00ebsimi me Red Flag Indeks, Prill 2022 \u2013 Prill 2024'><img loading=\"lazy\" decoding=\"async\" width=\"180\" height=\"180\" src=\"https:\/\/ais.al\/new\/wp-content\/uploads\/prokurimet1.png\" class=\"attachment-square size-square wp-post-image\" alt=\"\" \/><span class=\"iconfont\" aria-hidden='true' data-av_icon='\ue836' data-av_iconfont='entypo-fontello'><\/span><\/a><\/div><div class='entry-content-wrapper clearfix standard-content'><header class=\"entry-content-header\"><h2 class='post-title entry-title '  itemprop=\"headline\" >\t<a href='https:\/\/ais.al\/new\/kontraktime-transparente-nga-bashkite-dhe-vleresimi-me-red-flag-indeks-prill-2022-prill-2024\/' rel='bookmark' title='Permanent Link: Kontraktime Transparente nga Bashkit\u00eb, dhe vler\u00ebsimi me Red Flag Indeks, Prill 2022 \u2013 Prill 2024'>Kontraktime Transparente nga Bashkit\u00eb, dhe vler\u00ebsimi me Red Flag Indeks, Prill 2022 \u2013 Prill 2024\t\t\t<span class='post-format-icon minor-meta'><\/span>\t<\/a><\/h2><span class='post-meta-infos'><time class='date-container minor-meta updated' >10\/05\/2022<\/time><span class='text-sep text-sep-date'>\/<\/span><span class=\"blog-categories minor-meta\">in <a href=\"https:\/\/ais.al\/new\/category\/projekte-ne-vazhdim\/\" rel=\"tag\">Projekte ne Vazhdim<\/a> <\/span><span class=\"text-sep text-sep-cat\">\/<\/span><span class=\"blog-author minor-meta\">by <span class=\"entry-author-link\" ><span class=\"vcard author\"><span class=\"fn\"><a href=\"https:\/\/ais.al\/new\/author\/admin\/\" title=\"Postime nga admin\" rel=\"author\">admin<\/a><\/span><\/span><\/span><\/span><\/span><\/header><div class=\"entry-content\"  itemprop=\"text\" ><p>Kontraktime Transparente nga Bashkit\u00eb dhe vler\u00ebsimi me Red Flag Indeks, \u00ebsht\u00eb nj\u00eb projekt n\u00eb vijim\u00ebsi, zbatohet nga AIS me mb\u00ebshtetje financiare nga NED, me koh\u00ebzgjatje deri Prill 2024. Aktivitete Kryesore t\u00eb tij jan\u00eb si vijon: Aplikohet nj\u00eb indeks q\u00eb vler\u00ebson procesin e prokurimit n\u00eb 61 bashki t\u00eb Shqip\u00ebris\u00eb, duke vler\u00ebsuar secil\u00ebn p\u00ebr rrezikun e p\u00ebrgjithsh\u00ebm [&hellip;]<\/p>\n<div class=\"read-more-link\"><a href=\"https:\/\/ais.al\/new\/kontraktime-transparente-nga-bashkite-dhe-vleresimi-me-red-flag-indeks-prill-2022-prill-2024\/\" class=\"more-link\">Read more<span class=\"more-link-arrow\"><\/span><\/a><\/div>\n<\/div><footer class=\"entry-footer\"><\/footer><div class='post_delimiter'><\/div><\/div><div class='post_author_timeline'><\/div><span class='hidden'>\n\t\t\t<span class='av-structured-data'  itemprop=\"image\" itemscope=\"itemscope\" itemtype=\"https:\/\/schema.org\/ImageObject\"  itemprop='image'>\n\t\t\t\t\t   <span itemprop='url' >https:\/\/ais.al\/new\/wp-content\/uploads\/prokurimet1.png<\/span>\n\t\t\t\t\t   <span itemprop='height' >750<\/span>\n\t\t\t\t\t   <span itemprop='width' >750<\/span>\n\t\t\t\t  <\/span><span class='av-structured-data'  itemprop=\"publisher\" itemtype=\"https:\/\/schema.org\/Organization\" itemscope=\"itemscope\" >\n\t\t\t\t<span itemprop='name'>admin<\/span>\n\t\t\t\t<span itemprop='logo' itemscope itemtype='https:\/\/schema.org\/ImageObject'>\n\t\t\t\t   <span itemprop='url'>http:\/\/ais.al\/new\/wp-content\/uploads\/aislogo1.png<\/span>\n\t\t\t\t <\/span>\n\t\t\t  <\/span><span class='av-structured-data'  itemprop=\"author\" itemscope=\"itemscope\" itemtype=\"https:\/\/schema.org\/Person\" ><span itemprop='name'>admin<\/span><\/span><span class='av-structured-data'  itemprop=\"datePublished\" datetime=\"2022-05-10T10:37:07+01:00\" >2022-05-10 10:37:07<\/span><span class='av-structured-data'  itemprop=\"dateModified\" itemtype=\"https:\/\/schema.org\/dateModified\" >2022-05-10 11:06:46<\/span><span class='av-structured-data'  itemprop=\"mainEntityOfPage\" itemtype=\"https:\/\/schema.org\/mainEntityOfPage\" ><span itemprop='name'>Kontraktime Transparente nga Bashkit\u00eb, dhe vler\u00ebsimi me Red Flag Indeks, Prill 2022 \u2013 Prill 2024<\/span><\/span><\/span><\/article><article class='post-entry post-entry-type-standard post-entry-161581 post-loop-3 post-parity-odd single-small with-slider post-161581 post type-post status-publish format-standard has-post-thumbnail hentry category-projekte-ne-vazhdim'  itemscope=\"itemscope\" itemtype=\"https:\/\/schema.org\/BlogPosting\" ><div class='blog-meta'><a href='https:\/\/ais.al\/new\/titulli-i-projektit-c1-eu-npa-permiresimi-i-debatit-mbi-politikat-dhe-llogaridhenien-per-te-permbushur-te-drejtat-bazike-permes-krijimit-te-platformes-se-negociatave-te-grupit-nje\/' class='small-preview' title='TITULLI I PROJEKTIT: \u201cC1-EU-NPA \u2013 P\u00cbRMIR\u00cbSIMI I DEBATIT MBI POLITIKAT DHE LLOGARIDH\u00cbNIEN P\u00cbR T\u00cb P\u00cbRMBUSHUR T\u00cb DREJTAT BAZIKE, P\u00cbRMES KRIJIMIT T\u00cb PLATFORM\u00cbS S\u00cb NEGOCIATAVE T\u00cb GRUPIT NJ\u00cb BE \u2013 SHQIP\u00cbRI\u201d'><img loading=\"lazy\" decoding=\"async\" width=\"180\" height=\"180\" src=\"https:\/\/ais.al\/new\/wp-content\/uploads\/C1-EU-NPA-shqip-1-1resize.jpg\" class=\"attachment-square size-square wp-post-image\" alt=\"\" \/><span class=\"iconfont\" aria-hidden='true' data-av_icon='\ue836' data-av_iconfont='entypo-fontello'><\/span><\/a><\/div><div class='entry-content-wrapper clearfix standard-content'><header class=\"entry-content-header\"><h2 class='post-title entry-title '  itemprop=\"headline\" >\t<a href='https:\/\/ais.al\/new\/titulli-i-projektit-c1-eu-npa-permiresimi-i-debatit-mbi-politikat-dhe-llogaridhenien-per-te-permbushur-te-drejtat-bazike-permes-krijimit-te-platformes-se-negociatave-te-grupit-nje\/' rel='bookmark' title='Permanent Link: TITULLI I PROJEKTIT: \u201cC1-EU-NPA \u2013 P\u00cbRMIR\u00cbSIMI I DEBATIT MBI POLITIKAT DHE LLOGARIDH\u00cbNIEN P\u00cbR T\u00cb P\u00cbRMBUSHUR T\u00cb DREJTAT BAZIKE, P\u00cbRMES KRIJIMIT T\u00cb PLATFORM\u00cbS S\u00cb NEGOCIATAVE T\u00cb GRUPIT NJ\u00cb BE \u2013 SHQIP\u00cbRI\u201d'>TITULLI I PROJEKTIT: \u201cC1-EU-NPA \u2013 P\u00cbRMIR\u00cbSIMI I DEBATIT MBI POLITIKAT DHE LLOGARIDH\u00cbNIEN P\u00cbR T\u00cb P\u00cbRMBUSHUR T\u00cb DREJTAT BAZIKE, P\u00cbRMES KRIJIMIT T\u00cb PLATFORM\u00cbS S\u00cb NEGOCIATAVE T\u00cb GRUPIT NJ\u00cb BE \u2013 SHQIP\u00cbRI\u201d\t\t\t<span class='post-format-icon minor-meta'><\/span>\t<\/a><\/h2><span class='post-meta-infos'><time class='date-container minor-meta updated' >15\/11\/2021<\/time><span class='text-sep text-sep-date'>\/<\/span><span class=\"blog-categories minor-meta\">in <a href=\"https:\/\/ais.al\/new\/category\/projekte-ne-vazhdim\/\" rel=\"tag\">Projekte ne Vazhdim<\/a> <\/span><span class=\"text-sep text-sep-cat\">\/<\/span><span class=\"blog-author minor-meta\">by <span class=\"entry-author-link\" ><span class=\"vcard author\"><span class=\"fn\"><a href=\"https:\/\/ais.al\/new\/author\/admin\/\" title=\"Postime nga admin\" rel=\"author\">admin<\/a><\/span><\/span><\/span><\/span><\/span><\/header><div class=\"entry-content\"  itemprop=\"text\" ><p>Objektivi i p\u00ebrgjithsh\u00ebm\u00a0i projektit \u00ebsht\u00eb t\u00eb mb\u00ebshtes\u00eb negociatat e pranimit t\u00eb Shqip\u00ebris\u00eb n\u00eb BE lidhur me kapitujt e Grupit Nj\u00eb (bazat fillestare) p\u00ebrmes p\u00ebrmir\u00ebsimit t\u00eb debatit\u00a0 t\u00eb politikave dhe forcimit t\u00eb p\u00ebrgjegj\u00ebsis\u00eb dhe rolit t\u00eb Organizatave t\u00eb Shoq\u00ebris\u00eb Civile\u00a0 n\u00eb proces. Koh\u00ebzgjatja e projektit:\u00a01 Qershor 2021-31 Dhjetor 2023. Projekt q\u00eb zbatohet nga kat\u00ebr Organizata Shqiptare [&hellip;]<\/p>\n<div class=\"read-more-link\"><a href=\"https:\/\/ais.al\/new\/titulli-i-projektit-c1-eu-npa-permiresimi-i-debatit-mbi-politikat-dhe-llogaridhenien-per-te-permbushur-te-drejtat-bazike-permes-krijimit-te-platformes-se-negociatave-te-grupit-nje\/\" class=\"more-link\">Read more<span class=\"more-link-arrow\"><\/span><\/a><\/div>\n<\/div><footer class=\"entry-footer\"><\/footer><div class='post_delimiter'><\/div><\/div><div class='post_author_timeline'><\/div><span class='hidden'>\n\t\t\t<span class='av-structured-data'  itemprop=\"image\" itemscope=\"itemscope\" itemtype=\"https:\/\/schema.org\/ImageObject\"  itemprop='image'>\n\t\t\t\t\t   <span itemprop='url' >https:\/\/ais.al\/new\/wp-content\/uploads\/C1-EU-NPA-shqip-1-1resize.jpg<\/span>\n\t\t\t\t\t   <span itemprop='height' >600<\/span>\n\t\t\t\t\t   <span itemprop='width' >600<\/span>\n\t\t\t\t  <\/span><span class='av-structured-data'  itemprop=\"publisher\" itemtype=\"https:\/\/schema.org\/Organization\" itemscope=\"itemscope\" >\n\t\t\t\t<span itemprop='name'>admin<\/span>\n\t\t\t\t<span itemprop='logo' itemscope itemtype='https:\/\/schema.org\/ImageObject'>\n\t\t\t\t   <span itemprop='url'>http:\/\/ais.al\/new\/wp-content\/uploads\/aislogo1.png<\/span>\n\t\t\t\t <\/span>\n\t\t\t  <\/span><span class='av-structured-data'  itemprop=\"author\" itemscope=\"itemscope\" itemtype=\"https:\/\/schema.org\/Person\" ><span itemprop='name'>admin<\/span><\/span><span class='av-structured-data'  itemprop=\"datePublished\" datetime=\"2021-11-15T10:10:09+01:00\" >2021-11-15 10:10:09<\/span><span class='av-structured-data'  itemprop=\"dateModified\" itemtype=\"https:\/\/schema.org\/dateModified\" >2021-11-15 10:12:55<\/span><span class='av-structured-data'  itemprop=\"mainEntityOfPage\" itemtype=\"https:\/\/schema.org\/mainEntityOfPage\" ><span itemprop='name'>TITULLI I PROJEKTIT: \u201cC1-EU-NPA \u2013 P\u00cbRMIR\u00cbSIMI I DEBATIT MBI POLITIKAT DHE LLOGARIDH\u00cbNIEN P\u00cbR T\u00cb P\u00cbRMBUSHUR T\u00cb DREJTAT BAZIKE, P\u00cbRMES KRIJIMIT T\u00cb PLATFORM\u00cbS S\u00cb NEGOCIATAVE T\u00cb GRUPIT NJ\u00cb BE \u2013 SHQIP\u00cbRI\u201d<\/span><\/span><\/span><\/article><article class='post-entry post-entry-type-standard post-entry-15328 post-loop-4 post-parity-even single-small with-slider post-15328 post type-post status-publish format-standard has-post-thumbnail hentry category-aktivitete category-kreupost category-njoftime-per-shtyp category-projekte-ne-vazhdim'  itemscope=\"itemscope\" itemtype=\"https:\/\/schema.org\/BlogPosting\" ><div class='blog-meta'><a href='https:\/\/ais.al\/new\/ais-starton-projektin-improvement-of-integrity-of-the-public-contractors-mbeshtetur-nga-ministria-holandeze-e-puneve-te-jashteme\/' class='small-preview' title='AIS starton projektin Improvement of Integrity of the Public Contractors, mb\u00ebshtetur nga Ministria Holandeze e Pun\u00ebve t\u00eb Jashtme'><img loading=\"lazy\" decoding=\"async\" width=\"180\" height=\"180\" src=\"https:\/\/ais.al\/new\/wp-content\/uploads\/WhatsApp-Image-2019-08-20-at-12.29.26111-180x180.jpeg\" class=\"attachment-square size-square wp-post-image\" alt=\"\" srcset=\"https:\/\/ais.al\/new\/wp-content\/uploads\/WhatsApp-Image-2019-08-20-at-12.29.26111-180x180.jpeg 180w, https:\/\/ais.al\/new\/wp-content\/uploads\/WhatsApp-Image-2019-08-20-at-12.29.26111-80x80.jpeg 80w, https:\/\/ais.al\/new\/wp-content\/uploads\/WhatsApp-Image-2019-08-20-at-12.29.26111-36x36.jpeg 36w, https:\/\/ais.al\/new\/wp-content\/uploads\/WhatsApp-Image-2019-08-20-at-12.29.26111-120x120.jpeg 120w, https:\/\/ais.al\/new\/wp-content\/uploads\/WhatsApp-Image-2019-08-20-at-12.29.26111-450x450.jpeg 450w\" sizes=\"auto, (max-width: 180px) 100vw, 180px\" \/><span class=\"iconfont\" aria-hidden='true' data-av_icon='\ue836' data-av_iconfont='entypo-fontello'><\/span><\/a><\/div><div class='entry-content-wrapper clearfix standard-content'><header class=\"entry-content-header\"><h2 class='post-title entry-title '  itemprop=\"headline\" >\t<a href='https:\/\/ais.al\/new\/ais-starton-projektin-improvement-of-integrity-of-the-public-contractors-mbeshtetur-nga-ministria-holandeze-e-puneve-te-jashteme\/' rel='bookmark' title='Permanent Link: AIS starton projektin Improvement of Integrity of the Public Contractors, mb\u00ebshtetur nga Ministria Holandeze e Pun\u00ebve t\u00eb Jashtme'>AIS starton projektin Improvement of Integrity of the Public Contractors, mb\u00ebshtetur nga Ministria Holandeze e Pun\u00ebve t\u00eb Jashtme\t\t\t<span class='post-format-icon minor-meta'><\/span>\t<\/a><\/h2><span class='post-meta-infos'><time class='date-container minor-meta updated' >20\/08\/2019<\/time><span class='text-sep text-sep-date'>\/<\/span><span class=\"blog-categories minor-meta\">in <a href=\"https:\/\/ais.al\/new\/category\/aktivitete\/\" rel=\"tag\">Aktivitete<\/a>, <a href=\"https:\/\/ais.al\/new\/category\/kreupost\/\" rel=\"tag\">Kreupost<\/a>, <a href=\"https:\/\/ais.al\/new\/category\/njoftime-per-shtyp\/\" rel=\"tag\">Njoftime per shtyp<\/a>, <a href=\"https:\/\/ais.al\/new\/category\/projekte-ne-vazhdim\/\" rel=\"tag\">Projekte ne Vazhdim<\/a> <\/span><span class=\"text-sep text-sep-cat\">\/<\/span><span class=\"blog-author minor-meta\">by <span class=\"entry-author-link\" ><span class=\"vcard author\"><span class=\"fn\"><a href=\"https:\/\/ais.al\/new\/author\/admin\/\" title=\"Postime nga admin\" rel=\"author\">admin<\/a><\/span><\/span><\/span><\/span><\/span><\/header><div class=\"entry-content\"  itemprop=\"text\" ><p>Projekti m\u00eb i ri i startuar nga AIS titullohet \u201cImprovement of Integrity of the Public Contractor, Legislation, Practice and Role of Civic Actors\u201d. Projekti mb\u00ebshtetet nga Ministria Holandeze e Pun\u00ebve t\u00eb Jashtme si nj\u00eb nga Programi MATRA n\u00eb Shqip\u00ebri. N\u00eb dat\u00ebn 18 korrik 2019 Zonja Ambasadore Guusje Korthals Altes dhe drejtoresha e organizat\u00ebs AIS Aranita [&hellip;]<\/p>\n<div class=\"read-more-link\"><a href=\"https:\/\/ais.al\/new\/ais-starton-projektin-improvement-of-integrity-of-the-public-contractors-mbeshtetur-nga-ministria-holandeze-e-puneve-te-jashteme\/\" class=\"more-link\">Read more<span class=\"more-link-arrow\"><\/span><\/a><\/div>\n<\/div><footer class=\"entry-footer\"><\/footer><div class='post_delimiter'><\/div><\/div><div class='post_author_timeline'><\/div><span class='hidden'>\n\t\t\t<span class='av-structured-data'  itemprop=\"image\" itemscope=\"itemscope\" itemtype=\"https:\/\/schema.org\/ImageObject\"  itemprop='image'>\n\t\t\t\t\t   <span itemprop='url' >https:\/\/ais.al\/new\/wp-content\/uploads\/WhatsApp-Image-2019-08-20-at-12.29.26111.jpeg<\/span>\n\t\t\t\t\t   <span itemprop='height' >960<\/span>\n\t\t\t\t\t   <span itemprop='width' >1280<\/span>\n\t\t\t\t  <\/span><span class='av-structured-data'  itemprop=\"publisher\" itemtype=\"https:\/\/schema.org\/Organization\" itemscope=\"itemscope\" >\n\t\t\t\t<span itemprop='name'>admin<\/span>\n\t\t\t\t<span itemprop='logo' itemscope itemtype='https:\/\/schema.org\/ImageObject'>\n\t\t\t\t   <span itemprop='url'>http:\/\/ais.al\/new\/wp-content\/uploads\/aislogo1.png<\/span>\n\t\t\t\t <\/span>\n\t\t\t  <\/span><span class='av-structured-data'  itemprop=\"author\" itemscope=\"itemscope\" itemtype=\"https:\/\/schema.org\/Person\" ><span itemprop='name'>admin<\/span><\/span><span class='av-structured-data'  itemprop=\"datePublished\" datetime=\"2019-08-20T13:28:33+01:00\" >2019-08-20 13:28:33<\/span><span class='av-structured-data'  itemprop=\"dateModified\" itemtype=\"https:\/\/schema.org\/dateModified\" >2019-10-01 08:51:24<\/span><span class='av-structured-data'  itemprop=\"mainEntityOfPage\" itemtype=\"https:\/\/schema.org\/mainEntityOfPage\" ><span itemprop='name'>AIS starton projektin Improvement of Integrity of the Public Contractors, mb\u00ebshtetur nga Ministria Holandeze e Pun\u00ebve t\u00eb Jashtme<\/span><\/span><\/span><\/article><article class='post-entry post-entry-type-standard post-entry-8971 post-loop-5 post-parity-odd post-entry-last single-small with-slider post-8971 post type-post status-publish format-standard has-post-thumbnail hentry category-kreupost category-projekte category-projekte-ne-vazhdim'  itemscope=\"itemscope\" itemtype=\"https:\/\/schema.org\/BlogPosting\" ><div class='blog-meta'><a href='https:\/\/ais.al\/new\/prokurime-publike-te-bashkive-dhe-indeksi-red-flag\/' class='small-preview' title='Prokurime Publike t\u00eb Bashkive dhe Indeksi Red Flag'><img loading=\"lazy\" decoding=\"async\" width=\"180\" height=\"180\" src=\"https:\/\/ais.al\/new\/wp-content\/uploads\/opa1-180x180.jpg\" class=\"attachment-square size-square wp-post-image\" alt=\"\" srcset=\"https:\/\/ais.al\/new\/wp-content\/uploads\/opa1-180x180.jpg 180w, https:\/\/ais.al\/new\/wp-content\/uploads\/opa1-80x80.jpg 80w, https:\/\/ais.al\/new\/wp-content\/uploads\/opa1-300x300.jpg 300w, https:\/\/ais.al\/new\/wp-content\/uploads\/opa1-36x36.jpg 36w, https:\/\/ais.al\/new\/wp-content\/uploads\/opa1-120x120.jpg 120w, https:\/\/ais.al\/new\/wp-content\/uploads\/opa1-450x450.jpg 450w, https:\/\/ais.al\/new\/wp-content\/uploads\/opa1.jpg 500w\" sizes=\"auto, (max-width: 180px) 100vw, 180px\" \/><span class=\"iconfont\" aria-hidden='true' data-av_icon='\ue836' data-av_iconfont='entypo-fontello'><\/span><\/a><\/div><div class='entry-content-wrapper clearfix standard-content'><header class=\"entry-content-header\"><h2 class='post-title entry-title '  itemprop=\"headline\" >\t<a href='https:\/\/ais.al\/new\/prokurime-publike-te-bashkive-dhe-indeksi-red-flag\/' rel='bookmark' title='Permanent Link: <!--:sq-->Prokurime Publike t\u00eb Bashkive dhe Indeksi Red Flag<!--:-->'><!--:sq-->Prokurime Publike t\u00eb Bashkive dhe Indeksi Red Flag<!--:-->\t\t\t<span class='post-format-icon minor-meta'><\/span>\t<\/a><\/h2><span class='post-meta-infos'><time class='date-container minor-meta updated' >01\/11\/2016<\/time><span class='text-sep text-sep-date'>\/<\/span><span class=\"blog-categories minor-meta\">in <a href=\"https:\/\/ais.al\/new\/category\/kreupost\/\" rel=\"tag\">Kreupost<\/a>, <a href=\"https:\/\/ais.al\/new\/category\/projekte\/\" rel=\"tag\">Projekte<\/a>, <a href=\"https:\/\/ais.al\/new\/category\/projekte-ne-vazhdim\/\" rel=\"tag\">Projekte ne Vazhdim<\/a> <\/span><span class=\"text-sep text-sep-cat\">\/<\/span><span class=\"blog-author minor-meta\">by <span class=\"entry-author-link\" ><span class=\"vcard author\"><span class=\"fn\"><a href=\"https:\/\/ais.al\/new\/author\/admin\/\" title=\"Postime nga admin\" rel=\"author\">admin<\/a><\/span><\/span><\/span><\/span><\/span><\/header><div class=\"entry-content\"  itemprop=\"text\" ><p>Ky projekt hap t\u00eb dh\u00ebna p\u00ebr cdo procedure t\u00eb prokurimeve publike p\u00ebr 61 bashkit\u00eb p\u00ebr dy vitet e para, 2015-2017. Programi OpenLGP krijoi nj\u00eb databaz\u00eb me t\u00eb dh\u00ebna q\u00eb kan\u00eb t\u00eb b\u00ebjn\u00eb me prokurimet publike dhe kontratat publike t\u00eb bashkive ( nga Korriku 2015 e n\u00eb vazhdim). Baza e t\u00eb dh\u00ebnave u b\u00eb e p\u00ebrdorshme [&hellip;]<\/p>\n<div class=\"read-more-link\"><a href=\"https:\/\/ais.al\/new\/prokurime-publike-te-bashkive-dhe-indeksi-red-flag\/\" class=\"more-link\">Read more<span class=\"more-link-arrow\"><\/span><\/a><\/div>\n<\/div><footer class=\"entry-footer\"><\/footer><div class='post_delimiter'><\/div><\/div><div class='post_author_timeline'><\/div><span class='hidden'>\n\t\t\t<span class='av-structured-data'  itemprop=\"image\" itemscope=\"itemscope\" itemtype=\"https:\/\/schema.org\/ImageObject\"  itemprop='image'>\n\t\t\t\t\t   <span itemprop='url' >https:\/\/ais.al\/new\/wp-content\/uploads\/opa1.jpg<\/span>\n\t\t\t\t\t   <span itemprop='height' >500<\/span>\n\t\t\t\t\t   <span itemprop='width' >500<\/span>\n\t\t\t\t  <\/span><span class='av-structured-data'  itemprop=\"publisher\" itemtype=\"https:\/\/schema.org\/Organization\" itemscope=\"itemscope\" >\n\t\t\t\t<span itemprop='name'>admin<\/span>\n\t\t\t\t<span itemprop='logo' itemscope itemtype='https:\/\/schema.org\/ImageObject'>\n\t\t\t\t   <span itemprop='url'>http:\/\/ais.al\/new\/wp-content\/uploads\/aislogo1.png<\/span>\n\t\t\t\t <\/span>\n\t\t\t  <\/span><span class='av-structured-data'  itemprop=\"author\" itemscope=\"itemscope\" itemtype=\"https:\/\/schema.org\/Person\" ><span itemprop='name'>admin<\/span><\/span><span class='av-structured-data'  itemprop=\"datePublished\" datetime=\"2016-11-01T11:08:33+01:00\" >2016-11-01 11:08:33<\/span><span class='av-structured-data'  itemprop=\"dateModified\" itemtype=\"https:\/\/schema.org\/dateModified\" >2017-06-12 11:05:49<\/span><span class='av-structured-data'  itemprop=\"mainEntityOfPage\" itemtype=\"https:\/\/schema.org\/mainEntityOfPage\" ><span itemprop='name'><!--:sq-->Prokurime Publike t\u00eb Bashkive dhe Indeksi Red Flag<!--:--><\/span><\/span><\/span><\/article><div class='single-small'><\/div><\/div><!--:--><\/p>\n","protected":false},"excerpt":{"rendered":"","protected":false},"author":1,"featured_media":0,"parent":0,"menu_order":0,"comment_status":"closed","ping_status":"closed","template":"","meta":{"_bbp_topic_count":0,"_bbp_reply_count":0,"_bbp_total_topic_count":0,"_bbp_total_reply_count":0,"_bbp_voice_count":0,"_bbp_anonymous_reply_count":0,"_bbp_topic_count_hidden":0,"_bbp_reply_count_hidden":0,"_bbp_forum_subforum_count":0,"footnotes":""},"class_list":["post-8974","page","type-page","status-publish","hentry"],"_links":{"self":[{"href":"https:\/\/ais.al\/new\/wp-json\/wp\/v2\/pages\/8974","targetHints":{"allow":["GET"]}}],"collection":[{"href":"https:\/\/ais.al\/new\/wp-json\/wp\/v2\/pages"}],"about":[{"href":"https:\/\/ais.al\/new\/wp-json\/wp\/v2\/types\/page"}],"author":[{"embeddable":true,"href":"https:\/\/ais.al\/new\/wp-json\/wp\/v2\/users\/1"}],"replies":[{"embeddable":true,"href":"https:\/\/ais.al\/new\/wp-json\/wp\/v2\/comments?post=8974"}],"version-history":[{"count":3,"href":"https:\/\/ais.al\/new\/wp-json\/wp\/v2\/pages\/8974\/revisions"}],"predecessor-version":[{"id":9695,"href":"https:\/\/ais.al\/new\/wp-json\/wp\/v2\/pages\/8974\/revisions\/9695"}],"wp:attachment":[{"href":"https:\/\/ais.al\/new\/wp-json\/wp\/v2\/media?parent=8974"}],"curies":[{"name":"wp","href":"https:\/\/api.w.org\/{rel}","templated":true}]}}