{"id":9425,"date":"2017-01-10T09:36:43","date_gmt":"2017-01-10T09:36:43","guid":{"rendered":"http:\/\/ais.al\/new\/?page_id=9425"},"modified":"2017-01-10T11:16:16","modified_gmt":"2017-01-10T11:16:16","slug":"per-dhurime","status":"publish","type":"page","link":"https:\/\/ais.al\/new\/per-dhurime\/","title":{"rendered":"<!--:sq-->P\u00ebr Dhurime<!--:-->"},"content":{"rendered":"<p><!--:sq--><section class=\"av_textblock_section \"  itemscope=\"itemscope\" itemtype=\"https:\/\/schema.org\/CreativeWork\" ><div class='avia_textblock  '   itemprop=\"text\" ><p style=\"text-align: justify;\">T\u00eb nderuar miq,<\/p>\n<p style=\"text-align: justify;\">N\u00ebse d\u00ebshironi nxitje dhe mb\u00ebshtetje p\u00ebr pun\u00ebn dhe produktet q\u00eb ofron AIS p\u00ebrmes dhurimeve tuaja konsideroni se ato pranohen vet\u00ebm n\u00eb p\u00ebrputhje me <strong><span style=\"color: #000000;\">Nenin 37 dhe 38, t\u00eb Ligjit Nr. 8781, Dat\u00eb 3.5. 2001 P\u00ebr Organizatat\u00a0 Jo Fitimprur\u00ebse.<\/span> <\/strong><\/p>\n<p style=\"text-align: justify;\">Donacionet pa kontrat\u00eb dhurimi do t\u00eb pranohen vet\u00ebm p\u00ebr vlera n\u00ebn <strong><span style=\"color: #000000;\">500 USD<\/span><\/strong> dhe vet\u00ebm p\u00ebrmes transaksionit bankar n\u00eb llogarin\u00eb :<\/p>\n<\/div><\/section><\/p>\n<div  class='hr hr-default   avia-builder-el-1  el_after_av_textblock  el_before_av_textblock '><span class='hr-inner ' ><span class='hr-inner-style'><\/span><\/span><\/div>\n<section class=\"av_textblock_section \"  itemscope=\"itemscope\" itemtype=\"https:\/\/schema.org\/CreativeWork\" ><div class='avia_textblock  '   itemprop=\"text\" ><p style=\"text-align: justify;\">Emri Llogaris\u00eb : \u00a0\u00a0\u00a0\u00a0\u00a0\u00a0\u00a0\u00a0\u00a0 <strong><span style=\"color: #000000;\">Instituti Shqiptar i Shkencave<\/span><\/strong><\/p>\n<p style=\"text-align: justify;\">Banka : \u00a0 \u00a0 \u00a0 \u00a0 \u00a0 \u00a0 \u00a0 \u00a0 \u00a0 \u00a0 \u00a0 \u00a0<strong><span style=\"color: #000000;\"> \u00a0Banka Komb\u00ebtare Tregtare<\/span><\/strong><\/p>\n<p style=\"text-align: justify;\">Nr i llogaris\u00eb : \u00a0 \u00a0 \u00a0 \u00a0 \u00a0 \u00a0 \u00a0 <strong><span style=\"color: #000000;\">521446722<\/span><\/strong><\/p>\n<p style=\"text-align: justify;\">Iban n\u00eb Lek\u00eb :\u00a0 \u00a0\u00a0\u00a0\u00a0\u00a0\u00a0\u00a0\u00a0\u00a0\u00a0 <strong><span style=\"color: #000000;\">AL6720511715446722CLTJCLALLA<\/span><\/strong><\/p>\n<p style=\"text-align: justify;\">Iban n\u00eb Euro : \u00a0 \u00a0 \u00a0 \u00a0 \u00a0 <strong>\u00a0<span style=\"color: #000000;\"> \u00a0AL6020511715446722CLTJCFEURR<\/span><\/strong><\/p>\n<p style=\"text-align: justify;\">Iban n\u00eb USD : \u00a0 \u00a0 \u00a0 \u00a0 \u00a0 \u00a0 <strong>\u00a0<span style=\"color: #000000;\">AL7820511715446722CLTJCFUSDA<\/span><\/strong><\/p>\n<p style=\"text-align: justify;\">Swift : \u00a0 \u00a0 \u00a0 \u00a0 \u00a0 \u00a0 \u00a0 \u00a0 \u00a0 \u00a0 \u00a0 \u00a0 \u00a0<strong> <span style=\"color: #000000;\">\u00a0NCBAALTX<\/span><\/strong><\/p>\n<\/div><\/section>\n<div  class='hr hr-default   avia-builder-el-3  el_after_av_textblock  el_before_av_textblock '><span class='hr-inner ' ><span class='hr-inner-style'><\/span><\/span><\/div>\n<section class=\"av_textblock_section \"  itemscope=\"itemscope\" itemtype=\"https:\/\/schema.org\/CreativeWork\" ><div class='avia_textblock  '   itemprop=\"text\" ><p style=\"text-align: justify;\">Ju lutem tek p\u00ebrshkrimi i transaksionit bankar konsideroni t\u00eb vendosni <strong> <i> <span style=\"color: #000000;\">\u00a0Dhurime sipas Ligjit Nr. 8781\/2001 n\u00eb Republik\u00ebn e Shqip\u00ebris\u00eb.<\/span><\/i><\/strong><\/p>\n<p style=\"text-align: justify;\">\u00c7do dhurim do t\u00eb kontabilizohet dhe do t\u00eb reflektohet n\u00eb Pasqyrat Financiare Publike t\u00eb Organizat\u00ebs, pasqyra t\u00eb aksesueshme nga donator\u00ebt dhe publiku.<\/p>\n<p style=\"text-align: justify;\">Ju fal\u00ebnderojm\u00eb q\u00eb na ndiqni dhe shpresojm\u00eb t\u00eb kemi kontribuar n\u00eb d\u00ebshir\u00ebn tuaj p\u00ebr informacion, transparenc\u00eb dhe llogaridh\u00ebnie. P\u00ebr gjith\u00e7ka kontaktoni edhe n\u00eb emailin ton\u00eb <a href=\"mailto:info@ais.al\"><strong><span style=\"color: #99cc00;\">info@ais.al<\/span><\/strong><\/a><\/p>\n<\/div><\/section><!--:--><\/p>\n","protected":false},"excerpt":{"rendered":"","protected":false},"author":1,"featured_media":0,"parent":0,"menu_order":0,"comment_status":"closed","ping_status":"closed","template":"","meta":{"_bbp_topic_count":0,"_bbp_reply_count":0,"_bbp_total_topic_count":0,"_bbp_total_reply_count":0,"_bbp_voice_count":0,"_bbp_anonymous_reply_count":0,"_bbp_topic_count_hidden":0,"_bbp_reply_count_hidden":0,"_bbp_forum_subforum_count":0,"footnotes":""},"class_list":["post-9425","page","type-page","status-publish","hentry"],"_links":{"self":[{"href":"https:\/\/ais.al\/new\/wp-json\/wp\/v2\/pages\/9425","targetHints":{"allow":["GET"]}}],"collection":[{"href":"https:\/\/ais.al\/new\/wp-json\/wp\/v2\/pages"}],"about":[{"href":"https:\/\/ais.al\/new\/wp-json\/wp\/v2\/types\/page"}],"author":[{"embeddable":true,"href":"https:\/\/ais.al\/new\/wp-json\/wp\/v2\/users\/1"}],"replies":[{"embeddable":true,"href":"https:\/\/ais.al\/new\/wp-json\/wp\/v2\/comments?post=9425"}],"version-history":[{"count":19,"href":"https:\/\/ais.al\/new\/wp-json\/wp\/v2\/pages\/9425\/revisions"}],"predecessor-version":[{"id":9454,"href":"https:\/\/ais.al\/new\/wp-json\/wp\/v2\/pages\/9425\/revisions\/9454"}],"wp:attachment":[{"href":"https:\/\/ais.al\/new\/wp-json\/wp\/v2\/media?parent=9425"}],"curies":[{"name":"wp","href":"https:\/\/api.w.org\/{rel}","templated":true}]}}