{"id":9758,"date":"2017-02-05T14:59:35","date_gmt":"2017-02-05T14:59:35","guid":{"rendered":"http:\/\/ais.al\/new\/?page_id=9758"},"modified":"2021-01-06T12:25:22","modified_gmt":"2021-01-06T11:25:22","slug":"projekte-ne-kerikim-fondesh","status":"publish","type":"page","link":"https:\/\/ais.al\/new\/projekte-ne-kerikim-fondesh\/","title":{"rendered":"<!--:sq-->Projekte n\u00eb K\u00ebrkim Fondesh<!--:-->"},"content":{"rendered":"<div class='av-alb-blogposts template-blog  av-blog-meta-author-disabled av-blog-meta-comments-disabled av-blog-meta-category-disabled av-blog-meta-date-disabled '  itemscope=\"itemscope\" itemtype=\"https:\/\/schema.org\/Blog\" ><article class='post-entry post-entry-type-standard post-entry-18562 post-loop-1 post-parity-odd single-small with-slider post-18562 post type-post status-publish format-standard has-post-thumbnail hentry category-aktivitete category-kreupost category-njoftime-per-shtyp category-projekte-ne-kerkim-fondesh'  itemscope=\"itemscope\" itemtype=\"https:\/\/schema.org\/BlogPosting\" ><div class='blog-meta'><a href='https:\/\/ais.al\/new\/publiku-kontrollon-integritetin-e-sistemit-te-drejtesise-individet-me-te-klikuar-ne-regjistrin-e-magjistrateve-dhjetor-2020\/' class='small-preview' title='Publiku kontrollon Integritetin e Sistemit t\u00eb Drejt\u00ebsis\u00eb, Individ\u00ebt m\u00eb t\u00eb  Klikuar n\u00eb Regjistrin e Magjistrat\u00ebve, Dhjetor 2020'><img loading=\"lazy\" decoding=\"async\" width=\"180\" height=\"134\" src=\"https:\/\/ais.al\/new\/wp-content\/uploads\/1411.png\" class=\"attachment-square size-square wp-post-image\" alt=\"\" \/><span class=\"iconfont\" aria-hidden='true' data-av_icon='\ue836' data-av_iconfont='entypo-fontello'><\/span><\/a><\/div><div class='entry-content-wrapper clearfix standard-content'><header class=\"entry-content-header\"><h2 class='post-title entry-title '  itemprop=\"headline\" >\t<a href='https:\/\/ais.al\/new\/publiku-kontrollon-integritetin-e-sistemit-te-drejtesise-individet-me-te-klikuar-ne-regjistrin-e-magjistrateve-dhjetor-2020\/' rel='bookmark' title='Permanent Link: Publiku kontrollon Integritetin e Sistemit t\u00eb Drejt\u00ebsis\u00eb, Individ\u00ebt m\u00eb t\u00eb  Klikuar n\u00eb Regjistrin e Magjistrat\u00ebve, Dhjetor 2020'>Publiku kontrollon Integritetin e Sistemit t\u00eb Drejt\u00ebsis\u00eb, Individ\u00ebt m\u00eb t\u00eb  Klikuar n\u00eb Regjistrin e Magjistrat\u00ebve, Dhjetor 2020\t\t\t<span class='post-format-icon minor-meta'><\/span>\t<\/a><\/h2><span class='post-meta-infos'><time class='date-container minor-meta updated' >06\/01\/2021<\/time><span class='text-sep text-sep-date'>\/<\/span><span class=\"blog-categories minor-meta\">in <a href=\"https:\/\/ais.al\/new\/category\/aktivitete\/\" rel=\"tag\">Aktivitete<\/a>, <a href=\"https:\/\/ais.al\/new\/category\/kreupost\/\" rel=\"tag\">Kreupost<\/a>, <a href=\"https:\/\/ais.al\/new\/category\/njoftime-per-shtyp\/\" rel=\"tag\">Njoftime per shtyp<\/a>, <a href=\"https:\/\/ais.al\/new\/category\/projekte-ne-kerkim-fondesh\/\" rel=\"tag\">Projekte ne Kerkim Fondesh<\/a> <\/span><span class=\"text-sep text-sep-cat\">\/<\/span><span class=\"blog-author minor-meta\">by <span class=\"entry-author-link\" ><span class=\"vcard author\"><span class=\"fn\"><a href=\"https:\/\/ais.al\/new\/author\/admin\/\" title=\"Postime nga admin\" rel=\"author\">admin<\/a><\/span><\/span><\/span><\/span><\/span><\/header><div class=\"entry-content\"  itemprop=\"text\" ><p>Web-Databaza Akses Drejt\u00ebsi \u00ebsht\u00eb krijuar nga organizata AIS, si nj\u00eb minier\u00eb t\u00eb dh\u00ebnash dhe dokumentesh mbi Institucionet e reja t\u00eb Drejt\u00ebsis\u00eb dhe Individ\u00ebve pjes\u00eb e Sistemit. N\u00eb k\u00ebt\u00eb Web-Databaz\u00eb \u00ebsht\u00eb krijuar Regjistri i Magjistrat\u00ebve, nj\u00eb regjist\u00ebr me informacion dhe pasaport\u00eb p\u00ebr secilin Gjyqtar http:\/\/aksesdrejtesi.al\/persons\/1 , Prokuror http:\/\/aksesdrejtesi.al\/persons\/2 , An\u00ebtar n\u00eb Institucione t\u00eb Drejt\u00ebsis\u00eb http:\/\/aksesdrejtesi.al\/persons\/3 dhe [&hellip;]<\/p>\n<div class=\"read-more-link\"><a href=\"https:\/\/ais.al\/new\/publiku-kontrollon-integritetin-e-sistemit-te-drejtesise-individet-me-te-klikuar-ne-regjistrin-e-magjistrateve-dhjetor-2020\/\" class=\"more-link\">Read more<span class=\"more-link-arrow\"><\/span><\/a><\/div>\n<\/div><footer class=\"entry-footer\"><\/footer><div class='post_delimiter'><\/div><\/div><div class='post_author_timeline'><\/div><span class='hidden'>\n\t\t\t<span class='av-structured-data'  itemprop=\"image\" itemscope=\"itemscope\" itemtype=\"https:\/\/schema.org\/ImageObject\"  itemprop='image'>\n\t\t\t\t\t   <span itemprop='url' >https:\/\/ais.al\/new\/wp-content\/uploads\/1411.png<\/span>\n\t\t\t\t\t   <span itemprop='height' >1400<\/span>\n\t\t\t\t\t   <span itemprop='width' >1886<\/span>\n\t\t\t\t  <\/span><span class='av-structured-data'  itemprop=\"publisher\" itemtype=\"https:\/\/schema.org\/Organization\" itemscope=\"itemscope\" >\n\t\t\t\t<span itemprop='name'>admin<\/span>\n\t\t\t\t<span itemprop='logo' itemscope itemtype='https:\/\/schema.org\/ImageObject'>\n\t\t\t\t   <span itemprop='url'>http:\/\/ais.al\/new\/wp-content\/uploads\/aislogo1.png<\/span>\n\t\t\t\t <\/span>\n\t\t\t  <\/span><span class='av-structured-data'  itemprop=\"author\" itemscope=\"itemscope\" itemtype=\"https:\/\/schema.org\/Person\" ><span itemprop='name'>admin<\/span><\/span><span class='av-structured-data'  itemprop=\"datePublished\" datetime=\"2021-01-06T11:03:53+01:00\" >2021-01-06 11:03:53<\/span><span class='av-structured-data'  itemprop=\"dateModified\" itemtype=\"https:\/\/schema.org\/dateModified\" >2021-01-11 12:27:41<\/span><span class='av-structured-data'  itemprop=\"mainEntityOfPage\" itemtype=\"https:\/\/schema.org\/mainEntityOfPage\" ><span itemprop='name'>Publiku kontrollon Integritetin e Sistemit t\u00eb Drejt\u00ebsis\u00eb, Individ\u00ebt m\u00eb t\u00eb  Klikuar n\u00eb Regjistrin e Magjistrat\u00ebve, Dhjetor 2020<\/span><\/span><\/span><\/article><article class='post-entry post-entry-type-standard post-entry-18574 post-loop-2 post-parity-even post-entry-last single-small with-slider post-18574 post type-post status-publish format-standard has-post-thumbnail hentry category-projekte-ne-kerkim-fondesh'  itemscope=\"itemscope\" itemtype=\"https:\/\/schema.org\/BlogPosting\" ><div class='blog-meta'><a href='https:\/\/ais.al\/new\/zalart-albania-zgjedhje-te-lira-te-drejta-2017-ne-proces-kerkimi-fondesh\/' class='small-preview' title='Za\u2019Lart Albania  Zgjedhje t\u00eb Lira &#038; t\u00eb  Drejta 2017 n\u00eb pro\u00e7es k\u00ebrkimi fondesh'><img loading=\"lazy\" decoding=\"async\" width=\"180\" height=\"180\" src=\"https:\/\/ais.al\/new\/wp-content\/uploads\/zalart-in-media-1.jpg\" class=\"attachment-square size-square wp-post-image\" alt=\"\" \/><span class=\"iconfont\" aria-hidden='true' data-av_icon='\ue836' data-av_iconfont='entypo-fontello'><\/span><\/a><\/div><div class='entry-content-wrapper clearfix standard-content'><header class=\"entry-content-header\"><h2 class='post-title entry-title '  itemprop=\"headline\" >\t<a href='https:\/\/ais.al\/new\/zalart-albania-zgjedhje-te-lira-te-drejta-2017-ne-proces-kerkimi-fondesh\/' rel='bookmark' title='Permanent Link: Za\u2019Lart Albania  Zgjedhje t\u00eb Lira &#038; t\u00eb  Drejta 2017 n\u00eb pro\u00e7es k\u00ebrkimi fondesh'>Za\u2019Lart Albania  Zgjedhje t\u00eb Lira &#038; t\u00eb  Drejta 2017 n\u00eb pro\u00e7es k\u00ebrkimi fondesh\t\t\t<span class='post-format-icon minor-meta'><\/span>\t<\/a><\/h2><span class='post-meta-infos'><time class='date-container minor-meta updated' >06\/01\/2017<\/time><span class='text-sep text-sep-date'>\/<\/span><span class=\"blog-categories minor-meta\">in <a href=\"https:\/\/ais.al\/new\/category\/projekte-ne-kerkim-fondesh\/\" rel=\"tag\">Projekte ne Kerkim Fondesh<\/a> <\/span><span class=\"text-sep text-sep-cat\">\/<\/span><span class=\"blog-author minor-meta\">by <span class=\"entry-author-link\" ><span class=\"vcard author\"><span class=\"fn\"><a href=\"https:\/\/ais.al\/new\/author\/admin\/\" title=\"Postime nga admin\" rel=\"author\">admin<\/a><\/span><\/span><\/span><\/span><\/span><\/header><div class=\"entry-content\"  itemprop=\"text\" ><div class=\"read-more-link\"><a href=\"https:\/\/ais.al\/new\/zalart-albania-zgjedhje-te-lira-te-drejta-2017-ne-proces-kerkimi-fondesh\/\" class=\"more-link\">Read more<span class=\"more-link-arrow\"><\/span><\/a><\/div>\n<\/div><footer class=\"entry-footer\"><\/footer><div class='post_delimiter'><\/div><\/div><div class='post_author_timeline'><\/div><span class='hidden'>\n\t\t\t<span class='av-structured-data'  itemprop=\"image\" itemscope=\"itemscope\" itemtype=\"https:\/\/schema.org\/ImageObject\"  itemprop='image'>\n\t\t\t\t\t   <span itemprop='url' >https:\/\/ais.al\/new\/wp-content\/uploads\/zalart-in-media-1.jpg<\/span>\n\t\t\t\t\t   <span itemprop='height' >300<\/span>\n\t\t\t\t\t   <span itemprop='width' >300<\/span>\n\t\t\t\t  <\/span><span class='av-structured-data'  itemprop=\"publisher\" itemtype=\"https:\/\/schema.org\/Organization\" itemscope=\"itemscope\" >\n\t\t\t\t<span itemprop='name'>admin<\/span>\n\t\t\t\t<span itemprop='logo' itemscope itemtype='https:\/\/schema.org\/ImageObject'>\n\t\t\t\t   <span itemprop='url'>http:\/\/ais.al\/new\/wp-content\/uploads\/aislogo1.png<\/span>\n\t\t\t\t <\/span>\n\t\t\t  <\/span><span class='av-structured-data'  itemprop=\"author\" itemscope=\"itemscope\" itemtype=\"https:\/\/schema.org\/Person\" ><span itemprop='name'>admin<\/span><\/span><span class='av-structured-data'  itemprop=\"datePublished\" datetime=\"2017-01-06T11:25:50+01:00\" >2017-01-06 11:25:50<\/span><span class='av-structured-data'  itemprop=\"dateModified\" itemtype=\"https:\/\/schema.org\/dateModified\" >2021-01-06 11:48:46<\/span><span class='av-structured-data'  itemprop=\"mainEntityOfPage\" itemtype=\"https:\/\/schema.org\/mainEntityOfPage\" ><span itemprop='name'>Za\u2019Lart Albania  Zgjedhje t\u00eb Lira & t\u00eb  Drejta 2017 n\u00eb pro\u00e7es k\u00ebrkimi fondesh<\/span><\/span><\/span><\/article><div class='single-small'><\/div><\/div>\n","protected":false},"excerpt":{"rendered":"","protected":false},"author":1,"featured_media":0,"parent":0,"menu_order":0,"comment_status":"closed","ping_status":"closed","template":"","meta":{"_bbp_topic_count":0,"_bbp_reply_count":0,"_bbp_total_topic_count":0,"_bbp_total_reply_count":0,"_bbp_voice_count":0,"_bbp_anonymous_reply_count":0,"_bbp_topic_count_hidden":0,"_bbp_reply_count_hidden":0,"_bbp_forum_subforum_count":0,"footnotes":""},"class_list":["post-9758","page","type-page","status-publish","hentry"],"_links":{"self":[{"href":"https:\/\/ais.al\/new\/wp-json\/wp\/v2\/pages\/9758","targetHints":{"allow":["GET"]}}],"collection":[{"href":"https:\/\/ais.al\/new\/wp-json\/wp\/v2\/pages"}],"about":[{"href":"https:\/\/ais.al\/new\/wp-json\/wp\/v2\/types\/page"}],"author":[{"embeddable":true,"href":"https:\/\/ais.al\/new\/wp-json\/wp\/v2\/users\/1"}],"replies":[{"embeddable":true,"href":"https:\/\/ais.al\/new\/wp-json\/wp\/v2\/comments?post=9758"}],"version-history":[{"count":10,"href":"https:\/\/ais.al\/new\/wp-json\/wp\/v2\/pages\/9758\/revisions"}],"predecessor-version":[{"id":9868,"href":"https:\/\/ais.al\/new\/wp-json\/wp\/v2\/pages\/9758\/revisions\/9868"}],"wp:attachment":[{"href":"https:\/\/ais.al\/new\/wp-json\/wp\/v2\/media?parent=9758"}],"curies":[{"name":"wp","href":"https:\/\/api.w.org\/{rel}","templated":true}]}}